{"id":11866,"date":"2025-08-04T09:10:03","date_gmt":"2025-08-04T09:10:03","guid":{"rendered":"https:\/\/www.ahnenforschung-jackmuth.de\/?page_id=11866"},"modified":"2025-08-04T09:17:22","modified_gmt":"2025-08-04T09:17:22","slug":"allg-bem-zum-kb","status":"publish","type":"page","link":"https:\/\/www.ahnenforschung-jackmuth.de\/?page_id=11866","title":{"rendered":"Allg. Bem. zum KB"},"content":{"rendered":"<p align=\"LEFT\"><span style=\"font-family: times new roman, times, serif;\"><b>Pfarrer<\/b><\/span><\/p>\n<ul>\n<li><span style=\"font-family: times new roman, times, serif;\">Nikolaus Salzig 1663-1696<\/span><\/li>\n<li><span style=\"font-family: times new roman, times, serif;\">Johann Jakob Westhoff 1696-1720; + 07.10.1723<\/span><\/li>\n<li><span style=\"font-family: times new roman, times, serif;\"><span style=\"font-family: times new roman, times, serif;\">Christian Pistor: seit 21.11.1721, ab 03.04.1724 mit festem Wohnsitz auf der Festung<\/span><\/span><br \/>\n<hr \/>\n<\/li>\n<\/ul>\n<p align=\"LEFT\"><span style=\"font-family: times new roman, times, serif;\"><b>Festungskommandanten<\/b><\/span><\/p>\n<ul>\n<li><span style=\"font-family: times new roman, times, serif;\">Oberstleutnant Heinrich Klein<\/span><\/li>\n<li><span style=\"font-family: times new roman, times, serif;\">Karl Lothar von der Horst (+ 21.06.1724)<\/span><\/li>\n<\/ul>\n<p align=\"LEFT\"><span style=\"font-family: times new roman, times, serif;\"><b>Sterbeeintrag Karl Lothar von der Horst<\/b><\/span><\/p>\n<p align=\"JUSTIFY\"><span style=\"font-family: times new roman, times, serif;\">[S. 454\/Bild 481] <i>21 Junii <\/i>[1724]<i> excellentissimus d[omi]nus Carolus Lotharius ab Horst, generalis et commendans in hac arce, vir gratiosus, multu[m] et affabilis, tactus apoplexia suffocatoria in collo praeangustia spiritus, durissimum mortem subiit, praemature tamen facta confessione sacro viatico munitus. Requiescat in s[ancta] pace.<\/i><\/span><\/p>\n<p align=\"JUSTIFY\"><span style=\"font-size: small; font-family: times new roman, times, serif;\">Am 21. Juni [1724] ist der hochwohlgeborene Herr Karl Lothar von der Horst, General und Kommandant dieser Burg, ein gn\u00e4diger, sehr umg\u00e4nglicher und liebensw\u00fcrdiger Mann, durch einen Anfall von erstickender Schlaganfall-Apoplexie mit Atemnot im Hals (Kehlkopfverengung) eines \u00e4u\u00dferst schweren Todes gestorben, jedoch vorzeitig nach abgelegter Beichte mit dem heiligen Sakrament versehen worden. Er ruhe in heiligem Frieden.<\/span><\/p>\n<hr \/>\n<p align=\"JUSTIFY\"><span style=\"font-family: times new roman, times, serif;\"><b>Titel des Buchs<\/b><\/span><\/p>\n<p align=\"JUSTIFY\"><span style=\"font-family: times new roman, times, serif;\"><i>LIBER BABTIZATORVM ERECTVS Pro Fortalitio Ehrenbreitsteiniano ANNO Sancto 1663 Per P[atrem] Nicolaum Sallzig, Boppardiensem, ord[inatum] praedicatorum et pastorem primum pro tempore praefatae arcis. Syllabus ornamentorum et paramentorum omnium dictae ecclesiae una cum nominibus defunctorum tempore pastoratus mei, et literis annuorum reddituum et onerum pastoralium arcis memoratae cum catalogo copulatarum, mortuorum et ad fidem conversoru[m]. Orate pro me!<\/i><\/span><\/p>\n<p align=\"JUSTIFY\"><span style=\"font-family: times new roman, times, serif;\"><span style=\"font-size: small;\">Taufbuch errichtet f\u00fcr die Festung Ehrenbreitstein im Heiligen Jahr 1663 durch Pater Nikolaus Salzig aus Boppard, Ordenspriester der Prediger (Dominikaner) und erster Pfarrer zur damaligen Zeit an der genannten Festung. Verzeichnis der Kirchenschmuckst\u00fccke und Paramente der genannten Kirche, zusammen mit den Namen der Verstorbenen w\u00e4hrend meiner Amtszeit als Pfarrer, sowie mit den Urkunden \u00fcber die j\u00e4hrlichen Eink\u00fcnfte und pastoralen Lasten der genannten Festung, samt einem Verzeichnis der Getrauten, Verstorbenen und zum Glauben Bekehrten. Betet f\u00fcr mich!<\/span><\/span><\/p>\n<hr \/>\n<p align=\"JUSTIFY\"><span style=\"font-family: times new roman, times, serif;\"><strong><b>Amts\u00fcbernahme von Pfarrer Westhoff 1696<\/b><\/strong><\/span><\/p>\n<p align=\"JUSTIFY\"><span style=\"font-family: times new roman, times, serif;\"><strong>[<\/strong>S. 199\/Bild 221] <i>Apocalypseos 1mo cap[itulo]. Gratia verbis et pax a Jesu [Chris]to, qui est testis fidelis, primogenitus mortuorum, et princeps regum terrae, qui dilexit nos, et lavit nos a peccatis nostris in sanguine suo, et fecit nos regnum et sacerdotes et patri suo, ipsi gloria et imperium in saecula saeculorum. Amen.<\/i><\/span><\/p>\n<p align=\"JUSTIFY\"><span style=\"font-family: times new roman, times, serif;\"><i>Rerum agendarum spiritualium maxime initia a divinis capienda, negare, credam non esse, nisi insipientis cum ipsa sapientia increata vitam spiritualem per lavacrum regenerationis capessendam ab invocatione numinis d[omi]no trini sapientissime decreverit. Capiat ergo liber hic initium pastoratus mei ab eo, qui alpha et omega principium et finem apoc[alypsis] 1 infallibili orcaculo sepsu[m] esse peroravit. Ab hoc aeterno naturalis et spiritualis vitae nostrae initio librum hunc initiando parochianorum omnium nomine humillime peto, ut omnibus in parochiae arcis Ehrenbreitsteinianae nascituris vivis, gratiam concedere proptius dignetur, ut per lavacrum regenerationis <\/i>[S. 200\/Bild 222] <i>a peccato obluti, regno eius incorporati, etiam libro huic inscribantur. Idipsu[m] nos omnes obitneamus tuo auxilio, o virgo dei, genitrix Maria, arcis Ehrenbreitsteinianae patrona. Jo[ann]es Jacobus Westhoff, pastor in arce Ehrenb[eitsteiniana].<\/i><\/span><\/p>\n<p align=\"JUSTIFY\"><span style=\"font-family: times new roman, times, serif;\"><span style=\"font-size: small;\">Gnade den Worten und Frieden von Jesus Christus; er ist der treue Zeuge, der Erstgeborene der Toten, der Herrscher \u00fcber die K\u00f6nige der Erde. Er liebt uns und hat uns von unseren S\u00fcnden erl\u00f6st durch sein Blut; er hat uns zu K\u00f6nigen gemacht und zu Priestern vor Gott, seinem Vater. Ihm sei die Herrlichkeit und die Macht in alle Ewigkeit. Amen. (Offb 1,5-6)<\/span><\/span><\/p>\n<p align=\"JUSTIFY\"><span style=\"font-family: times new roman, times, serif;\"><span style=\"font-size: small;\">Dass der Anfang geistlicher Unternehmungen in h\u00f6chstem Ma\u00dfe vom G\u00f6ttlichen zu nehmen sei, zu leugnen \u2013 das glaube ich \u2013 w\u00e4re nichts anderes als Torheit; denn die ungeschaffene Weisheit selbst hat beschlossen, dass das geistliche Leben durch das Bad der Wiedergeburt mit Anrufung des g\u00f6ttlichen Namens aufgenommen werde. <\/span><\/span><\/p>\n<p align=\"JUSTIFY\"><span style=\"font-family: times new roman, times, serif;\"><span style=\"font-size: small;\">Daher nehme auch dieses Buch den Anfang meines Pfarramtes von dem, der das Alpha und das Omega ist, der Anfang und das Ende (Offb 1), der durch unfehlbares Orakel bezeugt hat, dass er es selbst ist. <\/span><\/span><\/p>\n<p align=\"JUSTIFY\"><span style=\"font-family: times new roman, times, serif;\"><span style=\"font-size: small;\">Von diesem ewigen Ursprung unseres nat\u00fcrlichen und geistlichen Lebens ausgehend, bitte ich in aller Demut im Namen aller Pfarrangeh\u00f6rigen, dass er allen, die in der Pfarrei der Festung Ehrenbreitstein geboren werden, gn\u00e4dig seine Gnade zu schenken geruhe, damit sie durch das Bad der Wiedergeburt vom Makel der S\u00fcnde gereinigt, in sein Reich aufgenommen und auch in dieses Buch eingetragen werden.<\/span><\/span><\/p>\n<p align=\"JUSTIFY\"><span style=\"font-family: times new roman, times, serif;\"><span style=\"font-size: small;\">Dies m\u00f6ge uns allen zuteilwerden mit deiner Hilfe, o Jungfrau, Gottesmutter Maria, Patronin der Festung Ehrenbreitstein.<\/span><\/span><\/p>\n<p><span style=\"font-family: times new roman, times, serif;\"><span style=\"font-size: small;\">Johannes Jakob Westhoff, Pfarrer in der Festung Ehrenbreitstein.<\/span><\/span><\/p>\n<hr \/>\n<p align=\"JUSTIFY\"><strong><span style=\"font-family: times new roman, times, serif;\">Amts\u00fcbernahme von Pfarrer Pistor<\/span><\/strong><\/p>\n<p align=\"JUSTIFY\"><span style=\"font-family: times new roman, times, serif;\">[S. 348\/Bild 370] <i>Postquam ad[modum] r[evere]ndus et doctissimus d[omi]nus Joannes Jacobus Westhoff, alumnus Fuldensis, annis circiter 29 in vinea domini indefesse laboravit atque oves sibi creditos in excelso hoc arcis Ehrenbreitsteinianae monte verbo divino zelose pavit, repetita saepe apoplexia tactus in domino obdormivit anno 1723, 7tima Octob[ris]. Post funera eius opera excellentissimi d[omi]ni Caroli Lotharii de Horst, generalis in arce, collatio parochiae huius facta est mihi infra scripto, ab eminentissimo d[omi]no, d[omino] Francisco Ludovico, electore Trevirensi, quam gratiam non petitam, quia recusare nefas esse duxi deferui parochiam in Niedererbach, ab eodem electore mihi anno praecedenti collatam , et licet reditus ibi pinguiores essent arcem hanc (in qua sacellanus antecedenter fueram) repetivi.<\/i><\/span><\/p>\n<p align=\"JUSTIFY\"><span style=\"font-family: times new roman, times, serif;\">[S. 349\/Bild 371] <i>Anno 1721, 21 [Novem]bris r[ever]ndissimus et ampl[ius] d[omi]nus Joannes Conradus Schwang, officialatus Confluentini commissarius, dedit mihi possessionem in ecclesia arcis, in qua[m] simul eodem die festo nempe s[anctae] Caeciliae solemniter benedixit campanam pro arce novam, effigie s[ancti] Donati insignatam, cuius patrinum egit &#8230;dictus d[omini] generalis de Horst matrinam vero excellentissimae eius soror comitissa de Lanua.<\/i><\/span><\/p>\n<p align=\"JUSTIFY\"><span style=\"font-family: times new roman, times, serif;\"><i>Et quia parochia haec pro castrensi habetur, haeredes usque ad mense in Decembrem puriti sunt reditibus seu menstruo salario uti et plaustro vini ac siligine. Mense autem Decembris [pri]mos accepi fructu. Quia autem parochia rurali necdum abesse poteram per alios hic divina, curavi usq[ue] ad mensem Aprilem 1724. 3tia Aprilis valedixi in Niedererbach et eodem vesperi coepi residere in arce utinam mutatio stationis facta. Superis placeat et poenitere non sequatur! Horreo, dum cogito, quod de collectis hic ex diversis nationibus animal&#8230;, in judicio die stricto strictissima ratio sit reddenda. Iesu, pastor bone, miserere mei Christiani Pistor.<\/i><\/span><\/p>\n<p align=\"JUSTIFY\"><span style=\"font-family: times new roman, times, serif;\"><span style=\"font-size: small;\">Nachdem der hochw\u00fcrdige und hochgelehrte Herr Johann Jakob Westhoff, Alumnus aus Fulda, etwa 29 Jahre unerm\u00fcdlich im Weinberg des Herrn gearbeitet und die ihm anvertrauten Schafe auf diesem hohen Berg der Festung Ehrenbreitstein mit dem g\u00f6ttlichen Wort eifrig geweidet hatte, verschied er, h\u00e4ufig von einem Schlaganfall getroffen, im Herrn am 7. Oktober des Jahres 1723.<\/span><\/span><\/p>\n<p align=\"JUSTIFY\"><span style=\"font-family: times new roman, times, serif;\"><span style=\"font-size: small;\">Nach seinem Begr\u00e4bnis wurde \u2013 durch das Bem\u00fchen des hochverehrten Herrn Karl Lothar von der Horst, des Kommandanten der Festung \u2013 die \u00dcbertragung dieser Pfarrei an mich, den unten Genannten, vollzogen, durch den hochw\u00fcrdigsten Herrn Franz Ludwig, Kurf\u00fcrst von Trier. Diese Gnade, um die ich nicht gebeten hatte, nahm ich an, da ich es f\u00fcr verwerflich hielt, sie abzulehnen.<\/span><\/span><\/p>\n<p align=\"JUSTIFY\"><span style=\"font-family: times new roman, times, serif;\"><span style=\"font-size: small;\">Ich gab die Pfarrei in Niedererbach auf, die mir vom selben Kurf\u00fcrsten im vorhergehenden Jahr \u00fcbertragen worden war, und obwohl die Eink\u00fcnfte dort reichlicher gewesen w\u00e4ren, kehrte ich an diese Festung zur\u00fcck, in der ich zuvor Kaplan gewesen war.<\/span><\/span><\/p>\n<p align=\"JUSTIFY\"><span style=\"font-size: small; font-family: times new roman, times, serif;\">Im Jahre 1721, am 21. November, \u00fcbergab mir der hochw\u00fcrdigste und hochangesehene Herr Johann Konrad Schwang, Kommissar des Koblenzer Offizialats, den Besitz (bzw. das Amt) in der Festungskirche, in welcher er am selben Tage, dem Fest der heiligen C\u00e4cilia, feierlich eine neue Glocke f\u00fcr die Burg weihte. Diese Glocke war mit dem Bildnis des heiligen Donatus versehen, und ihr Pate war der bereits erw\u00e4hnte Herr General von der Horst, Patin dagegen die vortrefflichste Gr\u00e4fin <i>de Lanua <\/i>(= von Lannoy ?), seine Schwester.<\/span><\/p>\n<p align=\"JUSTIFY\"><span style=\"font-size: small; font-family: times new roman, times, serif;\">Und da diese Pfarrei als eine f\u00fcr das Milit\u00e4r geltende angesehen wird, standen die Eink\u00fcnfte bzw. das monatliche Gehalt sowie ein Wagen mit Wein und Weizen den Erben bis zum Monat Dezember zu. Im Monat Dezember erhielt ich zum ersten Mal die Eink\u00fcnfte. Da ich jedoch wegen der l\u00e4ndlichen Lage der Pfarrei noch nicht selbst anwesend sein konnte, lie\u00df ich bis zum Monat April 1724 durch andere den Gottesdienst hier versehen. Am 3. April nahm ich Abschied in Niedererbach und begann am selben Abend meinen Wohnsitz in der Burg.<\/span><\/p>\n<p align=\"JUSTIFY\"><span style=\"font-size: small; font-family: times new roman, times, serif;\">M\u00f6ge der Wechsel der Wirkungsst\u00e4tte den himmlischen M\u00e4chten gefallen und nicht Reue nach sich ziehen!<\/span><\/p>\n<p align=\"JUSTIFY\"><span style=\"font-size: small; font-family: times new roman, times, serif;\">Ich erschauere, wenn ich daran denke, dass \u00fcber das, was ich hier aus verschiedenen V\u00f6lkern gesammelt habe&#8230; am strengen Tag des Gerichts eine strengste Rechenschaft abgelegt werden muss.<\/span><\/p>\n<p align=\"JUSTIFY\"><span style=\"font-size: small; font-family: times new roman, times, serif;\">Jesus, guter Hirte, erbarme dich meiner!<\/span><\/p>\n<p align=\"JUSTIFY\"><span style=\"font-family: times new roman, times, serif;\"><span style=\"font-size: small;\">Christian Pistor.<\/span><\/span><\/p>\n","protected":false},"excerpt":{"rendered":"<p>Pfarrer Nikolaus Salzig 1663-1696 Johann Jakob Westhoff 1696-1720; + 07.10.1723 Christian Pistor: seit 21.11.1721, ab 03.04.1724 mit festem Wohnsitz auf der Festung Festungskommandanten Oberstleutnant Heinrich Klein Karl Lothar von der Horst (+ 21.06.1724) Sterbeeintrag Karl Lothar von der Horst [S. 454\/Bild 481] 21 Junii [1724] excellentissimus d[omi]nus Carolus Lotharius ab Horst, generalis et commendans in &hellip; <a href=\"https:\/\/www.ahnenforschung-jackmuth.de\/?page_id=11866\" class=\"more-link\"><span class=\"screen-reader-text\">\u201eAllg. Bem. zum KB\u201c<\/span> weiterlesen<\/a><\/p>\n","protected":false},"author":1,"featured_media":0,"parent":0,"menu_order":0,"comment_status":"closed","ping_status":"closed","template":"","meta":{"footnotes":""},"class_list":["post-11866","page","type-page","status-publish","hentry"],"_links":{"self":[{"href":"https:\/\/www.ahnenforschung-jackmuth.de\/index.php?rest_route=\/wp\/v2\/pages\/11866","targetHints":{"allow":["GET"]}}],"collection":[{"href":"https:\/\/www.ahnenforschung-jackmuth.de\/index.php?rest_route=\/wp\/v2\/pages"}],"about":[{"href":"https:\/\/www.ahnenforschung-jackmuth.de\/index.php?rest_route=\/wp\/v2\/types\/page"}],"author":[{"embeddable":true,"href":"https:\/\/www.ahnenforschung-jackmuth.de\/index.php?rest_route=\/wp\/v2\/users\/1"}],"replies":[{"embeddable":true,"href":"https:\/\/www.ahnenforschung-jackmuth.de\/index.php?rest_route=%2Fwp%2Fv2%2Fcomments&post=11866"}],"version-history":[{"count":0,"href":"https:\/\/www.ahnenforschung-jackmuth.de\/index.php?rest_route=\/wp\/v2\/pages\/11866\/revisions"}],"wp:attachment":[{"href":"https:\/\/www.ahnenforschung-jackmuth.de\/index.php?rest_route=%2Fwp%2Fv2%2Fmedia&parent=11866"}],"curies":[{"name":"wp","href":"https:\/\/api.w.org\/{rel}","templated":true}]}}