{"id":11829,"date":"2025-04-02T11:49:33","date_gmt":"2025-04-02T11:49:33","guid":{"rendered":"https:\/\/www.ahnenforschung-jackmuth.de\/?page_id=11829"},"modified":"2026-02-10T14:50:44","modified_gmt":"2026-02-10T14:50:44","slug":"updates-2025","status":"publish","type":"page","link":"https:\/\/www.ahnenforschung-jackmuth.de\/?page_id=11829","title":{"rendered":"Updates 2025 und 2026"},"content":{"rendered":"<p>&nbsp;<\/p>\n<table style=\"width: 100%; height: 84px;\">\n<tbody>\n<tr style=\"height: 28px;\">\n<td style=\"height: 28px; width: 10.8333%;\"><span style=\"font-size: 10pt; font-family: times new roman, times, serif;\"><strong>Datum<\/strong><\/span><\/td>\n<td style=\"height: 28px; width: 16.9048%;\"><span style=\"font-size: 10pt; font-family: times new roman, times, serif;\"><strong>Sektion<\/strong><\/span><\/td>\n<td style=\"height: 28px; width: 72.1428%;\"><span style=\"font-size: 10pt; font-family: times new roman, times, serif;\"><strong>Update<\/strong><\/span><\/td>\n<\/tr>\n<tr style=\"height: 28px;\">\n<td style=\"height: 28px; width: 10.8333%;\"><span style=\"font-size: 10pt; font-family: times new roman, times, serif;\">02.04.2025<\/span><\/td>\n<td style=\"height: 28px; width: 16.9048%;\"><span style=\"font-size: 10pt; font-family: times new roman, times, serif;\">OFB Fr\u00fccht<\/span><\/td>\n<td style=\"height: 28px; width: 72.1428%;\"><span style=\"font-size: 10pt; font-family: times new roman, times, serif;\">Hexenwahn in Fr\u00fccht 1629\/1630<\/span><\/td>\n<\/tr>\n<tr style=\"height: 28px;\">\n<td style=\"height: 28px; width: 10.8333%;\"><span style=\"font-size: 10pt; font-family: times new roman, times, serif;\">02.04.2025<\/span><\/td>\n<td style=\"height: 28px; width: 16.9048%;\"><span style=\"font-size: 10pt; font-family: times new roman, times, serif;\">Familien Jackmuth<br \/>\n<\/span><\/td>\n<td style=\"height: 28px; width: 72.1428%;\"><span style=\"font-size: 10pt; font-family: times new roman, times, serif;\">Fam. Nr. 1.: Jean <em>Jacmouth<\/em> in den Ratsprotokollen der Stadt Braubach 1711 und 1714<br \/>\n<\/span><\/td>\n<\/tr>\n<tr>\n<td style=\"width: 10.8333%;\"><span style=\"font-size: 10pt; font-family: times new roman, times, serif;\">04.08.2025<br \/>\n<\/span><\/td>\n<td style=\"width: 16.9048%;\"><span style=\"font-size: 10pt; font-family: times new roman, times, serif;\">Festung Ehrenbreitstein<br \/>\n<\/span><\/td>\n<td style=\"width: 72.1428%;\"><span style=\"font-size: 10pt; font-family: times new roman, times, serif;\">Ehen 1663-1727 (KB 1)<br \/>\n<\/span><\/td>\n<\/tr>\n<tr>\n<td style=\"width: 10.8333%;\"><span style=\"font-size: 10pt; font-family: times new roman, times, serif;\">30.09.2025<br \/>\n<\/span><\/td>\n<td style=\"width: 16.9048%;\"><span style=\"font-size: 10pt; font-family: times new roman, times, serif;\">Koblenz, St. Kastor<br \/>\n<\/span><\/td>\n<td style=\"width: 72.1428%;\"><span style=\"font-size: 10pt; font-family: times new roman, times, serif;\">Taufen 1627-1650<br \/>\n<\/span><\/td>\n<\/tr>\n<tr>\n<td style=\"width: 10.8333%;\"><span style=\"font-size: 10pt; font-family: times new roman, times, serif;\">10.02.2026<br \/>\n<\/span><\/td>\n<td style=\"width: 16.9048%;\"><span style=\"font-size: 10pt; font-family: times new roman, times, serif;\">OFB Spie\u00df<br \/>\n<\/span><\/td>\n<td style=\"width: 72.1428%;\"><span style=\"font-size: 10pt; font-family: times new roman, times, serif;\">Taufen ab 1680: Erg\u00e4nzung der \u00e4ltesten Familien \u00fcber KB Oberlahnstein<br \/>\n<\/span><\/td>\n<\/tr>\n<\/tbody>\n<\/table>\n<p>&nbsp;<\/p>\n","protected":false},"excerpt":{"rendered":"<p>&nbsp; Datum Sektion Update 02.04.2025 OFB Fr\u00fccht Hexenwahn in Fr\u00fccht 1629\/1630 02.04.2025 Familien Jackmuth Fam. Nr. 1.: Jean Jacmouth in den Ratsprotokollen der Stadt Braubach 1711 und 1714 04.08.2025 Festung Ehrenbreitstein Ehen 1663-1727 (KB 1) 30.09.2025 Koblenz, St. Kastor Taufen 1627-1650 10.02.2026 OFB Spie\u00df Taufen ab 1680: Erg\u00e4nzung der \u00e4ltesten Familien \u00fcber KB Oberlahnstein &nbsp;<\/p>\n","protected":false},"author":1,"featured_media":0,"parent":0,"menu_order":0,"comment_status":"closed","ping_status":"closed","template":"","meta":{"footnotes":""},"class_list":["post-11829","page","type-page","status-publish","hentry"],"_links":{"self":[{"href":"https:\/\/www.ahnenforschung-jackmuth.de\/index.php?rest_route=\/wp\/v2\/pages\/11829","targetHints":{"allow":["GET"]}}],"collection":[{"href":"https:\/\/www.ahnenforschung-jackmuth.de\/index.php?rest_route=\/wp\/v2\/pages"}],"about":[{"href":"https:\/\/www.ahnenforschung-jackmuth.de\/index.php?rest_route=\/wp\/v2\/types\/page"}],"author":[{"embeddable":true,"href":"https:\/\/www.ahnenforschung-jackmuth.de\/index.php?rest_route=\/wp\/v2\/users\/1"}],"replies":[{"embeddable":true,"href":"https:\/\/www.ahnenforschung-jackmuth.de\/index.php?rest_route=%2Fwp%2Fv2%2Fcomments&post=11829"}],"version-history":[{"count":1,"href":"https:\/\/www.ahnenforschung-jackmuth.de\/index.php?rest_route=\/wp\/v2\/pages\/11829\/revisions"}],"predecessor-version":[{"id":12090,"href":"https:\/\/www.ahnenforschung-jackmuth.de\/index.php?rest_route=\/wp\/v2\/pages\/11829\/revisions\/12090"}],"wp:attachment":[{"href":"https:\/\/www.ahnenforschung-jackmuth.de\/index.php?rest_route=%2Fwp%2Fv2%2Fmedia&parent=11829"}],"curies":[{"name":"wp","href":"https:\/\/api.w.org\/{rel}","templated":true}]}}