{"id":11529,"date":"2024-06-05T11:49:52","date_gmt":"2024-06-05T11:49:52","guid":{"rendered":"https:\/\/www.ahnenforschung-jackmuth.de\/?page_id=11529"},"modified":"2024-06-05T11:49:52","modified_gmt":"2024-06-05T11:49:52","slug":"ofb-becheln-preissmann","status":"publish","type":"page","link":"https:\/\/www.ahnenforschung-jackmuth.de\/?page_id=11529","title":{"rendered":"OFB Becheln &#8211; Prei\u00dfmann"},"content":{"rendered":"<p style=\"text-align: justify;\"><span style=\"font-family: 'times new roman', times, serif; font-size: 10pt;\">Hirtenfamilie in den Pfarreien Niederbachheim, Spie\u00df, Schweighausen, Nassau und Nievern. Der Name variiert stark: <em>Priesthum<\/em>, <em>Bri\u00dfdum<\/em>, <em>Priestom,<\/em> <em>Prei\u00dfmann, Preu\u00dfmann, Prie\u00dfmann<\/em><\/span><\/p>\n<hr \/>\n<p style=\"text-align: justify;\"><span style=\"font-family: 'times new roman', times, serif; font-size: 10pt;\"><span style=\"color: #ff0000;\"><strong><u>Prei\u00dfmann<\/u><\/strong><strong>, Georg Philipp:<\/strong><\/span> kath. Viehhirte, 1759 in Sulzbach, 1761-1767 in Becheln, 1774 wieder in Sulzbach, 1776 Pfarrei Nievern, 1778-1781 erneut in Becheln, 1784 auf Grenzloch, 1814 in Miellen; * 19.04.1738 Oberwies; gt. 21.03.1738 Nassau; + 04.02.1814 Miellen (OFB Nievern, Nr. 1394); Eltern: Johann Jost Pristum und Maria Eva<\/span><\/p>\n<p style=\"text-align: justify;\"><span style=\"font-family: 'times new roman', times, serif; font-size: 10pt;\"><strong>oo I. 05.04.1758 Dienethal<\/strong> (Dienethal, KB 1, Bild 170 auf archion.de) mit <strong><u>Patron<\/u>, Maria Dorothea:<\/strong> kath. * 18.12.1729 Oberwies; gt. 21.12.1729 Nassau; + 20.07.1773 Becheln; bg. 22.07.1773 Schweighausen (Becheln, KB 1, Bild 542 auf archion.de); Eltern: Johannes Patron und Maria Magdalena geb. Matthi<\/span><\/p>\n<table style=\"width: 100%;\">\n<tbody>\n<tr>\n<td style=\"text-align: center; width: 5.59524%;\" width=\"24\"><span style=\"font-family: 'times new roman', times, serif; font-size: 10pt;\"><strong>Nr.<\/strong><\/span><\/td>\n<td style=\"width: 21.5476%;\" width=\"142\"><span style=\"font-family: 'times new roman', times, serif; font-size: 10pt;\"><strong>Vorname (normiert)<\/strong><\/span><\/td>\n<td style=\"text-align: center; width: 11.9048%;\" width=\"71\"><span style=\"font-family: 'times new roman', times, serif; font-size: 10pt;\"><strong>geboren<\/strong><\/span><\/td>\n<td style=\"text-align: center; width: 11.9048%;\" width=\"71\"><span style=\"font-family: 'times new roman', times, serif; font-size: 10pt;\"><strong>getauft<\/strong><\/span><\/td>\n<td style=\"text-align: center; width: 10.5952%;\" width=\"61\"><span style=\"font-family: 'times new roman', times, serif; font-size: 10pt;\"><strong>gefirmt<\/strong><\/span><\/td>\n<td style=\"text-align: center; width: 11.5476%;\" width=\"68\"><span style=\"font-family: 'times new roman', times, serif; font-size: 10pt;\"><strong>gestorben<\/strong><\/span><\/td>\n<td style=\"text-align: center; width: 11.4286%;\" width=\"67\"><span style=\"font-family: 'times new roman', times, serif; font-size: 10pt;\"><strong>begraben<\/strong><\/span><\/td>\n<td style=\"text-align: center; width: 8.33333%;\" width=\"45\"><span style=\"font-family: 'times new roman', times, serif; font-size: 10pt;\"><strong>Alter<\/strong><\/span><\/td>\n<td style=\"text-align: center; width: 7.14286%;\" width=\"36\"><span style=\"font-family: 'times new roman', times, serif; font-size: 10pt;\"><strong>Stand<\/strong><\/span><\/td>\n<\/tr>\n<tr>\n<td style=\"text-align: center; width: 5.59524%;\" width=\"24\"><span style=\"font-family: 'times new roman', times, serif; font-size: 10pt;\">1<\/span><\/td>\n<td style=\"width: 21.5476%;\" width=\"142\"><span style=\"font-family: 'times new roman', times, serif; font-size: 10pt;\">Johann Georg<\/span><\/td>\n<td style=\"text-align: center; width: 11.9048%;\" width=\"71\"><span style=\"font-family: 'times new roman', times, serif; font-size: 10pt;\">01.07.1759<\/span><\/td>\n<td style=\"text-align: center; width: 11.9048%;\" width=\"71\"><span style=\"font-family: 'times new roman', times, serif; font-size: 10pt;\">04.07.1759<\/span><\/td>\n<td style=\"text-align: center; width: 10.5952%;\" width=\"61\"><\/td>\n<td style=\"text-align: center; width: 11.5476%;\" width=\"68\"><\/td>\n<td style=\"text-align: center; width: 11.4286%;\" width=\"67\"><\/td>\n<td style=\"text-align: center; width: 8.33333%;\" width=\"45\"><\/td>\n<td style=\"text-align: center; width: 7.14286%;\" width=\"36\"><\/td>\n<\/tr>\n<tr>\n<td style=\"text-align: center; width: 5.59524%;\" width=\"24\"><span style=\"font-family: 'times new roman', times, serif; font-size: 10pt;\">2<\/span><\/td>\n<td style=\"width: 21.5476%;\" width=\"142\"><span style=\"font-family: 'times new roman', times, serif; font-size: 10pt;\">Anna Maria<\/span><\/td>\n<td style=\"text-align: center; width: 11.9048%;\" width=\"71\"><\/td>\n<td style=\"text-align: center; width: 11.9048%;\" width=\"71\"><span style=\"font-family: 'times new roman', times, serif; font-size: 10pt;\">01.11.1761<\/span><\/td>\n<td style=\"text-align: center; width: 10.5952%;\" width=\"61\"><\/td>\n<td style=\"text-align: center; width: 11.5476%;\" width=\"68\"><\/td>\n<td style=\"text-align: center; width: 11.4286%;\" width=\"67\"><\/td>\n<td style=\"text-align: center; width: 8.33333%;\" width=\"45\"><\/td>\n<td style=\"text-align: center; width: 7.14286%;\" width=\"36\"><\/td>\n<\/tr>\n<tr>\n<td style=\"text-align: center; width: 5.59524%;\" width=\"24\"><span style=\"font-family: 'times new roman', times, serif; font-size: 10pt;\">3<\/span><\/td>\n<td style=\"width: 21.5476%;\" width=\"142\"><span style=\"font-family: 'times new roman', times, serif; font-size: 10pt;\">Maria Magdalena Marg.<\/span><\/td>\n<td style=\"text-align: center; width: 11.9048%;\" width=\"71\"><\/td>\n<td style=\"text-align: center; width: 11.9048%;\" width=\"71\"><span style=\"font-family: 'times new roman', times, serif; font-size: 10pt;\">13.01.1764<\/span><\/td>\n<td style=\"text-align: center; width: 10.5952%;\" width=\"61\"><\/td>\n<td style=\"text-align: center; width: 11.5476%;\" width=\"68\"><\/td>\n<td style=\"text-align: center; width: 11.4286%;\" width=\"67\"><\/td>\n<td style=\"text-align: center; width: 8.33333%;\" width=\"45\"><\/td>\n<td style=\"text-align: center; width: 7.14286%;\" width=\"36\"><\/td>\n<\/tr>\n<tr>\n<td style=\"text-align: center; width: 5.59524%;\" width=\"24\"><span style=\"font-family: 'times new roman', times, serif; font-size: 10pt;\">4<\/span><\/td>\n<td style=\"width: 21.5476%;\" width=\"142\"><span style=\"font-family: 'times new roman', times, serif; font-size: 10pt;\">Johann Gottfried<\/span><\/td>\n<td style=\"text-align: center; width: 11.9048%;\" width=\"71\"><span style=\"font-family: 'times new roman', times, serif; font-size: 10pt;\">20.07.1767<\/span><\/td>\n<td style=\"text-align: center; width: 11.9048%;\" width=\"71\"><span style=\"font-family: 'times new roman', times, serif; font-size: 10pt;\">25.07.1767<\/span><\/td>\n<td style=\"text-align: center; width: 10.5952%;\" width=\"61\"><\/td>\n<td style=\"text-align: center; width: 11.5476%;\" width=\"68\"><span style=\"font-family: 'times new roman', times, serif; font-size: 10pt;\">02.06.1784<\/span><\/td>\n<td style=\"text-align: center; width: 11.4286%;\" width=\"67\"><span style=\"font-family: 'times new roman', times, serif; font-size: 10pt;\">04.06.1784<\/span><\/td>\n<td style=\"text-align: center; width: 8.33333%;\" width=\"45\"><\/td>\n<td style=\"text-align: center; width: 7.14286%;\" width=\"36\"><\/td>\n<\/tr>\n<\/tbody>\n<\/table>\n<p><span style=\"font-family: 'times new roman', times, serif; font-size: 10pt;\">Kind Nr. 1) * Sulzbach (Dienethal, KB 1, Bild 83 auf archion.de)<br \/>\n<\/span><span style=\"font-family: 'times new roman', times, serif; font-size: 10pt;\">Kind Nr. 2) \u2013 3) * Becheln<br \/>\n<\/span><span style=\"font-family: 'times new roman', times, serif; font-size: 10pt;\">Kind Nr. 4) * Becheln; + Pfarrei Spie\u00df<\/span><\/p>\n<p style=\"text-align: justify;\"><span style=\"font-family: 'times new roman', times, serif; font-size: 10pt;\"><strong>Paten:<\/strong> <em>Joh. Georg Schab von Sultzbach; Johannes Caffo au\u00df der Dorstheck; Anna Catharina Buch von Kirschmersborn <\/em><strong><em>\u2014 <\/em><\/strong><strong>zu 2) <\/strong><em>Henrich Prei\u00dfmann; Anna Maria Kuntzen u. <\/em>[ ] <strong><em>\u2014 <\/em><\/strong><strong>zu 3) <\/strong><em>1) Elis. Magd. aus Becheln; 2) Maria Margaretha, Peter Mi\u00dflers Tochter zu Kirschmersborn; 3) Nicolaus Prie\u00dfman zu Buchholtz <\/em><strong><em>\u2014 <\/em><\/strong><strong>zu 4) <\/strong><em>1) Gottfried Kuntz; 2) Maria Magd[alena], des Anton Schmidts Tochter; 3) Henrich Oppenh\u00e4user, K\u00fchhirt in Becheln<br \/>\n<\/em><\/span><\/p>\n<p style=\"text-align: justify;\"><span style=\"font-family: 'times new roman', times, serif; font-size: 10pt;\"><strong>oo II. 30.09.1773 Nievern<\/strong> (OFB Nievern, Nr. 1394) mit <strong><u>D\u00fcnnes<\/u>,<\/strong> <strong>Anna Katharina: <\/strong>kath.; * 13.01.1742 Nievern (gt. 15.01.); Eltern: Johann Georg D\u00fcnnes (<em>Th\u00f6nes<\/em>) und Anna Dorothea Arent von der Denzerheide (VG Bad Ems-Nassau) (OFB Nievern, Nr. 495)<\/span><\/p>\n<table style=\"width: 100%; height: 196px;\">\n<tbody>\n<tr style=\"height: 28px;\">\n<td style=\"height: 28px; text-align: center; width: 5.83333%;\" width=\"24\"><span style=\"font-family: 'times new roman', times, serif; font-size: 10pt;\"><strong>Nr.<\/strong><\/span><\/td>\n<td style=\"height: 28px; width: 21.3095%;\" width=\"142\"><span style=\"font-family: 'times new roman', times, serif; font-size: 10pt;\"><strong>Vorname (normiert)<\/strong><\/span><\/td>\n<td style=\"height: 28px; text-align: center; width: 11.9048%;\" width=\"71\"><span style=\"font-family: 'times new roman', times, serif; font-size: 10pt;\"><strong>geboren<\/strong><\/span><\/td>\n<td style=\"height: 28px; text-align: center; width: 11.9048%;\" width=\"71\"><span style=\"font-family: 'times new roman', times, serif; font-size: 10pt;\"><strong>getauft<\/strong><\/span><\/td>\n<td style=\"height: 28px; text-align: center; width: 10.5952%;\" width=\"61\"><span style=\"font-family: 'times new roman', times, serif; font-size: 10pt;\"><strong>gefirmt<\/strong><\/span><\/td>\n<td style=\"height: 28px; text-align: center; width: 11.5476%;\" width=\"68\"><span style=\"font-family: 'times new roman', times, serif; font-size: 10pt;\"><strong>gestorben<\/strong><\/span><\/td>\n<td style=\"height: 28px; text-align: center; width: 11.4286%;\" width=\"67\"><span style=\"font-family: 'times new roman', times, serif; font-size: 10pt;\"><strong>begraben<\/strong><\/span><\/td>\n<td style=\"height: 28px; text-align: center; width: 8.33333%;\" width=\"45\"><span style=\"font-family: 'times new roman', times, serif; font-size: 10pt;\"><strong>Alter<\/strong><\/span><\/td>\n<td style=\"height: 28px; text-align: center; width: 7.14286%;\" width=\"36\"><span style=\"font-family: 'times new roman', times, serif; font-size: 10pt;\"><strong>Stand<\/strong><\/span><\/td>\n<\/tr>\n<tr style=\"height: 28px;\">\n<td style=\"height: 28px; text-align: center; width: 5.83333%;\" width=\"24\"><span style=\"font-family: 'times new roman', times, serif; font-size: 10pt;\">1<\/span><\/td>\n<td style=\"height: 28px; width: 21.3095%;\" width=\"142\"><span style=\"font-family: 'times new roman', times, serif; font-size: 10pt;\">Johannes<\/span><\/td>\n<td style=\"height: 28px; text-align: center; width: 11.9048%;\" width=\"71\"><span style=\"font-family: 'times new roman', times, serif; font-size: 10pt;\">17.09.1774<\/span><\/td>\n<td style=\"height: 28px; text-align: center; width: 11.9048%;\" width=\"71\"><span style=\"font-family: 'times new roman', times, serif; font-size: 10pt;\">19.09.1774<\/span><\/td>\n<td style=\"height: 28px; text-align: center; width: 10.5952%;\" width=\"61\"><\/td>\n<td style=\"height: 28px; text-align: center; width: 11.5476%;\" width=\"68\"><\/td>\n<td style=\"height: 28px; text-align: center; width: 11.4286%;\" width=\"67\"><\/td>\n<td style=\"height: 28px; text-align: center; width: 8.33333%;\" width=\"45\"><\/td>\n<td style=\"height: 28px; text-align: center; width: 7.14286%;\" width=\"36\"><\/td>\n<\/tr>\n<tr style=\"height: 28px;\">\n<td style=\"height: 28px; text-align: center; width: 5.83333%;\" width=\"24\"><span style=\"font-family: 'times new roman', times, serif; font-size: 10pt;\">2<\/span><\/td>\n<td style=\"height: 28px; width: 21.3095%;\" width=\"142\"><span style=\"font-family: 'times new roman', times, serif; font-size: 10pt;\">Anna Katharina<\/span><\/td>\n<td style=\"height: 28px; text-align: center; width: 11.9048%;\" width=\"71\"><span style=\"font-family: 'times new roman', times, serif; font-size: 10pt;\">19.02.1776<\/span><\/td>\n<td style=\"height: 28px; text-align: center; width: 11.9048%;\" width=\"71\"><span style=\"font-family: 'times new roman', times, serif; font-size: 10pt;\">20.02.1776<\/span><\/td>\n<td style=\"height: 28px; text-align: center; width: 10.5952%;\" width=\"61\"><\/td>\n<td style=\"height: 28px; text-align: center; width: 11.5476%;\" width=\"68\"><\/td>\n<td style=\"height: 28px; text-align: center; width: 11.4286%;\" width=\"67\"><\/td>\n<td style=\"height: 28px; text-align: center; width: 8.33333%;\" width=\"45\"><\/td>\n<td style=\"height: 28px; text-align: center; width: 7.14286%;\" width=\"36\"><\/td>\n<\/tr>\n<tr style=\"height: 28px;\">\n<td style=\"height: 28px; text-align: center; width: 5.83333%;\" width=\"24\"><span style=\"font-family: 'times new roman', times, serif; font-size: 10pt;\">3<\/span><\/td>\n<td style=\"height: 28px; width: 21.3095%;\" width=\"142\"><span style=\"font-family: 'times new roman', times, serif; font-size: 10pt;\">Philipp Henrich<\/span><\/td>\n<td style=\"height: 28px; text-align: center; width: 11.9048%;\" width=\"71\"><span style=\"font-family: 'times new roman', times, serif; font-size: 10pt;\">06.02.1778<\/span><\/td>\n<td style=\"height: 28px; text-align: center; width: 11.9048%;\" width=\"71\"><span style=\"font-family: 'times new roman', times, serif; font-size: 10pt;\">08.02.1778<\/span><\/td>\n<td style=\"height: 28px; text-align: center; width: 10.5952%;\" width=\"61\"><\/td>\n<td style=\"height: 28px; text-align: center; width: 11.5476%;\" width=\"68\"><\/td>\n<td style=\"height: 28px; text-align: center; width: 11.4286%;\" width=\"67\"><\/td>\n<td style=\"height: 28px; text-align: center; width: 8.33333%;\" width=\"45\"><\/td>\n<td style=\"height: 28px; text-align: center; width: 7.14286%;\" width=\"36\"><\/td>\n<\/tr>\n<tr style=\"height: 28px;\">\n<td style=\"height: 28px; text-align: center; width: 5.83333%;\" width=\"24\"><span style=\"font-family: 'times new roman', times, serif; font-size: 10pt;\">4<\/span><\/td>\n<td style=\"height: 28px; width: 21.3095%;\" width=\"142\"><span style=\"font-family: 'times new roman', times, serif; font-size: 10pt;\">Philipp Friedrich<\/span><\/td>\n<td style=\"height: 28px; text-align: center; width: 11.9048%;\" width=\"71\"><span style=\"font-family: 'times new roman', times, serif; font-size: 10pt;\">20.02.1780<\/span><\/td>\n<td style=\"height: 28px; text-align: center; width: 11.9048%;\" width=\"71\"><span style=\"font-family: 'times new roman', times, serif; font-size: 10pt;\">22.02.1780<\/span><\/td>\n<td style=\"height: 28px; text-align: center; width: 10.5952%;\" width=\"61\"><\/td>\n<td style=\"height: 28px; text-align: center; width: 11.5476%;\" width=\"68\"><\/td>\n<td style=\"height: 28px; text-align: center; width: 11.4286%;\" width=\"67\"><\/td>\n<td style=\"height: 28px; text-align: center; width: 8.33333%;\" width=\"45\"><\/td>\n<td style=\"height: 28px; text-align: center; width: 7.14286%;\" width=\"36\"><\/td>\n<\/tr>\n<tr style=\"height: 28px;\">\n<td style=\"height: 28px; text-align: center; width: 5.83333%;\" width=\"24\"><span style=\"font-family: 'times new roman', times, serif; font-size: 10pt;\">5<\/span><\/td>\n<td style=\"height: 28px; width: 21.3095%;\" width=\"142\"><span style=\"font-family: 'times new roman', times, serif; font-size: 10pt;\">Anna Katharina<\/span><\/td>\n<td style=\"height: 28px; text-align: center; width: 11.9048%;\" width=\"71\"><span style=\"font-family: 'times new roman', times, serif; font-size: 10pt;\">08.05.1781<\/span><\/td>\n<td style=\"height: 28px; text-align: center; width: 11.9048%;\" width=\"71\"><span style=\"font-family: 'times new roman', times, serif; font-size: 10pt;\">10.05.1781<\/span><\/td>\n<td style=\"height: 28px; text-align: center; width: 10.5952%;\" width=\"61\"><\/td>\n<td style=\"height: 28px; text-align: center; width: 11.5476%;\" width=\"68\"><\/td>\n<td style=\"height: 28px; text-align: center; width: 11.4286%;\" width=\"67\"><\/td>\n<td style=\"height: 28px; text-align: center; width: 8.33333%;\" width=\"45\"><\/td>\n<td style=\"height: 28px; text-align: center; width: 7.14286%;\" width=\"36\"><\/td>\n<\/tr>\n<tr style=\"height: 28px;\">\n<td style=\"height: 28px; text-align: center; width: 5.83333%;\" width=\"24\"><span style=\"font-family: 'times new roman', times, serif; font-size: 10pt;\">6<\/span><\/td>\n<td style=\"height: 28px; width: 21.3095%;\" width=\"142\"><span style=\"font-family: 'times new roman', times, serif; font-size: 10pt;\">Maria Margaretha<\/span><\/td>\n<td style=\"height: 28px; text-align: center; width: 11.9048%;\" width=\"71\"><span style=\"font-family: 'times new roman', times, serif; font-size: 10pt;\">27.03.1784<\/span><\/td>\n<td style=\"height: 28px; text-align: center; width: 11.9048%;\" width=\"71\"><span style=\"font-family: 'times new roman', times, serif; font-size: 10pt;\">28.03.1784<\/span><\/td>\n<td style=\"height: 28px; text-align: center; width: 10.5952%;\" width=\"61\"><\/td>\n<td style=\"height: 28px; text-align: center; width: 11.5476%;\" width=\"68\"><span style=\"font-family: 'times new roman', times, serif; font-size: 10pt;\">xx.xx.1784<\/span><\/td>\n<td style=\"height: 28px; text-align: center; width: 11.4286%;\" width=\"67\"><\/td>\n<td style=\"height: 28px; text-align: center; width: 8.33333%;\" width=\"45\"><span style=\"font-family: 'times new roman', times, serif; font-size: 10pt;\">0,5<\/span><\/td>\n<td style=\"height: 28px; text-align: center; width: 7.14286%;\" width=\"36\"><\/td>\n<\/tr>\n<\/tbody>\n<\/table>\n<p style=\"text-align: justify;\"><span style=\"font-family: 'times new roman', times, serif; font-size: 10pt;\">Kind Nr. 1) * Sulzbach (Dienethal, KB 1, Bild 95 auf archion.de)<br \/>\n<\/span><span style=\"font-family: 'times new roman', times, serif; font-size: 10pt;\">Kind Nr. 2) * Pfarrei Nievern (OFB Nievern, Nr. 1394)<br \/>\n<\/span><span style=\"font-family: 'times new roman', times, serif; font-size: 10pt;\">Kind Nr. 3) \u2013 5) * Becheln<br \/>\n<\/span><span style=\"font-family: 'times new roman', times, serif; font-size: 10pt;\">Kind Nr. 6) * Grenzloch; + nach 24.08.1784 Spie\u00df (<em>Georgio Philippo Prisman et Annae Catharinae conjugum puer <\/em>[puella!]<em>, medii circiter anni, mortuus et in Spies sepultus est gratis<\/em>)<\/span><\/p>\n<p style=\"text-align: justify;\"><span style=\"font-family: 'times new roman', times, serif; font-size: 10pt;\"><strong>Paten:<\/strong> <em>1) Johannes Finckelmeyer von Niebern, pont.; 2) Johann Henrich D\u00f6nnes, avunculus von Niebern, pont.; und 3) Maria Catharina, Joh. Henr. Prei\u00dfmann, patrui, Hirten zu Pohl, Ehefrau, luth. <\/em><strong><em>\u2014 <\/em><\/strong><strong>zu 2)<\/strong> Anna Katharina Jagenfux, Adam Lenert, beide ledig aus Nievern <strong><em>\u2014 <\/em><\/strong><strong>zu 3)<\/strong> <em>1) Johan Henrich Krug; 2) Philipp Peter Frie\u00df; 3) Maria Elisabetha Prie\u00dfm\u00e4nnin von Pohl <\/em><strong><em>\u2014 <\/em><\/strong><strong>zu 4)<\/strong> <em>1) H[err] Johan Friederich Alberti, d[er] Z[eit] Schuldiener; 2) Johann Philip Werman, Sch\u00e4fer ibid[em]; 3) Maria Catharina Veldentzin, pap[istischer] Re[ligion] <\/em><strong><em>\u2014 <\/em><\/strong><strong>zu 5)<\/strong> <em>1) Catharina Margaretha Prei\u00dfm\u00e4nnin von Pohl, luth[erischer] Relig[ion]; 2) Anna Catharina Veldenzin, pap[istischer] Rel[igion]; 3) Johannes D\u00f6nges aus Fachbach, pap[istisch] <\/em><strong><em>\u2014 <\/em><\/strong><strong>zu 6) <\/strong><em>Maria Margaretha Friesenhan et Joannes Zapp, tum habitantes omnes in villa Grentzloch<\/em><\/span><\/p>\n<hr \/>\n<p style=\"text-align: justify;\"><span style=\"font-family: 'times new roman', times, serif; font-size: 10pt;\"><span style=\"color: #ff0000;\"><strong><u>Prei\u00dfmann<\/u><\/strong><strong>, Johann Henrich:<\/strong> <\/span>* 02.05.1740 Oberwies, gt. Dienethal; Eltern: Johann Jost Pristum und Maria Eva (siehe OFB Oberwies); ist lt. Trauueintrag <em>eines Hirten Bub<\/em><\/span><\/p>\n<p><span style=\"font-family: 'times new roman', times, serif; font-size: 10pt;\"><strong>oo 09.02.1762 Becheln<\/strong> mit <strong><u>M\u00fcller<\/u>, Maria Katharina:<\/strong> Tochter eines Hirten<\/span><\/p>\n<hr \/>\n<p><span style=\"font-size: 10pt; font-family: 'times new roman', times, serif;\"><b>Letztes Update: 5. Juni 2024<\/b><\/span><br \/>\n<span style=\"font-size: 10pt; font-family: 'times new roman', times, serif;\"><b>Ralph Jackmuth<\/b><\/span><\/p>\n","protected":false},"excerpt":{"rendered":"<p>Hirtenfamilie in den Pfarreien Niederbachheim, Spie\u00df, Schweighausen, Nassau und Nievern. Der Name variiert stark: Priesthum, Bri\u00dfdum, Priestom, Prei\u00dfmann, Preu\u00dfmann, Prie\u00dfmann Prei\u00dfmann, Georg Philipp: kath. Viehhirte, 1759 in Sulzbach, 1761-1767 in Becheln, 1774 wieder in Sulzbach, 1776 Pfarrei Nievern, 1778-1781 erneut in Becheln, 1784 auf Grenzloch, 1814 in Miellen; * 19.04.1738 Oberwies; gt. 21.03.1738 Nassau; + &hellip; <a href=\"https:\/\/www.ahnenforschung-jackmuth.de\/?page_id=11529\" class=\"more-link\"><span class=\"screen-reader-text\">\u201eOFB Becheln &#8211; Prei\u00dfmann\u201c<\/span> weiterlesen<\/a><\/p>\n","protected":false},"author":1,"featured_media":0,"parent":0,"menu_order":0,"comment_status":"closed","ping_status":"closed","template":"","meta":{"footnotes":""},"class_list":["post-11529","page","type-page","status-publish","hentry"],"_links":{"self":[{"href":"https:\/\/www.ahnenforschung-jackmuth.de\/index.php?rest_route=\/wp\/v2\/pages\/11529","targetHints":{"allow":["GET"]}}],"collection":[{"href":"https:\/\/www.ahnenforschung-jackmuth.de\/index.php?rest_route=\/wp\/v2\/pages"}],"about":[{"href":"https:\/\/www.ahnenforschung-jackmuth.de\/index.php?rest_route=\/wp\/v2\/types\/page"}],"author":[{"embeddable":true,"href":"https:\/\/www.ahnenforschung-jackmuth.de\/index.php?rest_route=\/wp\/v2\/users\/1"}],"replies":[{"embeddable":true,"href":"https:\/\/www.ahnenforschung-jackmuth.de\/index.php?rest_route=%2Fwp%2Fv2%2Fcomments&post=11529"}],"version-history":[{"count":0,"href":"https:\/\/www.ahnenforschung-jackmuth.de\/index.php?rest_route=\/wp\/v2\/pages\/11529\/revisions"}],"wp:attachment":[{"href":"https:\/\/www.ahnenforschung-jackmuth.de\/index.php?rest_route=%2Fwp%2Fv2%2Fmedia&parent=11529"}],"curies":[{"name":"wp","href":"https:\/\/api.w.org\/{rel}","templated":true}]}}