{"id":11464,"date":"2024-06-05T09:21:26","date_gmt":"2024-06-05T09:21:26","guid":{"rendered":"https:\/\/www.ahnenforschung-jackmuth.de\/?page_id=11464"},"modified":"2024-06-05T09:21:26","modified_gmt":"2024-06-05T09:21:26","slug":"ofb-becheln-eckhard","status":"publish","type":"page","link":"https:\/\/www.ahnenforschung-jackmuth.de\/?page_id=11464","title":{"rendered":"OFB Becheln &#8211; Eckhard"},"content":{"rendered":"<p><span style=\"font-family: 'times new roman', times, serif; font-size: 10pt; color: #ff0000;\"><strong><u>Eckhard<\/u><\/strong><strong>, Johann Nikolaus<\/strong><\/span><\/p>\n<p><span style=\"font-family: 'times new roman', times, serif; font-size: 10pt;\"><strong>oo<\/strong> mit <strong>Anna Magdalena<\/strong><\/span><\/p>\n<table style=\"width: 100%;\">\n<tbody>\n<tr>\n<td style=\"text-align: center; width: 5.47619%;\" width=\"22\"><span style=\"font-family: 'times new roman', times, serif; font-size: 10pt;\"><strong>Nr.<\/strong><\/span><\/td>\n<td style=\"width: 19.881%;\" width=\"144\"><span style=\"font-family: 'times new roman', times, serif; font-size: 10pt;\"><strong>Vorname (normiert)<\/strong><\/span><\/td>\n<td style=\"text-align: center; width: 12.0238%;\" width=\"78\"><span style=\"font-family: 'times new roman', times, serif; font-size: 10pt;\"><strong>geboren<\/strong><\/span><\/td>\n<td style=\"text-align: center; width: 11.5476%;\" width=\"74\"><span style=\"font-family: 'times new roman', times, serif; font-size: 10pt;\"><strong>getauft<\/strong><\/span><\/td>\n<td style=\"text-align: center; width: 14.7619%;\" width=\"99\"><span style=\"font-family: 'times new roman', times, serif; font-size: 10pt;\"><strong>konfirmiert<\/strong><\/span><\/td>\n<td style=\"text-align: center; width: 11.5476%;\" width=\"74\"><span style=\"font-family: 'times new roman', times, serif; font-size: 10pt;\"><strong>gestorben<\/strong><\/span><\/td>\n<td style=\"text-align: center; width: 10.119%;\" width=\"63\"><span style=\"font-family: 'times new roman', times, serif; font-size: 10pt;\"><strong>begraben<\/strong><\/span><\/td>\n<td style=\"text-align: center; width: 7.61905%;\" width=\"44\"><span style=\"font-family: 'times new roman', times, serif; font-size: 10pt;\"><strong>Alter<\/strong><\/span><\/td>\n<td style=\"text-align: center; width: 7.14286%;\" width=\"40\"><span style=\"font-family: 'times new roman', times, serif; font-size: 10pt;\"><strong>Stand<\/strong><\/span><\/td>\n<\/tr>\n<tr>\n<td style=\"text-align: center; width: 5.47619%;\" width=\"22\"><span style=\"font-family: 'times new roman', times, serif; font-size: 10pt;\">1<\/span><\/td>\n<td style=\"width: 19.881%;\" width=\"144\"><span style=\"font-family: 'times new roman', times, serif; font-size: 10pt;\">Johann Friedrich<\/span><\/td>\n<td style=\"text-align: center; width: 12.0238%;\" width=\"78\"><span style=\"font-family: 'times new roman', times, serif; font-size: 10pt;\">06.08.1721<\/span><\/td>\n<td style=\"text-align: center; width: 11.5476%;\" width=\"74\"><span style=\"font-family: 'times new roman', times, serif; font-size: 10pt;\">10.08.1721<\/span><\/td>\n<td style=\"text-align: center; width: 14.7619%;\" width=\"99\"><\/td>\n<td style=\"text-align: center; width: 11.5476%;\" width=\"74\"><\/td>\n<td style=\"text-align: center; width: 10.119%;\" width=\"63\"><\/td>\n<td style=\"text-align: center; width: 7.61905%;\" width=\"44\"><\/td>\n<td style=\"text-align: center; width: 7.14286%;\" width=\"40\"><\/td>\n<\/tr>\n<tr>\n<td style=\"text-align: center; width: 5.47619%;\"><span style=\"font-family: 'times new roman', times, serif; font-size: 10pt;\">2<\/span><\/td>\n<td style=\"width: 19.881%;\"><span style=\"font-family: 'times new roman', times, serif; font-size: 10pt;\">Anna Apollonia<\/span><\/td>\n<td style=\"text-align: center; width: 12.0238%;\"><span style=\"font-family: 'times new roman', times, serif; font-size: 10pt;\">21.01.1724<\/span><\/td>\n<td style=\"text-align: center; width: 11.5476%;\"><span style=\"font-family: 'times new roman', times, serif; font-size: 10pt;\">21.01.1724<\/span><\/td>\n<td style=\"text-align: center; width: 14.7619%;\"><\/td>\n<td style=\"text-align: center; width: 11.5476%;\"><span style=\"font-family: 'times new roman', times, serif; font-size: 10pt;\">03.02.1724<\/span><\/td>\n<td style=\"text-align: center; width: 10.119%;\"><\/td>\n<td style=\"text-align: center; width: 7.61905%;\"><span style=\"font-family: 'times new roman', times, serif; font-size: 10pt;\">0,04<\/span><\/td>\n<td style=\"text-align: center; width: 7.14286%;\"><\/td>\n<\/tr>\n<tr>\n<td style=\"text-align: center; width: 5.47619%;\"><span style=\"font-family: 'times new roman', times, serif; font-size: 10pt;\">3<\/span><\/td>\n<td style=\"width: 19.881%;\"><span style=\"font-family: 'times new roman', times, serif; font-size: 10pt;\">Elisabeth Katharina<\/span><\/td>\n<td style=\"text-align: center; width: 12.0238%;\"><span style=\"font-family: 'times new roman', times, serif; font-size: 10pt;\">21.01.1724<\/span><\/td>\n<td style=\"text-align: center; width: 11.5476%;\"><span style=\"font-family: 'times new roman', times, serif; font-size: 10pt;\">21.01.1724<\/span><\/td>\n<td style=\"text-align: center; width: 14.7619%;\"><\/td>\n<td style=\"text-align: center; width: 11.5476%;\"><span style=\"font-family: 'times new roman', times, serif; font-size: 10pt;\">09.02.1724<\/span><\/td>\n<td style=\"text-align: center; width: 10.119%;\"><\/td>\n<td style=\"text-align: center; width: 7.61905%;\"><span style=\"font-family: 'times new roman', times, serif; font-size: 10pt;\">0,05<\/span><\/td>\n<td style=\"text-align: center; width: 7.14286%;\"><\/td>\n<\/tr>\n<tr>\n<td style=\"text-align: center; width: 5.47619%;\"><span style=\"font-family: 'times new roman', times, serif; font-size: 10pt;\">4<\/span><\/td>\n<td style=\"width: 19.881%;\"><span style=\"font-family: 'times new roman', times, serif; font-size: 10pt;\">Jakob<\/span><\/td>\n<td style=\"text-align: center; width: 12.0238%;\"><\/td>\n<td style=\"text-align: center; width: 11.5476%;\"><\/td>\n<td style=\"text-align: center; width: 14.7619%;\"><span style=\"font-family: 'times new roman', times, serif; font-size: 10pt;\">17.04.\/05.06.1729<\/span><\/td>\n<td style=\"text-align: center; width: 11.5476%;\"><\/td>\n<td style=\"text-align: center; width: 10.119%;\"><\/td>\n<td style=\"text-align: center; width: 7.61905%;\"><\/td>\n<td style=\"text-align: center; width: 7.14286%;\"><\/td>\n<\/tr>\n<\/tbody>\n<\/table>\n<p><span style=\"font-family: 'times new roman', times, serif; font-size: 10pt;\">Kind Nr. 4) konf. Ostern oder Pfingsten 1729 als <em>Jacob, des jetzigen Viehhirten Nicla\u00dfen Sohn<\/em><\/span><\/p>\n<p style=\"text-align: justify;\"><span style=\"font-family: 'times new roman', times, serif; font-size: 10pt;\"><strong>Paten:<\/strong> <strong>zu 1)<\/strong> <em>1) Joh. Peter, Georg Metzen Sohn; 2) Joh. Friedrich, Joh. Andres Schmidts Sohn; 3) Anna Cathar[ina] Rinckerin; 4) [Chri]stina Catharina, Georg Wageners Fr[au] <\/em>\u2014 <strong>zu 2) <\/strong><em>1) Joh. Georg Wahl; 2) Anna Apolonia; 3) Anna Veronica <\/em>\u2014 <strong>zu 3) <\/strong><em>1) Elisabetha Cathar[ina], Gottfried Rinckers Fr[au]; 2) Joha[nn]es Gensman; 3) Anna Catharina<\/em><\/span><\/p>\n<hr \/>\n<p><span style=\"font-family: 'times new roman', times, serif; font-size: 10pt;\"><span style=\"color: #ff0000;\"><strong><u>Eckhard<\/u><\/strong><strong>, Philipp Gottfried:<\/strong><\/span> + 04.01.1779 Becheln, 62 Jahre, 7 Monate alt (bg. 06.01.)<\/span><\/p>\n<p style=\"text-align: justify;\"><span style=\"font-family: 'times new roman', times, serif; font-size: 10pt;\"><strong>oo <\/strong><strong>02.02.1751 Becheln<\/strong> mit <strong><u>Metz<\/u>, Christina Katharina:<\/strong> * 03.06.1733 Becheln (gt. 07.06.); konf. 02.06.1748; + 07.01.1776 Becheln (bg. 10.01.); Eltern: Johann Peter Metz und Maria Margaretha geb. Ansel<\/span><\/p>\n<table style=\"width: 100%;\">\n<tbody>\n<tr>\n<td style=\"text-align: center; width: 5.71429%;\" width=\"21\"><span style=\"font-family: 'times new roman', times, serif; font-size: 10pt;\"><strong>Nr.<\/strong><\/span><\/td>\n<td style=\"width: 22.381%;\" width=\"165\"><span style=\"font-family: 'times new roman', times, serif; font-size: 10pt;\"><strong>Vorname (normiert)<\/strong><\/span><\/td>\n<td style=\"text-align: center; width: 11.9048%;\" width=\"76\"><span style=\"font-family: 'times new roman', times, serif; font-size: 10pt;\"><strong>geboren<\/strong><\/span><\/td>\n<td style=\"text-align: center; width: 11.3095%;\" width=\"72\"><span style=\"font-family: 'times new roman', times, serif; font-size: 10pt;\"><strong>getauft<\/strong><\/span><\/td>\n<td style=\"text-align: center; width: 11.3095%;\" width=\"72\"><span style=\"font-family: 'times new roman', times, serif; font-size: 10pt;\"><strong>konfirmiert<\/strong><\/span><\/td>\n<td style=\"text-align: center; width: 11.3095%;\" width=\"72\"><span style=\"font-family: 'times new roman', times, serif; font-size: 10pt;\"><strong>gestorben<\/strong><\/span><\/td>\n<td style=\"text-align: center; width: 11.0714%;\" width=\"70\"><span style=\"font-family: 'times new roman', times, serif; font-size: 10pt;\"><strong>begraben<\/strong><\/span><\/td>\n<td style=\"text-align: center; width: 7.5%;\" width=\"43\"><span style=\"font-family: 'times new roman', times, serif; font-size: 10pt;\"><strong>Alter<\/strong><\/span><\/td>\n<td style=\"text-align: center; width: 7.2619%;\" width=\"41\"><span style=\"font-family: 'times new roman', times, serif; font-size: 10pt;\"><strong>Stand<\/strong><\/span><\/td>\n<\/tr>\n<tr>\n<td style=\"text-align: center; width: 5.71429%;\" width=\"21\"><span style=\"font-family: 'times new roman', times, serif; font-size: 10pt;\">1<\/span><\/td>\n<td style=\"width: 22.381%;\" width=\"165\"><span style=\"font-family: 'times new roman', times, serif; font-size: 10pt;\">Elisabeth Margaretha<\/span><\/td>\n<td style=\"text-align: center; width: 11.9048%;\" width=\"76\"><span style=\"font-family: 'times new roman', times, serif; font-size: 10pt;\">16.10.1754<\/span><\/td>\n<td style=\"text-align: center; width: 11.3095%;\" width=\"72\"><span style=\"font-family: 'times new roman', times, serif; font-size: 10pt;\">20.10.1754<\/span><\/td>\n<td style=\"text-align: center; width: 11.3095%;\" width=\"72\"><span style=\"font-family: 'times new roman', times, serif; font-size: 10pt;\">24.04.1768<\/span><\/td>\n<td style=\"text-align: center; width: 11.3095%;\" width=\"72\"><span style=\"font-family: 'times new roman', times, serif; font-size: 10pt;\">16.11.1802<\/span><\/td>\n<td style=\"text-align: center; width: 11.0714%;\" width=\"70\"><span style=\"font-family: 'times new roman', times, serif; font-size: 10pt;\">18.11.1802<\/span><\/td>\n<td style=\"text-align: center; width: 7.5%;\" width=\"43\"><span style=\"font-family: 'times new roman', times, serif; font-size: 10pt;\">48,12<\/span><\/td>\n<td style=\"text-align: center; width: 7.2619%;\" width=\"41\"><span style=\"font-family: 'times new roman', times, serif; font-size: 10pt;\">verh.<\/span><\/td>\n<\/tr>\n<tr>\n<td style=\"text-align: center; width: 5.71429%;\"><span style=\"font-family: 'times new roman', times, serif; font-size: 10pt;\">2<\/span><\/td>\n<td style=\"width: 22.381%;\"><span style=\"font-family: 'times new roman', times, serif; font-size: 10pt;\">Philipp Gottfried<\/span><\/td>\n<td style=\"text-align: center; width: 11.9048%;\"><\/td>\n<td style=\"text-align: center; width: 11.3095%;\"><span style=\"font-family: 'times new roman', times, serif; font-size: 10pt;\">30.11.1758<\/span><\/td>\n<td style=\"text-align: center; width: 11.3095%;\"><\/td>\n<td style=\"text-align: center; width: 11.3095%;\"><span style=\"font-family: 'times new roman', times, serif; font-size: 10pt;\">20.12.1758<\/span><\/td>\n<td style=\"text-align: center; width: 11.0714%;\"><span style=\"font-family: 'times new roman', times, serif; font-size: 10pt;\">22.12.1758<\/span><\/td>\n<td style=\"text-align: center; width: 7.5%;\"><span style=\"font-family: 'times new roman', times, serif; font-size: 10pt;\">0,05<\/span><\/td>\n<td style=\"text-align: center; width: 7.2619%;\"><\/td>\n<\/tr>\n<tr>\n<td style=\"text-align: center; width: 5.71429%;\"><span style=\"font-family: 'times new roman', times, serif; font-size: 10pt;\">3<\/span><\/td>\n<td style=\"width: 22.381%;\"><span style=\"font-family: 'times new roman', times, serif; font-size: 10pt;\">Johann Gottfried<\/span><\/td>\n<td style=\"text-align: center; width: 11.9048%;\"><\/td>\n<td style=\"text-align: center; width: 11.3095%;\"><span style=\"font-family: 'times new roman', times, serif; font-size: 10pt;\">30.03.1760<\/span><\/td>\n<td style=\"text-align: center; width: 11.3095%;\"><\/td>\n<td style=\"text-align: center; width: 11.3095%;\"><span style=\"font-family: 'times new roman', times, serif; font-size: 10pt;\">07.07.1760<\/span><\/td>\n<td style=\"text-align: center; width: 11.0714%;\"><span style=\"font-family: 'times new roman', times, serif; font-size: 10pt;\">08.07.1760<\/span><\/td>\n<td style=\"text-align: center; width: 7.5%;\"><span style=\"font-family: 'times new roman', times, serif; font-size: 10pt;\">0,27<\/span><\/td>\n<td style=\"text-align: center; width: 7.2619%;\"><\/td>\n<\/tr>\n<tr>\n<td style=\"text-align: center; width: 5.71429%;\"><span style=\"font-family: 'times new roman', times, serif; font-size: 10pt;\">4<\/span><\/td>\n<td style=\"width: 22.381%;\"><span style=\"font-family: 'times new roman', times, serif; font-size: 10pt;\">Christina Katharina Philippina<\/span><\/td>\n<td style=\"text-align: center; width: 11.9048%;\"><\/td>\n<td style=\"text-align: center; width: 11.3095%;\"><span style=\"font-family: 'times new roman', times, serif; font-size: 10pt;\">09.02.1762<\/span><\/td>\n<td style=\"text-align: center; width: 11.3095%;\"><\/td>\n<td style=\"text-align: center; width: 11.3095%;\"><span style=\"font-family: 'times new roman', times, serif; font-size: 10pt;\">07.02.1765<\/span><\/td>\n<td style=\"text-align: center; width: 11.0714%;\"><\/td>\n<td style=\"text-align: center; width: 7.5%;\"><span style=\"font-family: 'times new roman', times, serif; font-size: 10pt;\">3,00<\/span><\/td>\n<td style=\"text-align: center; width: 7.2619%;\"><\/td>\n<\/tr>\n<tr>\n<td style=\"text-align: center; width: 5.71429%;\"><span style=\"font-family: 'times new roman', times, serif; font-size: 10pt;\">5<\/span><\/td>\n<td style=\"width: 22.381%;\"><span style=\"font-family: 'times new roman', times, serif; font-size: 10pt;\">Maria Magdalena<\/span><\/td>\n<td style=\"text-align: center; width: 11.9048%;\"><span style=\"font-family: 'times new roman', times, serif; font-size: 10pt;\">15.05.1766<\/span><\/td>\n<td style=\"text-align: center; width: 11.3095%;\"><\/td>\n<td style=\"text-align: center; width: 11.3095%;\"><span style=\"font-family: 'times new roman', times, serif; font-size: 10pt;\">10.06.1781<\/span><\/td>\n<td style=\"text-align: center; width: 11.3095%;\"><span style=\"font-family: 'times new roman', times, serif; font-size: 10pt;\">12.02.1796<\/span><\/td>\n<td style=\"text-align: center; width: 11.0714%;\"><span style=\"font-family: 'times new roman', times, serif; font-size: 10pt;\">14.02.1796<\/span><\/td>\n<td style=\"text-align: center; width: 7.5%;\"><span style=\"font-family: 'times new roman', times, serif; font-size: 10pt;\">29,77<\/span><\/td>\n<td style=\"text-align: center; width: 7.2619%;\"><span style=\"font-family: 'times new roman', times, serif; font-size: 10pt;\">verh.<\/span><\/td>\n<\/tr>\n<tr>\n<td style=\"text-align: center; width: 5.71429%;\"><span style=\"font-family: 'times new roman', times, serif; font-size: 10pt;\">6<\/span><\/td>\n<td style=\"width: 22.381%;\"><span style=\"font-family: 'times new roman', times, serif; font-size: 10pt;\">Johann Friedrich<\/span><\/td>\n<td style=\"text-align: center; width: 11.9048%;\"><span style=\"font-family: 'times new roman', times, serif; font-size: 10pt;\">17.02.1772<\/span><\/td>\n<td style=\"text-align: center; width: 11.3095%;\"><span style=\"font-family: 'times new roman', times, serif; font-size: 10pt;\">23.02.1772<\/span><\/td>\n<td style=\"text-align: center; width: 11.3095%;\"><span style=\"font-family: 'times new roman', times, serif; font-size: 10pt;\">11.06.1786<\/span><\/td>\n<td style=\"text-align: center; width: 11.3095%;\"><span style=\"font-family: 'times new roman', times, serif; font-size: 10pt;\">26.07.1800<\/span><\/td>\n<td style=\"text-align: center; width: 11.0714%;\"><span style=\"font-family: 'times new roman', times, serif; font-size: 10pt;\">28.07.1800<\/span><\/td>\n<td style=\"text-align: center; width: 7.5%;\"><span style=\"font-family: 'times new roman', times, serif; font-size: 10pt;\">28,45<\/span><\/td>\n<td style=\"text-align: center; width: 7.2619%;\"><span style=\"font-family: 'times new roman', times, serif; font-size: 10pt;\">ledig<\/span><\/td>\n<\/tr>\n<\/tbody>\n<\/table>\n<p><span style=\"font-family: 'times new roman', times, serif; font-size: 10pt;\">Kind Nr. 1) oo 28.01.1772 Becheln mit Philipp Peter Schmidt aus Becheln<br \/>\n<\/span><span style=\"font-family: 'times new roman', times, serif; font-size: 10pt;\">Kind Nr. 3) + am Schlagfluss<br \/>\n<\/span><span style=\"font-family: 'times new roman', times, serif; font-size: 10pt;\">Kind Nr. 4) Leichentext: Koh 4, 2<br \/>\n<\/span><span style=\"font-family: 'times new roman', times, serif; font-size: 10pt;\">Kind Nr. 5) oo 18.01.1785 Becheln mit Johann Philipp Wahl aus Becheln<\/span><\/p>\n<p style=\"text-align: justify;\"><span style=\"font-family: 'times new roman', times, serif; font-size: 10pt;\"><strong>Paten:<\/strong> <strong>zu 1) <\/strong><em>Johann T\u00f6nges Stohl aus Becheln; sodann Cathar: Elis: An\u00dfelin von Fr\u00fccht; wie auch Maria Elis: Henr: Heckart Fr: v. Attenhau\u00dfen <\/em>\u2014 <strong>zu 2) <\/strong><em>Gottfried Metz jun:; Ph: L\u00f6wenstein; und Gottfried Schmidts Frau Maria Apolonia <\/em>\u2014 <strong>zu 3) <\/strong><em>Anton Schmidt; Johann Gottfried Syxter; und Elis: Cath: Friedr: Metzen ehe[liche] Tochter <\/em>\u2014 <strong>zu 4) <\/strong><em>Georg Philipp Heck, J\u00e4ger auf dem Malterskopf <\/em>[Malbergs-]<em>; Christina Cathar: David Buschen Frau von Gei\u00dfig; Maria Cathar: David Veldenz Frau von Bech[eln] <\/em>\u2014 <strong>zu 5) <\/strong><em>1) Elis. Magd[alena] Metzin, des Fried. Metzen Tochter; 2) Apollonia, des Gottfr. Schmidts Hau\u00dffr.; 3) Phi[lipp] Melch[ior] Haxel von Gei\u00dfig <\/em>\u2014 <strong>zu 6) <\/strong><em>1) Johann Friederich Goett; 2) Johann David Veldenz, adelsheimischer [Hof]mann; Elisabetha Chatarina, Gottfried Metzen Tochter<\/em><\/span><\/p>\n<hr \/>\n<p><span style=\"font-size: 10pt; font-family: times new roman, times, serif;\"><b>Letztes Update: 5. Juni 2024<\/b><\/span><br \/>\n<span style=\"font-size: 10pt; font-family: times new roman, times, serif;\"><b>Ralph Jackmuth<\/b><\/span><\/p>\n","protected":false},"excerpt":{"rendered":"<p>Eckhard, Johann Nikolaus oo mit Anna Magdalena Nr. Vorname (normiert) geboren getauft konfirmiert gestorben begraben Alter Stand 1 Johann Friedrich 06.08.1721 10.08.1721 2 Anna Apollonia 21.01.1724 21.01.1724 03.02.1724 0,04 3 Elisabeth Katharina 21.01.1724 21.01.1724 09.02.1724 0,05 4 Jakob 17.04.\/05.06.1729 Kind Nr. 4) konf. Ostern oder Pfingsten 1729 als Jacob, des jetzigen Viehhirten Nicla\u00dfen Sohn Paten: &hellip; <a href=\"https:\/\/www.ahnenforschung-jackmuth.de\/?page_id=11464\" class=\"more-link\"><span class=\"screen-reader-text\">\u201eOFB Becheln &#8211; Eckhard\u201c<\/span> weiterlesen<\/a><\/p>\n","protected":false},"author":1,"featured_media":0,"parent":0,"menu_order":0,"comment_status":"closed","ping_status":"closed","template":"","meta":{"footnotes":""},"class_list":["post-11464","page","type-page","status-publish","hentry"],"_links":{"self":[{"href":"https:\/\/www.ahnenforschung-jackmuth.de\/index.php?rest_route=\/wp\/v2\/pages\/11464","targetHints":{"allow":["GET"]}}],"collection":[{"href":"https:\/\/www.ahnenforschung-jackmuth.de\/index.php?rest_route=\/wp\/v2\/pages"}],"about":[{"href":"https:\/\/www.ahnenforschung-jackmuth.de\/index.php?rest_route=\/wp\/v2\/types\/page"}],"author":[{"embeddable":true,"href":"https:\/\/www.ahnenforschung-jackmuth.de\/index.php?rest_route=\/wp\/v2\/users\/1"}],"replies":[{"embeddable":true,"href":"https:\/\/www.ahnenforschung-jackmuth.de\/index.php?rest_route=%2Fwp%2Fv2%2Fcomments&post=11464"}],"version-history":[{"count":0,"href":"https:\/\/www.ahnenforschung-jackmuth.de\/index.php?rest_route=\/wp\/v2\/pages\/11464\/revisions"}],"wp:attachment":[{"href":"https:\/\/www.ahnenforschung-jackmuth.de\/index.php?rest_route=%2Fwp%2Fv2%2Fmedia&parent=11464"}],"curies":[{"name":"wp","href":"https:\/\/api.w.org\/{rel}","templated":true}]}}