{"id":11454,"date":"2024-06-05T09:14:23","date_gmt":"2024-06-05T09:14:23","guid":{"rendered":"https:\/\/www.ahnenforschung-jackmuth.de\/?page_id=11454"},"modified":"2024-06-05T09:14:23","modified_gmt":"2024-06-05T09:14:23","slug":"ofb-becheln-deutesfeld","status":"publish","type":"page","link":"https:\/\/www.ahnenforschung-jackmuth.de\/?page_id=11454","title":{"rendered":"OFB Becheln &#8211; Deutesfeld"},"content":{"rendered":"<p style=\"text-align: justify;\"><span style=\"font-family: 'times new roman', times, serif; font-size: 10pt;\"><span style=\"color: #ff0000;\"><strong><u>Deutesfeld<\/u><\/strong><strong>, Johann Christian:<\/strong><\/span> Schmied; * 29.12.1763 Scheuern (gt. 31.12.); + 06.11.1832 Scheuern (bg. 08.11.); Eltern: Johann Christian Deutesfeld (Sohn von Johann Adam Deutesfeld aus Dausenau) und Elisabeth Christina geb. M\u00e4urer<\/span><\/p>\n<p style=\"text-align: justify;\"><span style=\"font-family: 'times new roman', times, serif; font-size: 10pt;\"><strong>oo <\/strong><strong>22.02.1785 Becheln<\/strong> mit <strong><u>Neuhard<\/u>, Maria Elisabeth:<\/strong> * 27.11.1762 Becheln; konf. 21.04.1776; + 02.04.1836 Becheln (bg. 05.04.); Eltern: Johann Philipp Neuhard und Katharina Elisabeth geb. Wahl<\/span><\/p>\n<table style=\"width: 100%;\">\n<tbody>\n<tr>\n<td style=\"text-align: center; width: 5.35714%;\" width=\"21\"><span style=\"font-family: 'times new roman', times, serif; font-size: 10pt;\"><strong>Nr.<\/strong><\/span><\/td>\n<td style=\"width: 19.7619%;\" width=\"135\"><span style=\"font-family: 'times new roman', times, serif; font-size: 10pt;\"><strong>Vorname (normiert)<\/strong><\/span><\/td>\n<td style=\"text-align: center; width: 12.2619%;\" width=\"76\"><span style=\"font-family: 'times new roman', times, serif; font-size: 10pt;\"><strong>geboren<\/strong><\/span><\/td>\n<td style=\"text-align: center; width: 11.9048%;\" width=\"73\"><span style=\"font-family: 'times new roman', times, serif; font-size: 10pt;\"><strong>getauft<\/strong><\/span><\/td>\n<td style=\"text-align: center; width: 11.9048%;\" width=\"73\"><span style=\"font-family: 'times new roman', times, serif; font-size: 10pt;\"><strong>konfirmiert<\/strong><\/span><\/td>\n<td style=\"text-align: center; width: 11.9048%;\" width=\"73\"><span style=\"font-family: 'times new roman', times, serif; font-size: 10pt;\"><strong>gestorben<\/strong><\/span><\/td>\n<td style=\"text-align: center; width: 11.4286%;\" width=\"70\"><span style=\"font-family: 'times new roman', times, serif; font-size: 10pt;\"><strong>begraben<\/strong><\/span><\/td>\n<td style=\"text-align: center; width: 7.85714%;\" width=\"43\"><span style=\"font-family: 'times new roman', times, serif; font-size: 10pt;\"><strong>Alter<\/strong><\/span><\/td>\n<td style=\"text-align: center; width: 7.7381%;\" width=\"42\"><span style=\"font-family: 'times new roman', times, serif; font-size: 10pt;\"><strong>Stand<\/strong><\/span><\/td>\n<\/tr>\n<tr>\n<td style=\"text-align: center; width: 5.35714%;\" width=\"21\"><span style=\"font-family: 'times new roman', times, serif; font-size: 10pt;\">1<\/span><\/td>\n<td style=\"width: 19.7619%;\" width=\"135\"><span style=\"font-family: 'times new roman', times, serif; font-size: 10pt;\">Johann Henrich<\/span><\/td>\n<td style=\"text-align: center; width: 12.2619%;\" width=\"76\"><span style=\"font-family: 'times new roman', times, serif; font-size: 10pt;\">03.11.1785<\/span><\/td>\n<td style=\"text-align: center; width: 11.9048%;\" width=\"73\"><span style=\"font-family: 'times new roman', times, serif; font-size: 10pt;\">06.11.1785<\/span><\/td>\n<td style=\"text-align: center; width: 11.9048%;\" width=\"73\"><span style=\"font-family: 'times new roman', times, serif; font-size: 10pt;\">xx.xx.1799<\/span><\/td>\n<td style=\"text-align: center; width: 11.9048%;\" width=\"73\"><span style=\"font-family: 'times new roman', times, serif; font-size: 10pt;\">05.11.1840<\/span><\/td>\n<td style=\"text-align: center; width: 11.4286%;\" width=\"70\"><span style=\"font-family: 'times new roman', times, serif; font-size: 10pt;\">08.11.1840<\/span><\/td>\n<td style=\"text-align: center; width: 7.85714%;\" width=\"43\"><span style=\"font-family: 'times new roman', times, serif; font-size: 10pt;\">55,04<\/span><\/td>\n<td style=\"text-align: center; width: 7.7381%;\" width=\"42\"><span style=\"font-family: 'times new roman', times, serif; font-size: 10pt;\">verh.<\/span><\/td>\n<\/tr>\n<tr>\n<td style=\"text-align: center; width: 5.35714%;\"><span style=\"font-family: 'times new roman', times, serif; font-size: 10pt;\">2<\/span><\/td>\n<td style=\"width: 19.7619%;\"><span style=\"font-family: 'times new roman', times, serif; font-size: 10pt;\">Anna Euphrosina<\/span><\/td>\n<td style=\"text-align: center; width: 12.2619%;\"><span style=\"font-family: 'times new roman', times, serif; font-size: 10pt;\">19.06.1789<\/span><\/td>\n<td style=\"text-align: center; width: 11.9048%;\"><span style=\"font-family: 'times new roman', times, serif; font-size: 10pt;\">21.06.1789<\/span><\/td>\n<td style=\"text-align: center; width: 11.9048%;\"><\/td>\n<td style=\"text-align: center; width: 11.9048%;\"><\/td>\n<td style=\"text-align: center; width: 11.4286%;\"><\/td>\n<td style=\"text-align: center; width: 7.85714%;\"><\/td>\n<td style=\"text-align: center; width: 7.7381%;\"><\/td>\n<\/tr>\n<tr>\n<td style=\"text-align: center; width: 5.35714%;\"><span style=\"font-family: 'times new roman', times, serif; font-size: 10pt;\">3<\/span><\/td>\n<td style=\"width: 19.7619%;\"><span style=\"font-family: 'times new roman', times, serif; font-size: 10pt;\">Maria Katharina<\/span><\/td>\n<td style=\"text-align: center; width: 12.2619%;\"><span style=\"font-family: 'times new roman', times, serif; font-size: 10pt;\">06.08.1793<\/span><\/td>\n<td style=\"text-align: center; width: 11.9048%;\"><span style=\"font-family: 'times new roman', times, serif; font-size: 10pt;\">07.08.1793<\/span><\/td>\n<td style=\"text-align: center; width: 11.9048%;\"><\/td>\n<td style=\"text-align: center; width: 11.9048%;\"><span style=\"font-family: 'times new roman', times, serif; font-size: 10pt;\">27.03.1854<\/span><\/td>\n<td style=\"text-align: center; width: 11.4286%;\"><span style=\"font-family: 'times new roman', times, serif; font-size: 10pt;\">29.03.1854<\/span><\/td>\n<td style=\"text-align: center; width: 7.85714%;\"><span style=\"font-family: 'times new roman', times, serif; font-size: 10pt;\">60,68<\/span><\/td>\n<td style=\"text-align: center; width: 7.7381%;\"><span style=\"font-family: 'times new roman', times, serif; font-size: 10pt;\">verh.<\/span><\/td>\n<\/tr>\n<tr>\n<td style=\"text-align: center; width: 5.35714%;\"><span style=\"font-family: 'times new roman', times, serif; font-size: 10pt;\">4<\/span><\/td>\n<td style=\"width: 19.7619%;\"><span style=\"font-family: 'times new roman', times, serif; font-size: 10pt;\">Christiana Elisabeth<\/span><\/td>\n<td style=\"text-align: center; width: 12.2619%;\"><span style=\"font-family: 'times new roman', times, serif; font-size: 10pt;\">02.02.1798<\/span><\/td>\n<td style=\"text-align: center; width: 11.9048%;\"><span style=\"font-family: 'times new roman', times, serif; font-size: 10pt;\">04.02.1798<\/span><\/td>\n<td style=\"text-align: center; width: 11.9048%;\"><\/td>\n<td style=\"text-align: center; width: 11.9048%;\"><\/td>\n<td style=\"text-align: center; width: 11.4286%;\"><\/td>\n<td style=\"text-align: center; width: 7.85714%;\"><\/td>\n<td style=\"text-align: center; width: 7.7381%;\"><span style=\"font-family: 'times new roman', times, serif; font-size: 10pt;\">verh.<\/span><\/td>\n<\/tr>\n<tr>\n<td style=\"text-align: center; width: 5.35714%;\"><span style=\"font-family: 'times new roman', times, serif; font-size: 10pt;\">5<\/span><\/td>\n<td style=\"width: 19.7619%;\"><span style=\"font-family: 'times new roman', times, serif; font-size: 10pt;\">Maria Magdalena<\/span><\/td>\n<td style=\"text-align: center; width: 12.2619%;\"><span style=\"font-family: 'times new roman', times, serif; font-size: 10pt;\">08.10.1799<\/span><\/td>\n<td style=\"text-align: center; width: 11.9048%;\"><span style=\"font-family: 'times new roman', times, serif; font-size: 10pt;\">10.10.1799<\/span><\/td>\n<td style=\"text-align: center; width: 11.9048%;\"><\/td>\n<td style=\"text-align: center; width: 11.9048%;\"><\/td>\n<td style=\"text-align: center; width: 11.4286%;\"><\/td>\n<td style=\"text-align: center; width: 7.85714%;\"><\/td>\n<td style=\"text-align: center; width: 7.7381%;\"><span style=\"font-family: 'times new roman', times, serif; font-size: 10pt;\">verh.<\/span><\/td>\n<\/tr>\n<tr>\n<td style=\"text-align: center; width: 5.35714%;\"><span style=\"font-family: 'times new roman', times, serif; font-size: 10pt;\">6<\/span><\/td>\n<td style=\"width: 19.7619%;\"><span style=\"font-family: 'times new roman', times, serif; font-size: 10pt;\">Johann David<\/span><\/td>\n<td style=\"text-align: center; width: 12.2619%;\"><span style=\"font-family: 'times new roman', times, serif; font-size: 10pt;\">20.04.1801<\/span><\/td>\n<td style=\"text-align: center; width: 11.9048%;\"><span style=\"font-family: 'times new roman', times, serif; font-size: 10pt;\">22.04.1801<\/span><\/td>\n<td style=\"text-align: center; width: 11.9048%;\"><\/td>\n<td style=\"text-align: center; width: 11.9048%;\"><span style=\"font-family: 'times new roman', times, serif; font-size: 10pt;\">25.03.1873<\/span><\/td>\n<td style=\"text-align: center; width: 11.4286%;\"><span style=\"font-family: 'times new roman', times, serif; font-size: 10pt;\">28.03.1873<\/span><\/td>\n<td style=\"text-align: center; width: 7.85714%;\"><span style=\"font-family: 'times new roman', times, serif; font-size: 10pt;\">71,98<\/span><\/td>\n<td style=\"text-align: center; width: 7.7381%;\"><span style=\"font-family: 'times new roman', times, serif; font-size: 10pt;\">verh.<\/span><\/td>\n<\/tr>\n<tr>\n<td style=\"text-align: center; width: 5.35714%;\"><span style=\"font-family: 'times new roman', times, serif; font-size: 10pt;\">7<\/span><\/td>\n<td style=\"width: 19.7619%;\"><span style=\"font-family: 'times new roman', times, serif; font-size: 10pt;\">Maria Margaretha<\/span><\/td>\n<td style=\"text-align: center; width: 12.2619%;\"><span style=\"font-family: 'times new roman', times, serif; font-size: 10pt;\">21.09.1803<\/span><\/td>\n<td style=\"text-align: center; width: 11.9048%;\"><span style=\"font-family: 'times new roman', times, serif; font-size: 10pt;\">23.09.1803<\/span><\/td>\n<td style=\"text-align: center; width: 11.9048%;\"><\/td>\n<td style=\"text-align: center; width: 11.9048%;\"><span style=\"font-family: 'times new roman', times, serif; font-size: 10pt;\">17.07.1806<\/span><\/td>\n<td style=\"text-align: center; width: 11.4286%;\"><span style=\"font-family: 'times new roman', times, serif; font-size: 10pt;\">19.07.1806<\/span><\/td>\n<td style=\"text-align: center; width: 7.85714%;\"><span style=\"font-family: 'times new roman', times, serif; font-size: 10pt;\">2,82<\/span><\/td>\n<td style=\"text-align: center; width: 7.7381%;\"><\/td>\n<\/tr>\n<tr>\n<td style=\"text-align: center; width: 5.35714%;\"><span style=\"font-family: 'times new roman', times, serif; font-size: 10pt;\">8<\/span><\/td>\n<td style=\"width: 19.7619%;\"><span style=\"font-family: 'times new roman', times, serif; font-size: 10pt;\">Anna Christina<\/span><\/td>\n<td style=\"text-align: center; width: 12.2619%;\"><span style=\"font-family: 'times new roman', times, serif; font-size: 10pt;\">04.09.1805<\/span><\/td>\n<td style=\"text-align: center; width: 11.9048%;\"><span style=\"font-family: 'times new roman', times, serif; font-size: 10pt;\">06.09.1805<\/span><\/td>\n<td style=\"text-align: center; width: 11.9048%;\"><span style=\"font-family: 'times new roman', times, serif; font-size: 10pt;\">30.05.1819<\/span><\/td>\n<td style=\"text-align: center; width: 11.9048%;\"><\/td>\n<td style=\"text-align: center; width: 11.4286%;\"><\/td>\n<td style=\"text-align: center; width: 7.85714%;\"><\/td>\n<td style=\"text-align: center; width: 7.7381%;\"><span style=\"font-family: 'times new roman', times, serif; font-size: 10pt;\">verh.<\/span><\/td>\n<\/tr>\n<tr>\n<td style=\"text-align: center; width: 5.35714%;\"><span style=\"font-family: 'times new roman', times, serif; font-size: 10pt;\">9<\/span><\/td>\n<td style=\"width: 19.7619%;\"><span style=\"font-family: 'times new roman', times, serif; font-size: 10pt;\">Friedrich Jakob<\/span><\/td>\n<td style=\"text-align: center; width: 12.2619%;\"><span style=\"font-family: 'times new roman', times, serif; font-size: 10pt;\">11.02.1810<\/span><\/td>\n<td style=\"text-align: center; width: 11.9048%;\"><span style=\"font-family: 'times new roman', times, serif; font-size: 10pt;\">18.02.1810<\/span><\/td>\n<td style=\"text-align: center; width: 11.9048%;\"><span style=\"font-family: 'times new roman', times, serif; font-size: 10pt;\">06.06.1824<\/span><\/td>\n<td style=\"text-align: center; width: 11.9048%;\"><\/td>\n<td style=\"text-align: center; width: 11.4286%;\"><\/td>\n<td style=\"text-align: center; width: 7.85714%;\"><\/td>\n<td style=\"text-align: center; width: 7.7381%;\"><span style=\"font-family: 'times new roman', times, serif; font-size: 10pt;\">verh.<\/span><\/td>\n<\/tr>\n<\/tbody>\n<\/table>\n<p style=\"text-align: justify;\"><span style=\"font-family: 'times new roman', times, serif; font-size: 10pt;\">Kind Nr. 1) oo I 16.06.1811 Becheln mit Elisabeth Katharina Ansel aus Becheln (+ 18.03.1828 Becheln); oo II. 13.07.1828 Becheln mit Elisabeth Katharina Obel aus Dachsenhausen; hinterl\u00e4sst lt. Sterbeeintrag aus der I. Ehe von 8 Kindern 1 Sohn und 3 T\u00f6chter, aus der II. Ehe 1 noch lebende Tochter und 2 gestorbene S\u00f6hne<br \/>\n<\/span><span style=\"font-family: 'times new roman', times, serif; font-size: 10pt;\">Kind Nr. 3) + Braubach; oo Braubach mit Johann Konrad Fischer, Winzer in Braubach (lt. Sterbeeintrag 1854); hinterl\u00e4sst lt. Sterbeeintrag: 1) Christiane, oo an Ph. Chr. Fischer; 2) Heinrich Philipp, oo mit Johannette Dillenberger; 3) Sophie, oo an Joh. Georg Henrich in Laufenselden<br \/>\n<\/span><span style=\"font-family: 'times new roman', times, serif; font-size: 10pt;\">Kind Nr. 4) oo 08.04.1821 Nassau mit Johann Georg Herrmann (* 09.09.1796 Scheuern; Eltern: Johann Martin Herrmann, Schneider zu Scheuern, und Anna Maria geb. Wendenius)<br \/>\n<\/span><span style=\"font-family: 'times new roman', times, serif; font-size: 10pt;\">Kind Nr. 5) oo 17.02.1822 Nassau mit Henrich Philipp Linkenbach (* 18.05.1788 Scheuern; Eltern: Philipp Jakob Linkenbach und Anna Dorothea geb. Bries)<br \/>\n<\/span><span style=\"font-family: 'times new roman', times, serif; font-size: 10pt;\">Kind Nr. 6) oo 08.02.1829 Becheln mit Maria Elisabeth Hoffmann aus Becheln<br \/>\n<\/span><span style=\"font-family: 'times new roman', times, serif; font-size: 10pt;\">Kind Nr. 8) oo 17.07.1831 Dienethal mit Johann Philipp Engelhardt (* 02.05.1806 Dienethal; Eltern: Johann Henrich Engelhardt und Maria Margaretha geb. Lorch)<br \/>\n<\/span><span style=\"font-family: 'times new roman', times, serif; font-size: 10pt;\">Kind Nr. 9) oo 04.01.1835 Dornholzhausen mit Maria Elisabeth Gensmann (* 29.12.1815 Dessighofen; Eltern: Philipp Anton Gensmann und Elisabeth Magdalena geb. Gemmer, Landleute wohnhaft in Dessighofen)<\/span><\/p>\n<p style=\"text-align: justify;\"><span style=\"font-family: 'times new roman', times, serif; font-size: 10pt;\"><strong>Paten:<\/strong> <strong>zu 1)<\/strong> <em>1) Adam Deutesfeld von Dausenau; Gabriel Henrich [mit Vermerk: ist Zunahme] von Embs; 3) Maria Elisabetha Schabin von Sulzbach <\/em>\u2014 <strong>zu 2) <\/strong><em>1) Euphrosina, wey[land] Joh. Peter Meurer zu Zimmerschied nachgela\u00dfene Wittwe; 2) Anna Eulalia Meurerin, jezo verlobte Braut des Joh. Adam Deutesfeld zu Dausenau; 3) Joh. Philip, Joh. Philip Neuhard 2ter ehe[licher] Sohn zu Bechlen <\/em>\u2014 <strong>zu 3) <\/strong><em>1) Anna Maria, Johan Gottfried Magers ehe[liche] Hau\u00dffrau; 2) Catharina, Johan Philip Wahls sen. ehe[liche] Hau\u00dffrau; 3) Johann Friederich, Joh. Philip Neuhards ehe[licher] Sohn <\/em>\u2014 <strong>zu 4) <\/strong><em>1) Christian Wolf, zeitlicher Praeceptor zu Becheln; 2) Catharina Maria Schaabin von Sulzbach; 3) Maria Elisabetha Schaabin von Sulzbach <\/em>\u2014 <strong>zu 5) <\/strong><em>1) Johann Philipp Kreidel vom Dienenthal; 2) Maria Magdalena Rinckerin; 3) Maria Elisabetha Wahlin, des Johann Philipp Wahlen Ehefrau <\/em>\u2014 <strong>zu 6) <\/strong><em>1) David Diez von Bechlen; 2) Anton Mez der J\u00fcngere von Bechlen; 3) Maria Catharina, des Jacob Buchbinders Ehefrau von Bechlen <\/em>\u2014 <strong>zu 7) <\/strong><em>1) Georg Philipp Wahl aus Bechlen; 2) Maria Margaretha Hoffmaennin aus Bechlen; 3) Maria Magdalena, des Philipp G\u00f6then Ehefrau <\/em>\u2014 <strong>zu 8) <\/strong><em>1) Anthon Gerhard von Bechlen; 2) Christina G\u00f6thin von Bechlen; 3) Anna Margaretha Neuhardin von Bechlen <\/em>\u2014 <strong>zu 9) <\/strong><em>1) Joh. Jacob Deutesfeld, Schmidtmeister; 2) Friederich Keck, Webermeiste; und 3) Maria Margaretha Deutesfeldin, s\u00e4mmtlich von Dausenau<\/em><\/span><\/p>\n<hr \/>\n<p style=\"text-align: justify;\"><span style=\"font-family: 'times new roman', times, serif; font-size: 10pt;\"><span style=\"color: #ff0000;\"><strong><u>Deutesfeld<\/u><\/strong><strong>, Johann Henrich:<\/strong><\/span> Ackersmann; * 03.11.1785 Becheln (gt. 06.11.); konf. 1799; + 05.11.1840 Becheln (bg. 08.11.); Eltern: Johann Christian Deutesfeld und Maria Elisabeth geb. Neuhard<\/span><\/p>\n<p style=\"text-align: justify;\"><span style=\"font-family: 'times new roman', times, serif; font-size: 10pt;\"><strong>oo I. 16.06.1811 Becheln<\/strong> mit <strong><u>Ansel<\/u>, Elisabeth Katharina:<\/strong> * 21.10.1785 Becheln (gt. 23.10.); konf. 1799); + 18.03.1828 Becheln (bg. 20.03.); Eltern: Johann Georg Ansel und Elisabeth Katharina geb. Metz<\/span><\/p>\n<table style=\"width: 100%;\">\n<tbody>\n<tr>\n<td style=\"text-align: center; width: 5.35714%;\" width=\"21\"><span style=\"font-family: 'times new roman', times, serif; font-size: 10pt;\"><strong>Nr.<\/strong><\/span><\/td>\n<td style=\"width: 21.5476%;\" width=\"148\"><span style=\"font-family: 'times new roman', times, serif; font-size: 10pt;\"><strong>Vorname (normiert)<\/strong><\/span><\/td>\n<td style=\"text-align: center; width: 12.1429%;\" width=\"75\"><span style=\"font-family: 'times new roman', times, serif; font-size: 10pt;\"><strong>geboren<\/strong><\/span><\/td>\n<td style=\"text-align: center; width: 11.5476%;\" width=\"71\"><span style=\"font-family: 'times new roman', times, serif; font-size: 10pt;\"><strong>getauft<\/strong><\/span><\/td>\n<td style=\"text-align: center; width: 11.5476%;\" width=\"71\"><span style=\"font-family: 'times new roman', times, serif; font-size: 10pt;\"><strong>konfirmiert<\/strong><\/span><\/td>\n<td style=\"text-align: center; width: 11.5476%;\" width=\"71\"><span style=\"font-family: 'times new roman', times, serif; font-size: 10pt;\"><strong>gestorben<\/strong><\/span><\/td>\n<td style=\"text-align: center; width: 11.3095%;\" width=\"69\"><span style=\"font-family: 'times new roman', times, serif; font-size: 10pt;\"><strong>begraben<\/strong><\/span><\/td>\n<td style=\"text-align: center; width: 7.38095%;\" width=\"40\"><span style=\"font-family: 'times new roman', times, serif; font-size: 10pt;\"><strong>Alter<\/strong><\/span><\/td>\n<td style=\"text-align: center; width: 7.38095%;\" width=\"40\"><span style=\"font-family: 'times new roman', times, serif; font-size: 10pt;\"><strong>Stand<\/strong><\/span><\/td>\n<\/tr>\n<tr>\n<td style=\"text-align: center; width: 5.35714%;\" width=\"21\"><span style=\"font-family: 'times new roman', times, serif; font-size: 10pt;\">1<\/span><\/td>\n<td style=\"width: 21.5476%;\" width=\"148\"><span style=\"font-family: 'times new roman', times, serif; font-size: 10pt;\">Johann Christian<\/span><\/td>\n<td style=\"text-align: center; width: 12.1429%;\" width=\"75\"><span style=\"font-family: 'times new roman', times, serif; font-size: 10pt;\">22.06.1812<\/span><\/td>\n<td style=\"text-align: center; width: 11.5476%;\" width=\"71\"><span style=\"font-family: 'times new roman', times, serif; font-size: 10pt;\">28.06.1812<\/span><\/td>\n<td style=\"text-align: center; width: 11.5476%;\" width=\"71\"><\/td>\n<td style=\"text-align: center; width: 11.5476%;\" width=\"71\"><span style=\"font-family: 'times new roman', times, serif; font-size: 10pt;\">30.10.1815<\/span><\/td>\n<td style=\"text-align: center; width: 11.3095%;\" width=\"69\"><span style=\"font-family: 'times new roman', times, serif; font-size: 10pt;\">01.11.1815<\/span><\/td>\n<td style=\"text-align: center; width: 7.38095%;\" width=\"40\"><span style=\"font-family: 'times new roman', times, serif; font-size: 10pt;\">3,36<\/span><\/td>\n<td style=\"text-align: center; width: 7.38095%;\" width=\"40\"><\/td>\n<\/tr>\n<tr>\n<td style=\"text-align: center; width: 5.35714%;\"><span style=\"font-family: 'times new roman', times, serif; font-size: 10pt;\">2<\/span><\/td>\n<td style=\"width: 21.5476%;\"><span style=\"font-family: 'times new roman', times, serif; font-size: 10pt;\">Maria Kath. Christina Elis.<\/span><\/td>\n<td style=\"text-align: center; width: 12.1429%;\"><span style=\"font-family: 'times new roman', times, serif; font-size: 10pt;\">15.09.1814<\/span><\/td>\n<td style=\"text-align: center; width: 11.5476%;\"><span style=\"font-family: 'times new roman', times, serif; font-size: 10pt;\">18.09.1814<\/span><\/td>\n<td style=\"text-align: center; width: 11.5476%;\"><span style=\"font-family: 'times new roman', times, serif; font-size: 10pt;\">25.05.1828<\/span><\/td>\n<td style=\"text-align: center; width: 11.5476%;\"><\/td>\n<td style=\"text-align: center; width: 11.3095%;\"><\/td>\n<td style=\"text-align: center; width: 7.38095%;\"><\/td>\n<td style=\"text-align: center; width: 7.38095%;\"><span style=\"font-family: 'times new roman', times, serif; font-size: 10pt;\">verh.<\/span><\/td>\n<\/tr>\n<tr>\n<td style=\"text-align: center; width: 5.35714%;\"><span style=\"font-family: 'times new roman', times, serif; font-size: 10pt;\">3<\/span><\/td>\n<td style=\"width: 21.5476%;\"><span style=\"font-family: 'times new roman', times, serif; font-size: 10pt;\">Johann Philipp<\/span><\/td>\n<td style=\"text-align: center; width: 12.1429%;\"><span style=\"font-family: 'times new roman', times, serif; font-size: 10pt;\">31.07.1816<\/span><\/td>\n<td style=\"text-align: center; width: 11.5476%;\"><span style=\"font-family: 'times new roman', times, serif; font-size: 10pt;\">04.08.1816<\/span><\/td>\n<td style=\"text-align: center; width: 11.5476%;\"><span style=\"font-family: 'times new roman', times, serif; font-size: 10pt;\">30.05.1830<\/span><\/td>\n<td style=\"text-align: center; width: 11.5476%;\"><\/td>\n<td style=\"text-align: center; width: 11.3095%;\"><\/td>\n<td style=\"text-align: center; width: 7.38095%;\"><\/td>\n<td style=\"text-align: center; width: 7.38095%;\"><span style=\"font-family: 'times new roman', times, serif; font-size: 10pt;\">verh.<\/span><\/td>\n<\/tr>\n<\/tbody>\n<\/table>\n<p style=\"text-align: justify;\"><span style=\"font-family: 'times new roman', times, serif; font-size: 10pt;\">Kind Nr. 2) oo 20.10.1839 Niederbachheim mit Philipp Gottfried Ludwig, Schuhmacher (* 03.11.1815 Kehlbach; Eltern: Georg Philipp Ludwig, Schuhmacher zu Kehlbach, und Anna Eva geb. Bart daselbst)<br \/>\n<\/span><span style=\"font-family: 'times new roman', times, serif; font-size: 10pt;\">Kind Nr. 3) oo 25.12.1842 Dachsenhausen mit Maria Katharina Br\u00f6der (* 13.04.1808 Hinterwald; Eltern: Johann Henrich Br\u00f6der und Anna Katharina geb. Sommer, Landleute (OFB Dachsenhausen, Nr. 215 und 434)<\/span><\/p>\n<p style=\"text-align: justify;\"><span style=\"font-family: 'times new roman', times, serif; font-size: 10pt;\"><strong>Paten:<\/strong> <strong>zu 1)<\/strong> <em>1) Joh. Gottfried Ansel; 2) Joh. Christian Neuhard; 3) Evrosina Deutesfeldin <\/em>\u2014 <strong>zu 2) <\/strong><em>1) Katharina Deutesfeldin; 2) Maria Christina Elisabetha Schmidtin; 3) Joh. Andreas Diez <\/em>\u2014 <strong>zu 3) <\/strong><em>Joh. Philipp Silz; Joh. Phlpp Goett; und Christiana Deutesfeldin<\/em><\/span><\/p>\n<p style=\"text-align: justify;\"><span style=\"font-family: 'times new roman', times, serif; font-size: 10pt;\"><strong>oo II. 13.07.1828 Becheln<\/strong> mit <strong><u>Obel<\/u>, Elisabeth Katharina:<\/strong> * 18.11.1802 Dachsenhausen; Eltern: Johann Henrich Obel und Johannetta Elisabeth geb. Wagner (OFB Dachsenhausen, Nr. 1938 und 431); oo II. 02.01.1842 Becheln mit Georg Philipp Erlebach (* 05.06.1813 Winterwerb; Eltern: Johann Henrich Erlebach und Elisabeth Margaretha geb. Sommer)<\/span><\/p>\n<hr \/>\n<p><span style=\"font-size: 10pt; font-family: times new roman, times, serif;\"><b>Letztes Update: 5. Juni 2024<\/b><\/span><br \/>\n<span style=\"font-size: 10pt; font-family: times new roman, times, serif;\"><b>Ralph Jackmuth<\/b><\/span><\/p>\n","protected":false},"excerpt":{"rendered":"<p>Deutesfeld, Johann Christian: Schmied; * 29.12.1763 Scheuern (gt. 31.12.); + 06.11.1832 Scheuern (bg. 08.11.); Eltern: Johann Christian Deutesfeld (Sohn von Johann Adam Deutesfeld aus Dausenau) und Elisabeth Christina geb. M\u00e4urer oo 22.02.1785 Becheln mit Neuhard, Maria Elisabeth: * 27.11.1762 Becheln; konf. 21.04.1776; + 02.04.1836 Becheln (bg. 05.04.); Eltern: Johann Philipp Neuhard und Katharina Elisabeth geb. &hellip; <a href=\"https:\/\/www.ahnenforschung-jackmuth.de\/?page_id=11454\" class=\"more-link\"><span class=\"screen-reader-text\">\u201eOFB Becheln &#8211; Deutesfeld\u201c<\/span> weiterlesen<\/a><\/p>\n","protected":false},"author":1,"featured_media":0,"parent":0,"menu_order":0,"comment_status":"closed","ping_status":"closed","template":"","meta":{"footnotes":""},"class_list":["post-11454","page","type-page","status-publish","hentry"],"_links":{"self":[{"href":"https:\/\/www.ahnenforschung-jackmuth.de\/index.php?rest_route=\/wp\/v2\/pages\/11454","targetHints":{"allow":["GET"]}}],"collection":[{"href":"https:\/\/www.ahnenforschung-jackmuth.de\/index.php?rest_route=\/wp\/v2\/pages"}],"about":[{"href":"https:\/\/www.ahnenforschung-jackmuth.de\/index.php?rest_route=\/wp\/v2\/types\/page"}],"author":[{"embeddable":true,"href":"https:\/\/www.ahnenforschung-jackmuth.de\/index.php?rest_route=\/wp\/v2\/users\/1"}],"replies":[{"embeddable":true,"href":"https:\/\/www.ahnenforschung-jackmuth.de\/index.php?rest_route=%2Fwp%2Fv2%2Fcomments&post=11454"}],"version-history":[{"count":0,"href":"https:\/\/www.ahnenforschung-jackmuth.de\/index.php?rest_route=\/wp\/v2\/pages\/11454\/revisions"}],"wp:attachment":[{"href":"https:\/\/www.ahnenforschung-jackmuth.de\/index.php?rest_route=%2Fwp%2Fv2%2Fmedia&parent=11454"}],"curies":[{"name":"wp","href":"https:\/\/api.w.org\/{rel}","templated":true}]}}