{"id":10894,"date":"2024-02-07T14:40:19","date_gmt":"2024-02-07T14:40:19","guid":{"rendered":"https:\/\/www.ahnenforschung-jackmuth.de\/?page_id=10894"},"modified":"2024-06-11T09:23:37","modified_gmt":"2024-06-11T09:23:37","slug":"updates-2024","status":"publish","type":"page","link":"https:\/\/www.ahnenforschung-jackmuth.de\/?page_id=10894","title":{"rendered":"Updates 2024"},"content":{"rendered":"<p>&nbsp;<\/p>\n<table style=\"width: 100%; height: 812px;\">\n<tbody>\n<tr style=\"height: 28px;\">\n<td style=\"width: 11.6666%; height: 28px;\"><span style=\"font-family: times new roman, times, serif; font-size: 10pt;\"><strong>Datum<\/strong><\/span><\/td>\n<td style=\"width: 23.2958%; height: 28px;\"><span style=\"font-family: times new roman, times, serif; font-size: 10pt;\"><strong>Sektion<\/strong><\/span><\/td>\n<td style=\"width: 64.9186%; height: 28px;\"><span style=\"font-family: times new roman, times, serif; font-size: 10pt;\"><strong>Update<\/strong><\/span><\/td>\n<\/tr>\n<tr style=\"height: 28px;\">\n<td style=\"width: 11.6666%; height: 28px;\"><span style=\"font-family: times new roman, times, serif; font-size: 10pt;\">07.02.2024<\/span><\/td>\n<td style=\"width: 23.2958%; height: 28px;\"><span style=\"font-family: times new roman, times, serif; font-size: 10pt;\">OFB Fr\u00fccht<\/span><\/td>\n<td style=\"width: 64.9186%; height: 28px;\"><span style=\"font-family: times new roman, times, serif; font-size: 10pt;\">Verschiedene Familien; J\u00fcdische Familien bis 1874<\/span><\/td>\n<\/tr>\n<tr style=\"height: 28px;\">\n<td style=\"width: 11.6666%; height: 28px;\"><span style=\"font-family: times new roman, times, serif; font-size: 10pt;\">10.02.2024<\/span><\/td>\n<td style=\"width: 23.2958%; height: 28px;\"><span style=\"font-family: times new roman, times, serif; font-size: 10pt;\">OFB Schweighausen<br \/>\n<\/span><\/td>\n<td style=\"width: 64.9186%; height: 28px;\"><span style=\"font-family: times new roman, times, serif; font-size: 10pt;\">Verschiedene Familien<br \/>\n<\/span><\/td>\n<\/tr>\n<tr style=\"height: 28px;\">\n<td style=\"width: 11.6666%; height: 28px;\"><span style=\"font-family: times new roman, times, serif; font-size: 10pt;\">10.02.2024<\/span><\/td>\n<td style=\"width: 23.2958%; height: 28px;\"><span style=\"font-family: times new roman, times, serif; font-size: 10pt;\">OFB Oberwies<\/span><\/td>\n<td style=\"width: 64.9186%; height: 28px;\"><span style=\"font-family: times new roman, times, serif; font-size: 10pt;\">May, Reifel, Wagner<br \/>\n<\/span><\/td>\n<\/tr>\n<tr style=\"height: 28px;\">\n<td style=\"width: 11.6666%; height: 28px;\"><span style=\"font-family: times new roman, times, serif; font-size: 10pt;\">10.02.2024<\/span><\/td>\n<td style=\"width: 23.2958%; height: 28px;\"><span style=\"font-family: times new roman, times, serif; font-size: 10pt;\">OFB M\u00fchlen Dornholzhausen<br \/>\n<\/span><\/td>\n<td style=\"width: 64.9186%; height: 28px;\"><span style=\"font-family: times new roman, times, serif; font-size: 10pt;\">Friedrich, Hartenfels, May, Neus, Schmidt, Zentgraf<br \/>\n<\/span><\/td>\n<\/tr>\n<tr style=\"height: 28px;\">\n<td style=\"width: 11.6666%; height: 28px;\"><span style=\"font-family: times new roman, times, serif; font-size: 10pt;\">10.02.2024<\/span><\/td>\n<td style=\"width: 23.2958%; height: 28px;\"><span style=\"font-family: times new roman, times, serif; font-size: 10pt;\">OFB Giesh\u00fcbel<br \/>\n<\/span><\/td>\n<td style=\"width: 64.9186%; height: 28px;\"><span style=\"font-family: times new roman, times, serif; font-size: 10pt;\">Elberskirch<br \/>\n<\/span><\/td>\n<\/tr>\n<tr style=\"height: 28px;\">\n<td style=\"width: 11.6666%; height: 28px;\"><span style=\"font-family: times new roman, times, serif; font-size: 10pt;\">10.02.2024<\/span><\/td>\n<td style=\"width: 23.2958%; height: 28px;\"><span style=\"font-family: times new roman, times, serif; font-size: 10pt;\">OFB Spie\u00df<br \/>\n<\/span><\/td>\n<td style=\"width: 64.9186%; height: 28px;\"><span style=\"font-family: times new roman, times, serif; font-size: 10pt;\">Eisenbart, Geles, H\u00f6rter, Linn<br \/>\n<\/span><\/td>\n<\/tr>\n<tr style=\"height: 28px;\">\n<td style=\"width: 11.6666%; height: 28px;\"><span style=\"font-family: times new roman, times, serif; font-size: 10pt;\">10.02.2024<\/span><\/td>\n<td style=\"width: 23.2958%; height: 28px;\"><span style=\"font-family: times new roman, times, serif; font-size: 10pt;\">OFB Kehlbach<br \/>\n<\/span><\/td>\n<td style=\"width: 64.9186%; height: 28px;\"><span style=\"font-family: times new roman, times, serif; font-size: 10pt;\">Dattner, Pfeifer, Sommer, Schmidt, Theis, Werner<br \/>\n<\/span><\/td>\n<\/tr>\n<tr style=\"height: 28px;\">\n<td style=\"width: 11.6666%; height: 28px;\"><span style=\"font-family: times new roman, times, serif; font-size: 10pt;\">10.02.2024<\/span><\/td>\n<td style=\"width: 23.2958%; height: 28px;\"><span style=\"font-family: times new roman, times, serif; font-size: 10pt;\">OFB Niederbachheim<br \/>\n<\/span><\/td>\n<td style=\"width: 64.9186%; height: 28px;\"><span style=\"font-family: times new roman, times, serif; font-size: 10pt;\">May, Schmidt, Theis<br \/>\n<\/span><\/td>\n<\/tr>\n<tr style=\"height: 28px;\">\n<td style=\"width: 11.6666%; height: 28px;\"><span style=\"font-family: times new roman, times, serif; font-size: 10pt;\">10.02.2024<\/span><\/td>\n<td style=\"width: 23.2958%; height: 28px;\"><span style=\"font-family: times new roman, times, serif; font-size: 10pt;\">OFB Oberbachheim<br \/>\n<\/span><\/td>\n<td style=\"width: 64.9186%; height: 28px;\"><span style=\"font-family: times new roman, times, serif; font-size: 10pt;\">Elberskirch, Hallerbach, Henrich, Heinz, Pfeifer, Sommer, Theis<br \/>\n<\/span><\/td>\n<\/tr>\n<tr style=\"height: 28px;\">\n<td style=\"width: 11.6666%; height: 28px;\"><span style=\"font-family: times new roman, times, serif; font-size: 10pt;\">10.02.2024<\/span><\/td>\n<td style=\"width: 23.2958%; height: 28px;\"><span style=\"font-family: times new roman, times, serif; font-size: 10pt;\">OFB Winterwerb<br \/>\n<\/span><\/td>\n<td style=\"width: 64.9186%; height: 28px;\"><span style=\"font-family: times new roman, times, serif; font-size: 10pt;\">Imand, Laux, Pfeifer<br \/>\n<\/span><\/td>\n<\/tr>\n<tr style=\"height: 28px;\">\n<td style=\"width: 11.6666%; height: 28px;\"><span style=\"font-family: times new roman, times, serif; font-size: 10pt;\">10.02.2024<\/span><\/td>\n<td style=\"width: 23.2958%; height: 28px;\"><span style=\"font-family: times new roman, times, serif; font-size: 10pt;\">OFB M\u00fchle Niederbachheim<br \/>\n<\/span><\/td>\n<td style=\"width: 64.9186%; height: 28px;\"><span style=\"font-family: times new roman, times, serif; font-size: 10pt;\">Bl\u00f6\u00df, Frie\u00dfd\u00f6rfer<br \/>\n<\/span><\/td>\n<\/tr>\n<tr style=\"height: 28px;\">\n<td style=\"width: 11.6666%; height: 28px;\"><span style=\"font-family: times new roman, times, serif; font-size: 10pt;\">11.02.2024<\/span><\/td>\n<td style=\"width: 23.2958%; height: 28px;\"><span style=\"font-family: times new roman, times, serif; font-size: 10pt;\">OFB Dessighofen 1648-1817<br \/>\n<\/span><\/td>\n<td style=\"width: 64.9186%; height: 28px;\"><span style=\"font-family: times new roman, times, serif; font-size: 10pt;\">neu<br \/>\n<\/span><\/td>\n<\/tr>\n<tr style=\"height: 28px;\">\n<td style=\"width: 11.6666%; height: 28px;\"><span style=\"font-family: times new roman, times, serif; font-size: 10pt;\">12.02.2024<\/span><\/td>\n<td style=\"width: 23.2958%; height: 28px;\"><span style=\"font-family: times new roman, times, serif; font-size: 10pt;\">OFB Dessighofen 1648-1817<br \/>\n<\/span><\/td>\n<td style=\"width: 64.9186%; height: 28px;\"><span style=\"font-family: times new roman, times, serif; font-size: 10pt;\">neu<br \/>\n<\/span><\/td>\n<\/tr>\n<tr style=\"height: 56px;\">\n<td style=\"width: 11.6666%; height: 56px;\"><span style=\"font-family: times new roman, times, serif; font-size: 10pt;\">13.02.2024<\/span><\/td>\n<td style=\"width: 23.2958%; height: 56px;\"><span style=\"font-family: times new roman, times, serif; font-size: 10pt;\">OFB Ehr 1648-1746<br \/>\nOFB Berg 1648-1746<br \/>\n<\/span><\/td>\n<td style=\"width: 64.9186%; height: 56px;\"><span style=\"font-family: times new roman, times, serif; font-size: 10pt;\">neu<br \/>\n<\/span><\/td>\n<\/tr>\n<tr style=\"height: 28px;\">\n<td style=\"width: 11.6666%; height: 28px;\"><span style=\"font-family: times new roman, times, serif; font-size: 10pt;\">14.02.2024<\/span><\/td>\n<td style=\"width: 23.2958%; height: 28px;\"><span style=\"font-family: times new roman, times, serif; font-size: 10pt;\">OFB Hunzel 1648-1746<br \/>\n<\/span><\/td>\n<td style=\"width: 64.9186%; height: 28px;\"><span style=\"font-family: times new roman, times, serif; font-size: 10pt;\">neu<br \/>\n<\/span><\/td>\n<\/tr>\n<tr style=\"height: 28px;\">\n<td style=\"width: 11.6666%; height: 28px;\"><span style=\"font-family: times new roman, times, serif; font-size: 10pt;\">14.02.2024<\/span><\/td>\n<td style=\"width: 23.2958%; height: 28px;\"><span style=\"font-family: times new roman, times, serif; font-size: 10pt;\">OFB Marienfels 1648-1746<br \/>\n<\/span><\/td>\n<td style=\"width: 64.9186%; height: 28px;\"><span style=\"font-family: times new roman, times, serif; font-size: 10pt;\">neu: B\u00fcff, Gemmerich, Kaiser, Klos, Laux<br \/>\n<\/span><\/td>\n<\/tr>\n<tr style=\"height: 28px;\">\n<td style=\"width: 11.6666%; height: 28px;\"><span style=\"font-family: times new roman, times, serif; font-size: 10pt;\">06.05.2024<\/span><\/td>\n<td style=\"width: 23.2958%; height: 28px;\"><span style=\"font-family: times new roman, times, serif; font-size: 10pt;\">Pfarrei Spie\u00df<\/span><\/td>\n<td style=\"width: 64.9186%; height: 28px;\"><span style=\"font-family: times new roman, times, serif; font-size: 10pt;\">Fritz Michel zur Pfarrei Spie\u00df (1925)<\/span><\/td>\n<\/tr>\n<tr style=\"height: 28px;\">\n<td style=\"width: 11.6666%; height: 28px;\"><span style=\"font-family: times new roman, times, serif; font-size: 10pt;\">08.05.2024<\/span><span style=\"font-family: times new roman, times, serif; font-size: 10pt;\"><br \/>\n<\/span><\/td>\n<td style=\"width: 23.2958%; height: 28px;\"><span style=\"font-family: times new roman, times, serif; font-size: 10pt;\">Pfarrei Dornholzhausen<\/span><\/td>\n<td style=\"width: 64.9186%; height: 28px;\"><span style=\"font-family: times new roman, times, serif; font-size: 10pt;\">Zur \u00e4lteren Besitzgeschichte des Giesh\u00fcbel<\/span><\/td>\n<\/tr>\n<tr style=\"height: 28px;\">\n<td style=\"width: 11.6666%; height: 28px;\"><span style=\"font-family: times new roman, times, serif; font-size: 10pt;\">08.05.2024<\/span><\/td>\n<td style=\"width: 23.2958%; height: 28px;\"><span style=\"font-family: times new roman, times, serif; font-size: 10pt;\">OFB Giesh\u00fcbel<\/span><\/td>\n<td style=\"width: 64.9186%; height: 28px;\"><span style=\"font-family: times new roman, times, serif; font-size: 10pt;\">Ansel,<em> Hartzen Hammen<\/em>, Jeckel, M\u00fcller, Johannes von Schweighausen, Wagner<\/span><\/td>\n<\/tr>\n<tr style=\"height: 84px;\">\n<td style=\"width: 11.6666%; height: 84px;\"><span style=\"font-family: times new roman, times, serif; font-size: 10pt;\">08.05.2024<\/span><\/td>\n<td style=\"width: 23.2958%; height: 84px;\"><span style=\"font-family: times new roman, times, serif; font-size: 10pt;\">OFB Fr\u00fccht<\/span><\/td>\n<td style=\"width: 64.9186%; text-align: justify; height: 84px;\"><span style=\"font-family: times new roman, times, serif; font-size: 10pt;\">Ansel, Arnold, Elbert, Eudelborn, Hamman Jakob, H\u00f6mberger, Holzh\u00e4user, Clos, Knebel, K\u00fcrrenberger, L\u00f6wenstein, M\u00fcller, Schmidt, Schneider, Sch\u00fctz, Schuhmacher, Thiel Endres, Velten Jakob, Vietor, Wilhelm, Zimmermann<\/span><\/td>\n<\/tr>\n<tr style=\"height: 28px;\">\n<td style=\"width: 11.6666%; height: 28px;\"><span style=\"font-family: times new roman, times, serif; font-size: 10pt;\">08.05.2024<\/span><\/td>\n<td style=\"width: 23.2958%; height: 28px;\"><span style=\"font-family: times new roman, times, serif; font-size: 10pt;\">OFB Oberwies<\/span><\/td>\n<td style=\"width: 64.9186%; text-align: justify; height: 28px;\"><span style=\"font-family: times new roman, times, serif; font-size: 10pt;\">Gensmann, Heimann<\/span><\/td>\n<\/tr>\n<tr style=\"height: 28px;\">\n<td style=\"width: 11.6666%; height: 28px;\"><span style=\"font-family: times new roman, times, serif; font-size: 10pt;\">08.05.2024<\/span><\/td>\n<td style=\"width: 23.2958%; height: 28px;\"><span style=\"font-family: times new roman, times, serif; font-size: 10pt;\">OFB Marienfels<\/span><\/td>\n<td style=\"width: 64.9186%; text-align: justify; height: 28px;\"><span style=\"font-family: times new roman, times, serif; font-size: 10pt;\">neu<\/span><\/td>\n<\/tr>\n<tr style=\"height: 28px;\">\n<td style=\"width: 11.6666%; height: 28px;\"><span style=\"font-family: times new roman, times, serif; font-size: 10pt;\">12.05.2024<\/span><\/td>\n<td style=\"width: 23.2958%; height: 28px;\"><span style=\"font-family: times new roman, times, serif; font-size: 10pt;\">OFB Fr\u00fccht<\/span><\/td>\n<td style=\"width: 64.9186%; text-align: justify; height: 28px;\"><span style=\"font-family: times new roman, times, serif; font-size: 10pt;\">Dalheimer<\/span><\/td>\n<\/tr>\n<tr style=\"height: 28px;\">\n<td style=\"width: 11.6666%; height: 28px;\"><span style=\"font-family: times new roman, times, serif; font-size: 10pt;\">05.06.2024<\/span><\/td>\n<td style=\"width: 23.2958%; height: 28px;\"><span style=\"font-family: times new roman, times, serif; font-size: 10pt;\">OFB Becheln 1667-1817<\/span><\/td>\n<td style=\"width: 64.9186%; text-align: justify; height: 28px;\"><span style=\"font-family: times new roman, times, serif; font-size: 10pt;\">neu<\/span><\/td>\n<\/tr>\n<tr style=\"height: 28px;\">\n<td style=\"width: 11.6666%; height: 28px;\"><span style=\"font-family: times new roman, times, serif; font-size: 10pt;\">08.06.2024<br \/>\n<\/span><\/td>\n<td style=\"width: 23.2958%; height: 28px;\"><span style=\"font-family: times new roman, times, serif; font-size: 10pt;\">OFB Becheln 1667-1817<\/span><\/td>\n<td style=\"width: 64.9186%; text-align: justify; height: 28px;\"><span style=\"font-family: times new roman, times, serif; font-size: 10pt;\">neu<br \/>\n<\/span><\/td>\n<\/tr>\n<tr>\n<td style=\"width: 11.6666%;\"><span style=\"font-family: times new roman, times, serif; font-size: 10pt;\">08.06.2024<\/span><\/td>\n<td style=\"width: 23.2958%;\"><span style=\"font-family: times new roman, times, serif; font-size: 10pt;\">OFB Fr\u00fccht<br \/>\n<\/span><\/td>\n<td style=\"width: 64.9186%; text-align: justify;\"><span style=\"font-family: times new roman, times, serif; font-size: 10pt;\">Adler, Ansel, Heck, L\u00f6wenstein, Schinkenberger, Theis, Uff der Kratz, Wagner, Wilhelm, Zimmermann<br \/>\n<\/span><\/td>\n<\/tr>\n<tr>\n<td style=\"width: 11.6666%;\"><span style=\"font-family: times new roman, times, serif; font-size: 10pt;\">08.06.2024<\/span><\/td>\n<td style=\"width: 23.2958%;\"><span style=\"font-family: times new roman, times, serif; font-size: 10pt;\">OFB Schweighausen<br \/>\n<\/span><\/td>\n<td style=\"width: 64.9186%; text-align: justify;\"><span style=\"font-family: times new roman, times, serif; font-size: 10pt;\">Alberti, Becker, Gerhard, G\u00f6th, Hahn, Heyer, Hoffmann, Metz, Rinker, Reifert, Str\u00f6ver, Wagner<br \/>\n<\/span><\/td>\n<\/tr>\n<tr>\n<td style=\"width: 11.6666%;\"><span style=\"font-family: times new roman, times, serif; font-size: 10pt;\">08.06.2024<\/span><\/td>\n<td style=\"width: 23.2958%;\"><span style=\"font-family: times new roman, times, serif; font-size: 10pt;\">OFB Oberwies<br \/>\n<\/span><\/td>\n<td style=\"width: 64.9186%; text-align: justify;\"><span style=\"font-family: times new roman, times, serif; font-size: 10pt;\">Prei\u00dfmann, Wagner<br \/>\n<\/span><\/td>\n<\/tr>\n<tr>\n<td style=\"width: 11.6666%;\"><span style=\"font-family: times new roman, times, serif; font-size: 10pt;\">08.06.2024<\/span><\/td>\n<td style=\"width: 23.2958%;\"><span style=\"font-family: times new roman, times, serif; font-size: 10pt;\">OFB Giesh\u00fcbel<br \/>\n<\/span><\/td>\n<td style=\"width: 64.9186%; text-align: justify;\"><span style=\"font-family: times new roman, times, serif; font-size: 10pt;\">Ansel, Wagner<br \/>\n<\/span><\/td>\n<\/tr>\n<tr>\n<td style=\"width: 11.6666%;\"><span style=\"font-family: times new roman, times, serif; font-size: 10pt;\">08.06.2024<\/span><\/td>\n<td style=\"width: 23.2958%;\"><span style=\"font-family: times new roman, times, serif; font-size: 10pt;\">OFB M\u00fchlen Dornholzhausen<\/span><\/td>\n<td style=\"width: 64.9186%; text-align: justify;\"><span style=\"font-family: times new roman, times, serif; font-size: 10pt;\">Jahn<br \/>\n<\/span><\/td>\n<\/tr>\n<tr>\n<td style=\"width: 11.6666%;\"><span style=\"font-family: times new roman, times, serif; font-size: 10pt;\">08.06.2024<\/span><\/td>\n<td style=\"width: 23.2958%;\"><span style=\"font-family: times new roman, times, serif; font-size: 10pt;\">OFB Dessighofen<br \/>\n<\/span><\/td>\n<td style=\"width: 64.9186%; text-align: justify;\"><span style=\"font-family: times new roman, times, serif; font-size: 10pt;\">Gemmerich, Maul, May, Mudrian, Wagner<br \/>\n<\/span><\/td>\n<\/tr>\n<tr>\n<td style=\"width: 11.6666%;\"><span style=\"font-family: times new roman, times, serif; font-size: 10pt;\">09.06.2024<\/span><\/td>\n<td style=\"width: 23.2958%;\"><span style=\"font-family: times new roman, times, serif; font-size: 10pt;\">OFB Spie\u00df<br \/>\n<\/span><\/td>\n<td style=\"width: 64.9186%; text-align: justify;\"><span style=\"font-family: times new roman, times, serif; font-size: 10pt;\">Bischof, Haber, Hohl, Ilbert, M\u00f6seler, Pristum, Semen, Stein, Theis, Toresch, Wilhelm, Zappy, Zimmermann<br \/>\n<\/span><\/td>\n<\/tr>\n<tr>\n<td style=\"width: 11.6666%;\"><span style=\"font-family: times new roman, times, serif; font-size: 10pt;\">09.06.2024<\/span><\/td>\n<td style=\"width: 23.2958%;\"><span style=\"font-family: times new roman, times, serif; font-size: 10pt;\">OFB Niederbachheim<br \/>\n<\/span><\/td>\n<td style=\"width: 64.9186%; text-align: justify;\"><span style=\"font-family: times new roman, times, serif; font-size: 10pt;\">Rhod, Wagner<br \/>\n<\/span><\/td>\n<\/tr>\n<tr>\n<td style=\"width: 11.6666%;\"><span style=\"font-family: times new roman, times, serif; font-size: 10pt;\">09.06.2024<\/span><\/td>\n<td style=\"width: 23.2958%;\"><span style=\"font-family: times new roman, times, serif; font-size: 10pt;\">OFB Kehlbach<br \/>\n<\/span><\/td>\n<td style=\"width: 64.9186%; text-align: justify;\"><span style=\"font-family: times new roman, times, serif; font-size: 10pt;\">Schmidt<br \/>\n<\/span><\/td>\n<\/tr>\n<tr>\n<td style=\"width: 11.6666%;\"><span style=\"font-family: times new roman, times, serif; font-size: 10pt;\">09.06.2024<\/span><\/td>\n<td style=\"width: 23.2958%;\"><span style=\"font-family: times new roman, times, serif; font-size: 10pt;\">OFB Ehr<br \/>\n<\/span><\/td>\n<td style=\"width: 64.9186%; text-align: justify;\"><span style=\"font-family: times new roman, times, serif; font-size: 10pt;\">Schmidt, Sixt<br \/>\n<\/span><\/td>\n<\/tr>\n<tr>\n<td style=\"width: 11.6666%;\"><span style=\"font-family: times new roman, times, serif; font-size: 10pt;\">09.06.2024<br \/>\n<\/span><\/td>\n<td style=\"width: 23.2958%;\"><span style=\"font-family: times new roman, times, serif; font-size: 10pt;\">OFB Berg<br \/>\n<\/span><\/td>\n<td style=\"width: 64.9186%; text-align: justify;\"><span style=\"font-family: times new roman, times, serif; font-size: 10pt;\">Haxel, Heimann, Thomas<br \/>\n<\/span><\/td>\n<\/tr>\n<tr>\n<td style=\"width: 11.6666%;\"><span style=\"font-family: times new roman, times, serif; font-size: 10pt;\">09.06.2024<\/span><\/td>\n<td style=\"width: 23.2958%;\"><span style=\"font-family: times new roman, times, serif; font-size: 10pt;\">OFB Marienfels<br \/>\n<\/span><\/td>\n<td style=\"width: 64.9186%; text-align: justify;\"><span style=\"font-family: times new roman, times, serif; font-size: 10pt;\">Thomas<\/span><\/td>\n<\/tr>\n<tr>\n<td style=\"width: 11.6666%;\"><span style=\"font-family: times new roman, times, serif; font-size: 10pt;\">11.06.2024<\/span><\/td>\n<td style=\"width: 23.2958%;\"><span style=\"font-family: times new roman, times, serif; font-size: 10pt;\">OFB Fr\u00fccht, OFB Spie\u00df<br \/>\n<\/span><\/td>\n<td style=\"width: 64.9186%; text-align: justify;\"><span style=\"font-family: times new roman, times, serif; font-size: 10pt;\">Ursprung der Familie Crecelius<br \/>\n<\/span><\/td>\n<\/tr>\n<\/tbody>\n<\/table>\n<p>&nbsp;<\/p>\n","protected":false},"excerpt":{"rendered":"<p>&nbsp; Datum Sektion Update 07.02.2024 OFB Fr\u00fccht Verschiedene Familien; J\u00fcdische Familien bis 1874 10.02.2024 OFB Schweighausen Verschiedene Familien 10.02.2024 OFB Oberwies May, Reifel, Wagner 10.02.2024 OFB M\u00fchlen Dornholzhausen Friedrich, Hartenfels, May, Neus, Schmidt, Zentgraf 10.02.2024 OFB Giesh\u00fcbel Elberskirch 10.02.2024 OFB Spie\u00df Eisenbart, Geles, H\u00f6rter, Linn 10.02.2024 OFB Kehlbach Dattner, Pfeifer, Sommer, Schmidt, Theis, Werner 10.02.2024 &hellip; <a href=\"https:\/\/www.ahnenforschung-jackmuth.de\/?page_id=10894\" class=\"more-link\"><span class=\"screen-reader-text\">\u201eUpdates 2024\u201c<\/span> weiterlesen<\/a><\/p>\n","protected":false},"author":1,"featured_media":0,"parent":0,"menu_order":0,"comment_status":"closed","ping_status":"closed","template":"","meta":{"footnotes":""},"class_list":["post-10894","page","type-page","status-publish","hentry"],"_links":{"self":[{"href":"https:\/\/www.ahnenforschung-jackmuth.de\/index.php?rest_route=\/wp\/v2\/pages\/10894","targetHints":{"allow":["GET"]}}],"collection":[{"href":"https:\/\/www.ahnenforschung-jackmuth.de\/index.php?rest_route=\/wp\/v2\/pages"}],"about":[{"href":"https:\/\/www.ahnenforschung-jackmuth.de\/index.php?rest_route=\/wp\/v2\/types\/page"}],"author":[{"embeddable":true,"href":"https:\/\/www.ahnenforschung-jackmuth.de\/index.php?rest_route=\/wp\/v2\/users\/1"}],"replies":[{"embeddable":true,"href":"https:\/\/www.ahnenforschung-jackmuth.de\/index.php?rest_route=%2Fwp%2Fv2%2Fcomments&post=10894"}],"version-history":[{"count":0,"href":"https:\/\/www.ahnenforschung-jackmuth.de\/index.php?rest_route=\/wp\/v2\/pages\/10894\/revisions"}],"wp:attachment":[{"href":"https:\/\/www.ahnenforschung-jackmuth.de\/index.php?rest_route=%2Fwp%2Fv2%2Fmedia&parent=10894"}],"curies":[{"name":"wp","href":"https:\/\/api.w.org\/{rel}","templated":true}]}}