{"id":10604,"date":"2023-08-10T17:39:11","date_gmt":"2023-08-10T17:39:11","guid":{"rendered":"http:\/\/www.ahnenforschung-jackmuth.de\/?page_id=10604"},"modified":"2023-08-10T17:39:30","modified_gmt":"2023-08-10T17:39:30","slug":"ofb-schweighausen-auswaertige-konfirmierte","status":"publish","type":"page","link":"https:\/\/www.ahnenforschung-jackmuth.de\/?page_id=10604","title":{"rendered":"OFB Schweighausen &#8211; Ausw\u00e4rtige Konfirmierte"},"content":{"rendered":"<p><span style=\"font-family: times new roman, times, serif; font-size: 10pt;\">\u00dcberwiegend \u201eZ\u00f6glinge der Rettungsanstalt\u201c in Nassau-Scheuern<\/span><\/p>\n<table style=\"width: 100%; height: 2100px;\" width=\"0\">\n<tbody>\n<tr style=\"height: 56px;\">\n<td style=\"height: 56px;\" width=\"170\"><span style=\"font-family: times new roman, times, serif; font-size: 10pt;\"><strong>Name<\/strong><\/span><\/td>\n<td style=\"height: 56px;\" width=\"66\"><span style=\"font-family: times new roman, times, serif; font-size: 10pt;\"><strong>konf.<\/strong><\/span><\/td>\n<td style=\"height: 56px;\" width=\"369\"><span style=\"font-family: times new roman, times, serif; font-size: 10pt;\"><strong>Alter, Eltern<\/strong><\/span><\/td>\n<\/tr>\n<tr style=\"height: 84px;\">\n<td style=\"height: 84px;\" width=\"170\"><span style=\"font-family: times new roman, times, serif; font-size: 10pt;\"><strong>Bach, <\/strong>Anna Maria<\/span><\/td>\n<td style=\"height: 84px;\" width=\"66\"><span style=\"font-family: times new roman, times, serif; font-size: 10pt;\">04.06.1876<\/span><\/td>\n<td style=\"height: 84px; text-align: justify;\" width=\"369\"><span style=\"font-family: times new roman, times, serif; font-size: 10pt;\">13 Jahre, 6 Monate alt; Eltern: Wilhelm Bach, F\u00f6rster, und Karoline Philippine geb. Weber zu Fr\u00fccht<\/span><\/td>\n<\/tr>\n<tr style=\"height: 84px;\">\n<td style=\"height: 84px;\" width=\"170\"><span style=\"font-family: times new roman, times, serif; font-size: 10pt;\"><strong>Bogler, <\/strong>Johann Christian Wilhelm<\/span><\/td>\n<td style=\"height: 84px;\" width=\"66\"><span style=\"font-family: times new roman, times, serif; font-size: 10pt;\">11.05.1856<\/span><\/td>\n<td style=\"height: 84px; text-align: justify;\" width=\"369\"><span style=\"font-family: times new roman, times, serif; font-size: 10pt;\">15 Jahre, 5 Monate alt; Z\u00f6gling der Rettungsanstalt bei Nassau; Eltern: die unverehelichte Maria Katharina Bogler zu Bogel, Amts Nast\u00e4tten<\/span><\/td>\n<\/tr>\n<tr style=\"height: 112px;\">\n<td style=\"height: 112px;\" width=\"170\"><span style=\"font-family: times new roman, times, serif; font-size: 10pt;\"><strong>Carl, <\/strong>Johann Anton<\/span><\/td>\n<td style=\"height: 112px;\" width=\"66\"><span style=\"font-family: times new roman, times, serif; font-size: 10pt;\">11.05.1856<\/span><\/td>\n<td style=\"height: 112px; text-align: justify;\" width=\"369\"><span style=\"font-family: times new roman, times, serif; font-size: 10pt;\">13 Jahre, 11 Monate alt; Eltern: der verstorbene Ackersmann Philipp Peter Carl und dessen Ehefrau und Witwe Elisabeth Margaretha geb. Z\u00f6ller, zu Weyer wohnhaft und dahier sich aufhaltend<\/span><\/td>\n<\/tr>\n<tr style=\"height: 84px;\">\n<td style=\"height: 84px;\" width=\"170\"><span style=\"font-family: times new roman, times, serif; font-size: 10pt;\"><strong>Carl, <\/strong>Johann Heinrich<\/span><\/td>\n<td style=\"height: 84px;\" width=\"66\"><span style=\"font-family: times new roman, times, serif; font-size: 10pt;\">27.05.1860<\/span><\/td>\n<td style=\"height: 84px; text-align: justify;\" width=\"369\"><span style=\"font-family: times new roman, times, serif; font-size: 10pt;\">13 Jahre, 7 Monate; Eltern: der verstorbene Ackersmann Philipp Carl zu Weyer und dessen Ehefrau und Witwe Maria Elisabeth geb. Z\u00f6ller zu Schweighausen<\/span><\/td>\n<\/tr>\n<tr style=\"height: 84px;\">\n<td style=\"height: 84px;\" width=\"170\"><span style=\"font-family: times new roman, times, serif; font-size: 10pt;\"><strong>Conrady, <\/strong>Peter Friedrich Christian Adolph<\/span><\/td>\n<td style=\"height: 84px;\" width=\"66\"><span style=\"font-family: times new roman, times, serif; font-size: 10pt;\">30.05.1852<\/span><\/td>\n<td style=\"height: 84px; text-align: justify;\" width=\"369\"><span style=\"font-family: times new roman, times, serif; font-size: 10pt;\">14 Jahre, 4 Monate alt; Eltern: Johann Georg Friedrich Christian Conrady, Schneidermeister, und Elisabeth geb. Priester zu Ems<\/span><\/td>\n<\/tr>\n<tr style=\"height: 84px;\">\n<td style=\"height: 84px;\" width=\"170\"><span style=\"font-family: times new roman, times, serif; font-size: 10pt;\"><strong>Couvely, <\/strong>Clementine Wilhelmine<\/span><\/td>\n<td style=\"height: 84px;\" width=\"66\"><span style=\"font-family: times new roman, times, serif; font-size: 10pt;\">11.05.1856<\/span><\/td>\n<td style=\"height: 84px; text-align: justify;\" width=\"369\"><span style=\"font-family: times new roman, times, serif; font-size: 10pt;\">14 Jahre alt; Karl Heinrich Couvely, Buchbinder, und dessen Ehefrau Katharine geb. Stork zu Wetzlar<\/span><\/td>\n<\/tr>\n<tr style=\"height: 84px;\">\n<td style=\"height: 84px;\" width=\"170\"><span style=\"font-family: times new roman, times, serif; font-size: 10pt;\"><strong>Ebelh\u00e4user, <\/strong>Karoline Philippine<\/span><\/td>\n<td style=\"height: 84px;\" width=\"66\"><span style=\"font-family: times new roman, times, serif; font-size: 10pt;\">24.05.1863<\/span><\/td>\n<td style=\"height: 84px; text-align: justify;\" width=\"369\"><span style=\"font-family: times new roman, times, serif; font-size: 10pt;\">14 Jahre, 1 Monat alt; Eltern: Philipp Andreas Ebelh\u00e4user, Tagel\u00f6hner, und dessen Ehefrau Maria Philippina geb. Vales zu Schweighausen<\/span><\/td>\n<\/tr>\n<tr style=\"height: 84px;\">\n<td style=\"height: 84px;\" width=\"170\"><span style=\"font-family: times new roman, times, serif; font-size: 10pt;\"><strong>Elberskirch, <\/strong>Johann Friedrich<\/span><\/td>\n<td style=\"height: 84px;\" width=\"66\"><span style=\"font-family: times new roman, times, serif; font-size: 10pt;\">19.05.1850<\/span><\/td>\n<td style=\"height: 84px; text-align: justify;\" width=\"369\"><span style=\"font-family: times new roman, times, serif; font-size: 10pt;\">13 Jahre, 11 Monate alt; Eltern: Philipp Heinrich Elberskirch und Katharina Elisabeth geb. Z\u00f6ller, Landleute zu Dornholzhausen<\/span><\/td>\n<\/tr>\n<tr style=\"height: 112px;\">\n<td style=\"height: 112px;\" width=\"170\"><span style=\"font-family: times new roman, times, serif; font-size: 10pt;\"><strong>Flohr, <\/strong>Heinrich Ludwig<\/span><\/td>\n<td style=\"height: 112px;\" width=\"66\"><span style=\"font-family: times new roman, times, serif; font-size: 10pt;\">04.11.1860<\/span><\/td>\n<td style=\"height: 112px; text-align: justify;\" width=\"369\"><span style=\"font-family: times new roman, times, serif; font-size: 10pt;\">16 Jahre alt; Z\u00f6gling der Rettungsanstalt bei Nassau; Eltern: Friedrich Karl Ludwig Flohr, musikalischer Instrumentenmacher, und dessen Ehegattin Anna Juliane geb. Braun, weiland B\u00fcrgersleute zu Frankfurt am Main<\/span><\/td>\n<\/tr>\n<tr style=\"height: 112px;\">\n<td style=\"height: 112px;\" width=\"170\"><span style=\"font-family: times new roman, times, serif; font-size: 10pt;\"><strong>Grimmelbeck, <\/strong>Louise<\/span><\/td>\n<td style=\"height: 112px;\" width=\"66\"><span style=\"font-family: times new roman, times, serif; font-size: 10pt;\">11.05.1856<\/span><\/td>\n<td style=\"height: 112px; text-align: justify;\" width=\"369\"><span style=\"font-family: times new roman, times, serif; font-size: 10pt;\">15 Jahre, 9 Monate alt; Z\u00f6gling der Rettungsanstalt bei Nassau; Eltern: Johann Friedrich Christian Grimmelbeck, B\u00fcrger zu Sondershausen und Reitknecht zu Frankfurt a. M., und dessen Ehefrau Wilhelmine geb . Richter zu Frankfurt a. M.<\/span><\/td>\n<\/tr>\n<tr style=\"height: 112px;\">\n<td style=\"height: 112px;\" width=\"170\"><span style=\"font-family: times new roman, times, serif; font-size: 10pt;\"><strong>Hofmeister, <\/strong>Philipp Wilhelm Friedrich<\/span><\/td>\n<td style=\"height: 112px;\" width=\"66\"><span style=\"font-family: times new roman, times, serif; font-size: 10pt;\">11.05.1856<\/span><\/td>\n<td style=\"height: 112px; text-align: justify;\" width=\"369\"><span style=\"font-family: times new roman, times, serif; font-size: 10pt;\">16 Jahre, 9 Monate alt; Z\u00f6gling der Rettungsanstalt bei Nassau; Eltern: Johann Konrad Hofmeister, Wei\u00dfbinder, und dessen Ehefrau Elisabeth Margaretha geb. Rau zu Frankfurt a. M.<\/span><\/td>\n<\/tr>\n<tr style=\"height: 84px;\">\n<td style=\"height: 84px;\" width=\"170\"><span style=\"font-family: times new roman, times, serif; font-size: 10pt;\"><strong>Jockel, <\/strong>Philipp Adam<\/span><\/td>\n<td style=\"height: 84px;\" width=\"66\"><span style=\"font-family: times new roman, times, serif; font-size: 10pt;\">04.06.1854<\/span><\/td>\n<td style=\"height: 84px; text-align: justify;\" width=\"369\"><span style=\"font-family: times new roman, times, serif; font-size: 10pt;\">13 Jahre, 10 Monate alt; Eltern: Johann Philipp Jockel, Viehhirte, und Maria Katharina geb. Sixter zu Oberwies<\/span><\/td>\n<\/tr>\n<tr style=\"height: 84px;\">\n<td style=\"height: 84px;\" width=\"170\"><span style=\"font-family: times new roman, times, serif; font-size: 10pt;\"><strong>Kugelmann, <\/strong>Wilhelm<\/span><\/td>\n<td style=\"height: 84px;\" width=\"66\"><span style=\"font-family: times new roman, times, serif; font-size: 10pt;\">11.05.1856<\/span><\/td>\n<td style=\"height: 84px; text-align: justify;\" width=\"369\"><span style=\"font-family: times new roman, times, serif; font-size: 10pt;\">15 Jahre, 11 Monate alt; Z\u00f6gling der Rettungsanstalt bei Nassau; Eltern: die unverehelichte Charlotte Kugelmann zu Oberjosbach, Amts Idstein<\/span><\/td>\n<\/tr>\n<tr style=\"height: 84px;\">\n<td style=\"height: 84px;\" width=\"170\"><span style=\"font-family: times new roman, times, serif; font-size: 10pt;\"><strong>Minor, <\/strong>Johanne Elisabeth Wilhelmine<\/span><\/td>\n<td style=\"height: 84px;\" width=\"66\"><span style=\"font-family: times new roman, times, serif; font-size: 10pt;\">26.05.1844<\/span><\/td>\n<td style=\"height: 84px; text-align: justify;\" width=\"369\"><span style=\"font-family: times new roman, times, serif; font-size: 10pt;\">14 Jahre, 3 \u00be Monate alt; Eltern: Johann Wilhelm Minor, Tagel\u00f6hner, und Maria Katharina geb. B\u00fcff, zu Dornholzhausen wohnhaft<\/span><\/td>\n<\/tr>\n<tr style=\"height: 84px;\">\n<td style=\"height: 84px;\" width=\"170\"><span style=\"font-family: times new roman, times, serif; font-size: 10pt;\"><strong>Ortmann, <\/strong>Georg Heinrich Friedrich Theodor<\/span><\/td>\n<td style=\"height: 84px;\" width=\"66\"><span style=\"font-family: times new roman, times, serif; font-size: 10pt;\">16.05.1875<\/span><\/td>\n<td style=\"height: 84px; text-align: justify;\" width=\"369\"><span style=\"font-family: times new roman, times, serif; font-size: 10pt;\">13 Jahre, 8 Monate alt; keine Angabe der Eltern<\/span><\/td>\n<\/tr>\n<tr style=\"height: 84px;\">\n<td style=\"height: 84px;\" width=\"170\"><span style=\"font-family: times new roman, times, serif; font-size: 10pt;\"><strong>Philipp, <\/strong>Anna Dorothea Louise<\/span><\/td>\n<td style=\"height: 84px;\" width=\"66\"><span style=\"font-family: times new roman, times, serif; font-size: 10pt;\">24.05.1863<\/span><\/td>\n<td style=\"height: 84px; text-align: justify;\" width=\"369\"><span style=\"font-family: times new roman, times, serif; font-size: 10pt;\">15 Jahre, 9 Monate alt; Eltern: die am 15. Mai 1859 zu Frankfurt a. M. unverehelicht gestorbene Tagel\u00f6hnerin Marie Wilhelmine Philipp von Oberrad bei Frankfurt am Main<\/span><\/td>\n<\/tr>\n<tr style=\"height: 112px;\">\n<td style=\"height: 112px;\" width=\"170\"><span style=\"font-family: times new roman, times, serif; font-size: 10pt;\"><strong>Schaus, <\/strong>Friedrich Wilhelm<\/span><\/td>\n<td style=\"height: 112px;\" width=\"66\"><span style=\"font-family: times new roman, times, serif; font-size: 10pt;\">04.11.1860<\/span><\/td>\n<td style=\"height: 112px; text-align: justify;\" width=\"369\"><span style=\"font-family: times new roman, times, serif; font-size: 10pt;\">15 Jahre alt; Z\u00f6gling der Rettungsanstalt bei Nassau; Eltern: Maria Margaretha Schaus, Tagel\u00f6hnerin in Oberneisen, des Schreiners Johann Andreas Schaus daselbst nachgelassene ledige Tochter<\/span><\/td>\n<\/tr>\n<tr style=\"height: 84px;\">\n<td style=\"height: 84px;\" width=\"170\"><span style=\"font-family: times new roman, times, serif; font-size: 10pt;\"><strong>Schmidt, <\/strong>Christine Philippine<\/span><\/td>\n<td style=\"height: 84px;\" width=\"66\"><span style=\"font-family: times new roman, times, serif; font-size: 10pt;\">04.06.1843<\/span><\/td>\n<td style=\"height: 84px; text-align: justify;\" width=\"369\"><span style=\"font-family: times new roman, times, serif; font-size: 10pt;\">13 Jahre und 6 \u00bd Monate alt; Eltern: Johann Philipp Schmidt und Mariane geb. H\u00f6fer, Tagel\u00f6hner zu H\u00f6mberg<\/span><\/td>\n<\/tr>\n<tr style=\"height: 112px;\">\n<td style=\"height: 112px;\" width=\"170\"><span style=\"font-family: times new roman, times, serif; font-size: 10pt;\"><strong>Spengler, <\/strong>Johann Balthasar<\/span><\/td>\n<td style=\"height: 112px;\" width=\"66\"><span style=\"font-family: times new roman, times, serif; font-size: 10pt;\">11.05.1856<\/span><\/td>\n<td style=\"height: 112px; text-align: justify;\" width=\"369\"><span style=\"font-family: times new roman, times, serif; font-size: 10pt;\">15 Jahre, 8 Monate alt; Z\u00f6gling der Rettungsanstalt bei Nassau; Eltern: Johann Gerhard Spengler, Tagel\u00f6hner, und dessen Ehefrau Kunigunde geb. Strohecker zu Sachsenhausen bei Frankfurt a. M.<\/span><\/td>\n<\/tr>\n<tr style=\"height: 84px;\">\n<td style=\"height: 84px;\" width=\"170\"><span style=\"font-family: times new roman, times, serif; font-size: 10pt;\"><strong>Thorn, <\/strong>Johann Philipp<\/span><\/td>\n<td style=\"height: 84px;\" width=\"66\"><span style=\"font-family: times new roman, times, serif; font-size: 10pt;\">11.05.1856<\/span><\/td>\n<td style=\"height: 84px; text-align: justify;\" width=\"369\"><span style=\"font-family: times new roman, times, serif; font-size: 10pt;\">15 Jahre, 1 Monat alt; Z\u00f6gling der Rettungsanstalt bei Nassau; Eltern: die unverehelichte Anna Elisabetha Thorn zu Sch\u00f6nborn, Amts Diez<\/span><\/td>\n<\/tr>\n<tr style=\"height: 84px;\">\n<td style=\"height: 84px;\" width=\"170\"><span style=\"font-family: times new roman, times, serif; font-size: 10pt;\"><strong>Thorn, <\/strong>Philipp Jakob<\/span><\/td>\n<td style=\"height: 84px;\" width=\"66\"><span style=\"font-family: times new roman, times, serif; font-size: 10pt;\">04.11.1860<\/span><\/td>\n<td style=\"height: 84px; text-align: justify;\" width=\"369\"><span style=\"font-family: times new roman, times, serif; font-size: 10pt;\">15 Jahre alt; Z\u00f6gling der Rettungsanstalt bei Nassau; Eltern: Anna Elisabeth Thorn, ledige Tochter des Andreas Thorn, Tagel\u00f6hnerin zu Sch\u00f6nborn<\/span><\/td>\n<\/tr>\n<tr style=\"height: 112px;\">\n<td style=\"height: 112px;\" width=\"170\"><span style=\"font-family: times new roman, times, serif; font-size: 10pt;\"><strong>Wagner, <\/strong>Christian<\/span><\/td>\n<td style=\"height: 112px;\" width=\"66\"><span style=\"font-family: times new roman, times, serif; font-size: 10pt;\">11.05.1856<\/span><\/td>\n<td style=\"height: 112px; text-align: justify;\" width=\"369\"><span style=\"font-family: times new roman, times, serif; font-size: 10pt;\">16 Jahre, 2 Monate alt; Z\u00f6gling der Rettungsanstalt bei Nassau; Eltern: Johann Thielmann Wagner, Ackersmann, und dessen Ehefrau Maria geb. Born zu Giershausen, Amts Diez<\/span><\/td>\n<\/tr>\n<\/tbody>\n<\/table>\n<hr \/>\n<p><span style=\"font-size: 10pt; font-family: times new roman, times, serif;\"><strong>Letzte \u00c4nderung: 10. August 2023<\/strong><\/span><br \/>\n<span style=\"font-size: 10pt; font-family: times new roman, times, serif;\"><strong>Ralph Jackmuth<\/strong><\/span><\/p>\n","protected":false},"excerpt":{"rendered":"<p>\u00dcberwiegend \u201eZ\u00f6glinge der Rettungsanstalt\u201c in Nassau-Scheuern Name konf. Alter, Eltern Bach, Anna Maria 04.06.1876 13 Jahre, 6 Monate alt; Eltern: Wilhelm Bach, F\u00f6rster, und Karoline Philippine geb. Weber zu Fr\u00fccht Bogler, Johann Christian Wilhelm 11.05.1856 15 Jahre, 5 Monate alt; Z\u00f6gling der Rettungsanstalt bei Nassau; Eltern: die unverehelichte Maria Katharina Bogler zu Bogel, Amts Nast\u00e4tten &hellip; <a href=\"https:\/\/www.ahnenforschung-jackmuth.de\/?page_id=10604\" class=\"more-link\"><span class=\"screen-reader-text\">\u201eOFB Schweighausen &#8211; Ausw\u00e4rtige Konfirmierte\u201c<\/span> weiterlesen<\/a><\/p>\n","protected":false},"author":1,"featured_media":0,"parent":0,"menu_order":0,"comment_status":"closed","ping_status":"closed","template":"","meta":{"footnotes":""},"class_list":["post-10604","page","type-page","status-publish","hentry"],"_links":{"self":[{"href":"https:\/\/www.ahnenforschung-jackmuth.de\/index.php?rest_route=\/wp\/v2\/pages\/10604","targetHints":{"allow":["GET"]}}],"collection":[{"href":"https:\/\/www.ahnenforschung-jackmuth.de\/index.php?rest_route=\/wp\/v2\/pages"}],"about":[{"href":"https:\/\/www.ahnenforschung-jackmuth.de\/index.php?rest_route=\/wp\/v2\/types\/page"}],"author":[{"embeddable":true,"href":"https:\/\/www.ahnenforschung-jackmuth.de\/index.php?rest_route=\/wp\/v2\/users\/1"}],"replies":[{"embeddable":true,"href":"https:\/\/www.ahnenforschung-jackmuth.de\/index.php?rest_route=%2Fwp%2Fv2%2Fcomments&post=10604"}],"version-history":[{"count":0,"href":"https:\/\/www.ahnenforschung-jackmuth.de\/index.php?rest_route=\/wp\/v2\/pages\/10604\/revisions"}],"wp:attachment":[{"href":"https:\/\/www.ahnenforschung-jackmuth.de\/index.php?rest_route=%2Fwp%2Fv2%2Fmedia&parent=10604"}],"curies":[{"name":"wp","href":"https:\/\/api.w.org\/{rel}","templated":true}]}}