{"id":10541,"date":"2023-08-10T14:35:03","date_gmt":"2023-08-10T14:35:03","guid":{"rendered":"http:\/\/www.ahnenforschung-jackmuth.de\/?page_id=10541"},"modified":"2023-08-10T14:35:03","modified_gmt":"2023-08-10T14:35:03","slug":"ofb-schweighausen-servatius","status":"publish","type":"page","link":"https:\/\/www.ahnenforschung-jackmuth.de\/?page_id=10541","title":{"rendered":"OFB Schweighausen &#8211; Servatius"},"content":{"rendered":"<p><span style=\"font-family: times new roman, times, serif; font-size: 10pt;\"><span style=\"color: #ff0000;\"><strong><u>Servatius<\/u><\/strong><strong>, Markus\/Marx: <\/strong><\/span>genannt \u201eder Welsche\u201c, ein Kohlenbrenner <em>von Lorgi <\/em>[?]<em> au\u00dfm Walmerter <\/em>[?]<em> Landt<\/em><\/span><\/p>\n<p><span style=\"font-family: times new roman, times, serif; font-size: 10pt;\"><strong>oo <\/strong>mit <strong>Johanna\/Johannetta<\/strong><\/span><\/p>\n<table style=\"width: 100%;\">\n<tbody>\n<tr>\n<td style=\"text-align: center; width: 5.95238%;\" width=\"21\"><span style=\"font-family: times new roman, times, serif; font-size: 10pt;\"><strong>Nr.<\/strong><\/span><\/td>\n<td style=\"width: 18.0952%;\" width=\"127\"><span style=\"font-family: times new roman, times, serif; font-size: 10pt;\"><strong>VN normiert<\/strong><\/span><\/td>\n<td style=\"text-align: center; width: 13.2143%;\" width=\"83\"><span style=\"font-family: times new roman, times, serif; font-size: 10pt;\"><strong>Geburt<\/strong><\/span><\/td>\n<td style=\"text-align: center; width: 13.2143%;\" width=\"83\"><span style=\"font-family: times new roman, times, serif; font-size: 10pt;\"><strong>Taufe<\/strong><\/span><\/td>\n<td style=\"text-align: center; width: 10.3571%;\" width=\"62\"><span style=\"font-family: times new roman, times, serif; font-size: 10pt;\"><strong>konf.<\/strong><\/span><\/td>\n<td style=\"text-align: center; width: 11.4286%;\" width=\"70\"><span style=\"font-family: times new roman, times, serif; font-size: 10pt;\"><strong>gestorben<\/strong><\/span><\/td>\n<td style=\"text-align: center; width: 12.5%;\" width=\"78\"><span style=\"font-family: times new roman, times, serif; font-size: 10pt;\"><strong>begraben<\/strong><\/span><\/td>\n<td style=\"text-align: center; width: 7.97619%;\" width=\"44\"><span style=\"font-family: times new roman, times, serif; font-size: 10pt;\"><strong>Alter<\/strong><\/span><\/td>\n<td style=\"text-align: center; width: 7.26191%;\" width=\"39\"><span style=\"font-family: times new roman, times, serif; font-size: 10pt;\"><strong>Stand<\/strong><\/span><\/td>\n<\/tr>\n<tr>\n<td style=\"text-align: center; width: 5.95238%;\" width=\"21\"><span style=\"font-family: times new roman, times, serif; font-size: 10pt;\">1<\/span><\/td>\n<td style=\"width: 18.0952%;\" width=\"127\"><span style=\"font-family: times new roman, times, serif; font-size: 10pt;\">Johann Michael<\/span><\/td>\n<td style=\"text-align: center; width: 13.2143%;\" width=\"83\"><span style=\"font-family: times new roman, times, serif; font-size: 10pt;\">ca. 1670<\/span><\/td>\n<td style=\"text-align: center; width: 13.2143%;\" width=\"83\"><\/td>\n<td style=\"text-align: center; width: 10.3571%;\" width=\"62\"><\/td>\n<td style=\"text-align: center; width: 11.4286%;\" width=\"70\"><span style=\"font-family: times new roman, times, serif; font-size: 10pt;\">20.03.1685<\/span><\/td>\n<td style=\"text-align: center; width: 12.5%;\" width=\"78\"><span style=\"font-family: times new roman, times, serif; font-size: 10pt;\">21.03.1685<\/span><\/td>\n<td style=\"text-align: center; width: 7.97619%;\" width=\"44\"><span style=\"font-family: times new roman, times, serif; font-size: 10pt;\">14,5<\/span><\/td>\n<td style=\"text-align: center; width: 7.26191%;\" width=\"39\"><\/td>\n<\/tr>\n<tr>\n<td style=\"text-align: center; width: 5.95238%;\" width=\"21\"><span style=\"font-family: times new roman, times, serif; font-size: 10pt;\">2<\/span><\/td>\n<td style=\"width: 18.0952%;\" width=\"127\"><span style=\"font-family: times new roman, times, serif; font-size: 10pt;\">Anna Elisabeth<\/span><\/td>\n<td style=\"text-align: center; width: 13.2143%;\" width=\"83\"><span style=\"font-family: times new roman, times, serif; font-size: 10pt;\">ca. 1680<\/span><\/td>\n<td style=\"text-align: center; width: 13.2143%;\" width=\"83\"><\/td>\n<td style=\"text-align: center; width: 10.3571%;\" width=\"62\"><\/td>\n<td style=\"text-align: center; width: 11.4286%;\" width=\"70\"><span style=\"font-family: times new roman, times, serif; font-size: 10pt;\">04.03.1685<\/span><\/td>\n<td style=\"text-align: center; width: 12.5%;\" width=\"78\"><span style=\"font-family: times new roman, times, serif; font-size: 10pt;\">05.03.1685<\/span><\/td>\n<td style=\"text-align: center; width: 7.97619%;\" width=\"44\"><span style=\"font-family: times new roman, times, serif; font-size: 10pt;\">4,5<\/span><\/td>\n<td style=\"text-align: center; width: 7.26191%;\" width=\"39\"><\/td>\n<\/tr>\n<tr>\n<td style=\"text-align: center; width: 5.95238%;\" width=\"21\"><span style=\"font-family: times new roman, times, serif; font-size: 10pt;\">3<\/span><\/td>\n<td style=\"width: 18.0952%;\" width=\"127\"><span style=\"font-family: times new roman, times, serif; font-size: 10pt;\">Anna Margaretha<\/span><\/td>\n<td style=\"text-align: center; width: 13.2143%;\" width=\"83\"><span style=\"font-family: times new roman, times, serif; font-size: 10pt;\">09.03.1682<\/span><\/td>\n<td style=\"text-align: center; width: 13.2143%;\" width=\"83\"><span style=\"font-family: times new roman, times, serif; font-size: 10pt;\">12.03.1682<\/span><\/td>\n<td style=\"text-align: center; width: 10.3571%;\" width=\"62\"><\/td>\n<td style=\"text-align: center; width: 11.4286%;\" width=\"70\"><span style=\"font-family: times new roman, times, serif; font-size: 10pt;\">14.04.1682<\/span><\/td>\n<td style=\"text-align: center; width: 12.5%;\" width=\"78\"><\/td>\n<td style=\"text-align: center; width: 7.97619%;\" width=\"44\"><span style=\"font-family: times new roman, times, serif; font-size: 10pt;\">0,10<\/span><\/td>\n<td style=\"text-align: center; width: 7.26191%;\" width=\"39\"><\/td>\n<\/tr>\n<tr>\n<td style=\"text-align: center; width: 5.95238%;\"><span style=\"font-family: times new roman, times, serif; font-size: 10pt;\">4<\/span><\/td>\n<td style=\"width: 18.0952%;\"><span style=\"font-family: times new roman, times, serif; font-size: 10pt;\">Anna Magdalena<\/span><\/td>\n<td style=\"text-align: center; width: 13.2143%;\"><span style=\"font-family: times new roman, times, serif; font-size: 10pt;\">04.01.1684<\/span><\/td>\n<td style=\"text-align: center; width: 13.2143%;\"><span style=\"font-family: times new roman, times, serif; font-size: 10pt;\">06.01.1684<\/span><\/td>\n<td style=\"text-align: center; width: 10.3571%;\"><\/td>\n<td style=\"text-align: center; width: 11.4286%;\"><span style=\"font-family: times new roman, times, serif; font-size: 10pt;\">07.04.1687<\/span><\/td>\n<td style=\"text-align: center; width: 12.5%;\"><span style=\"font-family: times new roman, times, serif; font-size: 10pt;\">09.04.1687<\/span><\/td>\n<td style=\"text-align: center; width: 7.97619%;\"><span style=\"font-family: times new roman, times, serif; font-size: 10pt;\">3,26<\/span><\/td>\n<td style=\"text-align: center; width: 7.26191%;\"><\/td>\n<\/tr>\n<tr>\n<td style=\"text-align: center; width: 5.95238%;\"><span style=\"font-family: times new roman, times, serif; font-size: 10pt;\">5<\/span><\/td>\n<td style=\"width: 18.0952%;\"><span style=\"font-family: times new roman, times, serif; font-size: 10pt;\">Anna Apollonia<\/span><\/td>\n<td style=\"text-align: center; width: 13.2143%;\"><span style=\"font-family: times new roman, times, serif; font-size: 10pt;\">26.12.1685<\/span><\/td>\n<td style=\"text-align: center; width: 13.2143%;\"><span style=\"font-family: times new roman, times, serif; font-size: 10pt;\">01.01.1686<\/span><\/td>\n<td style=\"text-align: center; width: 10.3571%;\"><\/td>\n<td style=\"text-align: center; width: 11.4286%;\"><span style=\"font-family: times new roman, times, serif; font-size: 10pt;\">14.01.1686<\/span><\/td>\n<td style=\"text-align: center; width: 12.5%;\"><span style=\"font-family: times new roman, times, serif; font-size: 10pt;\">15.01.1686<\/span><\/td>\n<td style=\"text-align: center; width: 7.97619%;\"><span style=\"font-family: times new roman, times, serif; font-size: 10pt;\">0,05<\/span><\/td>\n<td style=\"text-align: center; width: 7.26191%;\"><\/td>\n<\/tr>\n<tr>\n<td style=\"text-align: center; width: 5.95238%;\"><span style=\"font-family: times new roman, times, serif; font-size: 10pt;\">6<\/span><\/td>\n<td style=\"width: 18.0952%;\"><span style=\"font-family: times new roman, times, serif; font-size: 10pt;\">Johann Markus<\/span><\/td>\n<td style=\"text-align: center; width: 13.2143%;\"><span style=\"font-family: times new roman, times, serif; font-size: 10pt;\">04.10.1687<\/span><\/td>\n<td style=\"text-align: center; width: 13.2143%;\"><span style=\"font-family: times new roman, times, serif; font-size: 10pt;\">09.10.1687<\/span><\/td>\n<td style=\"text-align: center; width: 10.3571%;\"><\/td>\n<td style=\"text-align: center; width: 11.4286%;\"><\/td>\n<td style=\"text-align: center; width: 12.5%;\"><\/td>\n<td style=\"text-align: center; width: 7.97619%;\"><\/td>\n<td style=\"text-align: center; width: 7.26191%;\"><\/td>\n<\/tr>\n<\/tbody>\n<\/table>\n<p><span style=\"font-family: times new roman, times, serif; font-size: 10pt;\">Kind Nr. 1) \u00e4ltester Sohn<br \/>\n<\/span><span style=\"font-family: times new roman, times, serif; font-size: 10pt;\">Kind Nr. 3) j\u00fcngstgeborenes T\u00f6chterlein<br \/>\n<\/span><span style=\"font-family: times new roman, times, serif; font-size: 10pt;\">Kind Nr. 4) + <em>an sonderlicher Brustbeschwernu\u00df, Hertzenbangigkeit, gro\u00dfer Hitze u. Ohnmacht<br \/>\n<\/em><\/span><span style=\"font-family: times new roman, times, serif; font-size: 10pt;\">Kind Nr 5) + \u201can einem beschwerlichen Husten\u201d, <em>Marx Cereuasij T\u00f6chter[lein]<\/em><\/span><\/p>\n<p style=\"text-align: justify;\"><span style=\"font-family: times new roman, times, serif; font-size: 10pt;\"><strong>Paten:<\/strong> <strong>zu 3) <\/strong><em>Leonhard Klein von Dausenaw; Johann Adam Gerhard; Anna Margreth, Th\u00f6nges Heigers Tochter; undt Anna Apollonia, Haman Gen\u00dfmans Tochter <\/em>\u2014 <strong>zu 4) <\/strong><em>Johann Georg Hinterw\u00e4ller; Elisabeth, Georg Caspar Gerhards, undt Elisabeth, Johannis Beckers Hau\u00dffraw <\/em>\u2014 <strong>zu 5) <\/strong><em>Johann Peter Br\u00f6der uf dem Hinterwaldt <\/em>[Pfarrei Dachsenhausen]<em>; Anna Appollonia, T\u00f6nges May allhier seine Hau\u00dffraw; vndt Anna Magdalena, Gottfriedt Gerhardi allhier seine Hausfraw <\/em>\u2014 <strong>zu 6) <\/strong><em>Johannes Servati[us], parentis frater; Johannes Tollfischen bey Peter Trappi in d[er] D\u00fcrstheck <\/em>[Pfarrei Spie\u00df]<em> dienendt, N. Tollfischen see[lig] aus Welschlandt ehleib[licher] Sohn; Anna Elisabetha, Hans T\u00f6nges Gen\u00dfmann allhier Hausfr[au]<\/em><\/span><\/p>\n<hr \/>\n<p><span style=\"font-size: 10pt; font-family: times new roman, times, serif;\"><strong>Letzte \u00c4nderung: 10. August 2023<\/strong><\/span><br \/>\n<span style=\"font-size: 10pt; font-family: times new roman, times, serif;\"><strong>Ralph Jackmuth<\/strong><\/span><\/p>\n","protected":false},"excerpt":{"rendered":"<p>Servatius, Markus\/Marx: genannt \u201eder Welsche\u201c, ein Kohlenbrenner von Lorgi [?] au\u00dfm Walmerter [?] Landt oo mit Johanna\/Johannetta Nr. VN normiert Geburt Taufe konf. gestorben begraben Alter Stand 1 Johann Michael ca. 1670 20.03.1685 21.03.1685 14,5 2 Anna Elisabeth ca. 1680 04.03.1685 05.03.1685 4,5 3 Anna Margaretha 09.03.1682 12.03.1682 14.04.1682 0,10 4 Anna Magdalena 04.01.1684 06.01.1684 &hellip; <a href=\"https:\/\/www.ahnenforschung-jackmuth.de\/?page_id=10541\" class=\"more-link\"><span class=\"screen-reader-text\">\u201eOFB Schweighausen &#8211; Servatius\u201c<\/span> weiterlesen<\/a><\/p>\n","protected":false},"author":1,"featured_media":0,"parent":0,"menu_order":0,"comment_status":"closed","ping_status":"closed","template":"","meta":{"footnotes":""},"class_list":["post-10541","page","type-page","status-publish","hentry"],"_links":{"self":[{"href":"https:\/\/www.ahnenforschung-jackmuth.de\/index.php?rest_route=\/wp\/v2\/pages\/10541","targetHints":{"allow":["GET"]}}],"collection":[{"href":"https:\/\/www.ahnenforschung-jackmuth.de\/index.php?rest_route=\/wp\/v2\/pages"}],"about":[{"href":"https:\/\/www.ahnenforschung-jackmuth.de\/index.php?rest_route=\/wp\/v2\/types\/page"}],"author":[{"embeddable":true,"href":"https:\/\/www.ahnenforschung-jackmuth.de\/index.php?rest_route=\/wp\/v2\/users\/1"}],"replies":[{"embeddable":true,"href":"https:\/\/www.ahnenforschung-jackmuth.de\/index.php?rest_route=%2Fwp%2Fv2%2Fcomments&post=10541"}],"version-history":[{"count":0,"href":"https:\/\/www.ahnenforschung-jackmuth.de\/index.php?rest_route=\/wp\/v2\/pages\/10541\/revisions"}],"wp:attachment":[{"href":"https:\/\/www.ahnenforschung-jackmuth.de\/index.php?rest_route=%2Fwp%2Fv2%2Fmedia&parent=10541"}],"curies":[{"name":"wp","href":"https:\/\/api.w.org\/{rel}","templated":true}]}}