{"id":10524,"date":"2023-08-10T12:33:02","date_gmt":"2023-08-10T12:33:02","guid":{"rendered":"http:\/\/www.ahnenforschung-jackmuth.de\/?page_id=10524"},"modified":"2023-08-10T12:33:02","modified_gmt":"2023-08-10T12:33:02","slug":"ofb-schweighausen-pfeiffer","status":"publish","type":"page","link":"https:\/\/www.ahnenforschung-jackmuth.de\/?page_id=10524","title":{"rendered":"OFB Schweighausen &#8211; Pfeiffer"},"content":{"rendered":"<p><span style=\"font-family: times new roman, times, serif; font-size: 10pt;\"><span style=\"color: #ff0000;\"><strong><u>Pfeiffer<\/u>, Johann Michael:<\/strong><\/span> * 22.08.1715 Hunzel (gt. 25.08.); + 22.03.1777 Schweighausen (bg. 23.03.) Eltern: Johann Emmerich Pfeiffer (+ vor 04.12.1742) oo 07.02.1702 Marienfels mit Anna Magdalena Zimmermann aus Fr\u00fccht (Marienfels, KB 1, Bild 604 auf archion.de)<\/span><\/p>\n<p><span style=\"font-family: times new roman, times, serif; font-size: 10pt;\"><strong>oo 04.12.1742 Schweighausen<\/strong> (prokl. 25.11., 30.11., 02.12.) mit <strong><u>Klein<\/u>, Anna Katharina:<\/strong> * 18.07.1722 Schweighausen (gt. 24.07.); konf. 29.03.1736; + 04.12.1794 Schweighausen (bg. 06.12.); Eltern: Johann Anton Klein und Anna Christina geb. May<\/span><\/p>\n<table style=\"width: 100%;\">\n<tbody>\n<tr>\n<td style=\"text-align: center; width: 5.95238%;\" width=\"21\"><span style=\"font-family: times new roman, times, serif; font-size: 10pt;\"><strong>Nr.<\/strong><\/span><\/td>\n<td style=\"width: 17.0238%;\" width=\"120\"><span style=\"font-family: times new roman, times, serif; font-size: 10pt;\"><strong>VN normiert<\/strong><\/span><\/td>\n<td style=\"text-align: center; width: 12.9762%;\" width=\"82\"><span style=\"font-family: times new roman, times, serif; font-size: 10pt;\"><strong>Geburt<\/strong><\/span><\/td>\n<td style=\"text-align: center; width: 12.9762%;\" width=\"82\"><span style=\"font-family: times new roman, times, serif; font-size: 10pt;\"><strong>Taufe<\/strong><\/span><\/td>\n<td style=\"text-align: center; width: 11.4286%;\" width=\"70\"><span style=\"font-family: times new roman, times, serif; font-size: 10pt;\"><strong>konf.<\/strong><\/span><\/td>\n<td style=\"text-align: center; width: 11.4286%;\" width=\"70\"><span style=\"font-family: times new roman, times, serif; font-size: 10pt;\"><strong>gestorben<\/strong><\/span><\/td>\n<td style=\"text-align: center; width: 12.381%;\" width=\"77\"><span style=\"font-family: times new roman, times, serif; font-size: 10pt;\"><strong>begraben<\/strong><\/span><\/td>\n<td style=\"text-align: center; width: 8.09524%;\" width=\"45\"><span style=\"font-family: times new roman, times, serif; font-size: 10pt;\"><strong>Alter<\/strong><\/span><\/td>\n<td style=\"text-align: center; width: 7.61905%;\" width=\"42\"><span style=\"font-family: times new roman, times, serif; font-size: 10pt;\"><strong>Stand<\/strong><\/span><\/td>\n<\/tr>\n<tr>\n<td style=\"text-align: center; width: 5.95238%;\" width=\"21\"><span style=\"font-family: times new roman, times, serif; font-size: 10pt;\">1<\/span><\/td>\n<td style=\"width: 17.0238%;\" width=\"120\"><span style=\"font-family: times new roman, times, serif; font-size: 10pt;\">Anna Maria<\/span><\/td>\n<td style=\"text-align: center; width: 12.9762%;\" width=\"82\"><span style=\"font-family: times new roman, times, serif; font-size: 10pt;\">07.04.1749<\/span><\/td>\n<td style=\"text-align: center; width: 12.9762%;\" width=\"82\"><span style=\"font-family: times new roman, times, serif; font-size: 10pt;\">xx.04.1749<\/span><\/td>\n<td style=\"text-align: center; width: 11.4286%;\" width=\"70\"><span style=\"font-family: times new roman, times, serif; font-size: 10pt;\">01.06.1762<\/span><\/td>\n<td style=\"text-align: center; width: 11.4286%;\" width=\"70\"><span style=\"font-family: times new roman, times, serif; font-size: 10pt;\">18.01.1814<\/span><\/td>\n<td style=\"text-align: center; width: 12.381%;\" width=\"77\"><span style=\"font-family: times new roman, times, serif; font-size: 10pt;\">20.01.1814<\/span><\/td>\n<td style=\"text-align: center; width: 8.09524%;\" width=\"45\"><span style=\"font-family: times new roman, times, serif; font-size: 10pt;\">64,83<\/span><\/td>\n<td style=\"text-align: center; width: 7.61905%;\" width=\"42\"><span style=\"font-family: times new roman, times, serif; font-size: 10pt;\">verh.<\/span><\/td>\n<\/tr>\n<\/tbody>\n<\/table>\n<p><span style=\"font-family: times new roman, times, serif; font-size: 10pt;\">Kind Nr. 1) oo 29.11.1768 Schweighausen mit Johann Friedrich Wagner aus Dachsenhausen; Familie wohnt in Schweighausen<br \/>\n<\/span><\/p>\n<p><span style=\"font-family: times new roman, times, serif; font-size: 10pt;\"><strong>Paten:<\/strong> <em>Anton May; Anna Maria, Ant: Kleins Tochter; so dann Anna Maria, wey[land] Joh: Melchior Sch\u00e4fers nachgela\u00dfene W. von Marienfel\u00df<\/em><\/span><\/p>\n<hr \/>\n<p style=\"text-align: justify;\"><span style=\"font-family: times new roman, times, serif; font-size: 10pt;\"><span style=\"color: #ff0000;\"><strong><u>Pfeiffer<\/u><\/strong><strong>, Johann Philipp:<\/strong> <\/span>Ackersmann; * 06.12.1808 Dornholzhausen (gt. 11.12.); konf. 26.05.1822; + 21.10.1868 Schweighausen (bg. 25.10.); Eltern: Henrich Philipp Pfeiffer aus Bergnassau und Maria Elisabeth geb. Back aus Oberwies<\/span><\/p>\n<p style=\"text-align: justify;\"><span style=\"font-family: times new roman, times, serif; font-size: 10pt;\"><strong>* 06.02.1831 Schweighausen<\/strong> (prokl. 09.01., 16.01., 23.01.) mit <strong><u>May<\/u>, Beate Christine:<\/strong> * 05.04.1793 Schweighausen (gt. 07.04.); + 26.02.1862 Schweighausen (bg. 01.03.); Eltern: Johann Daniel May und Maria Margaretha geb. Z\u00f6ller<\/span><\/p>\n<table style=\"width: 100%;\">\n<tbody>\n<tr>\n<td style=\"text-align: center; width: 6.30952%;\" width=\"21\"><span style=\"font-family: times new roman, times, serif; font-size: 10pt;\"><strong>Nr.<\/strong><\/span><\/td>\n<td style=\"width: 17.0238%;\" width=\"122\"><span style=\"font-family: times new roman, times, serif; font-size: 10pt;\"><strong>VN normiert<\/strong><\/span><\/td>\n<td style=\"text-align: center; width: 13.0952%;\" width=\"82\"><span style=\"font-family: times new roman, times, serif; font-size: 10pt;\"><strong>Geburt<\/strong><\/span><\/td>\n<td style=\"text-align: center; width: 13.0952%;\" width=\"82\"><span style=\"font-family: times new roman, times, serif; font-size: 10pt;\"><strong>Taufe<\/strong><\/span><\/td>\n<td style=\"text-align: center; width: 11.3095%;\" width=\"69\"><span style=\"font-family: times new roman, times, serif; font-size: 10pt;\"><strong>konf.<\/strong><\/span><\/td>\n<td style=\"text-align: center; width: 11.3095%;\" width=\"69\"><span style=\"font-family: times new roman, times, serif; font-size: 10pt;\"><strong>gestorben<\/strong><\/span><\/td>\n<td style=\"text-align: center; width: 12.381%;\" width=\"77\"><span style=\"font-family: times new roman, times, serif; font-size: 10pt;\"><strong>begraben<\/strong><\/span><\/td>\n<td style=\"text-align: center; width: 7.85714%;\" width=\"43\"><span style=\"font-family: times new roman, times, serif; font-size: 10pt;\"><strong>Alter<\/strong><\/span><\/td>\n<td style=\"text-align: center; width: 7.5%;\" width=\"41\"><span style=\"font-family: times new roman, times, serif; font-size: 10pt;\"><strong>Stand<\/strong><\/span><\/td>\n<\/tr>\n<tr>\n<td style=\"text-align: center; width: 6.30952%;\" width=\"21\"><span style=\"font-family: times new roman, times, serif; font-size: 10pt;\">1<\/span><\/td>\n<td style=\"width: 17.0238%;\" width=\"122\"><span style=\"font-family: times new roman, times, serif; font-size: 10pt;\">Maria Katharina<\/span><\/td>\n<td style=\"text-align: center; width: 13.0952%;\" width=\"82\"><span style=\"font-family: times new roman, times, serif; font-size: 10pt;\">15.02.1832<\/span><\/td>\n<td style=\"text-align: center; width: 13.0952%;\" width=\"82\"><span style=\"font-family: times new roman, times, serif; font-size: 10pt;\">26.02.1832<\/span><\/td>\n<td style=\"text-align: center; width: 11.3095%;\" width=\"69\"><\/td>\n<td style=\"text-align: center; width: 11.3095%;\" width=\"69\"><span style=\"font-family: times new roman, times, serif; font-size: 10pt;\">29.04.1834<\/span><\/td>\n<td style=\"text-align: center; width: 12.381%;\" width=\"77\"><span style=\"font-family: times new roman, times, serif; font-size: 10pt;\">01.05.1834<\/span><\/td>\n<td style=\"text-align: center; width: 7.85714%;\" width=\"43\"><span style=\"font-family: times new roman, times, serif; font-size: 10pt;\">2,20<\/span><\/td>\n<td style=\"text-align: center; width: 7.5%;\" width=\"41\"><\/td>\n<\/tr>\n<tr>\n<td style=\"text-align: center; width: 6.30952%;\"><span style=\"font-family: times new roman, times, serif; font-size: 10pt;\">2<\/span><\/td>\n<td style=\"width: 17.0238%;\"><span style=\"font-family: times new roman, times, serif; font-size: 10pt;\">Philipp Anton<\/span><\/td>\n<td style=\"text-align: center; width: 13.0952%;\"><span style=\"font-family: times new roman, times, serif; font-size: 10pt;\">30.09.1833<\/span><\/td>\n<td style=\"text-align: center; width: 13.0952%;\"><span style=\"font-family: times new roman, times, serif; font-size: 10pt;\">06.10.1833<\/span><\/td>\n<td style=\"text-align: center; width: 11.3095%;\"><span style=\"font-family: times new roman, times, serif; font-size: 10pt;\">23.05.1847<\/span><\/td>\n<td style=\"text-align: center; width: 11.3095%;\"><\/td>\n<td style=\"text-align: center; width: 12.381%;\"><\/td>\n<td style=\"text-align: center; width: 7.85714%;\"><\/td>\n<td style=\"text-align: center; width: 7.5%;\"><span style=\"font-family: times new roman, times, serif; font-size: 10pt;\">verh.<\/span><\/td>\n<\/tr>\n<\/tbody>\n<\/table>\n<p><span style=\"font-family: times new roman, times, serif; font-size: 10pt;\">Kind Nr. 2) oo 05.03.1858 Schweighausen mit Maria Elisabeth Maus aus Schweighausen<\/span><\/p>\n<p style=\"text-align: justify;\"><span style=\"font-family: times new roman, times, serif; font-size: 10pt;\"><strong>Paten: zu 1)<\/strong> <em>1) Johann Gottfried Zoeller aus Schweighausen; 2) Marie Katharine Gensmann aus Dornholzhausen; 3) Anne Marie Maus aus Schweighausen <\/em>\u2014 <strong>zu 2) <\/strong><em>1) Philipp Heinrich Pfeiffer aus Dornholzhausen; 2) Johann Anton Wagner aus Schweighausen; 3) Elisabethe Katharina Zoeller aus Schweighausen <\/em><\/span><\/p>\n<hr \/>\n<p style=\"text-align: justify;\"><span style=\"font-family: times new roman, times, serif; font-size: 10pt;\"><span style=\"color: #ff0000;\"><strong><u>Pfeiffer<\/u>, Philipp Anton:<\/strong> <\/span>Ackersmann; * 30.09.1833 Schweighausen (gt. 06.10.); konf. 23.05.1847; Eltern: Johann Philipp Pfeiffer und Beate Christine geb. May<\/span><\/p>\n<p style=\"text-align: justify;\"><span style=\"font-family: times new roman, times, serif; font-size: 10pt;\"><strong>oo 05.03.1858 Schweighausen<\/strong> (prokl. 14.02., 21.02., 28.02.) mit <strong><u>Maus<\/u>, <\/strong><strong>Maria Elisabeth:<\/strong> *28.02.1842 Schweighausen (gt. 06.04.); 11.05.1856M + 08.01.1870 Schweighausen (bg. 10.01.); Eltern: Johann Philipp I Maus und Henriette Philippine geb. Klos<\/span><\/p>\n<table style=\"width: 100%;\">\n<tbody>\n<tr>\n<td style=\"text-align: center; width: 5.83333%;\" width=\"21\"><span style=\"font-family: times new roman, times, serif; font-size: 10pt;\"><strong>Nr.<\/strong><\/span><\/td>\n<td style=\"width: 18.3333%;\" width=\"128\"><span style=\"font-family: times new roman, times, serif; font-size: 10pt;\"><strong>VN normiert<\/strong><\/span><\/td>\n<td style=\"text-align: center; width: 13.3333%;\" width=\"84\"><span style=\"font-family: times new roman, times, serif; font-size: 10pt;\"><strong>Geburt<\/strong><\/span><\/td>\n<td style=\"text-align: center; width: 13.3333%;\" width=\"84\"><span style=\"font-family: times new roman, times, serif; font-size: 10pt;\"><strong>Taufe<\/strong><\/span><\/td>\n<td style=\"text-align: center; width: 11.4286%;\" width=\"70\"><span style=\"font-family: times new roman, times, serif; font-size: 10pt;\"><strong>konf.<\/strong><\/span><\/td>\n<td style=\"text-align: center; width: 10.5952%;\" width=\"64\"><span style=\"font-family: times new roman, times, serif; font-size: 10pt;\"><strong>gestorben<\/strong><\/span><\/td>\n<td style=\"text-align: center; width: 11.7857%;\" width=\"72\"><span style=\"font-family: times new roman, times, serif; font-size: 10pt;\"><strong>begraben<\/strong><\/span><\/td>\n<td style=\"text-align: center; width: 7.85714%;\" width=\"43\"><span style=\"font-family: times new roman, times, serif; font-size: 10pt;\"><strong>Alter<\/strong><\/span><\/td>\n<td style=\"text-align: center; width: 7.38095%;\" width=\"40\"><span style=\"font-family: times new roman, times, serif; font-size: 10pt;\"><strong>Stand<\/strong><\/span><\/td>\n<\/tr>\n<tr>\n<td style=\"text-align: center; width: 5.83333%;\" width=\"21\"><span style=\"font-family: times new roman, times, serif; font-size: 10pt;\">1<\/span><\/td>\n<td style=\"width: 18.3333%;\" width=\"128\"><span style=\"font-family: times new roman, times, serif; font-size: 10pt;\">Heinrich August<\/span><\/td>\n<td style=\"text-align: center; width: 13.3333%;\" width=\"84\"><span style=\"font-family: times new roman, times, serif; font-size: 10pt;\">08.10.1861<\/span><\/td>\n<td style=\"text-align: center; width: 13.3333%;\" width=\"84\"><span style=\"font-family: times new roman, times, serif; font-size: 10pt;\">20.10.1861<\/span><\/td>\n<td style=\"text-align: center; width: 11.4286%;\" width=\"70\"><span style=\"font-family: times new roman, times, serif; font-size: 10pt;\">16.05.1875<\/span><\/td>\n<td style=\"text-align: center; width: 10.5952%;\" width=\"64\"><\/td>\n<td style=\"text-align: center; width: 11.7857%;\" width=\"72\"><\/td>\n<td style=\"text-align: center; width: 7.85714%;\" width=\"43\"><\/td>\n<td style=\"text-align: center; width: 7.38095%;\" width=\"40\"><\/td>\n<\/tr>\n<tr>\n<td style=\"text-align: center; width: 5.83333%;\"><span style=\"font-family: times new roman, times, serif; font-size: 10pt;\">2<\/span><\/td>\n<td style=\"width: 18.3333%;\"><span style=\"font-family: times new roman, times, serif; font-size: 10pt;\">Philipp Karl<\/span><\/td>\n<td style=\"text-align: center; width: 13.3333%;\"><span style=\"font-family: times new roman, times, serif; font-size: 10pt;\">03.09.1866<\/span><\/td>\n<td style=\"text-align: center; width: 13.3333%;\"><span style=\"font-family: times new roman, times, serif; font-size: 10pt;\">16.09.1866<\/span><\/td>\n<td style=\"text-align: center; width: 11.4286%;\"><\/td>\n<td style=\"text-align: center; width: 10.5952%;\"><\/td>\n<td style=\"text-align: center; width: 11.7857%;\"><\/td>\n<td style=\"text-align: center; width: 7.85714%;\"><\/td>\n<td style=\"text-align: center; width: 7.38095%;\"><\/td>\n<\/tr>\n<tr>\n<td style=\"text-align: center; width: 5.83333%;\"><span style=\"font-family: times new roman, times, serif; font-size: 10pt;\">3<\/span><\/td>\n<td style=\"width: 18.3333%;\"><span style=\"font-family: times new roman, times, serif; font-size: 10pt;\">Philipp Wilhelm<\/span><\/td>\n<td style=\"text-align: center; width: 13.3333%;\"><span style=\"font-family: times new roman, times, serif; font-size: 10pt;\">26.12.1869<\/span><\/td>\n<td style=\"text-align: center; width: 13.3333%;\"><span style=\"font-family: times new roman, times, serif; font-size: 10pt;\">09.01.1870<\/span><\/td>\n<td style=\"text-align: center; width: 11.4286%;\"><\/td>\n<td style=\"text-align: center; width: 10.5952%;\"><\/td>\n<td style=\"text-align: center; width: 11.7857%;\"><\/td>\n<td style=\"text-align: center; width: 7.85714%;\"><\/td>\n<td style=\"text-align: center; width: 7.38095%;\"><\/td>\n<\/tr>\n<\/tbody>\n<\/table>\n<p style=\"text-align: justify;\"><span style=\"font-family: times new roman, times, serif; font-size: 10pt;\"><strong>Paten: zu 1)<\/strong> <em>1) August Obel zu Schweighausen; 2) Johann Heinrich Maus 1r daselbst; 3) Beate Christine Maus daselbst; und 4) Elisabeth Clos geborene Lorch zu Berg <\/em>\u2014 <strong>zu 2) <\/strong><em>1) Karl Hinterweller von hier; 2) Caroline Wagner von hier; 3) Philippine Gensmann von Dornholzhausen; 4) Philipp Wilhelm von Dornholzhausen <\/em>\u2014 <strong>zu 3) <\/strong><em>1) Karl Z\u00f6llner von hier; 2) Philippine Metz von hier; 3) Wilhelmine Z\u00f6llmann von Berg; 4) Philipp Karl Maxeiner von Singhofen<\/em><\/span><\/p>\n<hr \/>\n<p><span style=\"font-size: 10pt; font-family: times new roman, times, serif;\"><strong>Letzte \u00c4nderung: 10. August 2023<\/strong><\/span><br \/>\n<span style=\"font-size: 10pt; font-family: times new roman, times, serif;\"><strong>Ralph Jackmuth<\/strong><\/span><\/p>\n","protected":false},"excerpt":{"rendered":"<p>Pfeiffer, Johann Michael: * 22.08.1715 Hunzel (gt. 25.08.); + 22.03.1777 Schweighausen (bg. 23.03.) Eltern: Johann Emmerich Pfeiffer (+ vor 04.12.1742) oo 07.02.1702 Marienfels mit Anna Magdalena Zimmermann aus Fr\u00fccht (Marienfels, KB 1, Bild 604 auf archion.de) oo 04.12.1742 Schweighausen (prokl. 25.11., 30.11., 02.12.) mit Klein, Anna Katharina: * 18.07.1722 Schweighausen (gt. 24.07.); konf. 29.03.1736; + &hellip; <a href=\"https:\/\/www.ahnenforschung-jackmuth.de\/?page_id=10524\" class=\"more-link\"><span class=\"screen-reader-text\">\u201eOFB Schweighausen &#8211; Pfeiffer\u201c<\/span> weiterlesen<\/a><\/p>\n","protected":false},"author":1,"featured_media":0,"parent":0,"menu_order":0,"comment_status":"closed","ping_status":"closed","template":"","meta":{"footnotes":""},"class_list":["post-10524","page","type-page","status-publish","hentry"],"_links":{"self":[{"href":"https:\/\/www.ahnenforschung-jackmuth.de\/index.php?rest_route=\/wp\/v2\/pages\/10524","targetHints":{"allow":["GET"]}}],"collection":[{"href":"https:\/\/www.ahnenforschung-jackmuth.de\/index.php?rest_route=\/wp\/v2\/pages"}],"about":[{"href":"https:\/\/www.ahnenforschung-jackmuth.de\/index.php?rest_route=\/wp\/v2\/types\/page"}],"author":[{"embeddable":true,"href":"https:\/\/www.ahnenforschung-jackmuth.de\/index.php?rest_route=\/wp\/v2\/users\/1"}],"replies":[{"embeddable":true,"href":"https:\/\/www.ahnenforschung-jackmuth.de\/index.php?rest_route=%2Fwp%2Fv2%2Fcomments&post=10524"}],"version-history":[{"count":0,"href":"https:\/\/www.ahnenforschung-jackmuth.de\/index.php?rest_route=\/wp\/v2\/pages\/10524\/revisions"}],"wp:attachment":[{"href":"https:\/\/www.ahnenforschung-jackmuth.de\/index.php?rest_route=%2Fwp%2Fv2%2Fmedia&parent=10524"}],"curies":[{"name":"wp","href":"https:\/\/api.w.org\/{rel}","templated":true}]}}