{"id":10521,"date":"2023-08-10T12:30:38","date_gmt":"2023-08-10T12:30:38","guid":{"rendered":"http:\/\/www.ahnenforschung-jackmuth.de\/?page_id=10521"},"modified":"2023-08-10T12:30:38","modified_gmt":"2023-08-10T12:30:38","slug":"ofb-schweighausen-petsch","status":"publish","type":"page","link":"https:\/\/www.ahnenforschung-jackmuth.de\/?page_id=10521","title":{"rendered":"OFB Schweighausen &#8211; Petsch"},"content":{"rendered":"<p style=\"text-align: justify;\"><span style=\"font-family: times new roman, times, serif; font-size: 10pt;\"><span style=\"color: #ff0000;\"><strong><u>Petsch<\/u><\/strong><strong>, Ludwig Karl Clemens:<\/strong><\/span> ab 1837 auf Gymnasium Weilburg (Abitur 1839), theol. Seminar Herborn; Pfarrer ab 1846 Bad Schwalbach, 1850-1865 Pfarrer in Schweighausen und Becheln, 1865- (emer.) 1869 in Miehlen; Amtsgeistlicher an den Strafanstalten\u00a0 Wiesbaden und Eberbach; Gr\u00fcnder des nass. Gef\u00e4ngnisvereins (Renckhoff: Nass. Biopgraphie, S. 304, Nr. 1746); * 25.11.1818 Solms-Braunfels; + 02.01.1890 Wiesbaden; Eltern: Johann Wilhelm Philipp Petsch (+ Schweighausen), Amtsadvokat zu Langenschwalbach, und dessen daselbst verstorbene Ehefrau Christine Henriette Couvely, beide wohnhaft zu Weilburg<\/span><\/p>\n<p style=\"text-align: justify;\"><span style=\"font-family: times new roman, times, serif; font-size: 10pt;\"><strong>oo I. 17.10.1850 Heiligenhaus<\/strong> (prokl. 29.09., 06.10., 13.10. Schweighausen) mit <strong><u>Schrick<\/u>, Emma:<\/strong> * 07.09.1830 Heiligenhaus (Mettmann); + 15.05.1855 Schweighausen (bg. 17.05.); Eltern: Peter Jakob Schrick, Kaufmann, und dessen Ehefrau Wilhelmine geb. Benninghofen, beide zu Heiligenhaus wohnhaft<\/span><\/p>\n<table style=\"width: 100%;\">\n<tbody>\n<tr>\n<td style=\"text-align: center; width: 6.19048%;\" width=\"21\"><span style=\"font-family: times new roman, times, serif; font-size: 10pt;\"><strong>Nr.<\/strong><\/span><\/td>\n<td style=\"width: 17.619%;\" width=\"125\"><span style=\"font-family: times new roman, times, serif; font-size: 10pt;\"><strong>VN normiert<\/strong><\/span><\/td>\n<td style=\"text-align: center; width: 13.2143%;\" width=\"83\"><span style=\"font-family: times new roman, times, serif; font-size: 10pt;\"><strong>Geburt<\/strong><\/span><\/td>\n<td style=\"text-align: center; width: 13.2143%;\" width=\"83\"><span style=\"font-family: times new roman, times, serif; font-size: 10pt;\"><strong>Taufe<\/strong><\/span><\/td>\n<td style=\"text-align: center; width: 10.4762%;\" width=\"63\"><span style=\"font-family: times new roman, times, serif; font-size: 10pt;\"><strong>konf.<\/strong><\/span><\/td>\n<td style=\"text-align: center; width: 11.4286%;\" width=\"70\"><span style=\"font-family: times new roman, times, serif; font-size: 10pt;\"><strong>gestorben<\/strong><\/span><\/td>\n<td style=\"text-align: center; width: 12.5%;\" width=\"78\"><span style=\"font-family: times new roman, times, serif; font-size: 10pt;\"><strong>begraben<\/strong><\/span><\/td>\n<td style=\"text-align: center; width: 7.97619%;\" width=\"44\"><span style=\"font-family: times new roman, times, serif; font-size: 10pt;\"><strong>Alter<\/strong><\/span><\/td>\n<td style=\"text-align: center; width: 7.26191%;\" width=\"39\"><span style=\"font-family: times new roman, times, serif; font-size: 10pt;\"><strong>Stand<\/strong><\/span><\/td>\n<\/tr>\n<tr>\n<td style=\"text-align: center; width: 6.19048%;\" width=\"21\"><span style=\"font-family: times new roman, times, serif; font-size: 10pt;\">1<\/span><\/td>\n<td style=\"width: 17.619%;\" width=\"125\"><span style=\"font-family: times new roman, times, serif; font-size: 10pt;\">Maria<\/span><\/td>\n<td style=\"text-align: center; width: 13.2143%;\" width=\"83\"><span style=\"font-family: times new roman, times, serif; font-size: 10pt;\">25.08.1851<\/span><\/td>\n<td style=\"text-align: center; width: 13.2143%;\" width=\"83\"><span style=\"font-family: times new roman, times, serif; font-size: 10pt;\">23.09.1851<\/span><\/td>\n<td style=\"text-align: center; width: 10.4762%;\" width=\"63\"><\/td>\n<td style=\"text-align: center; width: 11.4286%;\" width=\"70\"><span style=\"font-family: times new roman, times, serif; font-size: 10pt;\">13.04.1853<\/span><\/td>\n<td style=\"text-align: center; width: 12.5%;\" width=\"78\"><span style=\"font-family: times new roman, times, serif; font-size: 10pt;\">16.04.1853<\/span><\/td>\n<td style=\"text-align: center; width: 7.97619%;\" width=\"44\"><span style=\"font-family: times new roman, times, serif; font-size: 10pt;\">1,64<\/span><\/td>\n<td style=\"text-align: center; width: 7.26191%;\" width=\"39\"><\/td>\n<\/tr>\n<tr>\n<td style=\"text-align: center; width: 6.19048%;\"><span style=\"font-family: times new roman, times, serif; font-size: 10pt;\">2<\/span><\/td>\n<td style=\"width: 17.619%;\"><span style=\"font-family: times new roman, times, serif; font-size: 10pt;\">Ernst<\/span><\/td>\n<td style=\"text-align: center; width: 13.2143%;\"><span style=\"font-family: times new roman, times, serif; font-size: 10pt;\">17.11.1852<\/span><\/td>\n<td style=\"text-align: center; width: 13.2143%;\"><span style=\"font-family: times new roman, times, serif; font-size: 10pt;\">15.12.1852<\/span><\/td>\n<td style=\"text-align: center; width: 10.4762%;\"><\/td>\n<td style=\"text-align: center; width: 11.4286%;\"><\/td>\n<td style=\"text-align: center; width: 12.5%;\"><\/td>\n<td style=\"text-align: center; width: 7.97619%;\"><\/td>\n<td style=\"text-align: center; width: 7.26191%;\"><\/td>\n<\/tr>\n<tr>\n<td style=\"text-align: center; width: 6.19048%;\"><span style=\"font-family: times new roman, times, serif; font-size: 10pt;\">3<\/span><\/td>\n<td style=\"width: 17.619%;\"><span style=\"font-family: times new roman, times, serif; font-size: 10pt;\">Eduard<\/span><\/td>\n<td style=\"text-align: center; width: 13.2143%;\"><span style=\"font-family: times new roman, times, serif; font-size: 10pt;\">01.03.1855<\/span><\/td>\n<td style=\"text-align: center; width: 13.2143%;\"><span style=\"font-family: times new roman, times, serif; font-size: 10pt;\">21.03.1855<\/span><\/td>\n<td style=\"text-align: center; width: 10.4762%;\"><\/td>\n<td style=\"text-align: center; width: 11.4286%;\"><span style=\"font-family: times new roman, times, serif; font-size: 10pt;\">26.07.1855<\/span><\/td>\n<td style=\"text-align: center; width: 12.5%;\"><\/td>\n<td style=\"text-align: center; width: 7.97619%;\"><span style=\"font-family: times new roman, times, serif; font-size: 10pt;\">0,40<\/span><\/td>\n<td style=\"text-align: center; width: 7.26191%;\"><\/td>\n<\/tr>\n<\/tbody>\n<\/table>\n<p><span style=\"font-family: times new roman, times, serif; font-size: 10pt;\">Kind Nr. 1) Leichentext Luk 10, 42<br \/>\n<\/span><span style=\"font-family: times new roman, times, serif; font-size: 10pt;\">Kind Nr. 2) Taufpredigt Tit 3, 4-7<\/span><\/p>\n<p style=\"text-align: justify;\"><span style=\"font-family: times new roman, times, serif; font-size: 10pt;\"><strong>Paten: zu 1)<\/strong> <em>1) Advocat Johann Philipp Petsch zu Weilburg, mein Vater; 2) Wilhelmine Schrick geborene Benninghofen zu Heiligenhaus, meine Frau Schwiegermutter; 3) Architekt August Petsch zu Nast\u00e4tten, mein Bruder; und 4) dessen Braut Elise Hennemann zu Langenschwalbach <\/em>\u2014 <strong>zu 2)<\/strong> <em>1) Kaufmann Jakob Schrick zu Heiligenhaus; 2) Hugo Schrick daselbst; 3) Frau Kreisamtmann Ernestine Vogler geborene Milchsack zu Langenschwalbach; 4) Frau Lehrer Katharine Elisabeth Weber geborene Malz zu Schweighausen; 5) Predigtamtscandidat Friedrich Petsch zu Diez; u. 5) dessen Braut Friederike R\u00f6der zu Hanau <\/em>\u2014 <strong>zu 3)<\/strong> <em>1) Herr Instituts-Director Dr. med. Eduard Wilhelm Posner zu Berlin; 2) Herr Pfarrvicar Friedrich Kurtz zu Beilstein; 3) Frau Elise Petsch geborene Hennemann zu Nast\u00e4tten; 4) Fr\u00e4ulein Emilie Petsch zu Wiesbaden<\/em><\/span><\/p>\n<p style=\"text-align: justify;\"><span style=\"font-family: times new roman, times, serif; font-size: 10pt;\"><strong>oo II. 05.11.1856 Rosbach<\/strong> (prokl. 05.10., 12.10., 19.10. Schweighausen) mit <strong><u>Molly<\/u>, Auguste:<\/strong> * 18.05.1834 Rosbach (Windeck, Rhein-Sieg-Kreis); Eltern: Heinrich Friedrich Wilhelm Molly, ev. Pfarrer, und Amalie Elisabeth geb. Vogler zu Rosbach an der Sieg (Windeck)<\/span><\/p>\n<table style=\"width: 100%;\">\n<tbody>\n<tr>\n<td style=\"text-align: center; width: 5.83333%;\" width=\"21\"><span style=\"font-family: times new roman, times, serif; font-size: 10pt;\"><strong>Nr.<\/strong><\/span><\/td>\n<td style=\"width: 18.4524%;\" width=\"129\"><span style=\"font-family: times new roman, times, serif; font-size: 10pt;\"><strong>VN normiert<\/strong><\/span><\/td>\n<td style=\"text-align: center; width: 13.3333%;\" width=\"84\"><span style=\"font-family: times new roman, times, serif; font-size: 10pt;\"><strong>Geburt<\/strong><\/span><\/td>\n<td style=\"text-align: center; width: 13.3333%;\" width=\"84\"><span style=\"font-family: times new roman, times, serif; font-size: 10pt;\"><strong>Taufe<\/strong><\/span><\/td>\n<td style=\"text-align: center; width: 10.8333%;\" width=\"65\"><span style=\"font-family: times new roman, times, serif; font-size: 10pt;\"><strong>konf.<\/strong><\/span><\/td>\n<td style=\"text-align: center; width: 10.8333%;\" width=\"65\"><span style=\"font-family: times new roman, times, serif; font-size: 10pt;\"><strong>gestorben<\/strong><\/span><\/td>\n<td style=\"text-align: center; width: 11.9048%;\" width=\"73\"><span style=\"font-family: times new roman, times, serif; font-size: 10pt;\"><strong>begraben<\/strong><\/span><\/td>\n<td style=\"text-align: center; width: 7.85714%;\" width=\"43\"><span style=\"font-family: times new roman, times, serif; font-size: 10pt;\"><strong>Alter<\/strong><\/span><\/td>\n<td style=\"text-align: center; width: 7.38095%;\" width=\"40\"><span style=\"font-family: times new roman, times, serif; font-size: 10pt;\"><strong>Stand<\/strong><\/span><\/td>\n<\/tr>\n<tr>\n<td style=\"text-align: center; width: 5.83333%;\" width=\"21\"><span style=\"font-family: times new roman, times, serif; font-size: 10pt;\">1<\/span><\/td>\n<td style=\"width: 18.4524%;\" width=\"129\"><span style=\"font-family: times new roman, times, serif; font-size: 10pt;\">Amalie<\/span><\/td>\n<td style=\"text-align: center; width: 13.3333%;\" width=\"84\"><span style=\"font-family: times new roman, times, serif; font-size: 10pt;\">13.08.1857<\/span><\/td>\n<td style=\"text-align: center; width: 13.3333%;\" width=\"84\"><span style=\"font-family: times new roman, times, serif; font-size: 10pt;\">13.09.1857<\/span><\/td>\n<td style=\"text-align: center; width: 10.8333%;\" width=\"65\"><\/td>\n<td style=\"text-align: center; width: 10.8333%;\" width=\"65\"><\/td>\n<td style=\"text-align: center; width: 11.9048%;\" width=\"73\"><\/td>\n<td style=\"text-align: center; width: 7.85714%;\" width=\"43\"><\/td>\n<td style=\"text-align: center; width: 7.38095%;\" width=\"40\"><\/td>\n<\/tr>\n<tr>\n<td style=\"text-align: center; width: 5.83333%;\"><span style=\"font-family: times new roman, times, serif; font-size: 10pt;\">2<\/span><\/td>\n<td style=\"width: 18.4524%;\"><span style=\"font-family: times new roman, times, serif; font-size: 10pt;\">Hermine<\/span><\/td>\n<td style=\"text-align: center; width: 13.3333%;\"><span style=\"font-family: times new roman, times, serif; font-size: 10pt;\">12.12.1859<\/span><\/td>\n<td style=\"text-align: center; width: 13.3333%;\"><span style=\"font-family: times new roman, times, serif; font-size: 10pt;\">11.01.1860<\/span><\/td>\n<td style=\"text-align: center; width: 10.8333%;\"><\/td>\n<td style=\"text-align: center; width: 10.8333%;\"><\/td>\n<td style=\"text-align: center; width: 11.9048%;\"><\/td>\n<td style=\"text-align: center; width: 7.85714%;\"><\/td>\n<td style=\"text-align: center; width: 7.38095%;\"><\/td>\n<\/tr>\n<tr>\n<td style=\"text-align: center; width: 5.83333%;\"><span style=\"font-family: times new roman, times, serif; font-size: 10pt;\">3<\/span><\/td>\n<td style=\"width: 18.4524%;\"><span style=\"font-family: times new roman, times, serif; font-size: 10pt;\">Helene<\/span><\/td>\n<td style=\"text-align: center; width: 13.3333%;\"><span style=\"font-family: times new roman, times, serif; font-size: 10pt;\">24.12.1861<\/span><\/td>\n<td style=\"text-align: center; width: 13.3333%;\"><span style=\"font-family: times new roman, times, serif; font-size: 10pt;\">22.01.1862<\/span><\/td>\n<td style=\"text-align: center; width: 10.8333%;\"><\/td>\n<td style=\"text-align: center; width: 10.8333%;\"><\/td>\n<td style=\"text-align: center; width: 11.9048%;\"><\/td>\n<td style=\"text-align: center; width: 7.85714%;\"><\/td>\n<td style=\"text-align: center; width: 7.38095%;\"><\/td>\n<\/tr>\n<tr>\n<td style=\"text-align: center; width: 5.83333%;\"><span style=\"font-family: times new roman, times, serif; font-size: 10pt;\">4<\/span><\/td>\n<td style=\"width: 18.4524%;\"><span style=\"font-family: times new roman, times, serif; font-size: 10pt;\">Otto<\/span><\/td>\n<td style=\"text-align: center; width: 13.3333%;\"><span style=\"font-family: times new roman, times, serif; font-size: 10pt;\">10.10.1863<\/span><\/td>\n<td style=\"text-align: center; width: 13.3333%;\"><span style=\"font-family: times new roman, times, serif; font-size: 10pt;\">05.11.1863<\/span><\/td>\n<td style=\"text-align: center; width: 10.8333%;\"><\/td>\n<td style=\"text-align: center; width: 10.8333%;\"><\/td>\n<td style=\"text-align: center; width: 11.9048%;\"><\/td>\n<td style=\"text-align: center; width: 7.85714%;\"><\/td>\n<td style=\"text-align: center; width: 7.38095%;\"><\/td>\n<\/tr>\n<\/tbody>\n<\/table>\n<p style=\"text-align: justify;\"><span style=\"font-family: times new roman, times, serif; font-size: 10pt;\"><strong>Paten: zu 1)<\/strong> <em>1) H[err] Amtmann Ferdinand Vogler zu R\u00fcdesheim; 2) H[err] Landoberschulthei\u00df Leopold Steubing zu Nassau; 3) H[err] Buchhalter Karl Molly zu Holzappel; 4) Frau Pfarrer Amalie Molly geborene Vogler zu Rosbach an der Sieg; 5) Frau Doctor Elise Petsch geborene Hennemann zu Nast\u00e4tten <\/em>\u2014 <strong>zu 2)<\/strong> <em>1) H[err] Pfarrer Wilhelm Molly zu Rosbach an der Sieg; 2) H[err] Pfarrer Adolph Stahl zu D\u00f6rnberg; 3) Frau Amalie Vogler geborene Heusner zu Geisenheim; und 4) Fr\u00e4ulein Hermine Steubing zu Nassau <\/em>\u2014 <strong>zu 3)<\/strong> <em>1) H[err] Revisor Gustav Petsch zu Wiesbaden; 2) H[err] Pfarrer Theodor Burchardi in Burgschwalbach, Amts Diez; 3) Fr\u00e4ulein Amalie Molly zu Rosbach; und 4) Fr\u00e4ulein Lina Molly zu Schweighausen \u00a0<\/em>\u2014 <strong>zu 4)<\/strong> <em>1) H[err] Regierungs-Assessor Leopold Molly zu Trier; 2) H[err] Pfarrvicar Karl Rupp zu Fr\u00fccht; 3) Fr\u00e4ulein Karoline Lehr zu Nassau; und 4) Fr\u00e4ulein Ida Molly von Wiesbaden<\/em><\/span><\/p>\n<hr \/>\n<p style=\"text-align: justify;\"><span style=\"font-family: times new roman, times, serif; font-size: 10pt;\"><span style=\"color: #ff0000;\"><strong><u>Petsch<\/u><\/strong><strong>, Johann Wilhelm Philipp:<\/strong> <\/span>+ 10.04.1852 Schweighausen (bg. 13.04.); * 11.12.1790 Weilburg; Eltern: Karl August Petsch, f\u00fcrstlich nassau-weilburgischer Regierungsrat, und Charlotte Polyxene geb. Tischbein, Eheleute zu Weilburg und daselbst verstorben \u2014 Bem. im Sterbeeintrag: <em>Verheirathete sich am 22. M\u00e4rz 1818 mit Christine Henriette Couvely <\/em>[ihre Schwester Johannette Couvely + 1853 Schweighausen]<em>, Tochter des Landcommissairs und des Hauptmanns Louis Couvely von Solms-Braunfels, welche am 25. December 1847 zu Langenschwalbach starb, und hinterl\u00e4\u00dft aus der Ehe mit derselben von 7 Kindern 4 am Leben, mich, den unterzeichneten Pfarrer dahier, meine beiden Br\u00fcder und unsere Schwester.<\/em><\/span><\/p>\n<hr \/>\n<p style=\"text-align: justify;\"><span style=\"font-family: times new roman, times, serif; font-size: 10pt;\"><span style=\"color: #ff0000;\"><strong><u>Petsch<\/u><\/strong><strong>, Josephine Johannette:<\/strong><\/span> ohne Gewerbe, wohnhaft zu Weilburg, zuletzt in Schweighausen sich aufhaltend und fortan in D\u00f6rnberg wohnhaft; * 13.03.1824 B\u00fcdingen; Eltern: der verstorbene Amtsadvokat Johann Philipp Petsch und dessen verstorbene Ehefrau Christine Henriette geborene Couvely, beide wohnhaft zu Weilburg<\/span><\/p>\n<p style=\"text-align: justify;\"><span style=\"font-family: times new roman, times, serif; font-size: 10pt;\"><strong>oo 12.06.1854 Nassau<\/strong> (prokl. 17.04., 23.04., 07.05.1854 Schweighausen) mit <strong><u>Stahl<\/u>, Adolph Christian Wilhelm Theodor<\/strong>: evangelischer Pfarrer zu D\u00f6rnberg, Amts Diez; * 13.07.1829 Wallmerod (Westerwaldkreis); Eltern: der herzoglich nassauische Forstmeister Friedrich Stahl zu Nassau und dessen daselbst verstorbene Ehefrau Christine geborene Groos<\/span><\/p>\n<hr \/>\n<p><span style=\"font-size: 10pt; font-family: times new roman, times, serif;\"><strong>Letzte \u00c4nderung: 10. August 2023<\/strong><\/span><br \/>\n<span style=\"font-size: 10pt; font-family: times new roman, times, serif;\"><strong>Ralph Jackmuth<\/strong><\/span><\/p>\n","protected":false},"excerpt":{"rendered":"<p>Petsch, Ludwig Karl Clemens: ab 1837 auf Gymnasium Weilburg (Abitur 1839), theol. Seminar Herborn; Pfarrer ab 1846 Bad Schwalbach, 1850-1865 Pfarrer in Schweighausen und Becheln, 1865- (emer.) 1869 in Miehlen; Amtsgeistlicher an den Strafanstalten\u00a0 Wiesbaden und Eberbach; Gr\u00fcnder des nass. Gef\u00e4ngnisvereins (Renckhoff: Nass. Biopgraphie, S. 304, Nr. 1746); * 25.11.1818 Solms-Braunfels; + 02.01.1890 Wiesbaden; Eltern: &hellip; <a href=\"https:\/\/www.ahnenforschung-jackmuth.de\/?page_id=10521\" class=\"more-link\"><span class=\"screen-reader-text\">\u201eOFB Schweighausen &#8211; Petsch\u201c<\/span> weiterlesen<\/a><\/p>\n","protected":false},"author":1,"featured_media":0,"parent":0,"menu_order":0,"comment_status":"closed","ping_status":"closed","template":"","meta":{"footnotes":""},"class_list":["post-10521","page","type-page","status-publish","hentry"],"_links":{"self":[{"href":"https:\/\/www.ahnenforschung-jackmuth.de\/index.php?rest_route=\/wp\/v2\/pages\/10521","targetHints":{"allow":["GET"]}}],"collection":[{"href":"https:\/\/www.ahnenforschung-jackmuth.de\/index.php?rest_route=\/wp\/v2\/pages"}],"about":[{"href":"https:\/\/www.ahnenforschung-jackmuth.de\/index.php?rest_route=\/wp\/v2\/types\/page"}],"author":[{"embeddable":true,"href":"https:\/\/www.ahnenforschung-jackmuth.de\/index.php?rest_route=\/wp\/v2\/users\/1"}],"replies":[{"embeddable":true,"href":"https:\/\/www.ahnenforschung-jackmuth.de\/index.php?rest_route=%2Fwp%2Fv2%2Fcomments&post=10521"}],"version-history":[{"count":0,"href":"https:\/\/www.ahnenforschung-jackmuth.de\/index.php?rest_route=\/wp\/v2\/pages\/10521\/revisions"}],"wp:attachment":[{"href":"https:\/\/www.ahnenforschung-jackmuth.de\/index.php?rest_route=%2Fwp%2Fv2%2Fmedia&parent=10521"}],"curies":[{"name":"wp","href":"https:\/\/api.w.org\/{rel}","templated":true}]}}