{"id":10518,"date":"2023-08-10T12:27:54","date_gmt":"2023-08-10T12:27:54","guid":{"rendered":"http:\/\/www.ahnenforschung-jackmuth.de\/?page_id=10518"},"modified":"2023-08-10T12:27:54","modified_gmt":"2023-08-10T12:27:54","slug":"ofb-schweighausen-paul","status":"publish","type":"page","link":"https:\/\/www.ahnenforschung-jackmuth.de\/?page_id=10518","title":{"rendered":"OFB Schweighausen &#8211; Paul"},"content":{"rendered":"<p style=\"text-align: justify;\"><span style=\"font-family: times new roman, times, serif; font-size: 10pt;\"><span style=\"color: #ff0000;\"><strong><u>Paul<\/u>, Johann Heinrich:<\/strong> <\/span>Bauer; * 10.10.1839 Singhofen; Eltern: Philipp David Paul II, tot, Bauer, und dessen noch lebende Ehefrau Anna Elisabeth geb. Klump, wohnhaft zu Schweighausen<\/span><\/p>\n<p style=\"text-align: justify;\"><span style=\"font-family: times new roman, times, serif; font-size: 10pt;\"><strong>oo 24.03.1867 Schweighausen<\/strong> (prokl. 27.02., 03.03., 10.03.) mit <strong><u>Zils<\/u>, Maria Elisabeth:<\/strong> * 11.07.1839 Schweighausen (gt. 21.07.); konf. 15.05.1853; Eltern: Johann Adam Zils, Zimmermann, und Anna Elisabeth geb. Schmidt<\/span><\/p>\n<table style=\"width: 100%;\">\n<tbody>\n<tr>\n<td style=\"width: 7.02381%; text-align: center;\" width=\"21\"><span style=\"font-family: times new roman, times, serif; font-size: 10pt;\"><strong>Nr.<\/strong><\/span><\/td>\n<td style=\"width: 22.5%;\" width=\"173\"><span style=\"font-family: times new roman, times, serif; font-size: 10pt;\"><strong>VN normiert<\/strong><\/span><\/td>\n<td style=\"width: 12.7381%; text-align: center;\" width=\"82\"><span style=\"font-family: times new roman, times, serif; font-size: 10pt;\"><strong>Geburt<\/strong><\/span><\/td>\n<td style=\"width: 12.7381%; text-align: center;\" width=\"82\"><span style=\"font-family: times new roman, times, serif; font-size: 10pt;\"><strong>Taufe<\/strong><\/span><\/td>\n<td style=\"width: 9.88095%; text-align: center;\" width=\"60\"><span style=\"font-family: times new roman, times, serif; font-size: 10pt;\"><strong>konf.<\/strong><\/span><\/td>\n<td style=\"width: 9.88095%; text-align: center;\" width=\"60\"><span style=\"font-family: times new roman, times, serif; font-size: 10pt;\"><strong>gestorben<\/strong><\/span><\/td>\n<td style=\"width: 10.9524%; text-align: center;\" width=\"68\"><span style=\"font-family: times new roman, times, serif; font-size: 10pt;\"><strong>begraben<\/strong><\/span><\/td>\n<td style=\"width: 7.26191%; text-align: center;\" width=\"40\"><span style=\"font-family: times new roman, times, serif; font-size: 10pt;\"><strong>Alter<\/strong><\/span><\/td>\n<td style=\"width: 6.90476%; text-align: center;\" width=\"37\"><span style=\"font-family: times new roman, times, serif; font-size: 10pt;\"><strong>Stand<\/strong><\/span><\/td>\n<\/tr>\n<tr>\n<td style=\"width: 7.02381%; text-align: center;\" width=\"21\"><span style=\"font-family: times new roman, times, serif; font-size: 10pt;\">1<\/span><\/td>\n<td style=\"width: 22.5%;\" width=\"173\"><span style=\"font-family: times new roman, times, serif; font-size: 10pt;\">Katharine Karoline<\/span><\/td>\n<td style=\"width: 12.7381%; text-align: center;\" width=\"82\"><span style=\"font-family: times new roman, times, serif; font-size: 10pt;\">23.01.1868<\/span><\/td>\n<td style=\"width: 12.7381%; text-align: center;\" width=\"82\"><span style=\"font-family: times new roman, times, serif; font-size: 10pt;\">09.02.1868<\/span><\/td>\n<td style=\"width: 9.88095%; text-align: center;\" width=\"60\"><\/td>\n<td style=\"width: 9.88095%; text-align: center;\" width=\"60\"><\/td>\n<td style=\"width: 10.9524%; text-align: center;\" width=\"68\"><\/td>\n<td style=\"width: 7.26191%; text-align: center;\" width=\"40\"><\/td>\n<td style=\"width: 6.90476%; text-align: center;\" width=\"37\"><\/td>\n<\/tr>\n<tr>\n<td style=\"width: 7.02381%; text-align: center;\"><span style=\"font-family: times new roman, times, serif; font-size: 10pt;\">2<\/span><\/td>\n<td style=\"width: 22.5%;\"><span style=\"font-family: times new roman, times, serif; font-size: 10pt;\">Caroline Philippine Wilhelmine<\/span><\/td>\n<td style=\"width: 12.7381%; text-align: center;\"><span style=\"font-family: times new roman, times, serif; font-size: 10pt;\">18.06.1869<\/span><\/td>\n<td style=\"width: 12.7381%; text-align: center;\"><span style=\"font-family: times new roman, times, serif; font-size: 10pt;\">27.06.1869<\/span><\/td>\n<td style=\"width: 9.88095%; text-align: center;\"><\/td>\n<td style=\"width: 9.88095%; text-align: center;\"><\/td>\n<td style=\"width: 10.9524%; text-align: center;\"><\/td>\n<td style=\"width: 7.26191%; text-align: center;\"><\/td>\n<td style=\"width: 6.90476%; text-align: center;\"><\/td>\n<\/tr>\n<tr>\n<td style=\"width: 7.02381%; text-align: center;\"><span style=\"font-family: times new roman, times, serif; font-size: 10pt;\">3<\/span><\/td>\n<td style=\"width: 22.5%;\"><span style=\"font-family: times new roman, times, serif; font-size: 10pt;\">Henriette Philippine Christiane<\/span><\/td>\n<td style=\"width: 12.7381%; text-align: center;\"><span style=\"font-family: times new roman, times, serif; font-size: 10pt;\">29.09.1870<\/span><\/td>\n<td style=\"width: 12.7381%; text-align: center;\"><span style=\"font-family: times new roman, times, serif; font-size: 10pt;\">09.10.1870<\/span><\/td>\n<td style=\"width: 9.88095%; text-align: center;\"><\/td>\n<td style=\"width: 9.88095%; text-align: center;\"><\/td>\n<td style=\"width: 10.9524%; text-align: center;\"><\/td>\n<td style=\"width: 7.26191%; text-align: center;\"><\/td>\n<td style=\"width: 6.90476%; text-align: center;\"><\/td>\n<\/tr>\n<tr>\n<td style=\"width: 7.02381%; text-align: center;\"><span style=\"font-family: times new roman, times, serif; font-size: 10pt;\">4<\/span><\/td>\n<td style=\"width: 22.5%;\"><span style=\"font-family: times new roman, times, serif; font-size: 10pt;\">Henriette Wilhelmine<\/span><\/td>\n<td style=\"width: 12.7381%; text-align: center;\"><span style=\"font-family: times new roman, times, serif; font-size: 10pt;\">17.10.1872<\/span><\/td>\n<td style=\"width: 12.7381%; text-align: center;\"><span style=\"font-family: times new roman, times, serif; font-size: 10pt;\">03.11.1872<\/span><\/td>\n<td style=\"width: 9.88095%; text-align: center;\"><\/td>\n<td style=\"width: 9.88095%; text-align: center;\"><\/td>\n<td style=\"width: 10.9524%; text-align: center;\"><\/td>\n<td style=\"width: 7.26191%; text-align: center;\"><\/td>\n<td style=\"width: 6.90476%; text-align: center;\"><\/td>\n<\/tr>\n<tr>\n<td style=\"width: 7.02381%; text-align: center;\"><span style=\"font-family: times new roman, times, serif; font-size: 10pt;\">5<\/span><\/td>\n<td style=\"width: 22.5%;\"><span style=\"font-family: times new roman, times, serif; font-size: 10pt;\">Pauline Christine<\/span><\/td>\n<td style=\"width: 12.7381%; text-align: center;\"><span style=\"font-family: times new roman, times, serif; font-size: 10pt;\">23.08.1874<\/span><\/td>\n<td style=\"width: 12.7381%; text-align: center;\"><span style=\"font-family: times new roman, times, serif; font-size: 10pt;\">13.09.1874<\/span><\/td>\n<td style=\"width: 9.88095%; text-align: center;\"><\/td>\n<td style=\"width: 9.88095%; text-align: center;\"><\/td>\n<td style=\"width: 10.9524%; text-align: center;\"><\/td>\n<td style=\"width: 7.26191%; text-align: center;\"><\/td>\n<td style=\"width: 6.90476%; text-align: center;\"><\/td>\n<\/tr>\n<\/tbody>\n<\/table>\n<p style=\"text-align: justify;\"><span style=\"font-family: times new roman, times, serif; font-size: 10pt;\"><strong>Paten: zu 1) <\/strong><em>1) Johann Peter Schmidt von hier; 2) Friedrich Paul von Kehlbach; 3) Katharine Klump von Singhofen; 4) Caroline Zils von hier <\/em>\u2014 <strong>zu 2)<\/strong> <em>1) Wilhelm Paul von Singhofen; 2) Philipp Heinrich Wagner von hier; 3) Philippine Hinterweller von hier; 4) Karoline Kuhn von hier <\/em>\u2014 <strong>zu 3)<\/strong> <em>1) Heinrich Zils; 2) Heinrich Thiel; 3) Christiane Klein; 4) Philippine Zils; s\u00e4mmtlich von hier <\/em>\u2014 <strong>zu 4)<\/strong> <em>1) Friedrich Gemmer von hier; 2) Karl Maxeiner von hier; 3) Henriette Zils von hier; 4) Wilhelmine Hofmann von Becheln <\/em>\u2014 <strong>zu 5)<\/strong> <em>1) Johann August Kuhn von Nassau; 2) Pauline Kuhn von Nassau; 3) Johann Adam Br\u00f6der von Schweighausen; 4) Christine Zils von Schweighausen <\/em><\/span><\/p>\n<hr \/>\n<p style=\"text-align: justify;\"><span style=\"font-family: times new roman, times, serif; font-size: 10pt;\"><span style=\"color: #ff0000;\"><strong><u>Paul<\/u><\/strong><strong>, Anne Marie Christine: <\/strong><\/span>+ 13.02.1865 Schweighausen (bg. 16.02.); * 28.09.1836 Paulsm\u00fchle bei Singhofen: Eltern: Johann David Paul, M\u00fcller, und Maria Katharina geb. Klump auf der Paulsm\u00fchle bei Singhofen; Bem. im Sterbeeintrag: <em>Die Verstorbene, welche bereits seit l\u00e4ngerer Zeit kr\u00e4nklich war und seit den letzten acht Tagen als N\u00e4herin, in einem befreundeten Hause dahier sich aufhaltend, unverhofft schnell gestorben ist, erreichte ein Alter von 28 Jahren, 4 Monaten, 16 Tagen.<\/em><\/span><\/p>\n<hr \/>\n<p><span style=\"font-size: 10pt; font-family: times new roman, times, serif;\"><strong>Letzte \u00c4nderung: 10. August 2023<\/strong><\/span><br \/>\n<span style=\"font-size: 10pt; font-family: times new roman, times, serif;\"><strong>Ralph Jackmuth<\/strong><\/span><\/p>\n","protected":false},"excerpt":{"rendered":"<p>Paul, Johann Heinrich: Bauer; * 10.10.1839 Singhofen; Eltern: Philipp David Paul II, tot, Bauer, und dessen noch lebende Ehefrau Anna Elisabeth geb. Klump, wohnhaft zu Schweighausen oo 24.03.1867 Schweighausen (prokl. 27.02., 03.03., 10.03.) mit Zils, Maria Elisabeth: * 11.07.1839 Schweighausen (gt. 21.07.); konf. 15.05.1853; Eltern: Johann Adam Zils, Zimmermann, und Anna Elisabeth geb. Schmidt Nr. &hellip; <a href=\"https:\/\/www.ahnenforschung-jackmuth.de\/?page_id=10518\" class=\"more-link\"><span class=\"screen-reader-text\">\u201eOFB Schweighausen &#8211; Paul\u201c<\/span> weiterlesen<\/a><\/p>\n","protected":false},"author":1,"featured_media":0,"parent":0,"menu_order":0,"comment_status":"closed","ping_status":"closed","template":"","meta":{"footnotes":""},"class_list":["post-10518","page","type-page","status-publish","hentry"],"_links":{"self":[{"href":"https:\/\/www.ahnenforschung-jackmuth.de\/index.php?rest_route=\/wp\/v2\/pages\/10518","targetHints":{"allow":["GET"]}}],"collection":[{"href":"https:\/\/www.ahnenforschung-jackmuth.de\/index.php?rest_route=\/wp\/v2\/pages"}],"about":[{"href":"https:\/\/www.ahnenforschung-jackmuth.de\/index.php?rest_route=\/wp\/v2\/types\/page"}],"author":[{"embeddable":true,"href":"https:\/\/www.ahnenforschung-jackmuth.de\/index.php?rest_route=\/wp\/v2\/users\/1"}],"replies":[{"embeddable":true,"href":"https:\/\/www.ahnenforschung-jackmuth.de\/index.php?rest_route=%2Fwp%2Fv2%2Fcomments&post=10518"}],"version-history":[{"count":0,"href":"https:\/\/www.ahnenforschung-jackmuth.de\/index.php?rest_route=\/wp\/v2\/pages\/10518\/revisions"}],"wp:attachment":[{"href":"https:\/\/www.ahnenforschung-jackmuth.de\/index.php?rest_route=%2Fwp%2Fv2%2Fmedia&parent=10518"}],"curies":[{"name":"wp","href":"https:\/\/api.w.org\/{rel}","templated":true}]}}