{"id":10489,"date":"2023-08-10T11:51:33","date_gmt":"2023-08-10T11:51:33","guid":{"rendered":"http:\/\/www.ahnenforschung-jackmuth.de\/?page_id=10489"},"modified":"2023-08-10T11:51:33","modified_gmt":"2023-08-10T11:51:33","slug":"ofb-schweighausen-kaffine","status":"publish","type":"page","link":"https:\/\/www.ahnenforschung-jackmuth.de\/?page_id=10489","title":{"rendered":"OFB Schweighausen &#8211; Kaffine"},"content":{"rendered":"<p><span style=\"font-family: times new roman, times, serif; font-size: 10pt;\"><span style=\"color: #ff0000;\"><strong><em><u>Cavene<\/u><\/em><\/strong><strong>, Johann Henrich: <\/strong><\/span>\u00d6lm\u00fcller aus Ems, Name dort <em>Kaphne, Caphne<\/em><\/span><\/p>\n<p><span style=\"font-family: times new roman, times, serif; font-size: 10pt;\"><strong>oo<\/strong> mit <strong>(Maria)<\/strong> <strong>Veronika<\/strong><\/span><\/p>\n<table style=\"width: 100%;\">\n<tbody>\n<tr>\n<td style=\"text-align: center; width: 6.07143%;\" width=\"21\"><span style=\"font-family: times new roman, times, serif; font-size: 10pt;\"><strong>Nr.<\/strong><\/span><\/td>\n<td style=\"width: 18.2143%;\" width=\"129\"><span style=\"font-family: times new roman, times, serif; font-size: 10pt;\"><strong>VN normiert<\/strong><\/span><\/td>\n<td style=\"text-align: center; width: 12.9762%;\" width=\"81\"><span style=\"font-family: times new roman, times, serif; font-size: 10pt;\"><strong>Geburt<\/strong><\/span><\/td>\n<td style=\"text-align: center; width: 12.9762%;\" width=\"81\"><span style=\"font-family: times new roman, times, serif; font-size: 10pt;\"><strong>Taufe<\/strong><\/span><\/td>\n<td style=\"text-align: center; width: 11.0714%;\" width=\"67\"><span style=\"font-family: times new roman, times, serif; font-size: 10pt;\"><strong>konf.<\/strong><\/span><\/td>\n<td style=\"text-align: center; width: 11.0714%;\" width=\"67\"><span style=\"font-family: times new roman, times, serif; font-size: 10pt;\"><strong>gestorben<\/strong><\/span><\/td>\n<td style=\"text-align: center; width: 12.1429%;\" width=\"75\"><span style=\"font-family: times new roman, times, serif; font-size: 10pt;\"><strong>begraben<\/strong><\/span><\/td>\n<td style=\"text-align: center; width: 7.97619%;\" width=\"44\"><span style=\"font-family: times new roman, times, serif; font-size: 10pt;\"><strong>Alter<\/strong><\/span><\/td>\n<td style=\"text-align: center; width: 7.5%;\" width=\"41\"><span style=\"font-family: times new roman, times, serif; font-size: 10pt;\"><strong>Stand<\/strong><\/span><\/td>\n<\/tr>\n<tr>\n<td style=\"text-align: center; width: 6.07143%;\" width=\"21\"><span style=\"font-family: times new roman, times, serif; font-size: 10pt;\">1<\/span><\/td>\n<td style=\"width: 18.2143%;\" width=\"129\"><span style=\"font-family: times new roman, times, serif; font-size: 10pt;\">Maria Katharina<\/span><\/td>\n<td style=\"text-align: center; width: 12.9762%;\" width=\"81\"><\/td>\n<td style=\"text-align: center; width: 12.9762%;\" width=\"81\"><span style=\"font-family: times new roman, times, serif; font-size: 10pt;\">01.01.1705<\/span><\/td>\n<td style=\"text-align: center; width: 11.0714%;\" width=\"67\"><\/td>\n<td style=\"text-align: center; width: 11.0714%;\" width=\"67\"><\/td>\n<td style=\"text-align: center; width: 12.1429%;\" width=\"75\"><span style=\"font-family: times new roman, times, serif; font-size: 10pt;\">01.01.1706<\/span><\/td>\n<td style=\"text-align: center; width: 7.97619%;\" width=\"44\"><\/td>\n<td style=\"text-align: center; width: 7.5%;\" width=\"41\"><\/td>\n<\/tr>\n<tr>\n<td style=\"text-align: center; width: 6.07143%;\" width=\"21\"><span style=\"font-family: times new roman, times, serif; font-size: 10pt;\">2<\/span><\/td>\n<td style=\"width: 18.2143%;\" width=\"129\"><span style=\"font-family: times new roman, times, serif; font-size: 10pt;\">Maria Elisabeth<\/span><\/td>\n<td style=\"text-align: center; width: 12.9762%;\" width=\"81\"><\/td>\n<td style=\"text-align: center; width: 12.9762%;\" width=\"81\"><span style=\"font-family: times new roman, times, serif; font-size: 10pt;\">24.10.1706<\/span><\/td>\n<td style=\"text-align: center; width: 11.0714%;\" width=\"67\"><\/td>\n<td style=\"text-align: center; width: 11.0714%;\" width=\"67\"><\/td>\n<td style=\"text-align: center; width: 12.1429%;\" width=\"75\"><\/td>\n<td style=\"text-align: center; width: 7.97619%;\" width=\"44\"><\/td>\n<td style=\"text-align: center; width: 7.5%;\" width=\"41\"><\/td>\n<\/tr>\n<tr>\n<td style=\"text-align: center; width: 6.07143%;\" width=\"21\"><span style=\"font-family: times new roman, times, serif; font-size: 10pt;\">3<\/span><\/td>\n<td style=\"width: 18.2143%;\" width=\"129\"><span style=\"font-family: times new roman, times, serif; font-size: 10pt;\">Johann Karl<\/span><\/td>\n<td style=\"text-align: center; width: 12.9762%;\" width=\"81\"><\/td>\n<td style=\"text-align: center; width: 12.9762%;\" width=\"81\"><span style=\"font-family: times new roman, times, serif; font-size: 10pt;\">25.07.1708<\/span><\/td>\n<td style=\"text-align: center; width: 11.0714%;\" width=\"67\"><\/td>\n<td style=\"text-align: center; width: 11.0714%;\" width=\"67\"><\/td>\n<td style=\"text-align: center; width: 12.1429%;\" width=\"75\"><span style=\"font-family: times new roman, times, serif; font-size: 10pt;\">01.01.1710<\/span><\/td>\n<td style=\"text-align: center; width: 7.97619%;\" width=\"44\"><\/td>\n<td style=\"text-align: center; width: 7.5%;\" width=\"41\"><\/td>\n<\/tr>\n<tr>\n<td style=\"text-align: center; width: 6.07143%;\" width=\"21\"><span style=\"font-family: times new roman, times, serif; font-size: 10pt;\">4<\/span><\/td>\n<td style=\"width: 18.2143%;\" width=\"129\"><span style=\"font-family: times new roman, times, serif; font-size: 10pt;\">Margaretha Barbara<\/span><\/td>\n<td style=\"text-align: center; width: 12.9762%;\" width=\"81\"><\/td>\n<td style=\"text-align: center; width: 12.9762%;\" width=\"81\"><span style=\"font-family: times new roman, times, serif; font-size: 10pt;\">23.11.1710<\/span><\/td>\n<td style=\"text-align: center; width: 11.0714%;\" width=\"67\"><\/td>\n<td style=\"text-align: center; width: 11.0714%;\" width=\"67\"><\/td>\n<td style=\"text-align: center; width: 12.1429%;\" width=\"75\"><\/td>\n<td style=\"text-align: center; width: 7.97619%;\" width=\"44\"><\/td>\n<td style=\"text-align: center; width: 7.5%;\" width=\"41\"><\/td>\n<\/tr>\n<tr>\n<td style=\"text-align: center; width: 6.07143%;\" width=\"21\"><span style=\"font-family: times new roman, times, serif; font-size: 10pt;\">5<\/span><\/td>\n<td style=\"width: 18.2143%;\" width=\"129\"><span style=\"font-family: times new roman, times, serif; font-size: 10pt;\">Maria Magdalena<\/span><\/td>\n<td style=\"text-align: center; width: 12.9762%;\" width=\"81\"><span style=\"font-family: times new roman, times, serif; font-size: 10pt;\">12.01.1719<\/span><\/td>\n<td style=\"text-align: center; width: 12.9762%;\" width=\"81\"><span style=\"font-family: times new roman, times, serif; font-size: 10pt;\">15.01.1719<\/span><\/td>\n<td style=\"text-align: center; width: 11.0714%;\" width=\"67\"><\/td>\n<td style=\"text-align: center; width: 11.0714%;\" width=\"67\"><\/td>\n<td style=\"text-align: center; width: 12.1429%;\" width=\"75\"><\/td>\n<td style=\"text-align: center; width: 7.97619%;\" width=\"44\"><\/td>\n<td style=\"text-align: center; width: 7.5%;\" width=\"41\"><\/td>\n<\/tr>\n<\/tbody>\n<\/table>\n<p style=\"text-align: justify;\"><span style=\"font-family: times new roman, times, serif; font-size: 10pt;\">Kind Nr. 1) bis 4) * Ems \u2014 Kind Nr. 1) und 3) + Ems<br \/>\n<\/span><span style=\"font-family: times new roman, times, serif; font-size: 10pt;\">Kind Nr. 5 * Schweighausen<\/span><\/p>\n<p style=\"text-align: justify;\"><span style=\"font-family: times new roman, times, serif; font-size: 10pt;\"><strong>Paten: zu 1) <\/strong><em>Tauff-Goden sind: Maria Elisabetha, Peter W\u00fcrtzen, h[uius] t[empore] gemeinen Beckers zu Embs, eheliche Hau\u00dffrau, vnd Anna Catharina, Johann Engel Minors, eines M\u00fcllers zu Nassau-Scheuern, Ehefrau. Der Path ist: Johann Daniel Otter&lt;&#8230;&gt;bach, ein Olen-M\u00fcller zu Nassau-&lt;Scheu&gt;ern <\/em>\u2014 <strong>zu 2) <\/strong><em>Tauff-Goden sind: Maria Elisabetha, weiland Hans Jacob Lemlers hinterlassene Tochter, vnd Maria Elisabetha, Michael Schuppen allhierHau\u00dffrau. Der Path ist: Johann Nicolaus Zimmerschied, ein hiesiger Einwohner <\/em>\u2014 <strong>zu 3) <\/strong><em>Tauffpathen sind: Herr Johann Nicolaus Hermann, wohlbestellter Vogt auff dem hochf\u00fcrst[lich] hessischen Baad allhier, vnd Meister Johann Carl Ahler, ein Einwohner vnd Becker am Baad. Die God ist: Anna Catharina, Adam Dommermuths, eines Schreiner vnd Gerichts-Sch\u00f6pffen dahier zu Embs, Hau\u00dffrau <\/em>\u2014 <strong>zu 4) <\/strong><em>Tauff-Goden sind: A[nna] Margretha, defuncti Christian Wolffs, gewesenen M\u00fcllers in einer M\u00fchl vorm Thal Ehrenbreitstein, hinterlassene Tochter, vnd dann Anna Barbara, Johannes K\u00fcchlers, eines M\u00fcllers zu Cadenbach in der Augst, H[aus]frau. Der Path ist: Johann Henrich Eichholtz <\/em>\u2014 <strong>zu 5) <\/strong><em>1) Joh[ann] Adam Gerhard; 2) Anna Magdalena Kraftin; 3) Maria Catharina, Th\u00f6nges Beckers Hau\u00dffrau<\/em><\/span><\/p>\n<hr \/>\n<p><span style=\"font-size: 10pt; font-family: times new roman, times, serif;\"><strong>Letzte \u00c4nderung: 10. August 2023<\/strong><\/span><br \/>\n<span style=\"font-size: 10pt; font-family: times new roman, times, serif;\"><strong>Ralph Jackmuth<\/strong><\/span><\/p>\n","protected":false},"excerpt":{"rendered":"<p>Cavene, Johann Henrich: \u00d6lm\u00fcller aus Ems, Name dort Kaphne, Caphne oo mit (Maria) Veronika Nr. VN normiert Geburt Taufe konf. gestorben begraben Alter Stand 1 Maria Katharina 01.01.1705 01.01.1706 2 Maria Elisabeth 24.10.1706 3 Johann Karl 25.07.1708 01.01.1710 4 Margaretha Barbara 23.11.1710 5 Maria Magdalena 12.01.1719 15.01.1719 Kind Nr. 1) bis 4) * Ems \u2014 &hellip; <a href=\"https:\/\/www.ahnenforschung-jackmuth.de\/?page_id=10489\" class=\"more-link\"><span class=\"screen-reader-text\">\u201eOFB Schweighausen &#8211; Kaffine\u201c<\/span> weiterlesen<\/a><\/p>\n","protected":false},"author":1,"featured_media":0,"parent":0,"menu_order":0,"comment_status":"closed","ping_status":"closed","template":"","meta":{"footnotes":""},"class_list":["post-10489","page","type-page","status-publish","hentry"],"_links":{"self":[{"href":"https:\/\/www.ahnenforschung-jackmuth.de\/index.php?rest_route=\/wp\/v2\/pages\/10489","targetHints":{"allow":["GET"]}}],"collection":[{"href":"https:\/\/www.ahnenforschung-jackmuth.de\/index.php?rest_route=\/wp\/v2\/pages"}],"about":[{"href":"https:\/\/www.ahnenforschung-jackmuth.de\/index.php?rest_route=\/wp\/v2\/types\/page"}],"author":[{"embeddable":true,"href":"https:\/\/www.ahnenforschung-jackmuth.de\/index.php?rest_route=\/wp\/v2\/users\/1"}],"replies":[{"embeddable":true,"href":"https:\/\/www.ahnenforschung-jackmuth.de\/index.php?rest_route=%2Fwp%2Fv2%2Fcomments&post=10489"}],"version-history":[{"count":0,"href":"https:\/\/www.ahnenforschung-jackmuth.de\/index.php?rest_route=\/wp\/v2\/pages\/10489\/revisions"}],"wp:attachment":[{"href":"https:\/\/www.ahnenforschung-jackmuth.de\/index.php?rest_route=%2Fwp%2Fv2%2Fmedia&parent=10489"}],"curies":[{"name":"wp","href":"https:\/\/api.w.org\/{rel}","templated":true}]}}