{"id":10487,"date":"2023-08-10T11:49:40","date_gmt":"2023-08-10T11:49:40","guid":{"rendered":"http:\/\/www.ahnenforschung-jackmuth.de\/?page_id=10487"},"modified":"2023-08-10T11:49:57","modified_gmt":"2023-08-10T11:49:57","slug":"ofb-schweighausen-hausen","status":"publish","type":"page","link":"https:\/\/www.ahnenforschung-jackmuth.de\/?page_id=10487","title":{"rendered":"OFB Schweighausen &#8211; Hausen"},"content":{"rendered":"<p style=\"text-align: justify;\"><span style=\"font-family: times new roman, times, serif; font-size: 10pt;\"><span style=\"color: #ff0000;\"><strong><u>Hausen<\/u><\/strong><strong>, Johann Karl: <\/strong><\/span>Elementarlehrer zu Roth (VG Aar-Einrich), dann in Schweighausen; * 14.02.1828 Kemmenau (VG Bad Ems-Nassau); Eltern: Johann Philipp Hausen, Ackersmann zu Kemmenau, und Elisabeth Margaretha geb. Adami<\/span><\/p>\n<p style=\"text-align: justify;\"><span style=\"font-family: times new roman, times, serif; font-size: 10pt;\"><strong>oo 05.11.1854 Braubach<\/strong> (prokl. 15.10., 22.10., 29.10.) mit <strong><u>Eschenbrenner<\/u>, Anna Maria Philippine:<\/strong> * 04.11.1835 Braubach; Eltern: Johann Georg Eschenbrenner, B\u00e4cker und Kirchenvorsteher in Braubach, und Katharine Louise geb. Arzb\u00e4cher<\/span><\/p>\n<table style=\"width: 100%;\">\n<tbody>\n<tr>\n<td style=\"text-align: center; width: 5.47619%;\" width=\"21\"><span style=\"font-family: times new roman, times, serif; font-size: 10pt;\"><strong>Nr.<\/strong><\/span><\/td>\n<td style=\"width: 21.3095%;\" width=\"152\"><span style=\"font-family: times new roman, times, serif; font-size: 10pt;\"><strong>VN normiert<\/strong><\/span><\/td>\n<td style=\"text-align: center; width: 12.8571%;\" width=\"82\"><span style=\"font-family: times new roman, times, serif; font-size: 10pt;\"><strong>Geburt<\/strong><\/span><\/td>\n<td style=\"text-align: center; width: 12.8571%;\" width=\"82\"><span style=\"font-family: times new roman, times, serif; font-size: 10pt;\"><strong>Taufe<\/strong><\/span><\/td>\n<td style=\"text-align: center; width: 9.76191%;\" width=\"59\"><span style=\"font-family: times new roman, times, serif; font-size: 10pt;\"><strong>konf.<\/strong><\/span><\/td>\n<td style=\"text-align: center; width: 11.0714%;\" width=\"69\"><span style=\"font-family: times new roman, times, serif; font-size: 10pt;\"><strong>gestorben<\/strong><\/span><\/td>\n<td style=\"text-align: center; width: 12.1429%;\" width=\"77\"><span style=\"font-family: times new roman, times, serif; font-size: 10pt;\"><strong>begraben<\/strong><\/span><\/td>\n<td style=\"text-align: center; width: 7.61905%;\" width=\"43\"><span style=\"font-family: times new roman, times, serif; font-size: 10pt;\"><strong>Alter<\/strong><\/span><\/td>\n<td style=\"text-align: center; width: 6.90476%;\" width=\"37\"><span style=\"font-family: times new roman, times, serif; font-size: 10pt;\"><strong>Stand<\/strong><\/span><\/td>\n<\/tr>\n<tr>\n<td style=\"text-align: center; width: 5.47619%;\" width=\"21\"><span style=\"font-family: times new roman, times, serif; font-size: 10pt;\">1<\/span><\/td>\n<td style=\"width: 21.3095%;\" width=\"152\"><span style=\"font-family: times new roman, times, serif; font-size: 10pt;\">Johann Georg Karl<\/span><\/td>\n<td style=\"text-align: center; width: 12.8571%;\" width=\"82\"><span style=\"font-family: times new roman, times, serif; font-size: 10pt;\">10.11.1856<\/span><\/td>\n<td style=\"text-align: center; width: 12.8571%;\" width=\"82\"><span style=\"font-family: times new roman, times, serif; font-size: 10pt;\">25.11.1856<\/span><\/td>\n<td style=\"text-align: center; width: 9.76191%;\" width=\"59\"><\/td>\n<td style=\"text-align: center; width: 11.0714%;\" width=\"69\"><span style=\"font-family: times new roman, times, serif; font-size: 10pt;\">02.05.1943<\/span><\/td>\n<td style=\"text-align: center; width: 12.1429%;\" width=\"77\"><\/td>\n<td style=\"text-align: center; width: 7.61905%;\" width=\"43\"><\/td>\n<td style=\"text-align: center; width: 6.90476%;\" width=\"37\"><\/td>\n<\/tr>\n<tr>\n<td style=\"text-align: center; width: 5.47619%;\" width=\"21\"><span style=\"font-family: times new roman, times, serif; font-size: 10pt;\">2<\/span><\/td>\n<td style=\"width: 21.3095%;\" width=\"152\"><span style=\"font-family: times new roman, times, serif; font-size: 10pt;\">Anna Maria Philippina<\/span><\/td>\n<td style=\"text-align: center; width: 12.8571%;\" width=\"82\"><span style=\"font-family: times new roman, times, serif; font-size: 10pt;\">29.04.1858<\/span><\/td>\n<td style=\"text-align: center; width: 12.8571%;\" width=\"82\"><span style=\"font-family: times new roman, times, serif; font-size: 10pt;\">01.05.1858<\/span><\/td>\n<td style=\"text-align: center; width: 9.76191%;\" width=\"59\"><\/td>\n<td style=\"text-align: center; width: 11.0714%;\" width=\"69\"><span style=\"font-family: times new roman, times, serif; font-size: 10pt;\">01.05.1858<\/span><\/td>\n<td style=\"text-align: center; width: 12.1429%;\" width=\"77\"><\/td>\n<td style=\"text-align: center; width: 7.61905%;\" width=\"43\"><\/td>\n<td style=\"text-align: center; width: 6.90476%;\" width=\"37\"><\/td>\n<\/tr>\n<tr>\n<td style=\"text-align: center; width: 5.47619%;\" width=\"21\"><span style=\"font-family: times new roman, times, serif; font-size: 10pt;\">3<\/span><\/td>\n<td style=\"width: 21.3095%;\" width=\"152\"><span style=\"font-family: times new roman, times, serif; font-size: 10pt;\">Therese Wilhelmine<\/span><\/td>\n<td style=\"text-align: center; width: 12.8571%;\" width=\"82\"><span style=\"font-family: times new roman, times, serif; font-size: 10pt;\">03.05.1859<\/span><\/td>\n<td style=\"text-align: center; width: 12.8571%;\" width=\"82\"><span style=\"font-family: times new roman, times, serif; font-size: 10pt;\">22.05.1859<\/span><\/td>\n<td style=\"text-align: center; width: 9.76191%;\" width=\"59\"><\/td>\n<td style=\"text-align: center; width: 11.0714%;\" width=\"69\"><span style=\"font-family: times new roman, times, serif; font-size: 10pt;\">31.03.1861<\/span><\/td>\n<td style=\"text-align: center; width: 12.1429%;\" width=\"77\"><span style=\"font-family: times new roman, times, serif; font-size: 10pt;\">02.04.1861<\/span><\/td>\n<td style=\"text-align: center; width: 7.61905%;\" width=\"43\"><span style=\"font-family: times new roman, times, serif; font-size: 10pt;\">1,91<\/span><\/td>\n<td style=\"text-align: center; width: 6.90476%;\" width=\"37\"><\/td>\n<\/tr>\n<tr>\n<td style=\"text-align: center; width: 5.47619%;\"><span style=\"font-family: times new roman, times, serif; font-size: 10pt;\">4<\/span><\/td>\n<td style=\"width: 21.3095%;\"><span style=\"font-family: times new roman, times, serif; font-size: 10pt;\">Adolphine Philippine Marie<\/span><\/td>\n<td style=\"text-align: center; width: 12.8571%;\"><span style=\"font-family: times new roman, times, serif; font-size: 10pt;\">14.02.1862<\/span><\/td>\n<td style=\"text-align: center; width: 12.8571%;\"><span style=\"font-family: times new roman, times, serif; font-size: 10pt;\">06.03.1862<\/span><\/td>\n<td style=\"text-align: center; width: 9.76191%;\"><\/td>\n<td style=\"text-align: center; width: 11.0714%;\"><\/td>\n<td style=\"text-align: center; width: 12.1429%;\"><\/td>\n<td style=\"text-align: center; width: 7.61905%;\"><\/td>\n<td style=\"text-align: center; width: 6.90476%;\"><\/td>\n<\/tr>\n<tr>\n<td style=\"text-align: center; width: 5.47619%;\"><span style=\"font-family: times new roman, times, serif; font-size: 10pt;\">5<\/span><\/td>\n<td style=\"width: 21.3095%;\"><span style=\"font-family: times new roman, times, serif; font-size: 10pt;\">Emma<\/span><\/td>\n<td style=\"text-align: center; width: 12.8571%;\"><span style=\"font-family: times new roman, times, serif; font-size: 10pt;\">13.10.1863<\/span><\/td>\n<td style=\"text-align: center; width: 12.8571%;\"><span style=\"font-family: times new roman, times, serif; font-size: 10pt;\">01.11.1863<\/span><\/td>\n<td style=\"text-align: center; width: 9.76191%;\"><\/td>\n<td style=\"text-align: center; width: 11.0714%;\"><\/td>\n<td style=\"text-align: center; width: 12.1429%;\"><\/td>\n<td style=\"text-align: center; width: 7.61905%;\"><\/td>\n<td style=\"text-align: center; width: 6.90476%;\"><\/td>\n<\/tr>\n<tr>\n<td style=\"text-align: center; width: 5.47619%;\"><span style=\"font-family: times new roman, times, serif; font-size: 10pt;\">6<\/span><\/td>\n<td style=\"width: 21.3095%;\"><span style=\"font-family: times new roman, times, serif; font-size: 10pt;\">Adelheid<\/span><\/td>\n<td style=\"text-align: center; width: 12.8571%;\"><span style=\"font-family: times new roman, times, serif; font-size: 10pt;\">16.12.1865<\/span><\/td>\n<td style=\"text-align: center; width: 12.8571%;\"><span style=\"font-family: times new roman, times, serif; font-size: 10pt;\">29.12.1865<\/span><\/td>\n<td style=\"text-align: center; width: 9.76191%;\"><\/td>\n<td style=\"text-align: center; width: 11.0714%;\"><\/td>\n<td style=\"text-align: center; width: 12.1429%;\"><\/td>\n<td style=\"text-align: center; width: 7.61905%;\"><\/td>\n<td style=\"text-align: center; width: 6.90476%;\"><\/td>\n<\/tr>\n<\/tbody>\n<\/table>\n<p style=\"text-align: justify;\"><span style=\"font-family: times new roman, times, serif; font-size: 10pt;\">Kind Nr. 1) Prof. Dr. Karl Hausen, Seminardirektor in Herborn (1927); * Roth (Niedertiefenbach, Taufregister 1818-1875, S. 418-419, Bild 211 auf archion.de); + 02.06.1943 Freiendiez<br \/>\n<\/span><span style=\"font-family: times new roman, times, serif; font-size: 10pt;\">Kind Nr. 2) * Roth (Niedertiefenbach, Taufregister 1818-1875, S. 446-446, Bild 225 auf archion.de); + Roth<br \/>\n<\/span><span style=\"font-family: times new roman, times, serif; font-size: 10pt;\">Kind Nr. 3) \u2013 6) * Schweighausen<br \/>\n<\/span><\/p>\n<p style=\"text-align: justify;\"><span style=\"font-family: times new roman, times, serif; font-size: 10pt;\"><strong>Paten: zu 1) <\/strong><em>1) Joh. Georg Eschenbrenner, B\u00e4cker zu Braubach; 2) Joh. Philipp Hausen, Bauer; 3) Elisabetha, Ehefrau des Lehrers Schmidt, beide von Kemmenau; 4) Johann Neuheuser, Lehrergeh\u00fclfe zu Lollschied; 5) Caroline, Ehefrau des Maurers Wilhelm Sch&#8230; zu Nassau; 6) Anna Maria, Tochter des M\u00fcllers Georg &#8230; aus der &#8230; M\u00fchle <\/em>\u2014 <strong>zu 2) <\/strong><em>1) Daniel Bremser, B\u00fcrgermeister zur Roth; 2) Katharina Wilhelmina Weis, Ehefrau des Martin Weis zu Roth; 3) Wilhelm Eschenbrenner zu Braubach; 4) Wilhelm Hau\u00dfen zu Kemmenau <\/em>\u2014 <strong>zu 3) <\/strong><em>1) Wilhelm Reichard, Lehrer zu H\u00f6mberg; 2) Karl Br\u00fchl zu Braubach; 3) Therese Eschenbrenner geborene Kr\u00f6ber daselbst; 4) Wilhelmine Hau\u00dfen zu Kemmenau; 5) Susanne Arzb\u00e4cher zu Braubach <\/em>\u2014 <strong>zu 4) <\/strong><em>1) H[err] Lehrer Christian Wintermeyer in der Rettungsanstalt zu Scheuern; 2) Christian Eschenbrenner zu Braubach; 3) Frau Lehrer Adolphine D\u00f6nges zu Becheln; 4) Johanne Hau\u00dfen zu Kemmenau; und 5) Philippine Maus zu Schweighausen <\/em>\u2014 <strong>zu 5) <\/strong><em>1) Karl Hinterw\u00e4lder zu Schweighausen; 2) Friedrich Maus daselbst; 3) Marie Philippine Wagner daselbst; 4) Wilhelmine H\u00e4hner zu Kemmenau; 5) Luise Gras zu Braubach <\/em>\u2014 <strong>zu 6) <\/strong><em>1) Lehrer Ludwig Petri in Allendorf bei Dillenburg; 2) Lehrer Heinrich Heymann in Heinzenberg; 3) Sophia Thum aus Braubach; 4) Louise Metz aus Fr\u00fccht<\/em><\/span><\/p>\n<hr \/>\n<p><span style=\"font-size: 10pt; font-family: times new roman, times, serif;\"><strong>Letzte \u00c4nderung: 10. August 2023<\/strong><\/span><br \/>\n<span style=\"font-size: 10pt; font-family: times new roman, times, serif;\"><strong>Ralph Jackmuth<\/strong><\/span><\/p>\n","protected":false},"excerpt":{"rendered":"<p>Hausen, Johann Karl: Elementarlehrer zu Roth (VG Aar-Einrich), dann in Schweighausen; * 14.02.1828 Kemmenau (VG Bad Ems-Nassau); Eltern: Johann Philipp Hausen, Ackersmann zu Kemmenau, und Elisabeth Margaretha geb. Adami oo 05.11.1854 Braubach (prokl. 15.10., 22.10., 29.10.) mit Eschenbrenner, Anna Maria Philippine: * 04.11.1835 Braubach; Eltern: Johann Georg Eschenbrenner, B\u00e4cker und Kirchenvorsteher in Braubach, und Katharine &hellip; <a href=\"https:\/\/www.ahnenforschung-jackmuth.de\/?page_id=10487\" class=\"more-link\"><span class=\"screen-reader-text\">\u201eOFB Schweighausen &#8211; Hausen\u201c<\/span> weiterlesen<\/a><\/p>\n","protected":false},"author":1,"featured_media":0,"parent":0,"menu_order":0,"comment_status":"closed","ping_status":"closed","template":"","meta":{"footnotes":""},"class_list":["post-10487","page","type-page","status-publish","hentry"],"_links":{"self":[{"href":"https:\/\/www.ahnenforschung-jackmuth.de\/index.php?rest_route=\/wp\/v2\/pages\/10487","targetHints":{"allow":["GET"]}}],"collection":[{"href":"https:\/\/www.ahnenforschung-jackmuth.de\/index.php?rest_route=\/wp\/v2\/pages"}],"about":[{"href":"https:\/\/www.ahnenforschung-jackmuth.de\/index.php?rest_route=\/wp\/v2\/types\/page"}],"author":[{"embeddable":true,"href":"https:\/\/www.ahnenforschung-jackmuth.de\/index.php?rest_route=\/wp\/v2\/users\/1"}],"replies":[{"embeddable":true,"href":"https:\/\/www.ahnenforschung-jackmuth.de\/index.php?rest_route=%2Fwp%2Fv2%2Fcomments&post=10487"}],"version-history":[{"count":0,"href":"https:\/\/www.ahnenforschung-jackmuth.de\/index.php?rest_route=\/wp\/v2\/pages\/10487\/revisions"}],"wp:attachment":[{"href":"https:\/\/www.ahnenforschung-jackmuth.de\/index.php?rest_route=%2Fwp%2Fv2%2Fmedia&parent=10487"}],"curies":[{"name":"wp","href":"https:\/\/api.w.org\/{rel}","templated":true}]}}