{"id":10485,"date":"2023-08-10T11:46:54","date_gmt":"2023-08-10T11:46:54","guid":{"rendered":"http:\/\/www.ahnenforschung-jackmuth.de\/?page_id=10485"},"modified":"2024-06-08T14:15:36","modified_gmt":"2024-06-08T14:15:36","slug":"ofb-schweighausen-hahn","status":"publish","type":"page","link":"https:\/\/www.ahnenforschung-jackmuth.de\/?page_id=10485","title":{"rendered":"OFB Schweighausen &#8211; Hahn"},"content":{"rendered":"<p><span style=\"font-family: times new roman, times, serif; font-size: 10pt;\"><span style=\"color: #ff0000;\"><strong><u>Hahn<\/u><\/strong><strong>, Hans Jakob:<\/strong> <\/span>+ 27.06.1677 Schweighausen (bg. 29.06.)<\/span><\/p>\n<hr \/>\n<p style=\"text-align: justify;\"><span style=\"font-family: times new roman, times, serif; font-size: 10pt;\"><span style=\"color: #ff0000;\"><strong><u>Hahn<\/u><\/strong><strong>, Arnold\/Arnd:<\/strong><\/span> steinischer Hofmann in Becheln; + 28.01.1672 Schweighausen (bg. 30.01.), 33 Jahre und etliche Wochen alt (OFB Dachsenhausen, Nr. 798)<\/span><\/p>\n<p style=\"text-align: justify;\"><span style=\"font-family: times new roman, times, serif; font-size: 10pt;\"><strong>oo um 1662<\/strong> mit <strong><u>Becker<\/u>,<\/strong> <strong>Christina: <\/strong>Tochter des Adam Becker (Einwohner in Schweighausen, + 16.10.1667 Becheln (bg. 18.10.), war <em>zu Becheln bey seinem Eidam Arnd Hahn, nachdem ihm unterwegens ein Bauholtz, so sie gef\u00fchrt, auff den Schenckel gefallen<\/em>)<\/span><\/p>\n<table style=\"width: 100%;\">\n<tbody>\n<tr>\n<td style=\"text-align: center; width: 5.95238%;\" width=\"21\"><span style=\"font-family: times new roman, times, serif; font-size: 10pt;\"><strong>Nr.<\/strong><\/span><\/td>\n<td style=\"width: 19.7619%;\" width=\"139\"><span style=\"font-family: times new roman, times, serif; font-size: 10pt;\"><strong>VN normiert<\/strong><\/span><\/td>\n<td style=\"text-align: center; width: 12.619%;\" width=\"78\"><span style=\"font-family: times new roman, times, serif; font-size: 10pt;\"><strong>Geburt<\/strong><\/span><\/td>\n<td style=\"text-align: center; width: 12.0238%;\" width=\"74\"><span style=\"font-family: times new roman, times, serif; font-size: 10pt;\"><strong>Taufe<\/strong><\/span><\/td>\n<td style=\"text-align: center; width: 12.0238%;\" width=\"74\"><span style=\"font-family: times new roman, times, serif; font-size: 10pt;\"><strong>konf.<\/strong><\/span><\/td>\n<td style=\"text-align: center; width: 12.0238%;\" width=\"74\"><span style=\"font-family: times new roman, times, serif; font-size: 10pt;\"><strong>gestorben<\/strong><\/span><\/td>\n<td style=\"text-align: center; width: 10.4762%;\" width=\"62\"><span style=\"font-family: times new roman, times, serif; font-size: 10pt;\"><strong>begraben<\/strong><\/span><\/td>\n<td style=\"text-align: center; width: 7.97619%;\" width=\"44\"><span style=\"font-family: times new roman, times, serif; font-size: 10pt;\"><strong>Alter<\/strong><\/span><\/td>\n<td style=\"text-align: center; width: 7.02381%;\" width=\"37\"><span style=\"font-family: times new roman, times, serif; font-size: 10pt;\"><strong>Stand<\/strong><\/span><\/td>\n<\/tr>\n<tr>\n<td style=\"text-align: center; width: 5.95238%;\" width=\"21\"><span style=\"font-family: times new roman, times, serif; font-size: 10pt;\">1<\/span><\/td>\n<td style=\"width: 19.7619%;\" width=\"139\"><span style=\"font-family: times new roman, times, serif; font-size: 10pt;\">Anna Maria<\/span><\/td>\n<td style=\"text-align: center; width: 12.619%;\" width=\"78\"><span style=\"font-family: times new roman, times, serif; font-size: 10pt;\">1662<\/span><\/td>\n<td style=\"text-align: center; width: 12.0238%;\" width=\"74\"><\/td>\n<td style=\"text-align: center; width: 12.0238%;\" width=\"74\"><span style=\"font-family: times new roman, times, serif; font-size: 10pt;\">06.04.1675<\/span><\/td>\n<td style=\"text-align: center; width: 12.0238%;\" width=\"74\"><span style=\"font-family: times new roman, times, serif; font-size: 10pt;\">03.03.1681<\/span><\/td>\n<td style=\"text-align: center; width: 10.4762%;\" width=\"62\"><span style=\"font-family: times new roman, times, serif; font-size: 10pt;\">05.03.1681<\/span><\/td>\n<td style=\"text-align: center; width: 7.97619%;\" width=\"44\"><span style=\"font-family: times new roman, times, serif; font-size: 10pt;\">19<\/span><\/td>\n<td style=\"text-align: center; width: 7.02381%;\" width=\"37\"><span style=\"font-family: times new roman, times, serif; font-size: 10pt;\">ledig<\/span><\/td>\n<\/tr>\n<tr>\n<td style=\"text-align: center; width: 5.95238%;\" width=\"21\"><span style=\"font-family: times new roman, times, serif; font-size: 10pt;\">2<\/span><\/td>\n<td style=\"width: 19.7619%;\" width=\"139\"><span style=\"font-family: times new roman, times, serif; font-size: 10pt;\">Anna Elisabeth<\/span><\/td>\n<td style=\"text-align: center; width: 12.619%;\" width=\"78\"><span style=\"font-family: times new roman, times, serif; font-size: 10pt;\">1665<\/span><\/td>\n<td style=\"text-align: center; width: 12.0238%;\" width=\"74\"><\/td>\n<td style=\"text-align: center; width: 12.0238%;\" width=\"74\"><span style=\"font-family: times new roman, times, serif; font-size: 10pt;\">08.06.1679<\/span><\/td>\n<td style=\"text-align: center; width: 12.0238%;\" width=\"74\"><span style=\"font-family: times new roman, times, serif; font-size: 10pt;\">31.01.1688<\/span><\/td>\n<td style=\"text-align: center; width: 10.4762%;\" width=\"62\"><span style=\"font-family: times new roman, times, serif; font-size: 10pt;\">01.02.1688<\/span><\/td>\n<td style=\"text-align: center; width: 7.97619%;\" width=\"44\"><span style=\"font-family: times new roman, times, serif; font-size: 10pt;\">22<\/span><\/td>\n<td style=\"text-align: center; width: 7.02381%;\" width=\"37\"><span style=\"font-family: times new roman, times, serif; font-size: 10pt;\">ledig<\/span><\/td>\n<\/tr>\n<tr>\n<td style=\"text-align: center; width: 5.95238%;\" width=\"21\"><span style=\"font-family: times new roman, times, serif; font-size: 10pt;\">3<\/span><\/td>\n<td style=\"width: 19.7619%;\" width=\"139\"><span style=\"font-family: times new roman, times, serif; font-size: 10pt;\">Anna Christina<\/span><\/td>\n<td style=\"text-align: center; width: 12.619%;\" width=\"78\"><\/td>\n<td style=\"text-align: center; width: 12.0238%;\" width=\"74\"><span style=\"font-family: times new roman, times, serif; font-size: 10pt;\">03.03.1667<\/span><\/td>\n<td style=\"text-align: center; width: 12.0238%;\" width=\"74\"><\/td>\n<td style=\"text-align: center; width: 12.0238%;\" width=\"74\"><span style=\"font-family: times new roman, times, serif; font-size: 10pt;\">06.03.1667<\/span><\/td>\n<td style=\"text-align: center; width: 10.4762%;\" width=\"62\"><span style=\"font-family: times new roman, times, serif; font-size: 10pt;\">06.03.1667<\/span><\/td>\n<td style=\"text-align: center; width: 7.97619%;\" width=\"44\"><span style=\"font-family: times new roman, times, serif; font-size: 10pt;\">0,01<\/span><\/td>\n<td style=\"text-align: center; width: 7.02381%;\" width=\"37\"><\/td>\n<\/tr>\n<tr>\n<td style=\"text-align: center; width: 5.95238%;\"><span style=\"font-family: times new roman, times, serif; font-size: 10pt;\">4<\/span><\/td>\n<td style=\"width: 19.7619%;\"><span style=\"font-family: times new roman, times, serif; font-size: 10pt;\">Johanna Louisa<\/span><\/td>\n<td style=\"text-align: center; width: 12.619%;\"><\/td>\n<td style=\"text-align: center; width: 12.0238%;\"><span style=\"font-family: times new roman, times, serif; font-size: 10pt;\">24.03.1668<\/span><\/td>\n<td style=\"text-align: center; width: 12.0238%;\"><span style=\"font-family: times new roman, times, serif; font-size: 10pt;\">16.04.1682<\/span><\/td>\n<td style=\"text-align: center; width: 12.0238%;\"><span style=\"font-family: times new roman, times, serif; font-size: 10pt;\">02.06.1706<\/span><\/td>\n<td style=\"text-align: center; width: 10.4762%;\"><span style=\"font-family: times new roman, times, serif; font-size: 10pt;\">03.06.1706<\/span><\/td>\n<td style=\"text-align: center; width: 7.97619%;\"><span style=\"font-family: times new roman, times, serif; font-size: 10pt;\">38,21<\/span><\/td>\n<td style=\"text-align: center; width: 7.02381%;\"><\/td>\n<\/tr>\n<tr>\n<td style=\"text-align: center; width: 5.95238%;\"><span style=\"font-family: times new roman, times, serif; font-size: 10pt;\">5<\/span><\/td>\n<td style=\"width: 19.7619%;\"><span style=\"font-family: times new roman, times, serif; font-size: 10pt;\">Anna Katharina<\/span><\/td>\n<td style=\"text-align: center; width: 12.619%;\"><span style=\"font-family: times new roman, times, serif; font-size: 10pt;\">21.03.1670<\/span><\/td>\n<td style=\"text-align: center; width: 12.0238%;\"><span style=\"font-family: times new roman, times, serif; font-size: 10pt;\">05.04.1670<\/span><\/td>\n<td style=\"text-align: center; width: 12.0238%;\"><\/td>\n<td style=\"text-align: center; width: 12.0238%;\"><span style=\"font-family: times new roman, times, serif; font-size: 10pt;\">31.01.1671<\/span><\/td>\n<td style=\"text-align: center; width: 10.4762%;\"><span style=\"font-family: times new roman, times, serif; font-size: 10pt;\">02.02.1671<\/span><\/td>\n<td style=\"text-align: center; width: 7.97619%;\"><span style=\"font-family: times new roman, times, serif; font-size: 10pt;\">0,82<\/span><\/td>\n<td style=\"text-align: center; width: 7.02381%;\"><\/td>\n<\/tr>\n<tr>\n<td style=\"text-align: center; width: 5.95238%;\"><span style=\"font-family: times new roman, times, serif; font-size: 10pt;\">6<\/span><\/td>\n<td style=\"width: 19.7619%;\"><span style=\"font-family: times new roman, times, serif; font-size: 10pt;\">Anna Magd. (posthuma)<\/span><\/td>\n<td style=\"text-align: center; width: 12.619%;\"><span style=\"font-family: times new roman, times, serif; font-size: 10pt;\">07.03.1672<\/span><\/td>\n<td style=\"text-align: center; width: 12.0238%;\"><span style=\"font-family: times new roman, times, serif; font-size: 10pt;\">14.03.1672<\/span><\/td>\n<td style=\"text-align: center; width: 12.0238%;\"><span style=\"font-family: times new roman, times, serif; font-size: 10pt;\">16.04.1685<\/span><\/td>\n<td style=\"text-align: center; width: 12.0238%;\"><span style=\"font-family: times new roman, times, serif; font-size: 10pt;\">24.02.1703<\/span><\/td>\n<td style=\"text-align: center; width: 10.4762%;\"><span style=\"font-family: times new roman, times, serif; font-size: 10pt;\">24.02.1703<\/span><\/td>\n<td style=\"text-align: center; width: 7.97619%;\"><span style=\"font-family: times new roman, times, serif; font-size: 10pt;\">30,99<\/span><\/td>\n<td style=\"text-align: center; width: 7.02381%;\"><\/td>\n<\/tr>\n<\/tbody>\n<\/table>\n<p style=\"text-align: justify;\"><span style=\"font-family: times new roman, times, serif; font-size: 10pt;\">Kind Nr. 1) + Schweighausen; wurde am 3. Hochzeittstag krank, 19 Jahre alt; oo 08.02.1681 Schweighausen mit Hans Th\u00f6nges Gensmann aus Schweighausen<br \/>\n<\/span><span style=\"font-family: times new roman, times, serif; font-size: 10pt;\">Kind Nr. 2) + \u201ean der Schwindsucht oder einem halben Herzfieber\u201c, 22 Jahre 17 Wochen 6 Tage alt<br \/>\n<\/span><span style=\"font-family: times new roman, times, serif; font-size: 10pt;\">Kind Nr. 3) * Becheln; + Becheln<br \/>\n<\/span><span style=\"font-family: times new roman, times, serif; font-size: 10pt;\">Kind Nr. 4) * Becheln; + Schweighausen<br \/>\n<\/span><span style=\"font-family: times new roman, times, serif; font-size: 10pt;\">Kind Nr. 5) * Becheln; + Becheln, am Husten<br \/>\n<\/span><span style=\"font-family: times new roman, times, serif; font-size: 10pt;\">Kind Nr. 6) * Schweighausen; + Schweighausen, \u201ean einem zehrenden Fieber\u201c<\/span><\/p>\n<p style=\"text-align: justify;\"><span style=\"font-family: times new roman, times, serif; font-size: 10pt;\"><strong>Paten: zu 3) <\/strong><em>Han\u00df Peter Schmidt; Anna Christina, Han\u00df Th\u00f6nges Hoffmans Ehefrau; undt J[ung]f[e]r Anna Maria,Michaels <\/em>[?]<em> Thei\u00dfen <\/em>[?]<em> se[lig] Tochter <\/em>\u2014 <strong>zu 4) <\/strong><em>Ihre Gnaden Johanna Louyssa vom Stein gebohrne von &#8230;; H[err] Conrad Balthasar &#8230; j[uris] u[triusque] lic[entiatus] steinischer Hoffmeister, undt Anna Maria, parentis soror <\/em>\u2014 <strong>zu 5) <\/strong><em>Andreas Jacob Freundt; Johanna Elisabeth, Han\u00df Hoffmans Tochter; und Anna, Peter Wahls se[lig] hinterla\u00dfene Tochter <\/em>\u2014 <strong>zu 6)<\/strong><em> Johann Th\u00f6nges Rinckart; Anna Catharina Hinterwellerin; undt Anna Magdalena Meyin<\/em><\/span><\/p>\n<hr \/>\n<p style=\"text-align: justify;\"><span style=\"font-family: times new roman, times, serif; font-size: 10pt;\"><span style=\"color: #ff0000;\"><strong><u>Hahn<\/u><\/strong><strong>, Maria Magdalena:<\/strong> <\/span>ledig; + 18.10.1850 Schweighausen (bg. 20.10.); * 07.06.1831 Dachsenhausen; Eltern: Philipp Heinrich Hahn, Ackersmann, und Christina Elisabeth geb. Br\u00f6der zu Dachsenhausen (OFB Dachsenhausen, Nr. 823)<\/span><\/p>\n<hr \/>\n<p style=\"text-align: justify;\"><span style=\"font-family: times new roman, times, serif; font-size: 10pt;\"><span style=\"color: #ff0000;\"><strong><u>Hahn<\/u><\/strong><strong>, Johann Philipp:<\/strong> <\/span>Dienstknecht in Schweighausen, ledig; + 27.02.1853 Schweighausen (bg. 02.03.); * 11.07.1816 Dachsenhausen; Eltern: Philipp Heinrich Hahn, Ackersmann, und Christina Elisabeth geb. Br\u00f6der zu Dachsenhausen (OFB Dachsenhausen, Nr. 823)<\/span><\/p>\n<hr \/>\n<p><span style=\"font-size: 10pt; font-family: times new roman, times, serif;\"><strong>Letzte \u00c4nderung: 8. Juni 2024<\/strong><\/span><br \/>\n<span style=\"font-size: 10pt; font-family: times new roman, times, serif;\"><strong>Ralph Jackmuth<\/strong><\/span><\/p>\n","protected":false},"excerpt":{"rendered":"<p>Hahn, Hans Jakob: + 27.06.1677 Schweighausen (bg. 29.06.) Hahn, Arnold\/Arnd: steinischer Hofmann in Becheln; + 28.01.1672 Schweighausen (bg. 30.01.), 33 Jahre und etliche Wochen alt (OFB Dachsenhausen, Nr. 798) oo um 1662 mit Becker, Christina: Tochter des Adam Becker (Einwohner in Schweighausen, + 16.10.1667 Becheln (bg. 18.10.), war zu Becheln bey seinem Eidam Arnd Hahn, &hellip; <a href=\"https:\/\/www.ahnenforschung-jackmuth.de\/?page_id=10485\" class=\"more-link\"><span class=\"screen-reader-text\">\u201eOFB Schweighausen &#8211; Hahn\u201c<\/span> weiterlesen<\/a><\/p>\n","protected":false},"author":1,"featured_media":0,"parent":0,"menu_order":0,"comment_status":"closed","ping_status":"closed","template":"","meta":{"footnotes":""},"class_list":["post-10485","page","type-page","status-publish","hentry"],"_links":{"self":[{"href":"https:\/\/www.ahnenforschung-jackmuth.de\/index.php?rest_route=\/wp\/v2\/pages\/10485","targetHints":{"allow":["GET"]}}],"collection":[{"href":"https:\/\/www.ahnenforschung-jackmuth.de\/index.php?rest_route=\/wp\/v2\/pages"}],"about":[{"href":"https:\/\/www.ahnenforschung-jackmuth.de\/index.php?rest_route=\/wp\/v2\/types\/page"}],"author":[{"embeddable":true,"href":"https:\/\/www.ahnenforschung-jackmuth.de\/index.php?rest_route=\/wp\/v2\/users\/1"}],"replies":[{"embeddable":true,"href":"https:\/\/www.ahnenforschung-jackmuth.de\/index.php?rest_route=%2Fwp%2Fv2%2Fcomments&post=10485"}],"version-history":[{"count":0,"href":"https:\/\/www.ahnenforschung-jackmuth.de\/index.php?rest_route=\/wp\/v2\/pages\/10485\/revisions"}],"wp:attachment":[{"href":"https:\/\/www.ahnenforschung-jackmuth.de\/index.php?rest_route=%2Fwp%2Fv2%2Fmedia&parent=10485"}],"curies":[{"name":"wp","href":"https:\/\/api.w.org\/{rel}","templated":true}]}}