{"id":10475,"date":"2023-08-10T11:38:23","date_gmt":"2023-08-10T11:38:23","guid":{"rendered":"http:\/\/www.ahnenforschung-jackmuth.de\/?page_id=10475"},"modified":"2024-02-10T09:55:02","modified_gmt":"2024-02-10T09:55:02","slug":"ofb-schweighausen-gensmann","status":"publish","type":"page","link":"https:\/\/www.ahnenforschung-jackmuth.de\/?page_id=10475","title":{"rendered":"OFB Schweighausen &#8211; Gensmann"},"content":{"rendered":"<p><span style=\"font-family: times new roman, times, serif; font-size: 10pt;\"><span style=\"color: #ff0000;\"><strong><u>Gensmann<\/u><\/strong><strong>, Hamann: <\/strong><\/span>+ 17.12.1684 nachmittags 1 Uhr Schweighausen (bg. 19.12.), 66 Jahre alt<\/span><\/p>\n<p><span style=\"font-family: times new roman, times, serif; font-size: 10pt;\"><strong>oo<\/strong> mit <strong>Johanna: <\/strong>+ 11.12.1672 Schweighausen (bg. 13.02.), ca. 61 Jahre alt<\/span><\/p>\n<table style=\"width: 100%;\">\n<tbody>\n<tr>\n<td style=\"text-align: center; width: 6.42857%;\" width=\"21\"><span style=\"font-family: times new roman, times, serif; font-size: 10pt;\"><strong>Nr.<\/strong><\/span><\/td>\n<td style=\"width: 17.8571%;\" width=\"129\"><span style=\"font-family: times new roman, times, serif; font-size: 10pt;\"><strong>Vorname (normiert)<\/strong><\/span><\/td>\n<td style=\"text-align: center; width: 13.2143%;\" width=\"83\"><span style=\"font-family: times new roman, times, serif; font-size: 10pt;\"><strong>geboren<\/strong><\/span><\/td>\n<td style=\"text-align: center; width: 13.2143%;\" width=\"83\"><span style=\"font-family: times new roman, times, serif; font-size: 10pt;\"><strong>getauft<\/strong><\/span><\/td>\n<td style=\"text-align: center; width: 11.3095%;\" width=\"69\"><span style=\"font-family: times new roman, times, serif; font-size: 10pt;\"><strong>konfirmiert<\/strong><\/span><\/td>\n<td style=\"text-align: center; width: 10.8333%;\" width=\"65\"><span style=\"font-family: times new roman, times, serif; font-size: 10pt;\"><strong>gestorben<\/strong><\/span><\/td>\n<td style=\"text-align: center; width: 11.9048%;\" width=\"73\"><span style=\"font-family: times new roman, times, serif; font-size: 10pt;\"><strong>begraben<\/strong><\/span><\/td>\n<td style=\"text-align: center; width: 7.85714%;\" width=\"43\"><span style=\"font-family: times new roman, times, serif; font-size: 10pt;\"><strong>Alter<\/strong><\/span><\/td>\n<td style=\"text-align: center; width: 7.38095%;\" width=\"40\"><span style=\"font-family: times new roman, times, serif; font-size: 10pt;\"><strong>Stand<\/strong><\/span><\/td>\n<\/tr>\n<tr>\n<td style=\"text-align: center; width: 6.42857%;\" width=\"21\"><span style=\"font-family: times new roman, times, serif; font-size: 10pt;\">1<\/span><\/td>\n<td style=\"width: 17.8571%;\" width=\"129\"><span style=\"font-family: times new roman, times, serif; font-size: 10pt;\">Anna Apollonia<\/span><\/td>\n<td style=\"text-align: center; width: 13.2143%;\" width=\"83\"><span style=\"font-family: times new roman, times, serif; font-size: 10pt;\">vor 1667<\/span><\/td>\n<td style=\"text-align: center; width: 13.2143%;\" width=\"83\"><\/td>\n<td style=\"text-align: center; width: 11.3095%;\" width=\"69\"><span style=\"font-family: times new roman, times, serif; font-size: 10pt;\">06.04.1675<\/span><\/td>\n<td style=\"text-align: center; width: 10.8333%;\" width=\"65\"><span style=\"font-family: times new roman, times, serif; font-size: 10pt;\">xx.xx.1715<\/span><\/td>\n<td style=\"text-align: center; width: 11.9048%;\" width=\"73\"><span style=\"font-family: times new roman, times, serif; font-size: 10pt;\">xx.xx.1715<\/span><\/td>\n<td style=\"text-align: center; width: 7.85714%;\" width=\"43\"><\/td>\n<td style=\"text-align: center; width: 7.38095%;\" width=\"40\"><span style=\"font-family: times new roman, times, serif; font-size: 10pt;\">verh.<\/span><\/td>\n<\/tr>\n<tr>\n<td style=\"text-align: center; width: 6.42857%;\"><span style=\"font-family: times new roman, times, serif; font-size: 10pt;\">2<\/span><\/td>\n<td style=\"width: 17.8571%;\"><span style=\"font-family: times new roman, times, serif; font-size: 10pt;\">Hans Th\u00f6nges<\/span><\/td>\n<td style=\"text-align: center; width: 13.2143%;\"><span style=\"font-family: times new roman, times, serif; font-size: 10pt;\">ca. 1648<\/span><\/td>\n<td style=\"text-align: center; width: 13.2143%;\"><\/td>\n<td style=\"text-align: center; width: 11.3095%;\"><\/td>\n<td style=\"text-align: center; width: 10.8333%;\"><span style=\"font-family: times new roman, times, serif; font-size: 10pt;\">13.11.1710<\/span><\/td>\n<td style=\"text-align: center; width: 11.9048%;\"><span style=\"font-family: times new roman, times, serif; font-size: 10pt;\">15.11.1710<\/span><\/td>\n<td style=\"text-align: center; width: 7.85714%;\"><span style=\"font-family: times new roman, times, serif; font-size: 10pt;\">ca. 62<\/span><\/td>\n<td style=\"text-align: center; width: 7.38095%;\"><span style=\"font-family: times new roman, times, serif; font-size: 10pt;\">verh.<\/span><\/td>\n<\/tr>\n<tr>\n<td style=\"text-align: center; width: 6.42857%;\"><span style=\"font-family: times new roman, times, serif; font-size: 10pt;\">?<\/span><\/td>\n<td style=\"width: 17.8571%;\"><span style=\"font-family: times new roman, times, serif; font-size: 10pt;\">Johann Kaspar<\/span><\/td>\n<td style=\"text-align: center; width: 13.2143%;\"><span style=\"font-family: times new roman, times, serif; font-size: 10pt;\">ca. 1652<\/span><\/td>\n<td style=\"text-align: center; width: 13.2143%;\"><\/td>\n<td style=\"text-align: center; width: 11.3095%;\"><span style=\"font-family: times new roman, times, serif; font-size: 10pt;\">07.04.1667<\/span><\/td>\n<td style=\"text-align: center; width: 10.8333%;\"><span style=\"font-family: times new roman, times, serif; font-size: 10pt;\">06.11.1709<\/span><\/td>\n<td style=\"text-align: center; width: 11.9048%;\"><span style=\"font-family: times new roman, times, serif; font-size: 10pt;\">08.11.1709<\/span><\/td>\n<td style=\"text-align: center; width: 7.85714%;\"><span style=\"font-family: times new roman, times, serif; font-size: 10pt;\">ca. 57<\/span><\/td>\n<td style=\"text-align: center; width: 7.38095%;\"><\/td>\n<\/tr>\n<\/tbody>\n<\/table>\n<p><span style=\"font-family: times new roman, times, serif; font-size: 10pt;\">Kind Nr. 1) oo 22.01.1684 mit Johann Friedrich Heyer aus Schweighausen<br \/>\n<\/span><span style=\"font-family: times new roman, times, serif; font-size: 10pt;\">Kind Nr. 2) + am Schlagfluss beim Anlegen einer R\u00fcbenkaute; oo I. 08.02.1681 mit Anna Maria Hahn, Tochter des Arnold Hahn aus Schweighausen; oo II. 30.01.1683mit Anna Elisabeth Peter aus Dessighofen<\/span><\/p>\n<hr \/>\n<p style=\"text-align: justify;\"><span style=\"font-family: times new roman, times, serif; font-size: 10pt;\"><span style=\"color: #ff0000;\"><strong><u>Gensmann<\/u><\/strong><strong>, Johann (Hans) Th\u00f6nges:<\/strong> <\/span>+ 13.11.1710 Schweighausen am Schlagfluss beim Anlegen einer R\u00fcbenkaute (bg. 15.11.), ca. 62 Jahre alt; Eltern: Hamann Gensmann und Johanna<\/span><\/p>\n<p style=\"text-align: justify;\"><span style=\"font-family: times new roman, times, serif; font-size: 10pt;\"><strong>oo I. 08.02.1681 Schweighausen<\/strong> <sup>\u00a0<\/sup>(prokl. 16.01., 23.01., 30.01.1681) mit <strong><u>Hahn<\/u>, Anna Maria:<\/strong> + 03.03.1681 abends Schweighausen (bg. 05.03.), wurde am 3. Hochzeittstag krank, 19 Jahre alt; Eltern: Arndold Hahn und Christina geb. Becker aus Schweighausen<\/span><\/p>\n<p style=\"text-align: justify;\"><span style=\"font-family: times new roman, times, serif; font-size: 10pt;\"><strong>oo II. 30.01.1683 Schweighausen<\/strong> (prokl. 14.01., 22.01. und 29.01.) mit <strong><u>Peter<\/u>, Anna Elisabeth:<\/strong> + 09.09.1729 Schweighausen (bg. 11.09.), ca. 70 Jahre alt; Tochter des Hans Jakob Peter aus Dessighofen (Pfarrei Dornholzhausen)<\/span><\/p>\n<table style=\"width: 100%;\">\n<tbody>\n<tr>\n<td style=\"text-align: center; width: 6.07143%;\" width=\"21\"><span style=\"font-family: times new roman, times, serif; font-size: 10pt;\"><strong>Nr.<\/strong><\/span><\/td>\n<td style=\"width: 17.381%;\" width=\"123\"><span style=\"font-family: times new roman, times, serif; font-size: 10pt;\"><strong>Vorname (normiert)<\/strong><\/span><\/td>\n<td style=\"text-align: center; width: 12.9762%;\" width=\"81\"><span style=\"font-family: times new roman, times, serif; font-size: 10pt;\"><strong>geboren<\/strong><\/span><\/td>\n<td style=\"text-align: center; width: 12.9762%;\" width=\"81\"><span style=\"font-family: times new roman, times, serif; font-size: 10pt;\"><strong>getauft<\/strong><\/span><\/td>\n<td style=\"text-align: center; width: 11.3095%;\" width=\"69\"><span style=\"font-family: times new roman, times, serif; font-size: 10pt;\"><strong>konfirmiert<\/strong><\/span><\/td>\n<td style=\"text-align: center; width: 11.3095%;\" width=\"69\"><span style=\"font-family: times new roman, times, serif; font-size: 10pt;\"><strong>gestorben<\/strong><\/span><\/td>\n<td style=\"text-align: center; width: 12.381%;\" width=\"77\"><span style=\"font-family: times new roman, times, serif; font-size: 10pt;\"><strong>begraben<\/strong><\/span><\/td>\n<td style=\"text-align: center; width: 7.97619%;\" width=\"44\"><span style=\"font-family: times new roman, times, serif; font-size: 10pt;\"><strong>Alter<\/strong><\/span><\/td>\n<td style=\"text-align: center; width: 7.5%;\" width=\"41\"><span style=\"font-family: times new roman, times, serif; font-size: 10pt;\"><strong>Stand<\/strong><\/span><\/td>\n<\/tr>\n<tr>\n<td style=\"text-align: center; width: 6.07143%;\" width=\"21\"><span style=\"font-family: times new roman, times, serif; font-size: 10pt;\">1<\/span><\/td>\n<td style=\"width: 17.381%;\" width=\"123\"><span style=\"font-family: times new roman, times, serif; font-size: 10pt;\">Maria Elisabeth<\/span><\/td>\n<td style=\"text-align: center; width: 12.9762%;\" width=\"81\"><span style=\"font-family: times new roman, times, serif; font-size: 10pt;\">03.05.1684<\/span><\/td>\n<td style=\"text-align: center; width: 12.9762%;\" width=\"81\"><span style=\"font-family: times new roman, times, serif; font-size: 10pt;\">08.05.1684<\/span><\/td>\n<td style=\"text-align: center; width: 11.3095%;\" width=\"69\"><\/td>\n<td style=\"text-align: center; width: 11.3095%;\" width=\"69\"><span style=\"font-family: times new roman, times, serif; font-size: 10pt;\">22.06.1684<\/span><\/td>\n<td style=\"text-align: center; width: 12.381%;\" width=\"77\"><span style=\"font-family: times new roman, times, serif; font-size: 10pt;\">24.06.1684<\/span><\/td>\n<td style=\"text-align: center; width: 7.97619%;\" width=\"44\"><span style=\"font-family: times new roman, times, serif; font-size: 10pt;\">0,14<\/span><\/td>\n<td style=\"text-align: center; width: 7.5%;\" width=\"41\"><\/td>\n<\/tr>\n<tr>\n<td style=\"text-align: center; width: 6.07143%;\"><span style=\"font-family: times new roman, times, serif; font-size: 10pt;\">2<\/span><\/td>\n<td style=\"width: 17.381%;\"><span style=\"font-family: times new roman, times, serif; font-size: 10pt;\">Johannes<\/span><\/td>\n<td style=\"text-align: center; width: 12.9762%;\"><span style=\"font-family: times new roman, times, serif; font-size: 10pt;\">30.12.1685<\/span><\/td>\n<td style=\"text-align: center; width: 12.9762%;\"><span style=\"font-family: times new roman, times, serif; font-size: 10pt;\">01.01.1686<\/span><\/td>\n<td style=\"text-align: center; width: 11.3095%;\"><span style=\"font-family: times new roman, times, serif; font-size: 10pt;\">11.04.1700<\/span><\/td>\n<td style=\"text-align: center; width: 11.3095%;\"><span style=\"font-family: times new roman, times, serif; font-size: 10pt;\">06.12.1756<\/span><\/td>\n<td style=\"text-align: center; width: 12.381%;\"><span style=\"font-family: times new roman, times, serif; font-size: 10pt;\">08.12.1756<\/span><\/td>\n<td style=\"text-align: center; width: 7.97619%;\"><span style=\"font-family: times new roman, times, serif; font-size: 10pt;\">70,98<\/span><\/td>\n<td style=\"text-align: center; width: 7.5%;\"><\/td>\n<\/tr>\n<tr>\n<td style=\"text-align: center; width: 6.07143%;\"><span style=\"font-family: times new roman, times, serif; font-size: 10pt;\">3<\/span><\/td>\n<td style=\"width: 17.381%;\"><span style=\"font-family: times new roman, times, serif; font-size: 10pt;\">Johann Philipp<\/span><\/td>\n<td style=\"text-align: center; width: 12.9762%;\"><span style=\"font-family: times new roman, times, serif; font-size: 10pt;\">03.05.1688<\/span><\/td>\n<td style=\"text-align: center; width: 12.9762%;\"><span style=\"font-family: times new roman, times, serif; font-size: 10pt;\">06.05.1688<\/span><\/td>\n<td style=\"text-align: center; width: 11.3095%;\"><span style=\"font-family: times new roman, times, serif; font-size: 10pt;\">16.04.1702<\/span><\/td>\n<td style=\"text-align: center; width: 11.3095%;\"><\/td>\n<td style=\"text-align: center; width: 12.381%;\"><\/td>\n<td style=\"text-align: center; width: 7.97619%;\"><\/td>\n<td style=\"text-align: center; width: 7.5%;\"><span style=\"font-family: times new roman, times, serif; font-size: 10pt;\">verh.<\/span><\/td>\n<\/tr>\n<tr>\n<td style=\"text-align: center; width: 6.07143%;\"><span style=\"font-family: times new roman, times, serif; font-size: 10pt;\">4<\/span><\/td>\n<td style=\"width: 17.381%;\"><span style=\"font-family: times new roman, times, serif; font-size: 10pt;\">Johann Anton<\/span><\/td>\n<td style=\"text-align: center; width: 12.9762%;\"><span style=\"font-family: times new roman, times, serif; font-size: 10pt;\">21.09.1690<\/span><\/td>\n<td style=\"text-align: center; width: 12.9762%;\"><span style=\"font-family: times new roman, times, serif; font-size: 10pt;\">25.09.1690<\/span><\/td>\n<td style=\"text-align: center; width: 11.3095%;\"><span style=\"font-family: times new roman, times, serif; font-size: 10pt;\">31.05.1705<\/span><\/td>\n<td style=\"text-align: center; width: 11.3095%;\"><\/td>\n<td style=\"text-align: center; width: 12.381%;\"><\/td>\n<td style=\"text-align: center; width: 7.97619%;\"><\/td>\n<td style=\"text-align: center; width: 7.5%;\"><span style=\"font-family: times new roman, times, serif; font-size: 10pt;\">verh.<\/span><\/td>\n<\/tr>\n<tr>\n<td style=\"text-align: center; width: 6.07143%;\"><span style=\"font-family: times new roman, times, serif; font-size: 10pt;\">5<\/span><\/td>\n<td style=\"width: 17.381%;\"><span style=\"font-family: times new roman, times, serif; font-size: 10pt;\">Johann Friedrich<\/span><\/td>\n<td style=\"text-align: center; width: 12.9762%;\"><span style=\"font-family: times new roman, times, serif; font-size: 10pt;\">01.05.1693<\/span><\/td>\n<td style=\"text-align: center; width: 12.9762%;\"><span style=\"font-family: times new roman, times, serif; font-size: 10pt;\">07.05.1693<\/span><\/td>\n<td style=\"text-align: center; width: 11.3095%;\"><span style=\"font-family: times new roman, times, serif; font-size: 10pt;\">22.04.1708<\/span><\/td>\n<td style=\"text-align: center; width: 11.3095%;\"><span style=\"font-family: times new roman, times, serif; font-size: 10pt;\">26.11.1746<\/span><\/td>\n<td style=\"text-align: center; width: 12.381%;\"><span style=\"font-family: times new roman, times, serif; font-size: 10pt;\">28.11.1746<\/span><\/td>\n<td style=\"text-align: center; width: 7.97619%;\"><span style=\"font-family: times new roman, times, serif; font-size: 10pt;\">53,61<\/span><\/td>\n<td style=\"text-align: center; width: 7.5%;\"><\/td>\n<\/tr>\n<tr>\n<td style=\"text-align: center; width: 6.07143%;\"><span style=\"font-family: times new roman, times, serif; font-size: 10pt;\">6<\/span><\/td>\n<td style=\"width: 17.381%;\"><span style=\"font-family: times new roman, times, serif; font-size: 10pt;\">Anna Margaretha<\/span><\/td>\n<td style=\"text-align: center; width: 12.9762%;\"><span style=\"font-family: times new roman, times, serif; font-size: 10pt;\">28.05.1695<\/span><\/td>\n<td style=\"text-align: center; width: 12.9762%;\"><span style=\"font-family: times new roman, times, serif; font-size: 10pt;\">02.06.1695<\/span><\/td>\n<td style=\"text-align: center; width: 11.3095%;\"><span style=\"font-family: times new roman, times, serif; font-size: 10pt;\">22.04.1708<\/span><\/td>\n<td style=\"text-align: center; width: 11.3095%;\"><span style=\"font-family: times new roman, times, serif; font-size: 10pt;\">14.08.1730<\/span><\/td>\n<td style=\"text-align: center; width: 12.381%;\"><span style=\"font-family: times new roman, times, serif; font-size: 10pt;\">15.08.1730<\/span><\/td>\n<td style=\"text-align: center; width: 7.97619%;\"><span style=\"font-family: times new roman, times, serif; font-size: 10pt;\">35,24<\/span><\/td>\n<td style=\"text-align: center; width: 7.5%;\"><span style=\"font-family: times new roman, times, serif; font-size: 10pt;\">verh.<\/span><\/td>\n<\/tr>\n<tr>\n<td style=\"text-align: center; width: 6.07143%;\"><span style=\"font-family: times new roman, times, serif; font-size: 10pt;\">7<\/span><\/td>\n<td style=\"width: 17.381%;\"><span style=\"font-family: times new roman, times, serif; font-size: 10pt;\">Johann Georg<\/span><\/td>\n<td style=\"text-align: center; width: 12.9762%;\"><span style=\"font-family: times new roman, times, serif; font-size: 10pt;\">28.03.1697<\/span><\/td>\n<td style=\"text-align: center; width: 12.9762%;\"><span style=\"font-family: times new roman, times, serif; font-size: 10pt;\">01.04.1697<\/span><\/td>\n<td style=\"text-align: center; width: 11.3095%;\"><\/td>\n<td style=\"text-align: center; width: 11.3095%;\"><span style=\"font-family: times new roman, times, serif; font-size: 10pt;\">05.03.1705<\/span><\/td>\n<td style=\"text-align: center; width: 12.381%;\"><span style=\"font-family: times new roman, times, serif; font-size: 10pt;\">06.03.1705<\/span><\/td>\n<td style=\"text-align: center; width: 7.97619%;\"><span style=\"font-family: times new roman, times, serif; font-size: 10pt;\">7,94<\/span><\/td>\n<td style=\"text-align: center; width: 7.5%;\"><\/td>\n<\/tr>\n<tr>\n<td style=\"text-align: center; width: 6.07143%;\"><span style=\"font-family: times new roman, times, serif; font-size: 10pt;\">8<\/span><\/td>\n<td style=\"width: 17.381%;\"><span style=\"font-family: times new roman, times, serif; font-size: 10pt;\">Elisabeth Christina<\/span><\/td>\n<td style=\"text-align: center; width: 12.9762%;\"><span style=\"font-family: times new roman, times, serif; font-size: 10pt;\">10.06.1699<\/span><\/td>\n<td style=\"text-align: center; width: 12.9762%;\"><span style=\"font-family: times new roman, times, serif; font-size: 10pt;\">14.06.1699<\/span><\/td>\n<td style=\"text-align: center; width: 11.3095%;\"><\/td>\n<td style=\"text-align: center; width: 11.3095%;\"><span style=\"font-family: times new roman, times, serif; font-size: 10pt;\">07.12.1701<\/span><\/td>\n<td style=\"text-align: center; width: 12.381%;\"><span style=\"font-family: times new roman, times, serif; font-size: 10pt;\">08.12.1701<\/span><\/td>\n<td style=\"text-align: center; width: 7.97619%;\"><span style=\"font-family: times new roman, times, serif; font-size: 10pt;\">2,49<\/span><\/td>\n<td style=\"text-align: center; width: 7.5%;\"><\/td>\n<\/tr>\n<\/tbody>\n<\/table>\n<p style=\"text-align: justify;\"><span style=\"font-family: times new roman, times, serif; font-size: 10pt;\">Kind Nr. 3) oo 19.01.1723 Schweighausen mit Susanna Elisabeth Koch (gt. 26.08.1704 Nassau; * Scheuern; Eltern: Wilhelm Koch oo 13.11.1703 Nassau mit Anna Elisabeth Rei\u00df); Familie wohnt in Scheuern<br \/>\n<\/span><span style=\"font-family: times new roman, times, serif; font-size: 10pt;\">Kind Nr. 4) + Dessighofen; oo 29.11.1716 Schweighausen mit Anna Christina Christ (* 19.02.1696 Dessighofen; Eltern: Johann Emmerich Christ und Anna Maria); Familie wohnt in Dessighofen<br \/>\n<\/span><span style=\"font-family: times new roman, times, serif; font-size: 10pt;\">Kind Nr. 6) oo I. 24.11.1716 Schweighausen mit Christophel\/Stoffel Emmerich (konf. 1705 Dornholzhausen; Eltern: Philipp Gottfried Emmerich und Anna Johannetta in Dessighofen); oo II. 17.06.1721 Dornholzhausen mit Philipp Gottfried May; Familien wohnen in Dessighofen<\/span><\/p>\n<p style=\"text-align: justify;\"><span style=\"font-family: times new roman, times, serif; font-size: 10pt;\"><strong>Paten: zu 1) <\/strong><em>Johann Gottfried Gen\u00dfmann, Schneid[er] zu Dornholtzhau\u00dfen; Maria Elisabeth, David Dessingobers Tochter; undt Anna Maria, Wilhelm Gem[m]erichs, Schmidts zu &#8230; Tochter <\/em>\u2014 <strong>zu 2) <\/strong><em>Johannes Becker allhier; Anna Maria, Joh[ann] Peter Kleinen Hausfraw; undt Johann Caspar G\u00e4n\u00dfmann <\/em>\u2014 <strong>zu 3) <\/strong><em>Joh. Philips Hexel, Hans Jacob Hexels see[lig] von Gei\u00dfig ehleib[licher] Sohn; Joh. Friederich Hoffmann, Hans Hoffmanns Sohn von Becheln; Anna Apollonia, Joh. Friederich Heiers allhier Hausfr[au] <\/em>\u2014 <strong>zu 4) <\/strong><em>Joh. T\u00f6nges Claa\u00df von Marienfels; T\u00f6nges P\u00fcsch von Gei\u00dfig; Anna Catharina, T\u00f6nges Caspers Gerhardi allhier Hausfr[au] <\/em>\u2014 <strong>zu 5) <\/strong><em>Joh[ann] Friederich Heyer; Johann Anthoni[us] Becker alhir; vndt Anna Margretha, Johannis Gerhardi Tochter von Dornholtzhau\u00dfen<\/em> \u2014 <strong>zu 6) <\/strong><em>Hans Jacob Peter, Hans Jacob Peters see[lig] von Dessigob[en] <\/em>[Dessighofen] <em>eh[licher] Sohn; Fr[au] Anna Margretha Kohlerm\u00e4nnin, past[oris] uxor; v[nd] Anna Magdalena, Peter Kleinen uxor <\/em>\u2014 <strong>zu 7) <\/strong><em>Georg Caspar Gerhard senior; Joh. Friederich Krafft; v[nd] Anna Elisabeth, der Mutter Schwester Tochter <\/em>\u2014 <strong>zu 8) <\/strong><em>Johann Nicola[us] Hexel von Geissig; Anna Elisabeth, Joh. <\/em><em>Rinckers Witt[ib]; v[nd] Anna Christina, Matthias Rinckers uxor alhir<\/em><\/span><\/p>\n<hr \/>\n<p style=\"text-align: justify;\"><span style=\"font-family: times new roman, times, serif; font-size: 10pt;\"><span style=\"color: #ff0000;\"><strong>Gensmann, Johann Philipp:<\/strong> <\/span>+ 07.01.1733 Schweighausen (bg. 09.01.), 8 Jahre, 9 Monate weniger 2 Tage alt; <em>Johann Philipps Gensmanns, gewe\u00dfenen Einwohners zu Scheuren, und Susanna nachgelassenes S\u00f6hnlein, welcher hier bey seinem Vetter Gensmannen als ein Way\u00dfe erzogen worden<\/em>; * 07.04.1724 Scheuern (Pfarrei Nassau)<\/span><\/p>\n<hr \/>\n<p><span style=\"font-size: 10pt; font-family: times new roman, times, serif;\"><strong>Letzte \u00c4nderung: 10. Februar 2024<\/strong><\/span><br \/>\n<span style=\"font-size: 10pt; font-family: times new roman, times, serif;\"><strong>Ralph Jackmuth<\/strong><\/span><\/p>\n","protected":false},"excerpt":{"rendered":"<p>Gensmann, Hamann: + 17.12.1684 nachmittags 1 Uhr Schweighausen (bg. 19.12.), 66 Jahre alt oo mit Johanna: + 11.12.1672 Schweighausen (bg. 13.02.), ca. 61 Jahre alt Nr. Vorname (normiert) geboren getauft konfirmiert gestorben begraben Alter Stand 1 Anna Apollonia vor 1667 06.04.1675 xx.xx.1715 xx.xx.1715 verh. 2 Hans Th\u00f6nges ca. 1648 13.11.1710 15.11.1710 ca. 62 verh. ? &hellip; <a href=\"https:\/\/www.ahnenforschung-jackmuth.de\/?page_id=10475\" class=\"more-link\"><span class=\"screen-reader-text\">\u201eOFB Schweighausen &#8211; Gensmann\u201c<\/span> weiterlesen<\/a><\/p>\n","protected":false},"author":1,"featured_media":0,"parent":0,"menu_order":0,"comment_status":"closed","ping_status":"closed","template":"","meta":{"footnotes":""},"class_list":["post-10475","page","type-page","status-publish","hentry"],"_links":{"self":[{"href":"https:\/\/www.ahnenforschung-jackmuth.de\/index.php?rest_route=\/wp\/v2\/pages\/10475","targetHints":{"allow":["GET"]}}],"collection":[{"href":"https:\/\/www.ahnenforschung-jackmuth.de\/index.php?rest_route=\/wp\/v2\/pages"}],"about":[{"href":"https:\/\/www.ahnenforschung-jackmuth.de\/index.php?rest_route=\/wp\/v2\/types\/page"}],"author":[{"embeddable":true,"href":"https:\/\/www.ahnenforschung-jackmuth.de\/index.php?rest_route=\/wp\/v2\/users\/1"}],"replies":[{"embeddable":true,"href":"https:\/\/www.ahnenforschung-jackmuth.de\/index.php?rest_route=%2Fwp%2Fv2%2Fcomments&post=10475"}],"version-history":[{"count":0,"href":"https:\/\/www.ahnenforschung-jackmuth.de\/index.php?rest_route=\/wp\/v2\/pages\/10475\/revisions"}],"wp:attachment":[{"href":"https:\/\/www.ahnenforschung-jackmuth.de\/index.php?rest_route=%2Fwp%2Fv2%2Fmedia&parent=10475"}],"curies":[{"name":"wp","href":"https:\/\/api.w.org\/{rel}","templated":true}]}}