{"id":10468,"date":"2023-08-10T11:30:57","date_gmt":"2023-08-10T11:30:57","guid":{"rendered":"http:\/\/www.ahnenforschung-jackmuth.de\/?page_id=10468"},"modified":"2023-08-12T09:25:19","modified_gmt":"2023-08-12T09:25:19","slug":"ofb-schweighausen-dessighofer","status":"publish","type":"page","link":"https:\/\/www.ahnenforschung-jackmuth.de\/?page_id=10468","title":{"rendered":"OFB Schweighausen &#8211; Dessighofer"},"content":{"rendered":"<p><span style=\"font-family: times new roman, times, serif; font-size: 10pt;\"><span style=\"color: #ff0000;\"><strong><u>Dessighofer<\/u><\/strong><strong>, (Johann) David: <\/strong><\/span>+ 03.04.1708 Schweighausen (bg. 05.04.), 78 Jahre alt<\/span><\/p>\n<p><span style=\"font-family: times new roman, times, serif; font-size: 10pt;\"><strong>oo vor 1667<\/strong> mit <strong>(Anna) Christina: <\/strong>+ 21.04.1706 Schweighausen (bg. 22.04.), 67 Jahre 2 Monate 3 Wochen alt<\/span><\/p>\n<table style=\"width: 100%;\">\n<tbody>\n<tr>\n<td style=\"text-align: center; width: 6.42857%;\" width=\"21\"><span style=\"font-family: times new roman, times, serif; font-size: 10pt;\"><strong>Nr.<\/strong><\/span><\/td>\n<td style=\"width: 17.7381%;\" width=\"128\"><span style=\"font-family: times new roman, times, serif; font-size: 10pt;\"><strong>Vorname (normiert)<\/strong><\/span><\/td>\n<td style=\"text-align: center; width: 13.3333%;\" width=\"84\"><span style=\"font-family: times new roman, times, serif; font-size: 10pt;\"><strong>geboren<\/strong><\/span><\/td>\n<td style=\"text-align: center; width: 13.3333%;\" width=\"84\"><span style=\"font-family: times new roman, times, serif; font-size: 10pt;\"><strong>getauft<\/strong><\/span><\/td>\n<td style=\"text-align: center; width: 11.5476%;\" width=\"71\"><span style=\"font-family: times new roman, times, serif; font-size: 10pt;\"><strong>konfirmiert<\/strong><\/span><\/td>\n<td style=\"text-align: center; width: 10.4762%;\" width=\"63\"><span style=\"font-family: times new roman, times, serif; font-size: 10pt;\"><strong>gestorben<\/strong><\/span><\/td>\n<td style=\"text-align: center; width: 11.5476%;\" width=\"71\"><span style=\"font-family: times new roman, times, serif; font-size: 10pt;\"><strong>begraben<\/strong><\/span><\/td>\n<td style=\"text-align: center; width: 7.61905%;\" width=\"42\"><span style=\"font-family: times new roman, times, serif; font-size: 10pt;\"><strong>Alter<\/strong><\/span><\/td>\n<td style=\"text-align: center; width: 7.85714%;\" width=\"43\"><span style=\"font-family: times new roman, times, serif; font-size: 10pt;\"><strong>Stand<\/strong><\/span><\/td>\n<\/tr>\n<tr>\n<td style=\"text-align: center; width: 6.42857%;\" width=\"21\"><span style=\"font-family: times new roman, times, serif; font-size: 10pt;\">1<\/span><\/td>\n<td style=\"width: 17.7381%;\" width=\"128\"><span style=\"font-family: times new roman, times, serif; font-size: 10pt;\">(Johann) Gottfried<\/span><\/td>\n<td style=\"text-align: center; width: 13.3333%;\" width=\"84\"><span style=\"font-family: times new roman, times, serif; font-size: 10pt;\">vor 1667<\/span><\/td>\n<td style=\"text-align: center; width: 13.3333%;\" width=\"84\"><\/td>\n<td style=\"text-align: center; width: 11.5476%;\" width=\"71\"><span style=\"font-family: times new roman, times, serif; font-size: 10pt;\">06.04.1675<\/span><\/td>\n<td style=\"text-align: center; width: 10.4762%;\" width=\"63\"><span style=\"font-family: times new roman, times, serif; font-size: 10pt;\">13.04.1745<\/span><\/td>\n<td style=\"text-align: center; width: 11.5476%;\" width=\"71\"><span style=\"font-family: times new roman, times, serif; font-size: 10pt;\">15.04.1745<\/span><\/td>\n<td style=\"text-align: center; width: 7.61905%;\" width=\"42\"><span style=\"font-family: times new roman, times, serif; font-size: 10pt;\">84<\/span><\/td>\n<td style=\"text-align: center; width: 7.85714%;\" width=\"43\"><span style=\"font-family: times new roman, times, serif; font-size: 10pt;\">verh.<\/span><\/td>\n<\/tr>\n<tr>\n<td style=\"text-align: center; width: 6.42857%;\" width=\"21\"><span style=\"font-family: times new roman, times, serif; font-size: 10pt;\">2<\/span><\/td>\n<td style=\"width: 17.7381%;\" width=\"128\"><span style=\"font-family: times new roman, times, serif; font-size: 10pt;\">Maria Elisabeth<\/span><\/td>\n<td style=\"text-align: center; width: 13.3333%;\" width=\"84\"><span style=\"font-family: times new roman, times, serif; font-size: 10pt;\">vor 1667<\/span><\/td>\n<td style=\"text-align: center; width: 13.3333%;\" width=\"84\"><\/td>\n<td style=\"text-align: center; width: 11.5476%;\" width=\"71\"><span style=\"font-family: times new roman, times, serif; font-size: 10pt;\">08.06.1679<\/span><\/td>\n<td style=\"text-align: center; width: 10.4762%;\" width=\"63\"><span style=\"font-family: times new roman, times, serif; font-size: 10pt;\">15.02.1714<\/span><\/td>\n<td style=\"text-align: center; width: 11.5476%;\" width=\"71\"><span style=\"font-family: times new roman, times, serif; font-size: 10pt;\">16.02.1714<\/span><\/td>\n<td style=\"text-align: center; width: 7.61905%;\" width=\"42\"><span style=\"font-family: times new roman, times, serif; font-size: 10pt;\">49<\/span><\/td>\n<td style=\"text-align: center; width: 7.85714%;\" width=\"43\"><span style=\"font-family: times new roman, times, serif; font-size: 10pt;\">verh.<\/span><\/td>\n<\/tr>\n<tr>\n<td style=\"text-align: center; width: 6.42857%;\" width=\"21\"><span style=\"font-family: times new roman, times, serif; font-size: 10pt;\">3<\/span><\/td>\n<td style=\"width: 17.7381%;\" width=\"128\"><span style=\"font-family: times new roman, times, serif; font-size: 10pt;\">Maria C\u00e4cilia<\/span><\/td>\n<td style=\"text-align: center; width: 13.3333%;\" width=\"84\"><span style=\"font-family: times new roman, times, serif; font-size: 10pt;\">1666<\/span><\/td>\n<td style=\"text-align: center; width: 13.3333%;\" width=\"84\"><\/td>\n<td style=\"text-align: center; width: 11.5476%;\" width=\"71\"><\/td>\n<td style=\"text-align: center; width: 10.4762%;\" width=\"63\"><\/td>\n<td style=\"text-align: center; width: 11.5476%;\" width=\"71\"><span style=\"font-family: times new roman, times, serif; font-size: 10pt;\">04.03.1667<\/span><\/td>\n<td style=\"text-align: center; width: 7.61905%;\" width=\"42\"><span style=\"font-family: times new roman, times, serif; font-size: 10pt;\">0,38<\/span><\/td>\n<td style=\"text-align: center; width: 7.85714%;\" width=\"43\"><\/td>\n<\/tr>\n<tr>\n<td style=\"text-align: center; width: 6.42857%;\" width=\"21\"><span style=\"font-family: times new roman, times, serif; font-size: 10pt;\">4<\/span><\/td>\n<td style=\"width: 17.7381%;\" width=\"128\"><span style=\"font-family: times new roman, times, serif; font-size: 10pt;\">Johann Anton<\/span><\/td>\n<td style=\"text-align: center; width: 13.3333%;\" width=\"84\"><span style=\"font-family: times new roman, times, serif; font-size: 10pt;\">26.06.1668<\/span><\/td>\n<td style=\"text-align: center; width: 13.3333%;\" width=\"84\"><span style=\"font-family: times new roman, times, serif; font-size: 10pt;\">02.07.1668<\/span><\/td>\n<td style=\"text-align: center; width: 11.5476%;\" width=\"71\"><\/td>\n<td style=\"text-align: center; width: 10.4762%;\" width=\"63\"><\/td>\n<td style=\"text-align: center; width: 11.5476%;\" width=\"71\"><\/td>\n<td style=\"text-align: center; width: 7.61905%;\" width=\"42\"><\/td>\n<td style=\"text-align: center; width: 7.85714%;\" width=\"43\"><span style=\"font-family: times new roman, times, serif; font-size: 10pt;\">verh.<\/span><\/td>\n<\/tr>\n<tr>\n<td style=\"text-align: center; width: 6.42857%;\"><span style=\"font-family: times new roman, times, serif; font-size: 10pt;\">5<\/span><\/td>\n<td style=\"width: 17.7381%;\"><span style=\"font-family: times new roman, times, serif; font-size: 10pt;\">Anna Katharina<\/span><\/td>\n<td style=\"text-align: center; width: 13.3333%;\"><span style=\"font-family: times new roman, times, serif; font-size: 10pt;\">11.05.1671<\/span><\/td>\n<td style=\"text-align: center; width: 13.3333%;\"><span style=\"font-family: times new roman, times, serif; font-size: 10pt;\">14.05.1671<\/span><\/td>\n<td style=\"text-align: center; width: 11.5476%;\"><span style=\"font-family: times new roman, times, serif; font-size: 10pt;\">16.04.1685<\/span><\/td>\n<td style=\"text-align: center; width: 10.4762%;\"><\/td>\n<td style=\"text-align: center; width: 11.5476%;\"><span style=\"font-family: times new roman, times, serif; font-size: 10pt;\">17.05.1736<\/span><\/td>\n<td style=\"text-align: center; width: 7.61905%;\"><span style=\"font-family: times new roman, times, serif; font-size: 10pt;\">65<\/span><\/td>\n<td style=\"text-align: center; width: 7.85714%;\"><span style=\"font-family: times new roman, times, serif; font-size: 10pt;\">verh.<\/span><\/td>\n<\/tr>\n<\/tbody>\n<\/table>\n<p style=\"text-align: justify;\"><span style=\"font-family: times new roman, times, serif; font-size: 10pt;\">Kind Nr. 1) oo 28.04.1691 Schweighausen mit Johannetta Elisabeth Gerhard aus Schweighausen<br \/>\n<\/span><span style=\"font-family: times new roman, times, serif; font-size: 10pt;\">Kind Nr. 2) oo vor 26.10.1684 Schweighausen mit Johann Friedrich Kraft aus Schweighausen<br \/>\n<\/span><span style=\"font-family: times new roman, times, serif; font-size: 10pt;\">Kind Nr. 3) war 20 Wochen 4 Tage alt<br \/>\n<\/span><span style=\"font-family: times new roman, times, serif; font-size: 10pt;\">Kind Nr. 4) oo nach 27.03.1695 Niederbachheim (prokl. 10.03., 17.03., 26.03.1695) mit Maria Elisabeth Hans, Tochter des Philipp Hans aus Winterwerb<br \/>\n<\/span><span style=\"font-family: times new roman, times, serif; font-size: 10pt;\">Kind Nr. 5) + Scheuern; oo 17.11.1691 Nassau (prokl. 01.11., 08.11. u. 15.11.) mit Johann Engel Minor, Sohn des Philipp Minor aus Scheuern<br \/>\n<\/span><\/p>\n<p style=\"text-align: justify;\"><span style=\"font-family: times new roman, times, serif; font-size: 10pt;\"><strong>Paten: zu 4) <\/strong><em>Han\u00df Th\u00f6nges Mey, Schmid alhier: Johann Daniel Som[m]er junior von Bacheimb; undt J[ung]f[e]r Anna, Schulthei\u00dfen Tochter <\/em>\u2014 <strong>zu 5) <\/strong><em>Han\u00df Adam Klein; Johanna Catharina, H[err]n Junioris <\/em>[?]<em>, Pfarrers zu N[ieder]-Bachheimb <\/em>[Niederbachheim]<em>, Hau\u00dffrau, undt Anna Kunigunda, Han\u00df Th\u00f6nges Mey zu Kelbach Hau\u00dffrau <\/em>[Kehlbach]<\/span><\/p>\n<hr \/>\n<p><span style=\"font-family: times new roman, times, serif; font-size: 10pt;\"><span style=\"color: #ff0000;\"><strong><u>Dessighofer<\/u><\/strong><strong>, (Johann) Gottfried:<\/strong> <\/span>+ 13.04.1745 Schweighausen (bg. 15.04.), 84 Jahre alt; Eltern: (Johann) David Dessighofer und (Anna) Christina<\/span><\/p>\n<p style=\"text-align: justify;\"><span style=\"font-family: times new roman, times, serif; font-size: 10pt;\"><strong>oo 28.04.1691Schweighausen<\/strong> (prokl. 05.04., 12.04., 19.04.) mit <strong><u>Gerhard<\/u>, Johannetta Elisabeth:<\/strong> * 03.10.1672 Schweighausen (gt. 06.10.); + 01.03.1742 Schweighausen (bg. 03.03.); Eltern: Georg Kaspar Gerhard und Elisabeth<\/span><\/p>\n<table style=\"width: 100%;\">\n<tbody>\n<tr>\n<td style=\"text-align: center; width: 5.83333%;\" width=\"21\"><span style=\"font-family: times new roman, times, serif; font-size: 10pt;\"><strong>Nr.<\/strong><\/span><\/td>\n<td style=\"width: 17.5%;\" width=\"122\"><span style=\"font-family: times new roman, times, serif; font-size: 10pt;\"><strong>Vorname (normiert)<\/strong><\/span><\/td>\n<td style=\"text-align: center; width: 13.0952%;\" width=\"82\"><span style=\"font-family: times new roman, times, serif; font-size: 10pt;\"><strong>geboren<\/strong><\/span><\/td>\n<td style=\"text-align: center; width: 13.0952%;\" width=\"82\"><span style=\"font-family: times new roman, times, serif; font-size: 10pt;\"><strong>getauft<\/strong><\/span><\/td>\n<td style=\"text-align: center; width: 11.3095%;\" width=\"69\"><span style=\"font-family: times new roman, times, serif; font-size: 10pt;\"><strong>konfirmiert<\/strong><\/span><\/td>\n<td style=\"text-align: center; width: 11.3095%;\" width=\"69\"><span style=\"font-family: times new roman, times, serif; font-size: 10pt;\"><strong>gestorben<\/strong><\/span><\/td>\n<td style=\"text-align: center; width: 12.381%;\" width=\"77\"><span style=\"font-family: times new roman, times, serif; font-size: 10pt;\"><strong>begraben<\/strong><\/span><\/td>\n<td style=\"text-align: center; width: 7.97619%;\" width=\"44\"><span style=\"font-family: times new roman, times, serif; font-size: 10pt;\"><strong>Alter<\/strong><\/span><\/td>\n<td style=\"text-align: center; width: 7.5%;\" width=\"41\"><span style=\"font-family: times new roman, times, serif; font-size: 10pt;\"><strong>Stand<\/strong><\/span><\/td>\n<\/tr>\n<tr>\n<td style=\"text-align: center; width: 5.83333%;\" width=\"21\"><span style=\"font-family: times new roman, times, serif; font-size: 10pt;\">1<\/span><\/td>\n<td style=\"width: 17.5%;\" width=\"122\"><span style=\"font-family: times new roman, times, serif; font-size: 10pt;\">Anna Katharina<\/span><\/td>\n<td style=\"text-align: center; width: 13.0952%;\" width=\"82\"><span style=\"font-family: times new roman, times, serif; font-size: 10pt;\">08.02.1692<\/span><\/td>\n<td style=\"text-align: center; width: 13.0952%;\" width=\"82\"><span style=\"font-family: times new roman, times, serif; font-size: 10pt;\">14.02.1692<\/span><\/td>\n<td style=\"text-align: center; width: 11.3095%;\" width=\"69\"><span style=\"font-family: times new roman, times, serif; font-size: 10pt;\">31.05.1705<\/span><\/td>\n<td style=\"text-align: center; width: 11.3095%;\" width=\"69\"><\/td>\n<td style=\"text-align: center; width: 12.381%;\" width=\"77\"><\/td>\n<td style=\"text-align: center; width: 7.97619%;\" width=\"44\"><\/td>\n<td style=\"text-align: center; width: 7.5%;\" width=\"41\"><span style=\"font-family: times new roman, times, serif; font-size: 10pt;\">verh.<\/span><\/td>\n<\/tr>\n<tr>\n<td style=\"text-align: center; width: 5.83333%;\"><span style=\"font-family: times new roman, times, serif; font-size: 10pt;\">2<\/span><\/td>\n<td style=\"width: 17.5%;\"><span style=\"font-family: times new roman, times, serif; font-size: 10pt;\">Elisabeth Katharina<\/span><\/td>\n<td style=\"text-align: center; width: 13.0952%;\"><span style=\"font-family: times new roman, times, serif; font-size: 10pt;\">15.02.1698<\/span><\/td>\n<td style=\"text-align: center; width: 13.0952%;\"><span style=\"font-family: times new roman, times, serif; font-size: 10pt;\">20.02.1698<\/span><\/td>\n<td style=\"text-align: center; width: 11.3095%;\"><span style=\"font-family: times new roman, times, serif; font-size: 10pt;\">05.04.1711<\/span><\/td>\n<td style=\"text-align: center; width: 11.3095%;\"><span style=\"font-family: times new roman, times, serif; font-size: 10pt;\">03.03.1745<\/span><\/td>\n<td style=\"text-align: center; width: 12.381%;\"><span style=\"font-family: times new roman, times, serif; font-size: 10pt;\">05.03.1745<\/span><\/td>\n<td style=\"text-align: center; width: 7.97619%;\"><span style=\"font-family: times new roman, times, serif; font-size: 10pt;\">47,07<\/span><\/td>\n<td style=\"text-align: center; width: 7.5%;\"><span style=\"font-family: times new roman, times, serif; font-size: 10pt;\">verh.<\/span><\/td>\n<\/tr>\n<tr>\n<td style=\"text-align: center; width: 5.83333%;\"><span style=\"font-family: times new roman, times, serif; font-size: 10pt;\">3<\/span><\/td>\n<td style=\"width: 17.5%;\"><span style=\"font-family: times new roman, times, serif; font-size: 10pt;\">Johann Philipp<\/span><\/td>\n<td style=\"text-align: center; width: 13.0952%;\"><span style=\"font-family: times new roman, times, serif; font-size: 10pt;\">21.04.1703<\/span><\/td>\n<td style=\"text-align: center; width: 13.0952%;\"><span style=\"font-family: times new roman, times, serif; font-size: 10pt;\">24.04.1703<\/span><\/td>\n<td style=\"text-align: center; width: 11.3095%;\"><\/td>\n<td style=\"text-align: center; width: 11.3095%;\"><span style=\"font-family: times new roman, times, serif; font-size: 10pt;\">16.02.1715<\/span><\/td>\n<td style=\"text-align: center; width: 12.381%;\"><\/td>\n<td style=\"text-align: center; width: 7.97619%;\"><span style=\"font-family: times new roman, times, serif; font-size: 10pt;\">11,83<\/span><\/td>\n<td style=\"text-align: center; width: 7.5%;\"><\/td>\n<\/tr>\n<\/tbody>\n<\/table>\n<p style=\"text-align: justify;\"><span style=\"font-family: times new roman, times, serif; font-size: 10pt;\">Kind Nr. 1) oo 28.06.1708 Dornholzhausen (prokl. 13.05., 20.05.1708, 28.05.) mit Johann David Neu\u00df, Sohn des Moses Neu\u00df aus Geisig; Fam. wohnt 1709 in Geisig<br \/>\n<\/span><span style=\"font-family: times new roman, times, serif; font-size: 10pt;\">Kind Nr. 2) oo 26.01.1717 Dachsenhausen mit Georg Philipp Z\u00f6ller aus Dachsenhausen; Fam. wohnt in Schweighausen<\/span><\/p>\n<p style=\"text-align: justify;\"><span style=\"font-family: times new roman, times, serif; font-size: 10pt;\"><strong>Paten: zu 1) <\/strong><em>Thonges Dessigoben; Anna Magdalena, Philipps &#8230;ners Fr[au] von Daxenhau\u00dfen <\/em>[Dachsenhausen]<em>; v[nd] Catharina, Th\u00f6nges Caspar Gerhards Fr[au] <\/em>\u2014 <strong>zu 2) <\/strong><em>Joh. Anthoni[us] Becker; Maria Elisabeth, Fried[rich] Krafften uxor; et Anna Catharina, Philipps Haxels von Geissig uxor <\/em>\u2014 <strong>zu 3) <\/strong><em>Joh. Engel Minor von Scheuern; Joh. Philipps, Joh. Adam Gerhard[en] Sohn; v[nd] Maria Catharina, Gottfriedt Gerhard[en] Tochter<\/em><\/span><\/p>\n<hr \/>\n<p><span style=\"font-size: 10pt; font-family: times new roman, times, serif;\"><strong>Letzte \u00c4nderung: 12. August 2023<\/strong><\/span><br \/>\n<span style=\"font-size: 10pt; font-family: times new roman, times, serif;\"><strong>Ralph Jackmuth<\/strong><\/span><\/p>\n","protected":false},"excerpt":{"rendered":"<p>Dessighofer, (Johann) David: + 03.04.1708 Schweighausen (bg. 05.04.), 78 Jahre alt oo vor 1667 mit (Anna) Christina: + 21.04.1706 Schweighausen (bg. 22.04.), 67 Jahre 2 Monate 3 Wochen alt Nr. Vorname (normiert) geboren getauft konfirmiert gestorben begraben Alter Stand 1 (Johann) Gottfried vor 1667 06.04.1675 13.04.1745 15.04.1745 84 verh. 2 Maria Elisabeth vor 1667 08.06.1679 &hellip; <a href=\"https:\/\/www.ahnenforschung-jackmuth.de\/?page_id=10468\" class=\"more-link\"><span class=\"screen-reader-text\">\u201eOFB Schweighausen &#8211; Dessighofer\u201c<\/span> weiterlesen<\/a><\/p>\n","protected":false},"author":1,"featured_media":0,"parent":0,"menu_order":0,"comment_status":"closed","ping_status":"closed","template":"","meta":{"footnotes":""},"class_list":["post-10468","page","type-page","status-publish","hentry"],"_links":{"self":[{"href":"https:\/\/www.ahnenforschung-jackmuth.de\/index.php?rest_route=\/wp\/v2\/pages\/10468","targetHints":{"allow":["GET"]}}],"collection":[{"href":"https:\/\/www.ahnenforschung-jackmuth.de\/index.php?rest_route=\/wp\/v2\/pages"}],"about":[{"href":"https:\/\/www.ahnenforschung-jackmuth.de\/index.php?rest_route=\/wp\/v2\/types\/page"}],"author":[{"embeddable":true,"href":"https:\/\/www.ahnenforschung-jackmuth.de\/index.php?rest_route=\/wp\/v2\/users\/1"}],"replies":[{"embeddable":true,"href":"https:\/\/www.ahnenforschung-jackmuth.de\/index.php?rest_route=%2Fwp%2Fv2%2Fcomments&post=10468"}],"version-history":[{"count":0,"href":"https:\/\/www.ahnenforschung-jackmuth.de\/index.php?rest_route=\/wp\/v2\/pages\/10468\/revisions"}],"wp:attachment":[{"href":"https:\/\/www.ahnenforschung-jackmuth.de\/index.php?rest_route=%2Fwp%2Fv2%2Fmedia&parent=10468"}],"curies":[{"name":"wp","href":"https:\/\/api.w.org\/{rel}","templated":true}]}}