{"id":10465,"date":"2023-08-10T11:28:40","date_gmt":"2023-08-10T11:28:40","guid":{"rendered":"http:\/\/www.ahnenforschung-jackmuth.de\/?page_id=10465"},"modified":"2023-08-10T11:28:40","modified_gmt":"2023-08-10T11:28:40","slug":"ofb-schweighausen-christ","status":"publish","type":"page","link":"https:\/\/www.ahnenforschung-jackmuth.de\/?page_id=10465","title":{"rendered":"OFB Schweighausen &#8211; Christ"},"content":{"rendered":"<p style=\"text-align: justify;\"><span style=\"font-family: times new roman, times, serif; font-size: 10pt;\"><span style=\"color: #ff0000;\"><strong><u>Christ<\/u><\/strong><strong>, Johann Thiel:<\/strong> <\/span>* 20.12.1743 Dessighofen (gt. 22.12.); + 25.04.1816 Schweighausen (bg. 27.04.); Eltern: Johann Peter Christ und Christina Katharina geb. May<\/span><\/p>\n<p style=\"text-align: justify;\"><span style=\"font-family: times new roman, times, serif; font-size: 10pt;\"><strong>oo 23.02.1773 Schweighausen<\/strong> (prokl. 31.01., 07.02., 14.02.) mit <strong><u>May<\/u>, Christina Katharina:<\/strong> * 12.07.1751 Schweighausen (gt. 18.07.); + 08.06.1816 Schweighausen (bg. 10.06.); Eltern: Johann Anton May und Maria Sophia (auch Sophia Elisabeth) geb. Gensmann<\/span><\/p>\n<table style=\"width: 100%;\">\n<tbody>\n<tr>\n<td style=\"text-align: center; width: 5.95238%;\" width=\"21\"><span style=\"font-family: times new roman, times, serif; font-size: 10pt;\"><strong>Nr.<\/strong><\/span><\/td>\n<td style=\"width: 17.381%;\" width=\"121\"><span style=\"font-family: times new roman, times, serif; font-size: 10pt;\"><strong>Vorname (normiert)<\/strong><\/span><\/td>\n<td style=\"text-align: center; width: 12.9762%;\" width=\"81\"><span style=\"font-family: times new roman, times, serif; font-size: 10pt;\"><strong>geboren<\/strong><\/span><\/td>\n<td style=\"text-align: center; width: 12.9762%;\" width=\"81\"><span style=\"font-family: times new roman, times, serif; font-size: 10pt;\"><strong>getauft<\/strong><\/span><\/td>\n<td style=\"text-align: center; width: 11.4286%;\" width=\"69\"><span style=\"font-family: times new roman, times, serif; font-size: 10pt;\"><strong>konfirmiert<\/strong><\/span><\/td>\n<td style=\"text-align: center; width: 11.4286%;\" width=\"69\"><span style=\"font-family: times new roman, times, serif; font-size: 10pt;\"><strong>gestorben<\/strong><\/span><\/td>\n<td style=\"text-align: center; width: 12.2619%;\" width=\"76\"><span style=\"font-family: times new roman, times, serif; font-size: 10pt;\"><strong>begraben<\/strong><\/span><\/td>\n<td style=\"text-align: center; width: 7.97619%;\" width=\"44\"><span style=\"font-family: times new roman, times, serif; font-size: 10pt;\"><strong>Alter<\/strong><\/span><\/td>\n<td style=\"text-align: center; width: 7.61905%;\" width=\"41\"><span style=\"font-family: times new roman, times, serif; font-size: 10pt;\"><strong>Stand<\/strong><\/span><\/td>\n<\/tr>\n<tr>\n<td style=\"text-align: center; width: 5.95238%;\" width=\"21\"><span style=\"font-family: times new roman, times, serif; font-size: 10pt;\">1<\/span><\/td>\n<td style=\"width: 17.381%;\" width=\"121\"><span style=\"font-family: times new roman, times, serif; font-size: 10pt;\">Maria Katharina<\/span><\/td>\n<td style=\"text-align: center; width: 12.9762%;\" width=\"81\"><span style=\"font-family: times new roman, times, serif; font-size: 10pt;\">25.12.1773<\/span><\/td>\n<td style=\"text-align: center; width: 12.9762%;\" width=\"81\"><span style=\"font-family: times new roman, times, serif; font-size: 10pt;\">27.12.1773<\/span><\/td>\n<td style=\"text-align: center; width: 11.4286%;\" width=\"69\"><\/td>\n<td style=\"text-align: center; width: 11.4286%;\" width=\"69\"><span style=\"font-family: times new roman, times, serif; font-size: 10pt;\">05.07.1785<\/span><\/td>\n<td style=\"text-align: center; width: 12.2619%;\" width=\"76\"><span style=\"font-family: times new roman, times, serif; font-size: 10pt;\">07.07.1785<\/span><\/td>\n<td style=\"text-align: center; width: 7.97619%;\" width=\"44\"><span style=\"font-family: times new roman, times, serif; font-size: 10pt;\">11,53<\/span><\/td>\n<td style=\"text-align: center; width: 7.61905%;\" width=\"41\"><\/td>\n<\/tr>\n<tr>\n<td style=\"text-align: center; width: 5.95238%;\"><span style=\"font-family: times new roman, times, serif; font-size: 10pt;\">2<\/span><\/td>\n<td style=\"width: 17.381%;\"><span style=\"font-family: times new roman, times, serif; font-size: 10pt;\">Johann Henrich<\/span><\/td>\n<td style=\"text-align: center; width: 12.9762%;\"><span style=\"font-family: times new roman, times, serif; font-size: 10pt;\">04.10.1776<\/span><\/td>\n<td style=\"text-align: center; width: 12.9762%;\"><span style=\"font-family: times new roman, times, serif; font-size: 10pt;\">06.10.1776<\/span><\/td>\n<td style=\"text-align: center; width: 11.4286%;\"><\/td>\n<td style=\"text-align: center; width: 11.4286%;\"><span style=\"font-family: times new roman, times, serif; font-size: 10pt;\">16.09.1777<\/span><\/td>\n<td style=\"text-align: center; width: 12.2619%;\"><span style=\"font-family: times new roman, times, serif; font-size: 10pt;\">18.09.1777<\/span><\/td>\n<td style=\"text-align: center; width: 7.97619%;\"><span style=\"font-family: times new roman, times, serif; font-size: 10pt;\">0,95<\/span><\/td>\n<td style=\"text-align: center; width: 7.61905%;\"><\/td>\n<\/tr>\n<tr>\n<td style=\"text-align: center; width: 5.95238%;\"><span style=\"font-family: times new roman, times, serif; font-size: 10pt;\">3<\/span><\/td>\n<td style=\"width: 17.381%;\"><span style=\"font-family: times new roman, times, serif; font-size: 10pt;\">Maria Christina<\/span><\/td>\n<td style=\"text-align: center; width: 12.9762%;\"><span style=\"font-family: times new roman, times, serif; font-size: 10pt;\">09.01.1779<\/span><\/td>\n<td style=\"text-align: center; width: 12.9762%;\"><span style=\"font-family: times new roman, times, serif; font-size: 10pt;\">11.01.1779<\/span><\/td>\n<td style=\"text-align: center; width: 11.4286%;\"><\/td>\n<td style=\"text-align: center; width: 11.4286%;\"><span style=\"font-family: times new roman, times, serif; font-size: 10pt;\">27.06.1785<\/span><\/td>\n<td style=\"text-align: center; width: 12.2619%;\"><span style=\"font-family: times new roman, times, serif; font-size: 10pt;\">29.06.1785<\/span><\/td>\n<td style=\"text-align: center; width: 7.97619%;\"><span style=\"font-family: times new roman, times, serif; font-size: 10pt;\">6,47<\/span><\/td>\n<td style=\"text-align: center; width: 7.61905%;\"><\/td>\n<\/tr>\n<tr>\n<td style=\"text-align: center; width: 5.95238%;\"><span style=\"font-family: times new roman, times, serif; font-size: 10pt;\">4<\/span><\/td>\n<td style=\"width: 17.381%;\"><span style=\"font-family: times new roman, times, serif; font-size: 10pt;\">Maria Elisabeth<\/span><\/td>\n<td style=\"text-align: center; width: 12.9762%;\"><span style=\"font-family: times new roman, times, serif; font-size: 10pt;\">03.03.1783<\/span><\/td>\n<td style=\"text-align: center; width: 12.9762%;\"><span style=\"font-family: times new roman, times, serif; font-size: 10pt;\">06.03.1783<\/span><\/td>\n<td style=\"text-align: center; width: 11.4286%;\"><\/td>\n<td style=\"text-align: center; width: 11.4286%;\"><span style=\"font-family: times new roman, times, serif; font-size: 10pt;\">26.08.1835<\/span><\/td>\n<td style=\"text-align: center; width: 12.2619%;\"><span style=\"font-family: times new roman, times, serif; font-size: 10pt;\">28.08.1835<\/span><\/td>\n<td style=\"text-align: center; width: 7.97619%;\"><span style=\"font-family: times new roman, times, serif; font-size: 10pt;\">52,52<\/span><\/td>\n<td style=\"text-align: center; width: 7.61905%;\"><span style=\"font-family: times new roman, times, serif; font-size: 10pt;\">verh.<\/span><\/td>\n<\/tr>\n<tr>\n<td style=\"text-align: center; width: 5.95238%;\"><span style=\"font-family: times new roman, times, serif; font-size: 10pt;\">5<\/span><\/td>\n<td style=\"width: 17.381%;\"><span style=\"font-family: times new roman, times, serif; font-size: 10pt;\">Johann Gottfried<\/span><\/td>\n<td style=\"text-align: center; width: 12.9762%;\"><span style=\"font-family: times new roman, times, serif; font-size: 10pt;\">16.07.1787<\/span><\/td>\n<td style=\"text-align: center; width: 12.9762%;\"><span style=\"font-family: times new roman, times, serif; font-size: 10pt;\">17.07.1787<\/span><\/td>\n<td style=\"text-align: center; width: 11.4286%;\"><\/td>\n<td style=\"text-align: center; width: 11.4286%;\"><\/td>\n<td style=\"text-align: center; width: 12.2619%;\"><\/td>\n<td style=\"text-align: center; width: 7.97619%;\"><\/td>\n<td style=\"text-align: center; width: 7.61905%;\"><span style=\"font-family: times new roman, times, serif; font-size: 10pt;\">verh.<\/span><\/td>\n<\/tr>\n<\/tbody>\n<\/table>\n<p style=\"text-align: justify;\"><span style=\"font-family: times new roman, times, serif; font-size: 10pt;\">Kind Nr. 1) + \u201eam Friesel und b\u00f6sen Hals\u201c<br \/>\n<\/span><span style=\"font-family: times new roman, times, serif; font-size: 10pt;\">Kind Nr. 4) oo 26.02.1804 Nassau (ref.) mit Philipp Christoph Vales aus Nassau; Familie wohnt in Nassau, sp\u00e4ter in Schweighausen<br \/>\n<\/span><span style=\"font-family: times new roman, times, serif; font-size: 10pt;\">Kind Nr. 5) oo I. 08.04.1817 Niederbachheim mit Anna Margaretha Sommer (* 06.04.1793 Oberbachheim; + 18.05.1820 Oberbachheim; Eltern: Anton Sommer und Anna Maria geb. Roth [?], Ackersleute, wohnhaft zu Oberbachheim); oo II. 26.11.1822 Dornholzhausen mit Maria Elisabeth Haxel (* 11.01.1799 Dessighofen; Eltern: Johann Philipp Haxel und Elisabeth Margaretha geb. May (Mai), Ackersleute zu Dessighofen)<\/span><\/p>\n<p style=\"text-align: justify;\"><span style=\"font-family: times new roman, times, serif; font-size: 10pt;\"><strong>Paten: zu 1)<\/strong> <em>1) Maria Catharina Rinckerin; 2) Maria Christina Christin von De\u00dfighofen; 3) Johan Philipp Hofmann von hir <\/em>\u2014 <strong>zu 2) <\/strong><em>1) Johann Henrich, Gottfridt Schmidts \u00e4ltester Sohn; 2) Johann Anton, Anton Mays \u00e4ltester Sohn; 3) Maria Catharina Beckerin, Philipps Henrich Beckers ehe[liche] Hau\u00dffrau; alle 3 von hir <\/em>\u2014 <strong>zu 3) <\/strong><em>1) Maria Christina, Johannes Metzen ehe[liche] H[aus]frau; 2) Maria Magdalena Bulchin; 3) Joh. Henrich Elberskirch <\/em>\u2014 <strong>zu 4) <\/strong><em>1) Maria Elisabetha verwittibte Z\u00f6llerin; 2) Sophia Elisabetha Christin von De\u00dfighofen; 3) Johan Daniel, Anton Mays ehe[licher] Sohn von hir <\/em>\u2014 <strong>zu 5) <\/strong><em>1) Johan Gottfried, Joh. Anton May sen: j\u00fcngster Sohn; 2) Johan David Christ von Derssighofen; 3) Elisabetha Charlotta, Joh. Dieterich Schmidts Tochter aus Miehlen<\/em><\/span><\/p>\n<hr \/>\n<p><span style=\"font-size: 10pt; font-family: times new roman, times, serif;\"><strong>Letzte \u00c4nderung: 10. August 2023<\/strong><\/span><br \/>\n<span style=\"font-size: 10pt; font-family: times new roman, times, serif;\"><strong>Ralph Jackmuth<\/strong><\/span><\/p>\n","protected":false},"excerpt":{"rendered":"<p>Christ, Johann Thiel: * 20.12.1743 Dessighofen (gt. 22.12.); + 25.04.1816 Schweighausen (bg. 27.04.); Eltern: Johann Peter Christ und Christina Katharina geb. May oo 23.02.1773 Schweighausen (prokl. 31.01., 07.02., 14.02.) mit May, Christina Katharina: * 12.07.1751 Schweighausen (gt. 18.07.); + 08.06.1816 Schweighausen (bg. 10.06.); Eltern: Johann Anton May und Maria Sophia (auch Sophia Elisabeth) geb. Gensmann &hellip; <a href=\"https:\/\/www.ahnenforschung-jackmuth.de\/?page_id=10465\" class=\"more-link\"><span class=\"screen-reader-text\">\u201eOFB Schweighausen &#8211; Christ\u201c<\/span> weiterlesen<\/a><\/p>\n","protected":false},"author":1,"featured_media":0,"parent":0,"menu_order":0,"comment_status":"closed","ping_status":"closed","template":"","meta":{"footnotes":""},"class_list":["post-10465","page","type-page","status-publish","hentry"],"_links":{"self":[{"href":"https:\/\/www.ahnenforschung-jackmuth.de\/index.php?rest_route=\/wp\/v2\/pages\/10465","targetHints":{"allow":["GET"]}}],"collection":[{"href":"https:\/\/www.ahnenforschung-jackmuth.de\/index.php?rest_route=\/wp\/v2\/pages"}],"about":[{"href":"https:\/\/www.ahnenforschung-jackmuth.de\/index.php?rest_route=\/wp\/v2\/types\/page"}],"author":[{"embeddable":true,"href":"https:\/\/www.ahnenforschung-jackmuth.de\/index.php?rest_route=\/wp\/v2\/users\/1"}],"replies":[{"embeddable":true,"href":"https:\/\/www.ahnenforschung-jackmuth.de\/index.php?rest_route=%2Fwp%2Fv2%2Fcomments&post=10465"}],"version-history":[{"count":0,"href":"https:\/\/www.ahnenforschung-jackmuth.de\/index.php?rest_route=\/wp\/v2\/pages\/10465\/revisions"}],"wp:attachment":[{"href":"https:\/\/www.ahnenforschung-jackmuth.de\/index.php?rest_route=%2Fwp%2Fv2%2Fmedia&parent=10465"}],"curies":[{"name":"wp","href":"https:\/\/api.w.org\/{rel}","templated":true}]}}