{"id":10460,"date":"2023-08-10T11:22:27","date_gmt":"2023-08-10T11:22:27","guid":{"rendered":"http:\/\/www.ahnenforschung-jackmuth.de\/?page_id=10460"},"modified":"2023-08-10T11:22:27","modified_gmt":"2023-08-10T11:22:27","slug":"ofb-schweighausen-broeder","status":"publish","type":"page","link":"https:\/\/www.ahnenforschung-jackmuth.de\/?page_id=10460","title":{"rendered":"OFB Schweighausen &#8211; Br\u00f6der"},"content":{"rendered":"<p style=\"text-align: justify;\"><span style=\"font-family: times new roman, times, serif; font-size: 10pt;\"><span style=\"color: #ff0000;\"><strong><u>Br\u00f6der<\/u><\/strong><strong>, Johann Georg Peter:<\/strong><\/span> Ackersmann; * 18.03.1821 Gemmerich; Eltern: Johann Philipp Br\u00f6der, Ackersmann, und dessen verstorbene erste Ehefrau Maria Magdalena geb. Bodenbach zu Gemmerich<\/span><\/p>\n<p style=\"text-align: justify;\"><span style=\"font-family: times new roman, times, serif; font-size: 10pt;\"><strong>oo 08.07.1855 Schweighausen<\/strong> (prokl. 17.06., 24.06., 01.07.) mit <strong><u>Obel<\/u>, Maria Katharina:<\/strong> * 13.02.1835 Schweighausen (gt. 15.02.); konf. 27.05.1849; Eltern: Johann Friedrich Obel und Beate Magdalene geb. Z\u00f6ller<\/span><\/p>\n<table style=\"width: 100%;\">\n<tbody>\n<tr>\n<td style=\"text-align: center; width: 5.95238%;\" width=\"21\"><span style=\"font-family: times new roman, times, serif; font-size: 10pt;\"><strong>Nr.<\/strong><\/span><\/td>\n<td style=\"width: 20.119%;\" width=\"146\"><span style=\"font-family: times new roman, times, serif; font-size: 10pt;\"><strong>Vorname (normiert)<\/strong><\/span><\/td>\n<td style=\"text-align: center; width: 12.9762%;\" width=\"83\"><span style=\"font-family: times new roman, times, serif; font-size: 10pt;\"><strong>geboren<\/strong><\/span><\/td>\n<td style=\"text-align: center; width: 12.9762%;\" width=\"83\"><span style=\"font-family: times new roman, times, serif; font-size: 10pt;\"><strong>getauft<\/strong><\/span><\/td>\n<td style=\"text-align: center; width: 11.0714%;\" width=\"69\"><span style=\"font-family: times new roman, times, serif; font-size: 10pt;\"><strong>konfirmiert<\/strong><\/span><\/td>\n<td style=\"text-align: center; width: 10.4762%;\" width=\"64\"><span style=\"font-family: times new roman, times, serif; font-size: 10pt;\"><strong>gestorben<\/strong><\/span><\/td>\n<td style=\"text-align: center; width: 11.5476%;\" width=\"72\"><span style=\"font-family: times new roman, times, serif; font-size: 10pt;\"><strong>begraben<\/strong><\/span><\/td>\n<td style=\"text-align: center; width: 7.5%;\" width=\"42\"><span style=\"font-family: times new roman, times, serif; font-size: 10pt;\"><strong>Alter<\/strong><\/span><\/td>\n<td style=\"text-align: center; width: 7.26191%;\" width=\"40\"><span style=\"font-family: times new roman, times, serif; font-size: 10pt;\"><strong>Stand<\/strong><\/span><\/td>\n<\/tr>\n<tr>\n<td style=\"text-align: center; width: 5.95238%;\" width=\"21\"><span style=\"font-family: times new roman, times, serif; font-size: 10pt;\">1<\/span><\/td>\n<td style=\"width: 20.119%;\" width=\"146\"><span style=\"font-family: times new roman, times, serif; font-size: 10pt;\">Philipp Heinrich<\/span><\/td>\n<td style=\"text-align: center; width: 12.9762%;\" width=\"83\"><span style=\"font-family: times new roman, times, serif; font-size: 10pt;\">06.05.1856<\/span><\/td>\n<td style=\"text-align: center; width: 12.9762%;\" width=\"83\"><span style=\"font-family: times new roman, times, serif; font-size: 10pt;\">18.05.1856<\/span><\/td>\n<td style=\"text-align: center; width: 11.0714%;\" width=\"69\"><\/td>\n<td style=\"text-align: center; width: 10.4762%;\" width=\"64\"><\/td>\n<td style=\"text-align: center; width: 11.5476%;\" width=\"72\"><\/td>\n<td style=\"text-align: center; width: 7.5%;\" width=\"42\"><\/td>\n<td style=\"text-align: center; width: 7.26191%;\" width=\"40\"><\/td>\n<\/tr>\n<tr>\n<td style=\"text-align: center; width: 5.95238%;\"><span style=\"font-family: times new roman, times, serif; font-size: 10pt;\">2<\/span><\/td>\n<td style=\"width: 20.119%;\"><span style=\"font-family: times new roman, times, serif; font-size: 10pt;\">Katharine Luise Philippine<\/span><\/td>\n<td style=\"text-align: center; width: 12.9762%;\"><span style=\"font-family: times new roman, times, serif; font-size: 10pt;\">13.12.1858<\/span><\/td>\n<td style=\"text-align: center; width: 12.9762%;\"><span style=\"font-family: times new roman, times, serif; font-size: 10pt;\">01.01.1859<\/span><\/td>\n<td style=\"text-align: center; width: 11.0714%;\"><\/td>\n<td style=\"text-align: center; width: 10.4762%;\"><\/td>\n<td style=\"text-align: center; width: 11.5476%;\"><\/td>\n<td style=\"text-align: center; width: 7.5%;\"><\/td>\n<td style=\"text-align: center; width: 7.26191%;\"><\/td>\n<\/tr>\n<\/tbody>\n<\/table>\n<p style=\"text-align: justify;\"><span style=\"font-family: times new roman, times, serif; font-size: 10pt;\"><strong>Paten: zu 1) <\/strong><em>1) B\u00fcrgermeister Johann Philipp Maus zu Schweighausen; 2) Christine Z\u00f6ller daselbst; 3) Philipp Heinrich Br\u00f6der zu Gemmerich; und 4) Marie Katharine K\u00f6nig daselbst <\/em>\u2014 <strong>zu 2) <\/strong><em>1) Johann Philipp Heinrich Maus zu Schweighausen; 2) Philipp Anton August Obel daselbst; 3) Katharine Luise Justine Gerner auf dem Spriestersbacher Hofe bei Obertiefenbach; &amp; 4) Marie Katharina Christiane Jacobi zu Himmighofen<\/em><\/span><\/p>\n<hr \/>\n<p style=\"text-align: justify;\"><span style=\"font-family: times new roman, times, serif; font-size: 10pt;\"><span style=\"color: #ff0000;\"><strong><u>Br\u00f6der<\/u><\/strong><strong>, Johann Adam Wilhelm:<\/strong> <\/span>Schreiner; * 26.06.1830 Gemmerich; Eltern: Philipp Heinrich Br\u00f6der II., Ackersmann und dessen verstorbene Ehefrau Maria Christina geb. Rommersbach zu Gemmerich<\/span><\/p>\n<p style=\"text-align: justify;\"><span style=\"font-family: times new roman, times, serif; font-size: 10pt;\"><strong>oo 27.09.1857 Schweighausen<\/strong> (prokl. 06.09., 13.09., 20.09.) mit <strong><u>Z\u00f6ller<\/u>, Beata Christina:<\/strong> * 25.11.1835 Schweighausen (gt. 06.12.); konf. 27.05.1849; Eltern: Johann Andreas Z\u00f6ller, Ackersmann, und Maria Elisabeth geb. Weber<\/span><\/p>\n<table style=\"width: 100%;\">\n<tbody>\n<tr>\n<td style=\"text-align: center; width: 6.07143%;\" width=\"21\"><span style=\"font-family: times new roman, times, serif; font-size: 10pt;\"><strong>Nr.<\/strong><\/span><\/td>\n<td style=\"width: 18.3333%;\" width=\"130\"><span style=\"font-family: times new roman, times, serif; font-size: 10pt;\"><strong>Vorname (normiert)<\/strong><\/span><\/td>\n<td style=\"text-align: center; width: 12.9762%;\" width=\"81\"><span style=\"font-family: times new roman, times, serif; font-size: 10pt;\"><strong>geboren<\/strong><\/span><\/td>\n<td style=\"text-align: center; width: 12.9762%;\" width=\"81\"><span style=\"font-family: times new roman, times, serif; font-size: 10pt;\"><strong>getauft<\/strong><\/span><\/td>\n<td style=\"text-align: center; width: 11.3095%;\" width=\"69\"><span style=\"font-family: times new roman, times, serif; font-size: 10pt;\"><strong>konfirmiert<\/strong><\/span><\/td>\n<td style=\"text-align: center; width: 11.3095%;\" width=\"69\"><span style=\"font-family: times new roman, times, serif; font-size: 10pt;\"><strong>gestorben<\/strong><\/span><\/td>\n<td style=\"text-align: center; width: 12.2619%;\" width=\"76\"><span style=\"font-family: times new roman, times, serif; font-size: 10pt;\"><strong>begraben<\/strong><\/span><\/td>\n<td style=\"text-align: center; width: 7.85714%;\" width=\"43\"><span style=\"font-family: times new roman, times, serif; font-size: 10pt;\"><strong>Alter<\/strong><\/span><\/td>\n<td style=\"text-align: center; width: 6.90476%;\" width=\"36\"><span style=\"font-family: times new roman, times, serif; font-size: 10pt;\"><strong>Stand<\/strong><\/span><\/td>\n<\/tr>\n<tr>\n<td style=\"text-align: center; width: 6.07143%;\" width=\"21\"><span style=\"font-family: times new roman, times, serif; font-size: 10pt;\">1<\/span><\/td>\n<td style=\"width: 18.3333%;\" width=\"130\"><span style=\"font-family: times new roman, times, serif; font-size: 10pt;\">Karl Wilhelm<\/span><\/td>\n<td style=\"text-align: center; width: 12.9762%;\" width=\"81\"><span style=\"font-family: times new roman, times, serif; font-size: 10pt;\">11.06.1858<\/span><\/td>\n<td style=\"text-align: center; width: 12.9762%;\" width=\"81\"><span style=\"font-family: times new roman, times, serif; font-size: 10pt;\">12.06.1858<\/span><\/td>\n<td style=\"text-align: center; width: 11.3095%;\" width=\"69\"><\/td>\n<td style=\"text-align: center; width: 11.3095%;\" width=\"69\"><span style=\"font-family: times new roman, times, serif; font-size: 10pt;\">13.06.1858<\/span><\/td>\n<td style=\"text-align: center; width: 12.2619%;\" width=\"76\"><span style=\"font-family: times new roman, times, serif; font-size: 10pt;\">15.06.1858<\/span><\/td>\n<td style=\"text-align: center; width: 7.85714%;\" width=\"43\"><span style=\"font-family: times new roman, times, serif; font-size: 10pt;\">0,01<\/span><\/td>\n<td style=\"text-align: center; width: 6.90476%;\" width=\"36\"><\/td>\n<\/tr>\n<tr>\n<td style=\"text-align: center; width: 6.07143%;\"><span style=\"font-family: times new roman, times, serif; font-size: 10pt;\">2<\/span><\/td>\n<td style=\"width: 18.3333%;\"><span style=\"font-family: times new roman, times, serif; font-size: 10pt;\">Elis. Johanne Karoline<\/span><\/td>\n<td style=\"text-align: center; width: 12.9762%;\"><span style=\"font-family: times new roman, times, serif; font-size: 10pt;\">03.04.1859<\/span><\/td>\n<td style=\"text-align: center; width: 12.9762%;\"><span style=\"font-family: times new roman, times, serif; font-size: 10pt;\">17.04.1859<\/span><\/td>\n<td style=\"text-align: center; width: 11.3095%;\"><span style=\"font-family: times new roman, times, serif; font-size: 10pt;\">01.06.1873<\/span><\/td>\n<td style=\"text-align: center; width: 11.3095%;\"><\/td>\n<td style=\"text-align: center; width: 12.2619%;\"><\/td>\n<td style=\"text-align: center; width: 7.85714%;\"><\/td>\n<td style=\"text-align: center; width: 6.90476%;\"><\/td>\n<\/tr>\n<tr>\n<td style=\"text-align: center; width: 6.07143%;\"><span style=\"font-family: times new roman, times, serif; font-size: 10pt;\">3<\/span><\/td>\n<td style=\"width: 18.3333%;\"><span style=\"font-family: times new roman, times, serif; font-size: 10pt;\">Johann Karl August<\/span><\/td>\n<td style=\"text-align: center; width: 12.9762%;\"><span style=\"font-family: times new roman, times, serif; font-size: 10pt;\">23.08.1861<\/span><\/td>\n<td style=\"text-align: center; width: 12.9762%;\"><span style=\"font-family: times new roman, times, serif; font-size: 10pt;\">08.09.1861<\/span><\/td>\n<td style=\"text-align: center; width: 11.3095%;\"><span style=\"font-family: times new roman, times, serif; font-size: 10pt;\">16.05.1875<\/span><\/td>\n<td style=\"text-align: center; width: 11.3095%;\"><\/td>\n<td style=\"text-align: center; width: 12.2619%;\"><\/td>\n<td style=\"text-align: center; width: 7.85714%;\"><\/td>\n<td style=\"text-align: center; width: 6.90476%;\"><\/td>\n<\/tr>\n<tr>\n<td style=\"text-align: center; width: 6.07143%;\"><span style=\"font-family: times new roman, times, serif; font-size: 10pt;\">4<\/span><\/td>\n<td style=\"width: 18.3333%;\"><span style=\"font-family: times new roman, times, serif; font-size: 10pt;\">Wilhelm August<\/span><\/td>\n<td style=\"text-align: center; width: 12.9762%;\"><span style=\"font-family: times new roman, times, serif; font-size: 10pt;\">06.10.1864<\/span><\/td>\n<td style=\"text-align: center; width: 12.9762%;\"><span style=\"font-family: times new roman, times, serif; font-size: 10pt;\">23.10.1864<\/span><\/td>\n<td style=\"text-align: center; width: 11.3095%;\"><\/td>\n<td style=\"text-align: center; width: 11.3095%;\"><\/td>\n<td style=\"text-align: center; width: 12.2619%;\"><\/td>\n<td style=\"text-align: center; width: 7.85714%;\"><\/td>\n<td style=\"text-align: center; width: 6.90476%;\"><\/td>\n<\/tr>\n<tr>\n<td style=\"text-align: center; width: 6.07143%;\"><span style=\"font-family: times new roman, times, serif; font-size: 10pt;\">5<\/span><\/td>\n<td style=\"width: 18.3333%;\"><span style=\"font-family: times new roman, times, serif; font-size: 10pt;\">Adolph Peter<\/span><\/td>\n<td style=\"text-align: center; width: 12.9762%;\"><span style=\"font-family: times new roman, times, serif; font-size: 10pt;\">28.07.1867<\/span><\/td>\n<td style=\"text-align: center; width: 12.9762%;\"><span style=\"font-family: times new roman, times, serif; font-size: 10pt;\">11.08.1867<\/span><\/td>\n<td style=\"text-align: center; width: 11.3095%;\"><\/td>\n<td style=\"text-align: center; width: 11.3095%;\"><\/td>\n<td style=\"text-align: center; width: 12.2619%;\"><\/td>\n<td style=\"text-align: center; width: 7.85714%;\"><\/td>\n<td style=\"text-align: center; width: 6.90476%;\"><\/td>\n<\/tr>\n<tr>\n<td style=\"text-align: center; width: 6.07143%;\"><span style=\"font-family: times new roman, times, serif; font-size: 10pt;\">6<\/span><\/td>\n<td style=\"width: 18.3333%;\"><span style=\"font-family: times new roman, times, serif; font-size: 10pt;\">Charlotte Philippine<\/span><\/td>\n<td style=\"text-align: center; width: 12.9762%;\"><span style=\"font-family: times new roman, times, serif; font-size: 10pt;\">05.10.1869<\/span><\/td>\n<td style=\"text-align: center; width: 12.9762%;\"><span style=\"font-family: times new roman, times, serif; font-size: 10pt;\">17.10.1869<\/span><\/td>\n<td style=\"text-align: center; width: 11.3095%;\"><\/td>\n<td style=\"text-align: center; width: 11.3095%;\"><\/td>\n<td style=\"text-align: center; width: 12.2619%;\"><\/td>\n<td style=\"text-align: center; width: 7.85714%;\"><\/td>\n<td style=\"text-align: center; width: 6.90476%;\"><\/td>\n<\/tr>\n<tr>\n<td style=\"text-align: center; width: 6.07143%;\"><span style=\"font-family: times new roman, times, serif; font-size: 10pt;\">7<\/span><\/td>\n<td style=\"width: 18.3333%;\"><span style=\"font-family: times new roman, times, serif; font-size: 10pt;\">Elisabeth Luise<\/span><\/td>\n<td style=\"text-align: center; width: 12.9762%;\"><span style=\"font-family: times new roman, times, serif; font-size: 10pt;\">01.12.1872<\/span><\/td>\n<td style=\"text-align: center; width: 12.9762%;\"><span style=\"font-family: times new roman, times, serif; font-size: 10pt;\">29.12.1872<\/span><\/td>\n<td style=\"text-align: center; width: 11.3095%;\"><\/td>\n<td style=\"text-align: center; width: 11.3095%;\"><\/td>\n<td style=\"text-align: center; width: 12.2619%;\"><\/td>\n<td style=\"text-align: center; width: 7.85714%;\"><\/td>\n<td style=\"text-align: center; width: 6.90476%;\"><\/td>\n<\/tr>\n<\/tbody>\n<\/table>\n<p style=\"text-align: justify;\"><span style=\"font-family: times new roman, times, serif; font-size: 10pt;\"><strong>Paten: zu 1) <\/strong><em>1) Johann Heinrich Christian Br\u00f6der zu Gemmerich; 2) Andreas Weber zu Oberwies; 3) Elisabeth Magdalene Z\u00f6ller zu Schweighausen <\/em>\u2014 <strong>zu 2) <\/strong><em>1) Johann Andreas Weber zu Oberwies; 2) Elisabeth Magdalene Z\u00f6ller zu Schweighausen; und 3) Marie Katharine Bonn geborene Friedrich zu Gemmerich <\/em>\u2014 <strong>zu 3) <\/strong><em>1) Georg Wilhelm Br\u00f6der zu Gemmerich; 2) Marie Katharine Br\u00f6der geborene Obel daselbst; und 3) Johann Philipp Weber zu Kehlbach <\/em>\u2014 <strong>zu 4) <\/strong><em>1) August Obel zu Schweighausen; 2) Johann Philipp August H\u00f6hner zu Scheuern; 3) Marie Elisaebth Pfeifer geborene Maus zu Schweighausen; und 4) Karoline Wagner daselbst <\/em>\u2014 <strong>zu 5) <\/strong><em>1) Karl Maxeiner; 2) Peter Paul; 3) Wilhelmine Nussbaum; s\u00e4mmtlich von hier <\/em>\u2014 <strong>zu 6) <\/strong><em>1) Heinrich Maus von hier; 2) Heinrich Br\u00f6der von Gemmerich; 3) Charlotte Br\u00f6der von Gemmerich; 4) Philippine Zils von hier <\/em>\u2014 <strong>zu 7) <\/strong><em>1) Heinrich Br\u00f6der von Gemmerich; 2) Caroline Wagner von hier<\/em><\/span><\/p>\n<hr \/>\n<p><span style=\"font-size: 10pt; font-family: times new roman, times, serif;\"><strong>Letzte \u00c4nderung: 10. August 2023<\/strong><\/span><br \/>\n<span style=\"font-size: 10pt; font-family: times new roman, times, serif;\"><strong>Ralph Jackmuth<\/strong><\/span><\/p>\n","protected":false},"excerpt":{"rendered":"<p>Br\u00f6der, Johann Georg Peter: Ackersmann; * 18.03.1821 Gemmerich; Eltern: Johann Philipp Br\u00f6der, Ackersmann, und dessen verstorbene erste Ehefrau Maria Magdalena geb. Bodenbach zu Gemmerich oo 08.07.1855 Schweighausen (prokl. 17.06., 24.06., 01.07.) mit Obel, Maria Katharina: * 13.02.1835 Schweighausen (gt. 15.02.); konf. 27.05.1849; Eltern: Johann Friedrich Obel und Beate Magdalene geb. Z\u00f6ller Nr. Vorname (normiert) geboren &hellip; <a href=\"https:\/\/www.ahnenforschung-jackmuth.de\/?page_id=10460\" class=\"more-link\"><span class=\"screen-reader-text\">\u201eOFB Schweighausen &#8211; Br\u00f6der\u201c<\/span> weiterlesen<\/a><\/p>\n","protected":false},"author":1,"featured_media":0,"parent":0,"menu_order":0,"comment_status":"closed","ping_status":"closed","template":"","meta":{"footnotes":""},"class_list":["post-10460","page","type-page","status-publish","hentry"],"_links":{"self":[{"href":"https:\/\/www.ahnenforschung-jackmuth.de\/index.php?rest_route=\/wp\/v2\/pages\/10460","targetHints":{"allow":["GET"]}}],"collection":[{"href":"https:\/\/www.ahnenforschung-jackmuth.de\/index.php?rest_route=\/wp\/v2\/pages"}],"about":[{"href":"https:\/\/www.ahnenforschung-jackmuth.de\/index.php?rest_route=\/wp\/v2\/types\/page"}],"author":[{"embeddable":true,"href":"https:\/\/www.ahnenforschung-jackmuth.de\/index.php?rest_route=\/wp\/v2\/users\/1"}],"replies":[{"embeddable":true,"href":"https:\/\/www.ahnenforschung-jackmuth.de\/index.php?rest_route=%2Fwp%2Fv2%2Fcomments&post=10460"}],"version-history":[{"count":0,"href":"https:\/\/www.ahnenforschung-jackmuth.de\/index.php?rest_route=\/wp\/v2\/pages\/10460\/revisions"}],"wp:attachment":[{"href":"https:\/\/www.ahnenforschung-jackmuth.de\/index.php?rest_route=%2Fwp%2Fv2%2Fmedia&parent=10460"}],"curies":[{"name":"wp","href":"https:\/\/api.w.org\/{rel}","templated":true}]}}