{"id":10451,"date":"2023-08-10T11:05:36","date_gmt":"2023-08-10T11:05:36","guid":{"rendered":"http:\/\/www.ahnenforschung-jackmuth.de\/?page_id=10451"},"modified":"2023-08-10T11:05:36","modified_gmt":"2023-08-10T11:05:36","slug":"ofb-schweighausen-kohlermann","status":"publish","type":"page","link":"https:\/\/www.ahnenforschung-jackmuth.de\/?page_id=10451","title":{"rendered":"OFB Schweighausen &#8211; Kohlermann"},"content":{"rendered":"<p style=\"text-align: justify;\"><span style=\"font-family: times new roman, times, serif; font-size: 10pt;\"><span style=\"color: #ff0000;\"><strong><u>Kohlermann<\/u><\/strong><strong>, Georg Jakob:<\/strong> <\/span>1692-1713 Pfarrer in Schweighausen und Becheln als Nachfolger von Johann Heinrich Str\u00f6ver (Wahlspruch lt. Pfarrerliste am Beginn des KB: \u201eGuberna Jesu curriculum vitae meae\u201c (Jesus lenke den Lauf meines Lebens)), dann Pfarrer in Niederbachheim bis 1748; gt. 02.07.1669 Gie\u00dfen (Stadtkirche), Paten: <em>H[err] Georg Melchior Verdrie\u00df, Jacob Kohlermann von Hettingen, desen Stell sein Sohn Hermann v[er]tratt, v[n]d Anna Catharina Henrich Schneiders Hausf[rau];<\/em> + 17.07.1748; Eltern: Konrad Kohlermann und Anna Margaretha geb. Verdrie\u00df (Gie\u00dfen (Stadtkirche), Taufregister 1651-1690, S. 297, Bild 153 auf archion.de)<\/span><\/p>\n<p style=\"text-align: justify;\"><span style=\"font-family: times new roman, times, serif; font-size: 10pt;\"><strong>oo um 1694<\/strong> mit <strong><u>Schuck<\/u>, Anna Margaretha:<\/strong> * 07.02.1670 Schweighausen; Eltern: Johann Melchior Schuck, Pfarrer in Schweighausen, und Anna Kunigunde geb. Hilchen<\/span><\/p>\n<table style=\"width: 100%;\">\n<tbody>\n<tr>\n<td style=\"text-align: center; width: 5.47619%;\" width=\"21\"><span style=\"font-family: times new roman, times, serif; font-size: 10pt;\"><strong>Nr.<\/strong><\/span><\/td>\n<td style=\"width: 20.4762%;\" width=\"145\"><span style=\"font-family: times new roman, times, serif; font-size: 10pt;\"><strong>VN normiert<\/strong><\/span><\/td>\n<td style=\"text-align: center; width: 12.8571%;\" width=\"82\"><span style=\"font-family: times new roman, times, serif; font-size: 10pt;\"><strong>Geburt<\/strong><\/span><\/td>\n<td style=\"text-align: center; width: 12.8571%;\" width=\"82\"><span style=\"font-family: times new roman, times, serif; font-size: 10pt;\"><strong>Taufe<\/strong><\/span><\/td>\n<td style=\"text-align: center; width: 11.1905%;\" width=\"70\"><span style=\"font-family: times new roman, times, serif; font-size: 10pt;\"><strong>konf.<\/strong><\/span><\/td>\n<td style=\"text-align: center; width: 11.1905%;\" width=\"70\"><span style=\"font-family: times new roman, times, serif; font-size: 10pt;\"><strong>gestorben<\/strong><\/span><\/td>\n<td style=\"text-align: center; width: 10.9524%;\" width=\"68\"><span style=\"font-family: times new roman, times, serif; font-size: 10pt;\"><strong>begraben<\/strong><\/span><\/td>\n<td style=\"text-align: center; width: 7.97619%;\" width=\"45\"><span style=\"font-family: times new roman, times, serif; font-size: 10pt;\"><strong>Alter<\/strong><\/span><\/td>\n<td style=\"text-align: center; width: 7.02381%;\" width=\"38\"><span style=\"font-family: times new roman, times, serif; font-size: 10pt;\"><strong>Stand<\/strong><\/span><\/td>\n<\/tr>\n<tr>\n<td style=\"text-align: center; width: 5.47619%;\" width=\"21\"><span style=\"font-family: times new roman, times, serif; font-size: 10pt;\">1<\/span><\/td>\n<td style=\"width: 20.4762%;\" width=\"145\"><span style=\"font-family: times new roman, times, serif; font-size: 10pt;\">Georg Adam<\/span><\/td>\n<td style=\"text-align: center; width: 12.8571%;\" width=\"82\"><span style=\"font-family: times new roman, times, serif; font-size: 10pt;\">04.12.1694<\/span><\/td>\n<td style=\"text-align: center; width: 12.8571%;\" width=\"82\"><span style=\"font-family: times new roman, times, serif; font-size: 10pt;\">09.12.1694<\/span><\/td>\n<td style=\"text-align: center; width: 11.1905%;\" width=\"70\"><span style=\"font-family: times new roman, times, serif; font-size: 10pt;\">22.04.1708<\/span><\/td>\n<td style=\"text-align: center; width: 11.1905%;\" width=\"70\"><\/td>\n<td style=\"text-align: center; width: 10.9524%;\" width=\"68\"><\/td>\n<td style=\"text-align: center; width: 7.97619%;\" width=\"45\"><\/td>\n<td style=\"text-align: center; width: 7.02381%;\" width=\"38\"><\/td>\n<\/tr>\n<tr>\n<td style=\"text-align: center; width: 5.47619%;\"><span style=\"font-family: times new roman, times, serif; font-size: 10pt;\">2<\/span><\/td>\n<td style=\"width: 20.4762%;\"><span style=\"font-family: times new roman, times, serif; font-size: 10pt;\">Friedrich Christoph<\/span><\/td>\n<td style=\"text-align: center; width: 12.8571%;\"><span style=\"font-family: times new roman, times, serif; font-size: 10pt;\">04.12.1696<\/span><\/td>\n<td style=\"text-align: center; width: 12.8571%;\"><span style=\"font-family: times new roman, times, serif; font-size: 10pt;\">10.12.1696<\/span><\/td>\n<td style=\"text-align: center; width: 11.1905%;\"><\/td>\n<td style=\"text-align: center; width: 11.1905%;\"><span style=\"font-family: times new roman, times, serif; font-size: 10pt;\">11.12.1763<\/span><\/td>\n<td style=\"text-align: center; width: 10.9524%;\"><\/td>\n<td style=\"text-align: center; width: 7.97619%;\"><span style=\"font-family: times new roman, times, serif; font-size: 10pt;\">67,06<\/span><\/td>\n<td style=\"text-align: center; width: 7.02381%;\"><\/td>\n<\/tr>\n<tr>\n<td style=\"text-align: center; width: 5.47619%;\"><span style=\"font-family: times new roman, times, serif; font-size: 10pt;\">3<\/span><\/td>\n<td style=\"width: 20.4762%;\"><span style=\"font-family: times new roman, times, serif; font-size: 10pt;\">Anna Philippina Katharina<\/span><\/td>\n<td style=\"text-align: center; width: 12.8571%;\"><span style=\"font-family: times new roman, times, serif; font-size: 10pt;\">12.09.1699<\/span><\/td>\n<td style=\"text-align: center; width: 12.8571%;\"><span style=\"font-family: times new roman, times, serif; font-size: 10pt;\">17.09.1699<\/span><\/td>\n<td style=\"text-align: center; width: 11.1905%;\"><span style=\"font-family: times new roman, times, serif; font-size: 10pt;\">30.04.1713<\/span><\/td>\n<td style=\"text-align: center; width: 11.1905%;\"><\/td>\n<td style=\"text-align: center; width: 10.9524%;\"><\/td>\n<td style=\"text-align: center; width: 7.97619%;\"><\/td>\n<td style=\"text-align: center; width: 7.02381%;\"><\/td>\n<\/tr>\n<tr>\n<td style=\"text-align: center; width: 5.47619%;\"><span style=\"font-family: times new roman, times, serif; font-size: 10pt;\">4<\/span><\/td>\n<td style=\"width: 20.4762%;\"><span style=\"font-family: times new roman, times, serif; font-size: 10pt;\">Johann Melchior<\/span><\/td>\n<td style=\"text-align: center; width: 12.8571%;\"><span style=\"font-family: times new roman, times, serif; font-size: 10pt;\">24.02.1702<\/span><\/td>\n<td style=\"text-align: center; width: 12.8571%;\"><span style=\"font-family: times new roman, times, serif; font-size: 10pt;\">01.03.1702<\/span><\/td>\n<td style=\"text-align: center; width: 11.1905%;\"><span style=\"font-family: times new roman, times, serif; font-size: 10pt;\">21.04.1715<\/span><\/td>\n<td style=\"text-align: center; width: 11.1905%;\"><\/td>\n<td style=\"text-align: center; width: 10.9524%;\"><\/td>\n<td style=\"text-align: center; width: 7.97619%;\"><\/td>\n<td style=\"text-align: center; width: 7.02381%;\"><\/td>\n<\/tr>\n<tr>\n<td style=\"text-align: center; width: 5.47619%;\"><span style=\"font-family: times new roman, times, serif; font-size: 10pt;\">5<\/span><\/td>\n<td style=\"width: 20.4762%;\"><span style=\"font-family: times new roman, times, serif; font-size: 10pt;\">Georg Jacob<\/span><\/td>\n<td style=\"text-align: center; width: 12.8571%;\"><span style=\"font-family: times new roman, times, serif; font-size: 10pt;\">13.08.1704<\/span><\/td>\n<td style=\"text-align: center; width: 12.8571%;\"><span style=\"font-family: times new roman, times, serif; font-size: 10pt;\">18.08.1704<\/span><\/td>\n<td style=\"text-align: center; width: 11.1905%;\"><span style=\"font-family: times new roman, times, serif; font-size: 10pt;\">25.04.1717<\/span><\/td>\n<td style=\"text-align: center; width: 11.1905%;\"><\/td>\n<td style=\"text-align: center; width: 10.9524%;\"><\/td>\n<td style=\"text-align: center; width: 7.97619%;\"><\/td>\n<td style=\"text-align: center; width: 7.02381%;\"><\/td>\n<\/tr>\n<tr>\n<td style=\"text-align: center; width: 5.47619%;\"><span style=\"font-family: times new roman, times, serif; font-size: 10pt;\">6<\/span><\/td>\n<td style=\"width: 20.4762%;\"><span style=\"font-family: times new roman, times, serif; font-size: 10pt;\">Johann Ludwig<\/span><\/td>\n<td style=\"text-align: center; width: 12.8571%;\"><span style=\"font-family: times new roman, times, serif; font-size: 10pt;\">04.04.1707<\/span><\/td>\n<td style=\"text-align: center; width: 12.8571%;\"><span style=\"font-family: times new roman, times, serif; font-size: 10pt;\">11.04.1707<\/span><\/td>\n<td style=\"text-align: center; width: 11.1905%;\"><\/td>\n<td style=\"text-align: center; width: 11.1905%;\"><\/td>\n<td style=\"text-align: center; width: 10.9524%;\"><\/td>\n<td style=\"text-align: center; width: 7.97619%;\"><\/td>\n<td style=\"text-align: center; width: 7.02381%;\"><\/td>\n<\/tr>\n<tr>\n<td style=\"text-align: center; width: 5.47619%;\"><span style=\"font-family: times new roman, times, serif; font-size: 10pt;\">7<\/span><\/td>\n<td style=\"width: 20.4762%;\"><span style=\"font-family: times new roman, times, serif; font-size: 10pt;\">Sybilla Maria<\/span><\/td>\n<td style=\"text-align: center; width: 12.8571%;\"><span style=\"font-family: times new roman, times, serif; font-size: 10pt;\">04.11.1711<\/span><\/td>\n<td style=\"text-align: center; width: 12.8571%;\"><span style=\"font-family: times new roman, times, serif; font-size: 10pt;\">08.11.1711<\/span><\/td>\n<td style=\"text-align: center; width: 11.1905%;\"><\/td>\n<td style=\"text-align: center; width: 11.1905%;\"><span style=\"font-family: times new roman, times, serif; font-size: 10pt;\">12.11.1711<\/span><\/td>\n<td style=\"text-align: center; width: 10.9524%;\"><\/td>\n<td style=\"text-align: center; width: 7.97619%;\"><span style=\"font-family: times new roman, times, serif; font-size: 10pt;\">0,02<\/span><\/td>\n<td style=\"text-align: center; width: 7.02381%;\"><\/td>\n<\/tr>\n<\/tbody>\n<\/table>\n<p><span style=\"font-family: times new roman, times, serif; font-size: 10pt;\">Kind Nr. 7) bg. im Chor der Kirche zw. den beiden Eing\u00e4ngen<br \/>\n<\/span><\/p>\n<p style=\"text-align: justify;\"><span style=\"font-family: times new roman, times, serif; font-size: 10pt;\"><strong>Paten:<\/strong> <strong>zu 1)<\/strong> <em>H[err] Anthoni[us] Hilchen, hochf\u00fcrst[lich] hess[en]-casselisch[er] Oberschulthei\u00df zu Lang[en] Schwalbach; H[err] Georg Melchior Verdrie\u00df <\/em>[* 22.04.1619 Gie\u00dfen, + 28.11.1703 Gie\u00dfen]<em>, Rahtsverwander al\u00df Uhrgro\u00dfv[ater] von Giessen; H[err] Gottfried Natorp au\u00df Westphalen; undt Jungf[er] Hedwig Elisabeth Schugkin, matris soror <\/em>\u2014 <strong>zu 2) <\/strong><em>H[err] Johann Friederich Schugk, ph[ilosophiae] st[udiosus], matris frater; H[err] Joh. Christoph Verdrie\u00df, Kauffm[ann] v[nd] Kirchen-Senior in Giessen; v[nd] Jungf[er] Anna Martha Hilchin von Lang[en] Schwalbach\u00a0 <\/em>\u2014 <strong>zu 3) <\/strong><em>H[err] M. Joh. Philipp[us] Zippeli[us] von Berstadt &#8230;\u00a0 <\/em>[Einschaltung \u00fcber der Zeile]<em>; Anna Kunigunda, H[errn] M. Schugken, &#8230; past[oris] zu &#8230; <\/em>[Einschaltung \u00fcber der Zeile]<em>, Ehe[liebste] &#8230;; v[nd] Eleonora Catharina, H[errn] Joh. Fried. Rhoden, past[oris] zu Dachsenhau\u00dfen, Ehe[liebste] <\/em>\u2014 <strong>zu 4) <\/strong><em>Herr M. Johann Melchior Schugk, past[or] Bornicensis, av[us] matern[us]; Herr Johannes Kohlermann, Sergeant unter den darmst\u00e4ttischen Trouppen; undt Jungfer Anna Maria, H[errn] Johannis Sutorij, hochfr[eiherrlich] steinisch[en] secret[arii], jungste Tochter\u00a0 <\/em>\u2014 <strong>zu 5) <\/strong><em>H[err] Johann Jacob Kohlermann, p[ro] t[empore] Capitain unter den hessen-cassel[ischen] Trouppen; H[errn] Joh. Georg Caspari, pfaltz-birckenfeld- v[nd] badisch[en] gemeinschafft[lichen] Amptskeller, Fr[au] Christina Juliana; H[errn] M. Joh. Philip Zippelii, Pfarrers zu M\u00fcnzfeld[en], Ehelibste; v Fr[au] A. Margretha, H[errn] Nicolai Macheimers, edelsheimischen Kellners, Eheliebste <\/em>\u2014 <strong>zu 6) <\/strong><em>Ihro hochfreyh[errliche] Gnad[en] H[err] Johann Friederich Franz, Freyh[err] von v[nd] zum Stein, H[err] zu Fr\u00fccht v[nd] Schweighausen; H[err] Joh. Georg Kneupper, Stattschulthei\u00df zu Braubach; H[err] Georg Henrich Kohlermann, Kauff- v[nd]. Handelsmann in Giessen\u00a0 <\/em>\u2014 <strong>zu 7) <\/strong><em>H[err] Bernhard Verdrie\u00df, vornehmer Handel\u00dfmann in Giessen; Jungf[er] Anna Maria (tit.), H[errn] Philipps Ruppert Ebenauen <\/em>[?]<em>, past. Hals&#8230; filia &#8230;; Sybilla Elisabeth, weylandt H[errn] Johann Philipps Richtern <\/em>[?]<em>, hochf\u00fcrst[lich] stutgartisch[en] Cam[m]erdieners hinter[lassene] Tochter; v[nd] Jungf[er] Anna Maria, H[errn] Conrad Kohlermanns von Giessen eh[liche] Tochter<\/em><\/span><\/p>\n<hr \/>\n<p><span style=\"font-size: 10pt; font-family: times new roman, times, serif;\"><strong>Letzte \u00c4nderung: 10. August 2023<\/strong><\/span><br \/>\n<span style=\"font-size: 10pt; font-family: times new roman, times, serif;\"><strong>Ralph Jackmuth<\/strong><\/span><\/p>\n","protected":false},"excerpt":{"rendered":"<p>Kohlermann, Georg Jakob: 1692-1713 Pfarrer in Schweighausen und Becheln als Nachfolger von Johann Heinrich Str\u00f6ver (Wahlspruch lt. Pfarrerliste am Beginn des KB: \u201eGuberna Jesu curriculum vitae meae\u201c (Jesus lenke den Lauf meines Lebens)), dann Pfarrer in Niederbachheim bis 1748; gt. 02.07.1669 Gie\u00dfen (Stadtkirche), Paten: H[err] Georg Melchior Verdrie\u00df, Jacob Kohlermann von Hettingen, desen Stell sein &hellip; <a href=\"https:\/\/www.ahnenforschung-jackmuth.de\/?page_id=10451\" class=\"more-link\"><span class=\"screen-reader-text\">\u201eOFB Schweighausen &#8211; Kohlermann\u201c<\/span> weiterlesen<\/a><\/p>\n","protected":false},"author":1,"featured_media":0,"parent":0,"menu_order":0,"comment_status":"closed","ping_status":"closed","template":"","meta":{"footnotes":""},"class_list":["post-10451","page","type-page","status-publish","hentry"],"_links":{"self":[{"href":"https:\/\/www.ahnenforschung-jackmuth.de\/index.php?rest_route=\/wp\/v2\/pages\/10451","targetHints":{"allow":["GET"]}}],"collection":[{"href":"https:\/\/www.ahnenforschung-jackmuth.de\/index.php?rest_route=\/wp\/v2\/pages"}],"about":[{"href":"https:\/\/www.ahnenforschung-jackmuth.de\/index.php?rest_route=\/wp\/v2\/types\/page"}],"author":[{"embeddable":true,"href":"https:\/\/www.ahnenforschung-jackmuth.de\/index.php?rest_route=\/wp\/v2\/users\/1"}],"replies":[{"embeddable":true,"href":"https:\/\/www.ahnenforschung-jackmuth.de\/index.php?rest_route=%2Fwp%2Fv2%2Fcomments&post=10451"}],"version-history":[{"count":0,"href":"https:\/\/www.ahnenforschung-jackmuth.de\/index.php?rest_route=\/wp\/v2\/pages\/10451\/revisions"}],"wp:attachment":[{"href":"https:\/\/www.ahnenforschung-jackmuth.de\/index.php?rest_route=%2Fwp%2Fv2%2Fmedia&parent=10451"}],"curies":[{"name":"wp","href":"https:\/\/api.w.org\/{rel}","templated":true}]}}