{"id":10448,"date":"2023-08-10T11:03:23","date_gmt":"2023-08-10T11:03:23","guid":{"rendered":"http:\/\/www.ahnenforschung-jackmuth.de\/?page_id=10448"},"modified":"2023-08-10T11:03:23","modified_gmt":"2023-08-10T11:03:23","slug":"ofb-schweighausen-krummholz","status":"publish","type":"page","link":"https:\/\/www.ahnenforschung-jackmuth.de\/?page_id=10448","title":{"rendered":"OFB Schweighausen &#8211; Krummholz"},"content":{"rendered":"<p><span style=\"font-family: times new roman, times, serif; font-size: 10pt;\"><span style=\"color: #ff0000;\"><strong><u>Krummholz<\/u><\/strong><strong>, Salomon:<\/strong> <\/span>Schuldiener in Schweighausen; + 25.09.1749 Schweighausen, 66 Jahre alt, war 21 Jahre Schuldiener in Schweighausen (bg. 28.09.)<\/span><\/p>\n<p><span style=\"font-family: times new roman, times, serif; font-size: 10pt;\"><strong>oo<\/strong> mit <strong>Anna Margaretha: <\/strong>bg. 07.10.1757 Braubach, \u00fcber 60 Jahre alt<\/span><\/p>\n<table style=\"width: 100%;\">\n<tbody>\n<tr>\n<td style=\"text-align: center; width: 6.30952%;\" width=\"21\"><span style=\"font-family: times new roman, times, serif; font-size: 10pt;\"><strong>Nr.<\/strong><\/span><\/td>\n<td style=\"width: 16.7857%;\" width=\"120\"><span style=\"font-family: times new roman, times, serif; font-size: 10pt;\"><strong>VN normiert<\/strong><\/span><\/td>\n<td style=\"text-align: center; width: 13.0952%;\" width=\"82\"><span style=\"font-family: times new roman, times, serif; font-size: 10pt;\"><strong>Geburt<\/strong><\/span><\/td>\n<td style=\"text-align: center; width: 13.0952%;\" width=\"82\"><span style=\"font-family: times new roman, times, serif; font-size: 10pt;\"><strong>Taufe<\/strong><\/span><\/td>\n<td style=\"text-align: center; width: 11.4286%;\" width=\"70\"><span style=\"font-family: times new roman, times, serif; font-size: 10pt;\"><strong>konf.<\/strong><\/span><\/td>\n<td style=\"text-align: center; width: 11.4286%;\" width=\"70\"><span style=\"font-family: times new roman, times, serif; font-size: 10pt;\"><strong>gestorben<\/strong><\/span><\/td>\n<td style=\"text-align: center; width: 12.381%;\" width=\"77\"><span style=\"font-family: times new roman, times, serif; font-size: 10pt;\"><strong>begraben<\/strong><\/span><\/td>\n<td style=\"text-align: center; width: 7.97619%;\" width=\"44\"><span style=\"font-family: times new roman, times, serif; font-size: 10pt;\"><strong>Alter<\/strong><\/span><\/td>\n<td style=\"text-align: center; width: 7.5%;\" width=\"41\"><span style=\"font-family: times new roman, times, serif; font-size: 10pt;\"><strong>Stand<\/strong><\/span><\/td>\n<\/tr>\n<tr>\n<td style=\"text-align: center; width: 6.30952%;\" width=\"21\"><span style=\"font-family: times new roman, times, serif; font-size: 10pt;\">1<\/span><\/td>\n<td style=\"width: 16.7857%;\" width=\"120\"><span style=\"font-family: times new roman, times, serif; font-size: 10pt;\">Louisa<\/span><\/td>\n<td style=\"text-align: center; width: 13.0952%;\" width=\"82\"><span style=\"font-family: times new roman, times, serif; font-size: 10pt;\">ca. 1715<\/span><\/td>\n<td style=\"text-align: center; width: 13.0952%;\" width=\"82\"><\/td>\n<td style=\"text-align: center; width: 11.4286%;\" width=\"70\"><span style=\"font-family: times new roman, times, serif; font-size: 10pt;\">15.04.1729<\/span><\/td>\n<td style=\"text-align: center; width: 11.4286%;\" width=\"70\"><\/td>\n<td style=\"text-align: center; width: 12.381%;\" width=\"77\"><\/td>\n<td style=\"text-align: center; width: 7.97619%;\" width=\"44\"><\/td>\n<td style=\"text-align: center; width: 7.5%;\" width=\"41\"><\/td>\n<\/tr>\n<tr>\n<td style=\"text-align: center; width: 6.30952%;\"><span style=\"font-family: times new roman, times, serif; font-size: 10pt;\">2<\/span><\/td>\n<td style=\"width: 16.7857%;\"><span style=\"font-family: times new roman, times, serif; font-size: 10pt;\">Katharina Elisabeth<\/span><\/td>\n<td style=\"text-align: center; width: 13.0952%;\"><span style=\"font-family: times new roman, times, serif; font-size: 10pt;\">ca. 1721<\/span><\/td>\n<td style=\"text-align: center; width: 13.0952%;\"><\/td>\n<td style=\"text-align: center; width: 11.4286%;\"><span style=\"font-family: times new roman, times, serif; font-size: 10pt;\">02.04.1733<\/span><\/td>\n<td style=\"text-align: center; width: 11.4286%;\"><\/td>\n<td style=\"text-align: center; width: 12.381%;\"><span style=\"font-family: times new roman, times, serif; font-size: 10pt;\">03.10.1780<\/span><\/td>\n<td style=\"text-align: center; width: 7.97619%;\"><span style=\"font-family: times new roman, times, serif; font-size: 10pt;\">59,00<\/span><\/td>\n<td style=\"text-align: center; width: 7.5%;\"><span style=\"font-family: times new roman, times, serif; font-size: 10pt;\">verh.<\/span><\/td>\n<\/tr>\n<tr>\n<td style=\"text-align: center; width: 6.30952%;\"><span style=\"font-family: times new roman, times, serif; font-size: 10pt;\">3<\/span><\/td>\n<td style=\"width: 16.7857%;\"><span style=\"font-family: times new roman, times, serif; font-size: 10pt;\">Johann Christoph<\/span><\/td>\n<td style=\"text-align: center; width: 13.0952%;\"><span style=\"font-family: times new roman, times, serif; font-size: 10pt;\">xx.xx.1724<\/span><\/td>\n<td style=\"text-align: center; width: 13.0952%;\"><\/td>\n<td style=\"text-align: center; width: 11.4286%;\"><span style=\"font-family: times new roman, times, serif; font-size: 10pt;\">29.03.1736<\/span><\/td>\n<td style=\"text-align: center; width: 11.4286%;\"><span style=\"font-family: times new roman, times, serif; font-size: 10pt;\">27.03.1739<\/span><\/td>\n<td style=\"text-align: center; width: 12.381%;\"><span style=\"font-family: times new roman, times, serif; font-size: 10pt;\">28.03.1739<\/span><\/td>\n<td style=\"text-align: center; width: 7.97619%;\"><span style=\"font-family: times new roman, times, serif; font-size: 10pt;\">14,92<\/span><\/td>\n<td style=\"text-align: center; width: 7.5%;\"><\/td>\n<\/tr>\n<tr>\n<td style=\"text-align: center; width: 6.30952%;\"><span style=\"font-family: times new roman, times, serif; font-size: 10pt;\">4<\/span><\/td>\n<td style=\"width: 16.7857%;\"><span style=\"font-family: times new roman, times, serif; font-size: 10pt;\">Johann Christian<\/span><\/td>\n<td style=\"text-align: center; width: 13.0952%;\"><span style=\"font-family: times new roman, times, serif; font-size: 10pt;\">xx.xx.1724<\/span><\/td>\n<td style=\"text-align: center; width: 13.0952%;\"><\/td>\n<td style=\"text-align: center; width: 11.4286%;\"><span style=\"font-family: times new roman, times, serif; font-size: 10pt;\">29.03.1736<\/span><\/td>\n<td style=\"text-align: center; width: 11.4286%;\"><\/td>\n<td style=\"text-align: center; width: 12.381%;\"><\/td>\n<td style=\"text-align: center; width: 7.97619%;\"><\/td>\n<td style=\"text-align: center; width: 7.5%;\"><span style=\"font-family: times new roman, times, serif; font-size: 10pt;\">verh.<\/span><\/td>\n<\/tr>\n<tr>\n<td style=\"text-align: center; width: 6.30952%;\"><span style=\"font-family: times new roman, times, serif; font-size: 10pt;\">5<\/span><\/td>\n<td style=\"width: 16.7857%;\"><span style=\"font-family: times new roman, times, serif; font-size: 10pt;\">Philipp Emmanuel<\/span><\/td>\n<td style=\"text-align: center; width: 13.0952%;\"><span style=\"font-family: times new roman, times, serif; font-size: 10pt;\">xx.xx.1726<\/span><\/td>\n<td style=\"text-align: center; width: 13.0952%;\"><\/td>\n<td style=\"text-align: center; width: 11.4286%;\"><\/td>\n<td style=\"text-align: center; width: 11.4286%;\"><span style=\"font-family: times new roman, times, serif; font-size: 10pt;\">15.07.1730<\/span><\/td>\n<td style=\"text-align: center; width: 12.381%;\"><span style=\"font-family: times new roman, times, serif; font-size: 10pt;\">16.07.1730<\/span><\/td>\n<td style=\"text-align: center; width: 7.97619%;\"><span style=\"font-family: times new roman, times, serif; font-size: 10pt;\">3,75<\/span><\/td>\n<td style=\"text-align: center; width: 7.5%;\"><\/td>\n<\/tr>\n<tr>\n<td style=\"text-align: center; width: 6.30952%;\"><span style=\"font-family: times new roman, times, serif; font-size: 10pt;\">6<\/span><\/td>\n<td style=\"width: 16.7857%;\"><span style=\"font-family: times new roman, times, serif; font-size: 10pt;\">Elisabeth Magdalena<\/span><\/td>\n<td style=\"text-align: center; width: 13.0952%;\"><span style=\"font-family: times new roman, times, serif; font-size: 10pt;\">09.11.1729<\/span><\/td>\n<td style=\"text-align: center; width: 13.0952%;\"><span style=\"font-family: times new roman, times, serif; font-size: 10pt;\">13.11.1729<\/span><\/td>\n<td style=\"text-align: center; width: 11.4286%;\"><span style=\"font-family: times new roman, times, serif; font-size: 10pt;\">11.04.1743<\/span><\/td>\n<td style=\"text-align: center; width: 11.4286%;\"><\/td>\n<td style=\"text-align: center; width: 12.381%;\"><\/td>\n<td style=\"text-align: center; width: 7.97619%;\"><\/td>\n<td style=\"text-align: center; width: 7.5%;\"><\/td>\n<\/tr>\n<tr>\n<td style=\"text-align: center; width: 6.30952%;\"><span style=\"font-family: times new roman, times, serif; font-size: 10pt;\">7<\/span><\/td>\n<td style=\"width: 16.7857%;\"><span style=\"font-family: times new roman, times, serif; font-size: 10pt;\">Johannetta Eleonora<\/span><\/td>\n<td style=\"text-align: center; width: 13.0952%;\"><span style=\"font-family: times new roman, times, serif; font-size: 10pt;\">10.10.1732<\/span><\/td>\n<td style=\"text-align: center; width: 13.0952%;\"><span style=\"font-family: times new roman, times, serif; font-size: 10pt;\">15.10.1732<\/span><\/td>\n<td style=\"text-align: center; width: 11.4286%;\"><\/td>\n<td style=\"text-align: center; width: 11.4286%;\"><span style=\"font-family: times new roman, times, serif; font-size: 10pt;\">14.09.1735<\/span><\/td>\n<td style=\"text-align: center; width: 12.381%;\"><span style=\"font-family: times new roman, times, serif; font-size: 10pt;\">16.09.1735<\/span><\/td>\n<td style=\"text-align: center; width: 7.97619%;\"><span style=\"font-family: times new roman, times, serif; font-size: 10pt;\">2,93<\/span><\/td>\n<td style=\"text-align: center; width: 7.5%;\"><\/td>\n<\/tr>\n<\/tbody>\n<\/table>\n<p style=\"text-align: justify;\"><span style=\"font-family: times new roman, times, serif; font-size: 10pt;\">Kind Nr. 2) + Braubach<br \/>\n<\/span><span style=\"font-family: times new roman, times, serif; font-size: 10pt;\">Kind Nr. 3) + \u201ean einer hitzigen Krankheit\u201c; oo I. 24.01.1747 Braubach mit Philipp Anton Pfeiffer, Strumpfweber in Braubach (bg. 29.11.1751 Braubach, Sohn des verst. Johann Henrich Pfeiffer, gewesener Strumpfweber in Hohenstein); Familie wohnt in Braubach; oo II. 08.04.1753 Braubach mit Johann Jakob Blankenberg<br \/>\n<\/span><span style=\"font-family: times new roman, times, serif; font-size: 10pt;\">Kind Nr. 4) Pr\u00e4zeptor in St. Goar-Werlau (Rhein-Hunsr\u00fcck-Kreis); oo 05.10.1745 Braubach mit Anna Katharina Schmitt, Tochter des verst. Friedrich Schmitt, Einwohner zu Gro\u00df-Rohrheim (Kreis Bergstra\u00dfe); 8 Kinder 1746-1756 in Werlau belegt<\/span><\/p>\n<p style=\"text-align: justify;\"><span style=\"font-family: times new roman, times, serif; font-size: 10pt;\"><strong>Paten:<\/strong> <strong>zu 6)<\/strong> <em>1) Joh. Gottfried Hinterweller; 2) Anna Magdalena, David Majen Tochter; 3) Catharina Elisabetha, Th\u00f6nges Beckers Tochter <\/em>\u2014 <strong>zu 7) <\/strong><em>Meine <\/em>[des Pfarrers]<em> Hau\u00dffrau Johannetta Eleonora; und Jungfer Catharina Eleonora Rhodtin; H[er]r Pfarrer Rhodten von Dornholtzhau\u00dfen Tochter; und H[err] Praeceptor von Dachsenhau\u00dfen Carl Seiberth<\/em><\/span><\/p>\n<hr \/>\n<p><span style=\"font-family: times new roman, times, serif; font-size: 10pt;\"><span style=\"color: #ff0000;\"><strong><u>Krummholz<\/u><\/strong><strong>, N. N.: <\/strong><\/span>Kantor in Nassau<\/span><\/p>\n<p style=\"text-align: justify;\"><span style=\"font-family: times new roman, times, serif; font-size: 10pt;\"><strong>oo 01.05.1711 Nassau<\/strong> (Nassau, KB 1, Bild 206 auf archion.de) mit <strong><u>Macrander<\/u>, Johannetta Margaretha:<\/strong> aus Frankfurt ?; + 02.12.1753 Nassau, \u201enach langwieriger Bauf\u00e4lligkeit, 77 Jahre alt (bg. 04.12.) (Nassau, KB 6, S. 674, 1753 Nr. 41, Bild 51 auf archion.de) \u2014 ein Wilhelm Macrander von Garbenheim oo 20.10.1668 Nassau mit Anna Magdalena, Tochter des Georg Koch zu Nassau<\/span><\/p>\n<table style=\"width: 100%;\">\n<tbody>\n<tr>\n<td style=\"text-align: center; width: 6.30952%;\" width=\"21\"><span style=\"font-family: times new roman, times, serif; font-size: 10pt;\"><strong>Nr.<\/strong><\/span><\/td>\n<td style=\"width: 17.7381%;\" width=\"127\"><span style=\"font-family: times new roman, times, serif; font-size: 10pt;\"><strong>VN normiert<\/strong><\/span><\/td>\n<td style=\"text-align: center; width: 13.2143%;\" width=\"83\"><span style=\"font-family: times new roman, times, serif; font-size: 10pt;\"><strong>Geburt<\/strong><\/span><\/td>\n<td style=\"text-align: center; width: 13.2143%;\" width=\"83\"><span style=\"font-family: times new roman, times, serif; font-size: 10pt;\"><strong>Taufe<\/strong><\/span><\/td>\n<td style=\"text-align: center; width: 10.4762%;\" width=\"63\"><span style=\"font-family: times new roman, times, serif; font-size: 10pt;\"><strong>konf.<\/strong><\/span><\/td>\n<td style=\"text-align: center; width: 11.4286%;\" width=\"70\"><span style=\"font-family: times new roman, times, serif; font-size: 10pt;\"><strong>gestorben<\/strong><\/span><\/td>\n<td style=\"text-align: center; width: 12.5%;\" width=\"78\"><span style=\"font-family: times new roman, times, serif; font-size: 10pt;\"><strong>begraben<\/strong><\/span><\/td>\n<td style=\"text-align: center; width: 7.7381%;\" width=\"42\"><span style=\"font-family: times new roman, times, serif; font-size: 10pt;\"><strong>Alter<\/strong><\/span><\/td>\n<td style=\"text-align: center; width: 7.26191%;\" width=\"39\"><span style=\"font-family: times new roman, times, serif; font-size: 10pt;\"><strong>Stand<\/strong><\/span><\/td>\n<\/tr>\n<tr>\n<td style=\"text-align: center; width: 6.30952%;\" width=\"21\"><span style=\"font-family: times new roman, times, serif; font-size: 10pt;\">1<\/span><\/td>\n<td style=\"width: 17.7381%;\" width=\"127\"><span style=\"font-family: times new roman, times, serif; font-size: 10pt;\">Johann Philipp<\/span><\/td>\n<td style=\"text-align: center; width: 13.2143%;\" width=\"83\"><span style=\"font-family: times new roman, times, serif; font-size: 10pt;\">14.05.1712<\/span><\/td>\n<td style=\"text-align: center; width: 13.2143%;\" width=\"83\"><span style=\"font-family: times new roman, times, serif; font-size: 10pt;\">14.05.1712<\/span><\/td>\n<td style=\"text-align: center; width: 10.4762%;\" width=\"63\"><\/td>\n<td style=\"text-align: center; width: 11.4286%;\" width=\"70\"><\/td>\n<td style=\"text-align: center; width: 12.5%;\" width=\"78\"><span style=\"font-family: times new roman, times, serif; font-size: 10pt;\">03.07.1712<\/span><\/td>\n<td style=\"text-align: center; width: 7.7381%;\" width=\"42\"><span style=\"font-family: times new roman, times, serif; font-size: 10pt;\">0,17<\/span><\/td>\n<td style=\"text-align: center; width: 7.26191%;\" width=\"39\"><\/td>\n<\/tr>\n<tr>\n<td style=\"text-align: center; width: 6.30952%;\" width=\"21\"><span style=\"font-family: times new roman, times, serif; font-size: 10pt;\">2<\/span><\/td>\n<td style=\"width: 17.7381%;\" width=\"127\"><span style=\"font-family: times new roman, times, serif; font-size: 10pt;\">Johann Friedrich<\/span><\/td>\n<td style=\"text-align: center; width: 13.2143%;\" width=\"83\"><\/td>\n<td style=\"text-align: center; width: 13.2143%;\" width=\"83\"><span style=\"font-family: times new roman, times, serif; font-size: 10pt;\">22.11.1713<\/span><\/td>\n<td style=\"text-align: center; width: 10.4762%;\" width=\"63\"><\/td>\n<td style=\"text-align: center; width: 11.4286%;\" width=\"70\"><\/td>\n<td style=\"text-align: center; width: 12.5%;\" width=\"78\"><\/td>\n<td style=\"text-align: center; width: 7.7381%;\" width=\"42\"><\/td>\n<td style=\"text-align: center; width: 7.26191%;\" width=\"39\"><\/td>\n<\/tr>\n<tr>\n<td style=\"text-align: center; width: 6.30952%;\" width=\"21\"><span style=\"font-family: times new roman, times, serif; font-size: 10pt;\">3<\/span><\/td>\n<td style=\"width: 17.7381%;\" width=\"127\"><span style=\"font-family: times new roman, times, serif; font-size: 10pt;\">Philippina Eleonora<\/span><\/td>\n<td style=\"text-align: center; width: 13.2143%;\" width=\"83\"><span style=\"font-family: times new roman, times, serif; font-size: 10pt;\">28.04.1719<\/span><\/td>\n<td style=\"text-align: center; width: 13.2143%;\" width=\"83\"><span style=\"font-family: times new roman, times, serif; font-size: 10pt;\">28.04.1719<\/span><\/td>\n<td style=\"text-align: center; width: 10.4762%;\" width=\"63\"><\/td>\n<td style=\"text-align: center; width: 11.4286%;\" width=\"70\"><span style=\"font-family: times new roman, times, serif; font-size: 10pt;\">28.04.1719<\/span><\/td>\n<td style=\"text-align: center; width: 12.5%;\" width=\"78\"><span style=\"font-family: times new roman, times, serif; font-size: 10pt;\">29.04.1719<\/span><\/td>\n<td style=\"text-align: center; width: 7.7381%;\" width=\"42\"><span style=\"font-family: times new roman, times, serif; font-size: 10pt;\">0,0<\/span><\/td>\n<td style=\"text-align: justify; width: 7.26191%;\" width=\"39\"><\/td>\n<\/tr>\n<\/tbody>\n<\/table>\n<p style=\"text-align: justify;\"><span style=\"font-family: times new roman, times, serif; font-size: 10pt;\">Kind Nr. 1) * Nassau, Haustaufe (Nassau, KB 1, 1712 Nr. 19, Bild 109 auf archion.de); + Nassau (Nassau, KB 1, Bild 235 auf archion.de)<br \/>\n<\/span><span style=\"font-family: times new roman, times, serif; font-size: 10pt;\">Kind Nr. 2) * Nassau (Nassau, KB 1, 1713 Nr. 35, Bild 115 auf archion.de)<br \/>\n<\/span><span style=\"font-family: times new roman, times, serif; font-size: 10pt;\">Kind Nr. 3) * Nassau, Haustaufe (Nassau, KB 1, 1719 Nr. 13, Bild 134 auf archion.de); + Nassau, kurz nach der Geburt (Nassau, KB 1, Bild 239 auf archion.de)<br \/>\n<\/span><\/p>\n<p style=\"text-align: justify;\"><span style=\"font-family: times new roman, times, serif; font-size: 10pt;\"><strong>Paten: zu 1)<\/strong> Frau <em>Engelin<\/em>, die Gro\u00dfmutter \u2014 <strong>zu 2) <\/strong><em>H[err] Johann Peter Becker, Oberschulth. allhier; it[em] H[err] Johann Friedrich Macrander zu F[rank]furt; it[em] Fr[au] Anna Ursula Mosin <\/em>\u2014 <strong>zu 3) <\/strong><em>Eleonora Drech\u00dflerin<\/em><\/span><\/p>\n<hr \/>\n<p><span style=\"font-size: 10pt; font-family: times new roman, times, serif;\"><strong>Letzte \u00c4nderung: 10. August 2023<\/strong><\/span><br \/>\n<span style=\"font-size: 10pt; font-family: times new roman, times, serif;\"><strong>Ralph Jackmuth<\/strong><\/span><\/p>\n","protected":false},"excerpt":{"rendered":"<p>Krummholz, Salomon: Schuldiener in Schweighausen; + 25.09.1749 Schweighausen, 66 Jahre alt, war 21 Jahre Schuldiener in Schweighausen (bg. 28.09.) oo mit Anna Margaretha: bg. 07.10.1757 Braubach, \u00fcber 60 Jahre alt Nr. VN normiert Geburt Taufe konf. gestorben begraben Alter Stand 1 Louisa ca. 1715 15.04.1729 2 Katharina Elisabeth ca. 1721 02.04.1733 03.10.1780 59,00 verh. 3 &hellip; <a href=\"https:\/\/www.ahnenforschung-jackmuth.de\/?page_id=10448\" class=\"more-link\"><span class=\"screen-reader-text\">\u201eOFB Schweighausen &#8211; Krummholz\u201c<\/span> weiterlesen<\/a><\/p>\n","protected":false},"author":1,"featured_media":0,"parent":0,"menu_order":0,"comment_status":"closed","ping_status":"closed","template":"","meta":{"footnotes":""},"class_list":["post-10448","page","type-page","status-publish","hentry"],"_links":{"self":[{"href":"https:\/\/www.ahnenforschung-jackmuth.de\/index.php?rest_route=\/wp\/v2\/pages\/10448","targetHints":{"allow":["GET"]}}],"collection":[{"href":"https:\/\/www.ahnenforschung-jackmuth.de\/index.php?rest_route=\/wp\/v2\/pages"}],"about":[{"href":"https:\/\/www.ahnenforschung-jackmuth.de\/index.php?rest_route=\/wp\/v2\/types\/page"}],"author":[{"embeddable":true,"href":"https:\/\/www.ahnenforschung-jackmuth.de\/index.php?rest_route=\/wp\/v2\/users\/1"}],"replies":[{"embeddable":true,"href":"https:\/\/www.ahnenforschung-jackmuth.de\/index.php?rest_route=%2Fwp%2Fv2%2Fcomments&post=10448"}],"version-history":[{"count":0,"href":"https:\/\/www.ahnenforschung-jackmuth.de\/index.php?rest_route=\/wp\/v2\/pages\/10448\/revisions"}],"wp:attachment":[{"href":"https:\/\/www.ahnenforschung-jackmuth.de\/index.php?rest_route=%2Fwp%2Fv2%2Fmedia&parent=10448"}],"curies":[{"name":"wp","href":"https:\/\/api.w.org\/{rel}","templated":true}]}}