{"id":10440,"date":"2023-08-10T10:38:16","date_gmt":"2023-08-10T10:38:16","guid":{"rendered":"http:\/\/www.ahnenforschung-jackmuth.de\/?page_id=10440"},"modified":"2023-08-10T10:38:16","modified_gmt":"2023-08-10T10:38:16","slug":"ofb-schweighausen-haupt","status":"publish","type":"page","link":"https:\/\/www.ahnenforschung-jackmuth.de\/?page_id=10440","title":{"rendered":"OFB Schweighausen &#8211; Haupt"},"content":{"rendered":"<p style=\"text-align: justify;\"><span style=\"font-family: times new roman, times, serif; font-size: 10pt;\"><span style=\"color: #ff0000;\"><strong><u>Haupt<\/u><\/strong><strong>, Theophilus:<\/strong> <\/span>Vater des Pfarrers Johannes Haupt; B\u00fcrger und Schuhmacher aus Wetzlar; + 20.02.1794 Schweighausen (bg. 23.02.), 82 Jahre und 3 Monate alt, Eintragstext: <em>Den 20 Febr[uarii] starb Theophilus Haupt, Burger und Schumacher aus Wetzlar, mein, des Pfarrers, Vatter, den ich auf 15 Jahr bey mir gehabt habe, an einer Entkr\u00e4ftung, an welcher er aber doch nur 5 Tage bettl\u00e4gerig war, u[nd] wurde den 23 eiusd. begraben, alt 82 Jahr und 3 Monathe.<\/em><\/span><\/p>\n<hr \/>\n<p style=\"text-align: justify;\"><span style=\"font-family: times new roman, times, serif; font-size: 10pt;\"><span style=\"color: #ff0000;\"><strong><u>Haupt<\/u><\/strong><strong>, Johannes:<\/strong><\/span> 15.12.1771 \u2013 03.1795 Pfarrer in Schweighausen und Becheln; + 26.03.1795 Schweighausen (bg. 28.03.), Eintragstext: <em>Den 26ten Merz 1795 starb Herr Johannes Haupt, an die 25 Jahren bey der Schweighauser und Becheler Kirche treu-flei\u00dfiger Pfarrer, an einem hitzigen Gallenfieber und noch dazu gekommenen Brustentz\u00fcndung und ward nach eigener vorhergegangenen Verordnung, den 28ten Merz fr\u00fche in der Stille zur Erden bestattet worden. Sein C\u00f6rper ruhe sanft in dem Schos der Erden und sein Geist genie\u00dfe die verhei\u00dfene Belohnung\u00a0 treuer Lehrer in jenem Feunden Leben. Amen. Sein Alter hat er gebracht auf 54 Jahr, 1 Monath und 28 Tage. \u2013 <\/em>Sohn des Theophilus Haupt, B\u00fcrger in Wetzlar<\/span><\/p>\n<p style=\"text-align: justify;\"><span style=\"font-family: times new roman, times, serif; font-size: 10pt;\"><strong>oo 24.04.1776 Nassau<\/strong> mit <strong><u>N\u00f6ll<\/u>, Dorothea Charolotta Friederika:<\/strong> * 03.06.1751 Homburg (Saarpfalz-Kreis); + 17.11.1818 Ems (bg. 20.11.); Eltern: Philipp Ernst N\u00f6ll, Inspektor zu Nassau, und Amalia geb. Josbach zu Usingen<\/span><\/p>\n<p style=\"text-align: justify;\"><span style=\"font-family: times new roman, times, serif; font-size: 10pt;\">Eintragtext: <em>Den 24ten April bin ich, Joh: Haupt, p[ro] t[empore] Pfarrer allhir und zu Bechlen, mit Jungfer Dorothea Charlotta Friedericka, des H[errn] Inspector Noells zu Na\u00dfau 2ten ehelichen Tochter, an besagtem Ort von dem alten Inspector Stein als einem damahligen Emerito ehelich eingesegnet worden. Gott la\u00dfe unsere Ehe gesegnet seyn in Jesu Christi, unsers lieben Heylandes Willen und f\u00fchre uns durch seinen guten Geist auf die Wege des Friedens u. der ewigen Seeligkeit.<\/em><\/span><\/p>\n<table style=\"width: 100%;\">\n<tbody>\n<tr>\n<td style=\"text-align: center; width: 5.71429%;\" width=\"21\"><span style=\"font-family: times new roman, times, serif; font-size: 10pt;\"><strong>Nr.<\/strong><\/span><\/td>\n<td style=\"width: 22.7381%;\" width=\"169\"><span style=\"font-family: times new roman, times, serif; font-size: 10pt;\"><strong>VN normiert<\/strong><\/span><\/td>\n<td style=\"text-align: center; width: 12.0238%;\" width=\"78\"><span style=\"font-family: times new roman, times, serif; font-size: 10pt;\"><strong>Geburt<\/strong><\/span><\/td>\n<td style=\"text-align: center; width: 12.0238%;\" width=\"78\"><span style=\"font-family: times new roman, times, serif; font-size: 10pt;\"><strong>Taufe<\/strong><\/span><\/td>\n<td style=\"text-align: center; width: 10.7143%;\" width=\"68\"><span style=\"font-family: times new roman, times, serif; font-size: 10pt;\"><strong>konf.<\/strong><\/span><\/td>\n<td style=\"text-align: center; width: 10.7143%;\" width=\"68\"><span style=\"font-family: times new roman, times, serif; font-size: 10pt;\"><strong>gestorben<\/strong><\/span><\/td>\n<td style=\"text-align: center; width: 11.5476%;\" width=\"74\"><span style=\"font-family: times new roman, times, serif; font-size: 10pt;\"><strong>begraben<\/strong><\/span><\/td>\n<td style=\"text-align: center; width: 7.38095%;\" width=\"42\"><span style=\"font-family: times new roman, times, serif; font-size: 10pt;\"><strong>Alter<\/strong><\/span><\/td>\n<td style=\"text-align: center; width: 7.02381%;\" width=\"39\"><span style=\"font-family: times new roman, times, serif; font-size: 10pt;\"><strong>Stand<\/strong><\/span><\/td>\n<\/tr>\n<tr>\n<td style=\"text-align: center; width: 5.71429%;\" width=\"21\"><span style=\"font-family: times new roman, times, serif; font-size: 10pt;\">1<\/span><\/td>\n<td style=\"width: 22.7381%;\" width=\"169\"><span style=\"font-family: times new roman, times, serif; font-size: 10pt;\">Ernst Gottlieb Wilhelm<\/span><\/td>\n<td style=\"text-align: center; width: 12.0238%;\" width=\"78\"><span style=\"font-family: times new roman, times, serif; font-size: 10pt;\">25.04.1777<\/span><\/td>\n<td style=\"text-align: center; width: 12.0238%;\" width=\"78\"><span style=\"font-family: times new roman, times, serif; font-size: 10pt;\">27.04.1777<\/span><\/td>\n<td style=\"text-align: center; width: 10.7143%;\" width=\"68\"><span style=\"font-family: times new roman, times, serif; font-size: 10pt;\">03.06.1792<\/span><\/td>\n<td style=\"text-align: center; width: 10.7143%;\" width=\"68\"><span style=\"font-family: times new roman, times, serif; font-size: 10pt;\">05.10.1859<\/span><\/td>\n<td style=\"text-align: center; width: 11.5476%;\" width=\"74\"><span style=\"font-family: times new roman, times, serif; font-size: 10pt;\">08.10.1850<\/span><\/td>\n<td style=\"text-align: center; width: 7.38095%;\" width=\"42\"><span style=\"font-family: times new roman, times, serif; font-size: 10pt;\">82,50<\/span><\/td>\n<td style=\"text-align: center; width: 7.02381%;\" width=\"39\"><span style=\"font-family: times new roman, times, serif; font-size: 10pt;\">verh.<\/span><\/td>\n<\/tr>\n<tr>\n<td style=\"text-align: center; width: 5.71429%;\"><span style=\"font-family: times new roman, times, serif; font-size: 10pt;\">2<\/span><\/td>\n<td style=\"width: 22.7381%;\"><span style=\"font-family: times new roman, times, serif; font-size: 10pt;\">Karl Friedrich Valentin<\/span><\/td>\n<td style=\"text-align: center; width: 12.0238%;\"><span style=\"font-family: times new roman, times, serif; font-size: 10pt;\">26.09.1778<\/span><\/td>\n<td style=\"text-align: center; width: 12.0238%;\"><span style=\"font-family: times new roman, times, serif; font-size: 10pt;\">29.09.1778<\/span><\/td>\n<td style=\"text-align: center; width: 10.7143%;\"><span style=\"font-family: times new roman, times, serif; font-size: 10pt;\">03.06.1792<\/span><\/td>\n<td style=\"text-align: center; width: 10.7143%;\"><\/td>\n<td style=\"text-align: center; width: 11.5476%;\"><\/td>\n<td style=\"text-align: center; width: 7.38095%;\"><\/td>\n<td style=\"text-align: center; width: 7.02381%;\"><span style=\"font-family: times new roman, times, serif; font-size: 10pt;\">verh.<\/span><\/td>\n<\/tr>\n<tr>\n<td style=\"text-align: center; width: 5.71429%;\"><span style=\"font-family: times new roman, times, serif; font-size: 10pt;\">3<\/span><\/td>\n<td style=\"width: 22.7381%;\"><span style=\"font-family: times new roman, times, serif; font-size: 10pt;\">Philippine Friederike Ernestine<\/span><\/td>\n<td style=\"text-align: center; width: 12.0238%;\"><span style=\"font-family: times new roman, times, serif; font-size: 10pt;\">11.11.1779<\/span><\/td>\n<td style=\"text-align: center; width: 12.0238%;\"><span style=\"font-family: times new roman, times, serif; font-size: 10pt;\">15.11.1779<\/span><\/td>\n<td style=\"text-align: center; width: 10.7143%;\"><span style=\"font-family: times new roman, times, serif; font-size: 10pt;\">26.05.1793<\/span><\/td>\n<td style=\"text-align: center; width: 10.7143%;\"><\/td>\n<td style=\"text-align: center; width: 11.5476%;\"><\/td>\n<td style=\"text-align: center; width: 7.38095%;\"><\/td>\n<td style=\"text-align: center; width: 7.02381%;\"><\/td>\n<\/tr>\n<tr>\n<td style=\"text-align: center; width: 5.71429%;\"><span style=\"font-family: times new roman, times, serif; font-size: 10pt;\">4<\/span><\/td>\n<td style=\"width: 22.7381%;\"><span style=\"font-family: times new roman, times, serif; font-size: 10pt;\">Johann Christian<\/span><\/td>\n<td style=\"text-align: center; width: 12.0238%;\"><span style=\"font-family: times new roman, times, serif; font-size: 10pt;\">29.07.1781<\/span><\/td>\n<td style=\"text-align: center; width: 12.0238%;\"><span style=\"font-family: times new roman, times, serif; font-size: 10pt;\">31.07.1781<\/span><\/td>\n<td style=\"text-align: center; width: 10.7143%;\"><\/td>\n<td style=\"text-align: center; width: 10.7143%;\"><\/td>\n<td style=\"text-align: center; width: 11.5476%;\"><\/td>\n<td style=\"text-align: center; width: 7.38095%;\"><\/td>\n<td style=\"text-align: center; width: 7.02381%;\"><\/td>\n<\/tr>\n<tr>\n<td style=\"text-align: center; width: 5.71429%;\"><span style=\"font-family: times new roman, times, serif; font-size: 10pt;\">5<\/span><\/td>\n<td style=\"width: 22.7381%;\"><span style=\"font-family: times new roman, times, serif; font-size: 10pt;\">Ernestine Louise<\/span><\/td>\n<td style=\"text-align: center; width: 12.0238%;\"><span style=\"font-family: times new roman, times, serif; font-size: 10pt;\">26.03.1783<\/span><\/td>\n<td style=\"text-align: center; width: 12.0238%;\"><span style=\"font-family: times new roman, times, serif; font-size: 10pt;\">28.03.1783<\/span><\/td>\n<td style=\"text-align: center; width: 10.7143%;\"><\/td>\n<td style=\"text-align: center; width: 10.7143%;\"><span style=\"font-family: times new roman, times, serif; font-size: 10pt;\">02.10.1859<\/span><\/td>\n<td style=\"text-align: center; width: 11.5476%;\"><span style=\"font-family: times new roman, times, serif; font-size: 10pt;\">05.10.1859<\/span><\/td>\n<td style=\"text-align: center; width: 7.38095%;\"><span style=\"font-family: times new roman, times, serif; font-size: 10pt;\">76,57<\/span><\/td>\n<td style=\"text-align: center; width: 7.02381%;\"><span style=\"font-family: times new roman, times, serif; font-size: 10pt;\">verh.<\/span><\/td>\n<\/tr>\n<tr>\n<td style=\"text-align: center; width: 5.71429%;\"><span style=\"font-family: times new roman, times, serif; font-size: 10pt;\">6<\/span><\/td>\n<td style=\"width: 22.7381%;\"><span style=\"font-family: times new roman, times, serif; font-size: 10pt;\">Wilhelmine Caroline<\/span><\/td>\n<td style=\"text-align: center; width: 12.0238%;\"><span style=\"font-family: times new roman, times, serif; font-size: 10pt;\">29.06.1784<\/span><\/td>\n<td style=\"text-align: center; width: 12.0238%;\"><span style=\"font-family: times new roman, times, serif; font-size: 10pt;\">01.07.1784<\/span><\/td>\n<td style=\"text-align: center; width: 10.7143%;\"><\/td>\n<td style=\"text-align: center; width: 10.7143%;\"><\/td>\n<td style=\"text-align: center; width: 11.5476%;\"><\/td>\n<td style=\"text-align: center; width: 7.38095%;\"><\/td>\n<td style=\"text-align: center; width: 7.02381%;\"><\/td>\n<\/tr>\n<tr>\n<td style=\"text-align: center; width: 5.71429%;\"><span style=\"font-family: times new roman, times, serif; font-size: 10pt;\">7<\/span><\/td>\n<td style=\"width: 22.7381%;\"><span style=\"font-family: times new roman, times, serif; font-size: 10pt;\">Dorothea Augusta<\/span><\/td>\n<td style=\"text-align: center; width: 12.0238%;\"><span style=\"font-family: times new roman, times, serif; font-size: 10pt;\">15.03.1786<\/span><\/td>\n<td style=\"text-align: center; width: 12.0238%;\"><span style=\"font-family: times new roman, times, serif; font-size: 10pt;\">15.03.1786<\/span><\/td>\n<td style=\"text-align: center; width: 10.7143%;\"><\/td>\n<td style=\"text-align: center; width: 10.7143%;\"><span style=\"font-family: times new roman, times, serif; font-size: 10pt;\">16.03.1786<\/span><\/td>\n<td style=\"text-align: center; width: 11.5476%;\"><span style=\"font-family: times new roman, times, serif; font-size: 10pt;\">18.03.1786<\/span><\/td>\n<td style=\"text-align: center; width: 7.38095%;\"><span style=\"font-family: times new roman, times, serif; font-size: 10pt;\">0,00<\/span><\/td>\n<td style=\"text-align: center; width: 7.02381%;\"><\/td>\n<\/tr>\n<tr>\n<td style=\"text-align: center; width: 5.71429%;\"><span style=\"font-family: times new roman, times, serif; font-size: 10pt;\">8<\/span><\/td>\n<td style=\"width: 22.7381%;\"><span style=\"font-family: times new roman, times, serif; font-size: 10pt;\">Theodor Karl Salomo<\/span><\/td>\n<td style=\"text-align: center; width: 12.0238%;\"><span style=\"font-family: times new roman, times, serif; font-size: 10pt;\">10.06.1787<\/span><\/td>\n<td style=\"text-align: center; width: 12.0238%;\"><span style=\"font-family: times new roman, times, serif; font-size: 10pt;\">10.06.1787<\/span><\/td>\n<td style=\"text-align: center; width: 10.7143%;\"><\/td>\n<td style=\"text-align: center; width: 10.7143%;\"><\/td>\n<td style=\"text-align: center; width: 11.5476%;\"><\/td>\n<td style=\"text-align: center; width: 7.38095%;\"><\/td>\n<td style=\"text-align: center; width: 7.02381%;\"><\/td>\n<\/tr>\n<tr>\n<td style=\"text-align: center; width: 5.71429%;\"><span style=\"font-family: times new roman, times, serif; font-size: 10pt;\">9<\/span><\/td>\n<td style=\"width: 22.7381%;\"><span style=\"font-family: times new roman, times, serif; font-size: 10pt;\">Johannetta Christiana<\/span><\/td>\n<td style=\"text-align: center; width: 12.0238%;\"><span style=\"font-family: times new roman, times, serif; font-size: 10pt;\">28.07.1789<\/span><\/td>\n<td style=\"text-align: center; width: 12.0238%;\"><span style=\"font-family: times new roman, times, serif; font-size: 10pt;\">29.07.1789<\/span><\/td>\n<td style=\"text-align: center; width: 10.7143%;\"><\/td>\n<td style=\"text-align: center; width: 10.7143%;\"><\/td>\n<td style=\"text-align: center; width: 11.5476%;\"><\/td>\n<td style=\"text-align: center; width: 7.38095%;\"><\/td>\n<td style=\"text-align: center; width: 7.02381%;\"><span style=\"font-family: times new roman, times, serif; font-size: 10pt;\">verh.<\/span><\/td>\n<\/tr>\n<tr>\n<td style=\"text-align: center; width: 5.71429%;\"><span style=\"font-family: times new roman, times, serif; font-size: 10pt;\">10<\/span><\/td>\n<td style=\"width: 22.7381%;\"><span style=\"font-family: times new roman, times, serif; font-size: 10pt;\">Henriette Auguste<\/span><\/td>\n<td style=\"text-align: center; width: 12.0238%;\"><span style=\"font-family: times new roman, times, serif; font-size: 10pt;\">24.02.1792<\/span><\/td>\n<td style=\"text-align: center; width: 12.0238%;\"><span style=\"font-family: times new roman, times, serif; font-size: 10pt;\">25.02.1792<\/span><\/td>\n<td style=\"text-align: center; width: 10.7143%;\"><\/td>\n<td style=\"text-align: center; width: 10.7143%;\"><\/td>\n<td style=\"text-align: center; width: 11.5476%;\"><\/td>\n<td style=\"text-align: center; width: 7.38095%;\"><\/td>\n<td style=\"text-align: center; width: 7.02381%;\"><\/td>\n<\/tr>\n<tr>\n<td style=\"text-align: center; width: 5.71429%;\"><span style=\"font-family: times new roman, times, serif; font-size: 10pt;\">11<\/span><\/td>\n<td style=\"width: 22.7381%;\"><span style=\"font-family: times new roman, times, serif; font-size: 10pt;\">Friedrich Karl<\/span><\/td>\n<td style=\"text-align: center; width: 12.0238%;\"><span style=\"font-family: times new roman, times, serif; font-size: 10pt;\">22.01.1795<\/span><\/td>\n<td style=\"text-align: center; width: 12.0238%;\"><span style=\"font-family: times new roman, times, serif; font-size: 10pt;\">23.01.1795<\/span><\/td>\n<td style=\"text-align: center; width: 10.7143%;\"><\/td>\n<td style=\"text-align: center; width: 10.7143%;\"><span style=\"font-family: times new roman, times, serif; font-size: 10pt;\">06.10.1796<\/span><\/td>\n<td style=\"text-align: center; width: 11.5476%;\"><\/td>\n<td style=\"text-align: center; width: 7.38095%;\"><span style=\"font-family: times new roman, times, serif; font-size: 10pt;\">1,71<\/span><\/td>\n<td style=\"text-align: center; width: 7.02381%;\"><\/td>\n<\/tr>\n<\/tbody>\n<\/table>\n<p style=\"text-align: justify;\"><span style=\"font-family: times new roman, times, serif; font-size: 10pt;\">Kind Nr. 1) + Elberfeld, an der Cholera; war gewerbslos und Witwer der Anna Maria Schmierbach; haben majorenne Kinder (Sterbebuch Elberfeld 1859-1865, Nr. 628, Bild 43 auf archion.de)<br \/>\n<\/span><span style=\"font-family: times new roman, times, serif; font-size: 10pt;\">Kind Nr. 2) war seit 1807 Pfarrer in Ems<br \/>\n<\/span><span style=\"font-family: times new roman, times, serif; font-size: 10pt;\">Kind Nr. 4) Bem. im Taufeintrag: <em>NB. damahls war eine sehr fr\u00fche Erndte. Vor Jacobi war das Korn schon eingefahren.<br \/>\n<\/em><\/span><span style=\"font-family: times new roman, times, serif; font-size: 10pt;\">Kind Nr. 5) oo 11.12.1803 Becheln mit Georg Konrad Wagner (* 18.09.1765 Becheln; + 31.07.1848 Becheln; Eltern: Johann Jakob Wagner und Maria Elisabeth geb. Aulmann); die Verstorbene hinterl\u00e4sst lt. Sterbeeintrag <em>von 8 Kindern aus dieser Ehe 6 am Leben, 2 S\u00f6hne und 4 T\u00f6chter<br \/>\n<\/em><\/span><span style=\"font-family: times new roman, times, serif; font-size: 10pt;\">Kind Nr. 7) + \u201ean einem Steckfl\u00fcsschen\u201c<br \/>\n<\/span><span style=\"font-family: times new roman, times, serif; font-size: 10pt;\">Kind Nr. 9) oo 1822 mit Jean George Vuagneaux; ref.; G\u00e4rtner zu Auvernier (Schweiz); prokl. 06.01., 13.01. und 20.01.1822 Becheln; \u201eVater und Mutter des Proklamierten konnten nicht angegeben werden\u201c<\/span><\/p>\n<p style=\"text-align: justify;\"><span style=\"font-family: times new roman, times, serif; font-size: 10pt;\"><strong>Paten: zu 1) <\/strong><em>1) H[err] Philipp Ernst Noell, Inspector zu Na\u00dfau; 2) Theophilius Haupt, Burger zu Wetzlar; ambo avi; 3) Jungfer Charlotta Wilhelmina Josbacherin, d. Z. Kammerjungfer bey der \u00e4ltesten Prince\u00dfin zu Biberich <\/em>\u2014 <strong>zu 2) <\/strong><em>1) H[err] Friederich Philipp Vietor zu Dornholtzhau\u00dfen; 2) H[err] Johan Valentin Hergenhahn, d. Z. Cammerdiener bey dem regierenden F\u00fcrsten von Usingen; 3) Jungfer Johannetta Carolina Loui\u00dfa, des H[errn] Inspector Noells zu Na\u00dfau j\u00fcngste Tochter <\/em>\u2014 <strong>zu 3) <\/strong><em>1) Mariane Henriette Philippine, H[errn] Pfarrer Kochs von Dau\u00dfenau Eheliebste; 2) Maria Margarethe Philipine Ernestine, H[errn] Pfarrer Georg Georg Friedrich Hauth zu Altweiler in der Obergrafschafft Saarbr\u00fccken Eheliebste, der Mutter des Kindes Schwester; 3) Herr Friederich Christoph Schetky, t[um] t[empore] Pfarrer zu Embs <\/em>\u2014 <strong>zu 4) <\/strong><em>1) H[err] Carl Christian Hiemer, t[um] t[empore] Consulent im hochfreyherr[lich] von Steinischen Hof; 2) H[err] Johannes Haupt, t[um] t[empore] Secretarius bey dem Grafen von Ba\u00dfenheim, Burggrafen zu Friedberg, aus Wezlar; 3) H[err] Philipp Ernst Christian Noell, t[um] t[emporis] Kaufmansdiener in Stra\u00dfburg; 4) Charlotte, H[errn] Pfarrer Machenhauer zu Wetzlar \u00e4lteste Jungfer Tochter <\/em>\u2014 <strong>zu 5) <\/strong><em>1) Ernestine Catharine, H[errn] Regierungs Secretarii Lauz in Wie\u00dfbaden Frau Eheliebste, nach dieser Zeit Amtman zu Usingen; 2) H[err] Johan Ludwig Theodor Noell, Burger und ber\u00fchmter Buchbinder in F[rank]furt am Mayn <\/em>\u2014 <strong>zu 6) <\/strong><em>1) Johan Carl Noell, p[ro] t[empore] studiosus theologi\u00e6 in Gie\u00dfen, infantis avunculus; 2) Johannetta Wilhelmina, wey[land] H[errn] Joh. Valentin Hergenhans, Cammerdieners des F\u00fcrsten von Usingen, hinterla\u00dfene ehe[lichte] Tochter <\/em>\u2014 <strong>zu 7) <\/strong><em>1) Herr Johann August Otto, Pf[arre]r zu Merzhau\u00dfen bey Usingen <\/em>[Usingen-Merzhausen, Hochtaunuskreis]<em>, mein Schwager; 2) Maria Dorothea Philipina Hergenhahnin zu Biberich, der Zeit Kammerjungfer bey der 2ten Prince\u00dfin zu Biberich, nachmahligen verehelichten und verwittweten B\u00f6nigin <\/em>\u2014 <strong>zu 8) <\/strong><em>1) Johan Carl Salomo Hergenhahn, p[ro] t[empore] Regierungs Secretarius zu Wiesbaden; 2) Maria Dorothea Philippina Hergenhahnin, d. Zeit Cammer Jungfer bey der 2ten Prince\u00dfin zu Biberich <\/em>\u2014 <strong>zu 9) <\/strong><em>1) Herr Anton Otto Christian Philgus, t[um] t[ermpore] Regierungs Secretaire zu Wisbaden; 2) Frau Johannetta Friederika, Herrn Stadtpfarrers J. Ph. Stiehls zu Idstein Eheliebste <\/em>\u2014 <strong>zu 10) <\/strong><em>1) Frau Henriette Elisabetha, Herrn Pfarrers Otto zu Rhod an der Weil im Usingischen, Frau Eheliebste; 2) Herr Johann August Otto, Pfarrer zu Merzhausen im Usingischen, mein Schwager <\/em>\u2014 <strong>zu 11) <\/strong><em>1) G. Carl Forian G\u00f6tz, f\u00fcrst[licher] Bauinspector zu Wiesbaden; 2) Dorothea Catharina Sophia, H[errn] Pfarrer Noells Frau Eheliebste zu Arnoldshayn <\/em>[Arnoldshain, Schmitten, Hochtaunuskreis]<\/span><\/p>\n<hr \/>\n<p><span style=\"font-size: 10pt; font-family: times new roman, times, serif;\"><strong>Letzte \u00c4nderung: 10. August 2023<\/strong><\/span><br \/>\n<span style=\"font-size: 10pt; font-family: times new roman, times, serif;\"><strong>Ralph Jackmuth<\/strong><\/span><\/p>\n","protected":false},"excerpt":{"rendered":"<p>Haupt, Theophilus: Vater des Pfarrers Johannes Haupt; B\u00fcrger und Schuhmacher aus Wetzlar; + 20.02.1794 Schweighausen (bg. 23.02.), 82 Jahre und 3 Monate alt, Eintragstext: Den 20 Febr[uarii] starb Theophilus Haupt, Burger und Schumacher aus Wetzlar, mein, des Pfarrers, Vatter, den ich auf 15 Jahr bey mir gehabt habe, an einer Entkr\u00e4ftung, an welcher er aber &hellip; <a href=\"https:\/\/www.ahnenforschung-jackmuth.de\/?page_id=10440\" class=\"more-link\"><span class=\"screen-reader-text\">\u201eOFB Schweighausen &#8211; Haupt\u201c<\/span> weiterlesen<\/a><\/p>\n","protected":false},"author":1,"featured_media":0,"parent":0,"menu_order":0,"comment_status":"closed","ping_status":"closed","template":"","meta":{"footnotes":""},"class_list":["post-10440","page","type-page","status-publish","hentry"],"_links":{"self":[{"href":"https:\/\/www.ahnenforschung-jackmuth.de\/index.php?rest_route=\/wp\/v2\/pages\/10440","targetHints":{"allow":["GET"]}}],"collection":[{"href":"https:\/\/www.ahnenforschung-jackmuth.de\/index.php?rest_route=\/wp\/v2\/pages"}],"about":[{"href":"https:\/\/www.ahnenforschung-jackmuth.de\/index.php?rest_route=\/wp\/v2\/types\/page"}],"author":[{"embeddable":true,"href":"https:\/\/www.ahnenforschung-jackmuth.de\/index.php?rest_route=\/wp\/v2\/users\/1"}],"replies":[{"embeddable":true,"href":"https:\/\/www.ahnenforschung-jackmuth.de\/index.php?rest_route=%2Fwp%2Fv2%2Fcomments&post=10440"}],"version-history":[{"count":0,"href":"https:\/\/www.ahnenforschung-jackmuth.de\/index.php?rest_route=\/wp\/v2\/pages\/10440\/revisions"}],"wp:attachment":[{"href":"https:\/\/www.ahnenforschung-jackmuth.de\/index.php?rest_route=%2Fwp%2Fv2%2Fmedia&parent=10440"}],"curies":[{"name":"wp","href":"https:\/\/api.w.org\/{rel}","templated":true}]}}