{"id":10437,"date":"2023-08-10T10:33:00","date_gmt":"2023-08-10T10:33:00","guid":{"rendered":"http:\/\/www.ahnenforschung-jackmuth.de\/?page_id=10437"},"modified":"2023-08-10T10:33:00","modified_gmt":"2023-08-10T10:33:00","slug":"ofb-schweighausen-ohlig","status":"publish","type":"page","link":"https:\/\/www.ahnenforschung-jackmuth.de\/?page_id=10437","title":{"rendered":"OFB Schweighausen &#8211; Ohlig"},"content":{"rendered":"<p style=\"text-align: justify;\"><span style=\"font-family: times new roman, times, serif; font-size: 10pt;\"><span style=\"color: #ff0000;\"><strong><u>Ohlig<\/u><\/strong><strong>, Johannes:<\/strong> <\/span>1739-1747 Pfarrer in Kubach (Weilburg), 08.06.1747 \u2013 1762 Pfarrer in Schweighausen und Becheln; 1762-1779 Pfarrer in Marienfels; aus H\u00f6rnsheim (H\u00fcttenberg, Lahn-Dill-Kreis); Eltern: Georg Ohlig und Anna Elisabeth<\/span><\/p>\n<p style=\"text-align: justify;\"><span style=\"font-family: times new roman, times, serif; font-size: 10pt;\"><strong>oo 14.06.1747 Schweighausen<\/strong> mit <strong><u>Stein<\/u>, Magdalena Margaretha: <\/strong>Eltern: Johann Konrad Stein (1727-1737 Pfarrer in Kubach (Weilburg), ab 1737 Pfarrer in Nassau und Dienethal, f\u00fcrstl. nassau-saarbr\u00fcckischer Inspektor; + 01.02.1780 Nassau), und Lucia Eleonora (+ 18.11.1778 Nassau)<\/span><\/p>\n<p style=\"text-align: justify;\"><span style=\"font-family: times new roman, times, serif; font-size: 10pt;\">Eintragstext: <em>1747, den 14ten Juny bin ich, J[ohannes] Ohlig, zeitiger Pfarrer alhier und zu Becheln, mit Magdalena Margretha, des lutherischen Herrn Insp. Steins zu Nassau \u00e4ltesten Jungfer Tochter, durch H[er]n Diac. Stein aus Kirchheim ordent[lich] copu[liret] und eingesegnet worden. Der Herr la\u00dfe mir die\u00dfe eine Begleiterin seyn durch die\u00dfes Jammerthal und mich solche an einem Tage wiederfinden!<\/em><\/span><\/p>\n<table style=\"width: 100%;\">\n<tbody>\n<tr>\n<td style=\"text-align: center; width: 5.59524%;\" width=\"21\"><span style=\"font-family: times new roman, times, serif; font-size: 10pt;\"><strong>Nr.<\/strong><\/span><\/td>\n<td style=\"width: 18.3333%;\" width=\"126\"><span style=\"font-family: times new roman, times, serif; font-size: 10pt;\"><strong>VN normiert<\/strong><\/span><\/td>\n<td style=\"text-align: center; width: 13.2143%;\" width=\"83\"><span style=\"font-family: times new roman, times, serif; font-size: 10pt;\"><strong>Geburt<\/strong><\/span><\/td>\n<td style=\"text-align: center; width: 13.2143%;\" width=\"83\"><span style=\"font-family: times new roman, times, serif; font-size: 10pt;\"><strong>Taufe<\/strong><\/span><\/td>\n<td style=\"text-align: center; width: 10.3571%;\" width=\"62\"><span style=\"font-family: times new roman, times, serif; font-size: 10pt;\"><strong>konf.<\/strong><\/span><\/td>\n<td style=\"text-align: center; width: 11.4286%;\" width=\"70\"><span style=\"font-family: times new roman, times, serif; font-size: 10pt;\"><strong>gestorben<\/strong><\/span><\/td>\n<td style=\"text-align: center; width: 12.5%;\" width=\"78\"><span style=\"font-family: times new roman, times, serif; font-size: 10pt;\"><strong>begraben<\/strong><\/span><\/td>\n<td style=\"text-align: center; width: 7.97619%;\" width=\"44\"><span style=\"font-family: times new roman, times, serif; font-size: 10pt;\"><strong>Alter<\/strong><\/span><\/td>\n<td style=\"text-align: center; width: 7.26191%;\" width=\"39\"><span style=\"font-family: times new roman, times, serif; font-size: 10pt;\"><strong>Stand<\/strong><\/span><\/td>\n<\/tr>\n<tr>\n<td style=\"text-align: center; width: 5.59524%;\" width=\"21\"><span style=\"font-family: times new roman, times, serif; font-size: 10pt;\">1<\/span><\/td>\n<td style=\"width: 18.3333%;\" width=\"126\"><span style=\"font-family: times new roman, times, serif; font-size: 10pt;\">Christina Eleonora<\/span><\/td>\n<td style=\"text-align: center; width: 13.2143%;\" width=\"83\"><span style=\"font-family: times new roman, times, serif; font-size: 10pt;\">18.04.1748<\/span><\/td>\n<td style=\"text-align: center; width: 13.2143%;\" width=\"83\"><span style=\"font-family: times new roman, times, serif; font-size: 10pt;\">21.04.1748<\/span><\/td>\n<td style=\"text-align: center; width: 10.3571%;\" width=\"62\"><\/td>\n<td style=\"text-align: center; width: 11.4286%;\" width=\"70\"><\/td>\n<td style=\"text-align: center; width: 12.5%;\" width=\"78\"><\/td>\n<td style=\"text-align: center; width: 7.97619%;\" width=\"44\"><\/td>\n<td style=\"text-align: center; width: 7.26191%;\" width=\"39\"><\/td>\n<\/tr>\n<tr>\n<td style=\"text-align: center; width: 5.59524%;\"><span style=\"font-family: times new roman, times, serif; font-size: 10pt;\">2<\/span><\/td>\n<td style=\"width: 18.3333%;\"><span style=\"font-family: times new roman, times, serif; font-size: 10pt;\">Georg Konrad<\/span><\/td>\n<td style=\"text-align: center; width: 13.2143%;\"><span style=\"font-family: times new roman, times, serif; font-size: 10pt;\">21.10.1749<\/span><\/td>\n<td style=\"text-align: center; width: 13.2143%;\"><span style=\"font-family: times new roman, times, serif; font-size: 10pt;\">24.10.1749<\/span><\/td>\n<td style=\"text-align: center; width: 10.3571%;\"><\/td>\n<td style=\"text-align: center; width: 11.4286%;\"><\/td>\n<td style=\"text-align: center; width: 12.5%;\"><\/td>\n<td style=\"text-align: center; width: 7.97619%;\"><\/td>\n<td style=\"text-align: center; width: 7.26191%;\"><\/td>\n<\/tr>\n<tr>\n<td style=\"text-align: center; width: 5.59524%;\"><span style=\"font-family: times new roman, times, serif; font-size: 10pt;\">3<\/span><\/td>\n<td style=\"width: 18.3333%;\"><span style=\"font-family: times new roman, times, serif; font-size: 10pt;\">Johann Friedrich<\/span><\/td>\n<td style=\"text-align: center; width: 13.2143%;\"><span style=\"font-family: times new roman, times, serif; font-size: 10pt;\">11.06.1752<\/span><\/td>\n<td style=\"text-align: center; width: 13.2143%;\"><span style=\"font-family: times new roman, times, serif; font-size: 10pt;\">14.06.1752<\/span><\/td>\n<td style=\"text-align: center; width: 10.3571%;\"><\/td>\n<td style=\"text-align: center; width: 11.4286%;\"><\/td>\n<td style=\"text-align: center; width: 12.5%;\"><\/td>\n<td style=\"text-align: center; width: 7.97619%;\"><\/td>\n<td style=\"text-align: center; width: 7.26191%;\"><\/td>\n<\/tr>\n<tr>\n<td style=\"text-align: center; width: 5.59524%;\"><span style=\"font-family: times new roman, times, serif; font-size: 10pt;\">4<\/span><\/td>\n<td style=\"width: 18.3333%;\"><span style=\"font-family: times new roman, times, serif; font-size: 10pt;\">Johann Gottfried<\/span><\/td>\n<td style=\"text-align: center; width: 13.2143%;\"><span style=\"font-family: times new roman, times, serif; font-size: 10pt;\">13.08.1754<\/span><\/td>\n<td style=\"text-align: center; width: 13.2143%;\"><span style=\"font-family: times new roman, times, serif; font-size: 10pt;\">17.08.1754<\/span><\/td>\n<td style=\"text-align: center; width: 10.3571%;\"><\/td>\n<td style=\"text-align: center; width: 11.4286%;\"><span style=\"font-family: times new roman, times, serif; font-size: 10pt;\">28.05.1757<\/span><\/td>\n<td style=\"text-align: center; width: 12.5%;\"><span style=\"font-family: times new roman, times, serif; font-size: 10pt;\">31.05.1757<\/span><\/td>\n<td style=\"text-align: center; width: 7.97619%;\"><span style=\"font-family: times new roman, times, serif; font-size: 10pt;\">2,79<\/span><\/td>\n<td style=\"text-align: center; width: 7.26191%;\"><\/td>\n<\/tr>\n<tr>\n<td style=\"text-align: center; width: 5.59524%;\"><span style=\"font-family: times new roman, times, serif; font-size: 10pt;\">5<\/span><\/td>\n<td style=\"width: 18.3333%;\"><span style=\"font-family: times new roman, times, serif; font-size: 10pt;\">Georg Ludwig<\/span><\/td>\n<td style=\"text-align: center; width: 13.2143%;\"><span style=\"font-family: times new roman, times, serif; font-size: 10pt;\">12.12.1756<\/span><\/td>\n<td style=\"text-align: center; width: 13.2143%;\"><span style=\"font-family: times new roman, times, serif; font-size: 10pt;\">15.12.1756<\/span><\/td>\n<td style=\"text-align: center; width: 10.3571%;\"><\/td>\n<td style=\"text-align: center; width: 11.4286%;\"><\/td>\n<td style=\"text-align: center; width: 12.5%;\"><\/td>\n<td style=\"text-align: center; width: 7.97619%;\"><\/td>\n<td style=\"text-align: center; width: 7.26191%;\"><\/td>\n<\/tr>\n<tr>\n<td style=\"text-align: center; width: 5.59524%;\"><span style=\"font-family: times new roman, times, serif; font-size: 10pt;\">6<\/span><\/td>\n<td style=\"width: 18.3333%;\"><span style=\"font-family: times new roman, times, serif; font-size: 10pt;\">Gottfried Anton<\/span><\/td>\n<td style=\"text-align: center; width: 13.2143%;\"><span style=\"font-family: times new roman, times, serif; font-size: 10pt;\">16.03.1759<\/span><\/td>\n<td style=\"text-align: center; width: 13.2143%;\"><span style=\"font-family: times new roman, times, serif; font-size: 10pt;\">18.03.1759<\/span><\/td>\n<td style=\"text-align: center; width: 10.3571%;\"><\/td>\n<td style=\"text-align: center; width: 11.4286%;\"><span style=\"font-family: times new roman, times, serif; font-size: 10pt;\">15.03.1761<\/span><\/td>\n<td style=\"text-align: center; width: 12.5%;\"><span style=\"font-family: times new roman, times, serif; font-size: 10pt;\">19.03.1761<\/span><\/td>\n<td style=\"text-align: center; width: 7.97619%;\"><span style=\"font-family: times new roman, times, serif; font-size: 10pt;\">2,00<\/span><\/td>\n<td style=\"text-align: center; width: 7.26191%;\"><\/td>\n<\/tr>\n<\/tbody>\n<\/table>\n<p style=\"text-align: justify;\"><span style=\"font-family: times new roman, times, serif; font-size: 10pt;\"><strong>Paten:<\/strong> <strong>zu 1) <\/strong><em>Frau Lucia Eleonora, des evange[lischen] Herrn Insp. zu Nassau Eheliebste; wie auch Christiana, H[er]rn Pr\u00e4sentzmeisters Carl zu Weilburg \u00e4lteste Jungfer Tochter; sodann Joh: Georg \u2026 von H\u00f6rnsheim, Amts Huttenberg <\/em>[Gem. H\u00fcttenberg, Lahn-Dill-Kreis] \u2014 <strong>zu 2) <\/strong><em>Herr Insp. Stein zu Nassau; wie a. H[er]r Past. Stein zu Kratzenheim <\/em>[?]<em> in der Pfaltz; sodann Anna Elisabetha, Georgen Ohligen Haufrau, meine Mutter, in H\u00f6rnsheim <\/em>[?] \u2014 <strong>zu 3) <\/strong><em>H[er]r Johann Friedrich Stein, evangel[ischer] Prediger zu Kleinrechtenbach des Amts H\u00fcttenberg; sodann H[err] Johann Georg Ohlig von H\u00f6rnsh:, theol: stud:; wie a. Marg: Sybilla, H[err] Joh: Conr: St&lt;eins&gt;, des luth: Insp: zu Nass: 2te Jungfrau Tochter<\/em>\u2014 <strong>zu 4) <\/strong><em>Herr Johann Gottfried Creutzer, hochfreyherr[lich] adelsh[eimischer] Verwalter zu Nassau; sodann Johann Caspar Ohlig zu H\u00f6rnsh[eim]; wie auch Jungfr: Dorothea Steinin <\/em>\u2014 <strong>zu 5) <\/strong><em>Herr Johann Ludwig Fabr:, archivari[us] zu Weilburg; wie auch H[err] Georg Ludwig Stein, dermahliger Sch\u00fcler zu Weilburg; sodann Jungfr: <\/em>[ ]<em> Imgertin <\/em>\u2014 <strong>zu 6) <\/strong><em>Herr Johann Gottfried Creutzer, dietzischer Rentmeister zu Nassau; Anton Ohlig von H\u00f6rnsheim in dem H\u00fcttenberg[ischen]; u. M. Peter Snells zu Dach\u00dfenh: Eheliebste<\/em><\/span><\/p>\n<hr \/>\n<p><span style=\"font-family: times new roman, times, serif; font-size: 10pt;\"><strong>Zur Pfarrerfamilie Stein in Kubach (Weilburg)<\/strong><\/span><\/p>\n<p style=\"text-align: justify;\"><span style=\"font-family: times new roman, times, serif; font-size: 10pt;\"><span style=\"color: #ff0000;\"><strong><u>Stein<\/u>, Johann Konrad:<\/strong> <\/span>1727-1737 Pfarrer in Kubach (Weilburg), ab 1737 Pfarrer in Nassau und Dienethal, f\u00fcrstl. nassau-saarbr\u00fcckischer Inspektor; + 01.02.1780 Nassau (bg. 04.02.), 84 \u00bc Jahre alt, \u201enach 42j\u00e4hrigen Amtsdiensten allhier\u201c; Eltern: Johann Hartmann Stein, Pfarrer zu Odenhausen<\/span><\/p>\n<p style=\"text-align: justify;\"><span style=\"font-family: times new roman, times, serif; font-size: 10pt;\"><strong>oo<\/strong> mit <strong>Lucia Eleonora:<\/strong> + 18.11.1778 Nassau, an einem Schlagfluss, 79 Jahre und 1 Monat alt (bg. 30.11.), Leichentext: Ps 73, 23-24<\/span><\/p>\n<table style=\"width: 100%;\">\n<tbody>\n<tr>\n<td style=\"text-align: center; width: 5.47619%;\" width=\"21\"><span style=\"font-family: times new roman, times, serif; font-size: 10pt;\"><strong>Nr.<\/strong><\/span><\/td>\n<td style=\"width: 18.4524%;\" width=\"126\"><span style=\"font-family: times new roman, times, serif; font-size: 10pt;\"><strong>VN normiert<\/strong><\/span><\/td>\n<td style=\"text-align: center; width: 13.2143%;\" width=\"83\"><span style=\"font-family: times new roman, times, serif; font-size: 10pt;\"><strong>Geburt<\/strong><\/span><\/td>\n<td style=\"text-align: center; width: 13.2143%;\" width=\"83\"><span style=\"font-family: times new roman, times, serif; font-size: 10pt;\"><strong>Taufe<\/strong><\/span><\/td>\n<td style=\"text-align: center; width: 10.3571%;\" width=\"62\"><span style=\"font-family: times new roman, times, serif; font-size: 10pt;\"><strong>konf.<\/strong><\/span><\/td>\n<td style=\"text-align: center; width: 11.4286%;\" width=\"70\"><span style=\"font-family: times new roman, times, serif; font-size: 10pt;\"><strong>gestorben<\/strong><\/span><\/td>\n<td style=\"text-align: center; width: 12.5%;\" width=\"78\"><span style=\"font-family: times new roman, times, serif; font-size: 10pt;\"><strong>begraben<\/strong><\/span><\/td>\n<td style=\"text-align: center; width: 7.97619%;\" width=\"44\"><span style=\"font-family: times new roman, times, serif; font-size: 10pt;\"><strong>Alter<\/strong><\/span><\/td>\n<td style=\"text-align: center; width: 7.26191%;\" width=\"39\"><span style=\"font-family: times new roman, times, serif; font-size: 10pt;\"><strong>Stand<\/strong><\/span><\/td>\n<\/tr>\n<tr>\n<td style=\"text-align: center; width: 5.47619%;\" width=\"21\"><span style=\"font-family: times new roman, times, serif; font-size: 10pt;\">1<\/span><\/td>\n<td style=\"width: 18.4524%;\" width=\"126\"><span style=\"font-family: times new roman, times, serif; font-size: 10pt;\">Magd. Margaretha<\/span><\/td>\n<td style=\"text-align: center; width: 13.2143%;\" width=\"83\"><\/td>\n<td style=\"text-align: center; width: 13.2143%;\" width=\"83\"><\/td>\n<td style=\"text-align: center; width: 10.3571%;\" width=\"62\"><\/td>\n<td style=\"text-align: center; width: 11.4286%;\" width=\"70\"><\/td>\n<td style=\"text-align: center; width: 12.5%;\" width=\"78\"><\/td>\n<td style=\"text-align: center; width: 7.97619%;\" width=\"44\"><\/td>\n<td style=\"text-align: center; width: 7.26191%;\" width=\"39\"><span style=\"font-family: times new roman, times, serif; font-size: 10pt;\">verh.<\/span><\/td>\n<\/tr>\n<tr>\n<td style=\"text-align: center; width: 5.47619%;\" width=\"21\"><\/td>\n<td style=\"width: 18.4524%;\" width=\"126\"><span style=\"font-family: times new roman, times, serif; font-size: 10pt;\">Margaretha Sibylla<\/span><\/td>\n<td style=\"text-align: center; width: 13.2143%;\" width=\"83\"><\/td>\n<td style=\"text-align: center; width: 13.2143%;\" width=\"83\"><\/td>\n<td style=\"text-align: center; width: 10.3571%;\" width=\"62\"><\/td>\n<td style=\"text-align: center; width: 11.4286%;\" width=\"70\"><\/td>\n<td style=\"text-align: center; width: 12.5%;\" width=\"78\"><\/td>\n<td style=\"text-align: center; width: 7.97619%;\" width=\"44\"><\/td>\n<td style=\"text-align: center; width: 7.26191%;\" width=\"39\"><\/td>\n<\/tr>\n<tr>\n<td style=\"text-align: center; width: 5.47619%;\" width=\"21\"><span style=\"font-family: times new roman, times, serif; font-size: 10pt;\">2<\/span><\/td>\n<td style=\"width: 18.4524%;\" width=\"126\"><span style=\"font-family: times new roman, times, serif; font-size: 10pt;\">Johann Benjamin<\/span><\/td>\n<td style=\"text-align: center; width: 13.2143%;\" width=\"83\"><span style=\"font-family: times new roman, times, serif; font-size: 10pt;\">26.07.1729<\/span><\/td>\n<td style=\"text-align: center; width: 13.2143%;\" width=\"83\"><span style=\"font-family: times new roman, times, serif; font-size: 10pt;\">xx.07.1729<\/span><\/td>\n<td style=\"text-align: center; width: 10.3571%;\" width=\"62\"><\/td>\n<td style=\"text-align: center; width: 11.4286%;\" width=\"70\"><span style=\"font-family: times new roman, times, serif; font-size: 10pt;\">10.03.1807<\/span><\/td>\n<td style=\"text-align: center; width: 12.5%;\" width=\"78\"><span style=\"font-family: times new roman, times, serif; font-size: 10pt;\">13.03.1807<\/span><\/td>\n<td style=\"text-align: center; width: 7.97619%;\" width=\"44\"><span style=\"font-family: times new roman, times, serif; font-size: 10pt;\">77,58<\/span><\/td>\n<td style=\"text-align: center; width: 7.26191%;\" width=\"39\"><\/td>\n<\/tr>\n<tr>\n<td style=\"text-align: center; width: 5.47619%;\" width=\"21\"><span style=\"font-family: times new roman, times, serif; font-size: 10pt;\">3<\/span><\/td>\n<td style=\"width: 18.4524%;\" width=\"126\"><span style=\"font-family: times new roman, times, serif; font-size: 10pt;\">Dorothea Johannetta Katharina<\/span><\/td>\n<td style=\"text-align: center; width: 13.2143%;\" width=\"83\"><span style=\"font-family: times new roman, times, serif; font-size: 10pt;\">31.08.1731<\/span><\/td>\n<td style=\"text-align: center; width: 13.2143%;\" width=\"83\"><span style=\"font-family: times new roman, times, serif; font-size: 10pt;\">02.09.1731<\/span><\/td>\n<td style=\"text-align: center; width: 10.3571%;\" width=\"62\"><\/td>\n<td style=\"text-align: center; width: 11.4286%;\" width=\"70\"><\/td>\n<td style=\"text-align: center; width: 12.5%;\" width=\"78\"><\/td>\n<td style=\"text-align: center; width: 7.97619%;\" width=\"44\"><\/td>\n<td style=\"text-align: center; width: 7.26191%;\" width=\"39\"><\/td>\n<\/tr>\n<tr>\n<td style=\"text-align: center; width: 5.47619%;\" width=\"21\"><span style=\"font-family: times new roman, times, serif; font-size: 10pt;\">4<\/span><\/td>\n<td style=\"width: 18.4524%;\" width=\"126\"><span style=\"font-family: times new roman, times, serif; font-size: 10pt;\">Christiana Maria Friederica<\/span><\/td>\n<td style=\"text-align: center; width: 13.2143%;\" width=\"83\"><span style=\"font-family: times new roman, times, serif; font-size: 10pt;\">17.06.1734<\/span><\/td>\n<td style=\"text-align: center; width: 13.2143%;\" width=\"83\"><span style=\"font-family: times new roman, times, serif; font-size: 10pt;\">20.06.1734<\/span><\/td>\n<td style=\"text-align: center; width: 10.3571%;\" width=\"62\"><\/td>\n<td style=\"text-align: center; width: 11.4286%;\" width=\"70\"><\/td>\n<td style=\"text-align: center; width: 12.5%;\" width=\"78\"><\/td>\n<td style=\"text-align: center; width: 7.97619%;\" width=\"44\"><\/td>\n<td style=\"text-align: center; width: 7.26191%;\" width=\"39\"><\/td>\n<\/tr>\n<tr>\n<td style=\"text-align: center; width: 5.47619%;\" width=\"21\"><span style=\"font-family: times new roman, times, serif; font-size: 10pt;\">5<\/span><\/td>\n<td style=\"width: 18.4524%;\" width=\"126\"><span style=\"font-family: times new roman, times, serif; font-size: 10pt;\">Christian Wilhelmina Polyxena<\/span><\/td>\n<td style=\"text-align: center; width: 13.2143%;\" width=\"83\"><span style=\"font-family: times new roman, times, serif; font-size: 10pt;\">03.01.1738<\/span><\/td>\n<td style=\"text-align: center; width: 13.2143%;\" width=\"83\"><span style=\"font-family: times new roman, times, serif; font-size: 10pt;\">06.01.1738<\/span><\/td>\n<td style=\"text-align: center; width: 10.3571%;\" width=\"62\"><\/td>\n<td style=\"text-align: center; width: 11.4286%;\" width=\"70\"><\/td>\n<td style=\"text-align: center; width: 12.5%;\" width=\"78\"><\/td>\n<td style=\"text-align: center; width: 7.97619%;\" width=\"44\"><\/td>\n<td style=\"text-align: center; width: 7.26191%;\" width=\"39\"><\/td>\n<\/tr>\n<tr>\n<td style=\"text-align: center; width: 5.47619%;\" width=\"21\"><span style=\"font-family: times new roman, times, serif; font-size: 10pt;\">6<\/span><\/td>\n<td style=\"width: 18.4524%;\" width=\"126\"><span style=\"font-family: times new roman, times, serif; font-size: 10pt;\">Georg Ludwig<\/span><\/td>\n<td style=\"text-align: center; width: 13.2143%;\" width=\"83\"><span style=\"font-family: times new roman, times, serif; font-size: 10pt;\">09.05.1742<\/span><\/td>\n<td style=\"text-align: center; width: 13.2143%;\" width=\"83\"><span style=\"font-family: times new roman, times, serif; font-size: 10pt;\">11.05.1742<\/span><\/td>\n<td style=\"text-align: center; width: 10.3571%;\" width=\"62\"><\/td>\n<td style=\"text-align: center; width: 11.4286%;\" width=\"70\"><\/td>\n<td style=\"text-align: center; width: 12.5%;\" width=\"78\"><\/td>\n<td style=\"text-align: center; width: 7.97619%;\" width=\"44\"><\/td>\n<td style=\"text-align: center; width: 7.26191%;\" width=\"39\"><\/td>\n<\/tr>\n<\/tbody>\n<\/table>\n<p style=\"text-align: justify;\"><span style=\"font-family: times new roman, times, serif; font-size: 10pt;\">Kind Nr. 1) oo 14.06.1747 Schweighausen mit Johannes Ohlig, Pfarrer in Schweighausen<br \/>\n<\/span><span style=\"font-family: times new roman, times, serif; font-size: 10pt;\">Kind Nr. 2) juris utriusque consultus und Advokat; * Kubach (Weilburg) (Kubach, KB 3, S. 237, Bild 123 auf archion.de); + Nassau, an Altersschw\u00e4che (Nassau, KB, S. 767, Bild 98 auf archion.de)<br \/>\n<\/span><span style=\"font-family: times new roman, times, serif; font-size: 10pt;\">Kind Nr. 3) * Kubach (Weilburg) (Kubach, KB 3, S. 250, Bild 130 auf archion.de)<br \/>\n<\/span><span style=\"font-family: times new roman, times, serif; font-size: 10pt;\">Kind Nr. 4) * Kubach (Weilburg) (Kubach, KB 3, S. 265, Bild 137 auf archion.de)<br \/>\n<\/span><span style=\"font-family: times new roman, times, serif; font-size: 10pt;\">Kind Nr. 5) * Nassau (Nassau, KB 2, S. 6, 1738 Nr. 3, Bild 6 auf archion.de)<br \/>\n<\/span><span style=\"font-family: times new roman, times, serif; font-size: 10pt;\">Kind Nr. 6) Sch\u00fcler in Weilburg (1756); * Nassau (Nassau, KB 2, S. 27, 1742, Nr. 20, Bild 16 auf archion.de)<\/span><\/p>\n<p style=\"text-align: justify;\"><span style=\"font-family: times new roman, times, serif; font-size: 10pt;\"><strong>Paten: zu 2) <\/strong><em>H[err]<\/em> <em>Johann Benjamin Rauch,der Kauffmanschafft Beflie\u00dfener, itzo in Condition zu Maintz, mein Schwager, und J[un]gf[e]r Anna Margretha Steinin, Cammer J[un]gf[e]r bey Ihro h[och]gr[\u00e4flichen] Ecell[ence] Gr\u00e4fin Christianen von Na\u00dfau, meine Schwester <\/em>\u2014 <strong>zu 3)<\/strong> <em>Tit: Frau Rebecca Dorothea, H[err]n Phil: Ludwig Theophil Geilers, wohlverordneten Pfarrers zu E\u00dfershau\u00dfen Frau Eheliebste, H[err] Johann Michael Carl, wohlverordneter PreaesenzMeister zu Weilburg, und J[un]gf[e]r Sibylla Katharina, H[err]n Johann Hartmann Steins, Pfarrers zu Odenhau\u00dfen Tochter al\u00df meine Schwester <\/em>\u2014 <strong>zu 4) <\/strong><em>Frau Eva Maria Lade, des hoched[len] und &#8230; H[err]n Friederich Christoph Lade, Camer Commissarij und Admodiatoris des Windhoffs Fr[au] Eheliebste, it[em] Fr[au] Christiana Amalia, H[err]n Conrad Rauchen, Handelsmann und Gasthalter zur Sonnen in Weilburg, Eheliebste, und H[err] Johann Friederich Stein, s[anctae] th[eolo]giae candidatus, mein Bruder<\/em> \u2014 <strong>zu 5) <\/strong>\u00a0<em>J[un]gf[e]r Christiana Polyxena Wipperm\u00e4nnin, wey[land] H[err]n N. N. Wippermann, gewesenen &#8230; Using[schen] Cantzley Directoris nachge[lassene] J[un]gf[e]r Tochter, und Herr Johann Wilhelm Rauch, Gasthalter im Schwanen zu Weilburg <\/em>\u2014 <strong>zu 6) <\/strong>\u00a0<em>H[err] Philips Ludwig Rauch, Handelsmann zu Friedberg in der Wetterau, mein Schwager, H[err] Georg Matthias Stein, s[anctae] theol[ogiae] candid[atus], mein Bruder, und Fr[au] Polyxena Ottilia &#8230;, H[err]n Joh: Friederich Steins, past[oris] adjuncti zu Odenhau\u00dfen, Eheliebste<\/em><\/span><\/p>\n<p><span style=\"font-family: times new roman, times, serif; font-size: 10pt;\"><strong>Letzte \u00c4nderung: 10. August 2023<\/strong><\/span><br \/>\n<span style=\"font-size: 10pt; font-family: times new roman, times, serif;\"><strong>Ralph Jackmuth<\/strong><\/span><\/p>\n","protected":false},"excerpt":{"rendered":"<p>Ohlig, Johannes: 1739-1747 Pfarrer in Kubach (Weilburg), 08.06.1747 \u2013 1762 Pfarrer in Schweighausen und Becheln; 1762-1779 Pfarrer in Marienfels; aus H\u00f6rnsheim (H\u00fcttenberg, Lahn-Dill-Kreis); Eltern: Georg Ohlig und Anna Elisabeth oo 14.06.1747 Schweighausen mit Stein, Magdalena Margaretha: Eltern: Johann Konrad Stein (1727-1737 Pfarrer in Kubach (Weilburg), ab 1737 Pfarrer in Nassau und Dienethal, f\u00fcrstl. nassau-saarbr\u00fcckischer Inspektor; &hellip; <a href=\"https:\/\/www.ahnenforschung-jackmuth.de\/?page_id=10437\" class=\"more-link\"><span class=\"screen-reader-text\">\u201eOFB Schweighausen &#8211; Ohlig\u201c<\/span> weiterlesen<\/a><\/p>\n","protected":false},"author":1,"featured_media":0,"parent":0,"menu_order":0,"comment_status":"closed","ping_status":"closed","template":"","meta":{"footnotes":""},"class_list":["post-10437","page","type-page","status-publish","hentry"],"_links":{"self":[{"href":"https:\/\/www.ahnenforschung-jackmuth.de\/index.php?rest_route=\/wp\/v2\/pages\/10437","targetHints":{"allow":["GET"]}}],"collection":[{"href":"https:\/\/www.ahnenforschung-jackmuth.de\/index.php?rest_route=\/wp\/v2\/pages"}],"about":[{"href":"https:\/\/www.ahnenforschung-jackmuth.de\/index.php?rest_route=\/wp\/v2\/types\/page"}],"author":[{"embeddable":true,"href":"https:\/\/www.ahnenforschung-jackmuth.de\/index.php?rest_route=\/wp\/v2\/users\/1"}],"replies":[{"embeddable":true,"href":"https:\/\/www.ahnenforschung-jackmuth.de\/index.php?rest_route=%2Fwp%2Fv2%2Fcomments&post=10437"}],"version-history":[{"count":0,"href":"https:\/\/www.ahnenforschung-jackmuth.de\/index.php?rest_route=\/wp\/v2\/pages\/10437\/revisions"}],"wp:attachment":[{"href":"https:\/\/www.ahnenforschung-jackmuth.de\/index.php?rest_route=%2Fwp%2Fv2%2Fmedia&parent=10437"}],"curies":[{"name":"wp","href":"https:\/\/api.w.org\/{rel}","templated":true}]}}