{"id":10423,"date":"2023-08-10T10:04:15","date_gmt":"2023-08-10T10:04:15","guid":{"rendered":"http:\/\/www.ahnenforschung-jackmuth.de\/?page_id=10423"},"modified":"2023-08-10T10:04:15","modified_gmt":"2023-08-10T10:04:15","slug":"ofb-schweighausen-nussbaum","status":"publish","type":"page","link":"https:\/\/www.ahnenforschung-jackmuth.de\/?page_id=10423","title":{"rendered":"OFB Schweighausen &#8211; Nu\u00dfbaum"},"content":{"rendered":"<p style=\"text-align: justify;\"><span style=\"font-family: times new roman, times, serif; font-size: 10pt;\"><span style=\"color: #ff0000;\"><strong><u>Nu\u00dfbaum<\/u><\/strong><strong>, Georg Philipp:<\/strong><\/span> M\u00fcller in der Oppelsbacher M\u00fchle (1822-1830), Tagel\u00f6hner und Hirte (1834, 1842); * 10.05.1792 Geisig (gt. 11.05.); konf. 27.04.1806; + 27.05.1869 Schweighausen (bg. 30.05.); Eltern: Philipp Gottfried Nu\u00dfbaum und Maria Elisabeth geb. Haxel<\/span><\/p>\n<p style=\"text-align: justify;\"><span style=\"font-family: times new roman, times, serif; font-size: 10pt;\"><strong>oo 20.02.1821 Schweighausen<\/strong> (prokl. 17.12., 24.12. und 17.12.1820) mit <strong><u>M\u00fcller<\/u> (Miller), Katharina Elisabeth:<\/strong> * illeg. 24.05.1802 Oppelsbacher M\u00fchle (gt. 26.05.); + 15.06.1864 Schweighausen (bg. 17.06.); Eltern: Philipp Henrich M\u00fcller vom Giesh\u00fcbel und Christina Elisabeth May<\/span><\/p>\n<table style=\"width: 100%;\">\n<tbody>\n<tr>\n<td style=\"text-align: center; width: 5.71429%;\" width=\"21\"><span style=\"font-family: times new roman, times, serif; font-size: 10pt;\"><strong>Nr.<\/strong><\/span><\/td>\n<td style=\"width: 18.4524%;\" width=\"129\"><span style=\"font-family: times new roman, times, serif; font-size: 10pt;\"><strong>VN normiert<\/strong><\/span><\/td>\n<td style=\"text-align: center; width: 12.8571%;\" width=\"81\"><span style=\"font-family: times new roman, times, serif; font-size: 10pt;\"><strong>Geburt<\/strong><\/span><\/td>\n<td style=\"text-align: center; width: 12.8571%;\" width=\"81\"><span style=\"font-family: times new roman, times, serif; font-size: 10pt;\"><strong>Taufe<\/strong><\/span><\/td>\n<td style=\"text-align: center; width: 11.3095%;\" width=\"69\"><span style=\"font-family: times new roman, times, serif; font-size: 10pt;\"><strong>konf.<\/strong><\/span><\/td>\n<td style=\"text-align: center; width: 11.3095%;\" width=\"69\"><span style=\"font-family: times new roman, times, serif; font-size: 10pt;\"><strong>gestorben<\/strong><\/span><\/td>\n<td style=\"text-align: center; width: 12.2619%;\" width=\"76\"><span style=\"font-family: times new roman, times, serif; font-size: 10pt;\"><strong>begraben<\/strong><\/span><\/td>\n<td style=\"text-align: center; width: 7.61905%;\" width=\"42\"><span style=\"font-family: times new roman, times, serif; font-size: 10pt;\"><strong>Alter<\/strong><\/span><\/td>\n<td style=\"text-align: center; width: 7.5%;\" width=\"41\"><span style=\"font-family: times new roman, times, serif; font-size: 10pt;\"><strong>Stand<\/strong><\/span><\/td>\n<\/tr>\n<tr>\n<td style=\"text-align: center; width: 5.71429%;\" width=\"21\"><span style=\"font-family: times new roman, times, serif; font-size: 10pt;\">1<\/span><\/td>\n<td style=\"width: 18.4524%;\" width=\"129\"><span style=\"font-family: times new roman, times, serif; font-size: 10pt;\">Elisabeth Magdalena<\/span><\/td>\n<td style=\"text-align: center; width: 12.8571%;\" width=\"81\"><span style=\"font-family: times new roman, times, serif; font-size: 10pt;\">27.01.1822<\/span><\/td>\n<td style=\"text-align: center; width: 12.8571%;\" width=\"81\"><span style=\"font-family: times new roman, times, serif; font-size: 10pt;\">03.02.1822<\/span><\/td>\n<td style=\"text-align: center; width: 11.3095%;\" width=\"69\"><span style=\"font-family: times new roman, times, serif; font-size: 10pt;\">12.05.1836<\/span><\/td>\n<td style=\"text-align: center; width: 11.3095%;\" width=\"69\"><\/td>\n<td style=\"text-align: center; width: 12.2619%;\" width=\"76\"><\/td>\n<td style=\"text-align: center; width: 7.61905%;\" width=\"42\"><\/td>\n<td style=\"text-align: center; width: 7.5%;\" width=\"41\"><span style=\"font-family: times new roman, times, serif; font-size: 10pt;\">verh.<\/span><\/td>\n<\/tr>\n<tr>\n<td style=\"text-align: center; width: 5.71429%;\"><span style=\"font-family: times new roman, times, serif; font-size: 10pt;\">2<\/span><\/td>\n<td style=\"width: 18.4524%;\"><span style=\"font-family: times new roman, times, serif; font-size: 10pt;\">Maria Kath. Philippina<\/span><\/td>\n<td style=\"text-align: center; width: 12.8571%;\"><span style=\"font-family: times new roman, times, serif; font-size: 10pt;\">11.05.1826<\/span><\/td>\n<td style=\"text-align: center; width: 12.8571%;\"><span style=\"font-family: times new roman, times, serif; font-size: 10pt;\">15.05.1826<\/span><\/td>\n<td style=\"text-align: center; width: 11.3095%;\"><span style=\"font-family: times new roman, times, serif; font-size: 10pt;\">07.06.1840<\/span><\/td>\n<td style=\"text-align: center; width: 11.3095%;\"><\/td>\n<td style=\"text-align: center; width: 12.2619%;\"><\/td>\n<td style=\"text-align: center; width: 7.61905%;\"><\/td>\n<td style=\"text-align: center; width: 7.5%;\"><\/td>\n<\/tr>\n<tr>\n<td style=\"text-align: center; width: 5.71429%;\"><span style=\"font-family: times new roman, times, serif; font-size: 10pt;\">3<\/span><\/td>\n<td style=\"width: 18.4524%;\"><span style=\"font-family: times new roman, times, serif; font-size: 10pt;\">Philipp Theodor<\/span><\/td>\n<td style=\"text-align: center; width: 12.8571%;\"><span style=\"font-family: times new roman, times, serif; font-size: 10pt;\">23.12.1829<\/span><\/td>\n<td style=\"text-align: center; width: 12.8571%;\"><span style=\"font-family: times new roman, times, serif; font-size: 10pt;\">03.01.1830<\/span><\/td>\n<td style=\"text-align: center; width: 11.3095%;\"><span style=\"font-family: times new roman, times, serif; font-size: 10pt;\">04.06.1843<\/span><\/td>\n<td style=\"text-align: center; width: 11.3095%;\"><\/td>\n<td style=\"text-align: center; width: 12.2619%;\"><\/td>\n<td style=\"text-align: center; width: 7.61905%;\"><\/td>\n<td style=\"text-align: center; width: 7.5%;\"><\/td>\n<\/tr>\n<tr>\n<td style=\"text-align: center; width: 5.71429%;\"><span style=\"font-family: times new roman, times, serif; font-size: 10pt;\">4<\/span><\/td>\n<td style=\"width: 18.4524%;\"><span style=\"font-family: times new roman, times, serif; font-size: 10pt;\">Philipp Wilhelm<\/span><\/td>\n<td style=\"text-align: center; width: 12.8571%;\"><span style=\"font-family: times new roman, times, serif; font-size: 10pt;\">21.06.1834<\/span><\/td>\n<td style=\"text-align: center; width: 12.8571%;\"><span style=\"font-family: times new roman, times, serif; font-size: 10pt;\">29.06.1834<\/span><\/td>\n<td style=\"text-align: center; width: 11.3095%;\"><span style=\"font-family: times new roman, times, serif; font-size: 10pt;\">11.06.1848<\/span><\/td>\n<td style=\"text-align: center; width: 11.3095%;\"><\/td>\n<td style=\"text-align: center; width: 12.2619%;\"><\/td>\n<td style=\"text-align: center; width: 7.61905%;\"><\/td>\n<td style=\"text-align: center; width: 7.5%;\"><span style=\"font-family: times new roman, times, serif; font-size: 10pt;\">verh.<\/span><\/td>\n<\/tr>\n<tr>\n<td style=\"text-align: center; width: 5.71429%;\"><span style=\"font-family: times new roman, times, serif; font-size: 10pt;\">5<\/span><\/td>\n<td style=\"width: 18.4524%;\"><span style=\"font-family: times new roman, times, serif; font-size: 10pt;\">Marie Wilhelmine<\/span><\/td>\n<td style=\"text-align: center; width: 12.8571%;\"><span style=\"font-family: times new roman, times, serif; font-size: 10pt;\">07.09.1842<\/span><\/td>\n<td style=\"text-align: center; width: 12.8571%;\"><span style=\"font-family: times new roman, times, serif; font-size: 10pt;\">18.09.1842<\/span><\/td>\n<td style=\"text-align: center; width: 11.3095%;\"><span style=\"font-family: times new roman, times, serif; font-size: 10pt;\">11.05.1856<\/span><\/td>\n<td style=\"text-align: center; width: 11.3095%;\"><\/td>\n<td style=\"text-align: center; width: 12.2619%;\"><\/td>\n<td style=\"text-align: center; width: 7.61905%;\"><\/td>\n<td style=\"text-align: center; width: 7.5%;\"><span style=\"font-family: times new roman, times, serif; font-size: 10pt;\">verh.<\/span><\/td>\n<\/tr>\n<tr>\n<td style=\"text-align: center; width: 5.71429%;\"><span style=\"font-family: times new roman, times, serif; font-size: 10pt;\">6<\/span><\/td>\n<td style=\"width: 18.4524%;\"><span style=\"font-family: times new roman, times, serif; font-size: 10pt;\">Katharine Henriette<\/span><\/td>\n<td style=\"text-align: center; width: 12.8571%;\"><span style=\"font-family: times new roman, times, serif; font-size: 10pt;\">17.10.1845<\/span><\/td>\n<td style=\"text-align: center; width: 12.8571%;\"><span style=\"font-family: times new roman, times, serif; font-size: 10pt;\">26.10.1845<\/span><\/td>\n<td style=\"text-align: center; width: 11.3095%;\"><\/td>\n<td style=\"text-align: center; width: 11.3095%;\"><span style=\"font-family: times new roman, times, serif; font-size: 10pt;\">30.07.1846<\/span><\/td>\n<td style=\"text-align: center; width: 12.2619%;\"><span style=\"font-family: times new roman, times, serif; font-size: 10pt;\">02.08.1846<\/span><\/td>\n<td style=\"text-align: center; width: 7.61905%;\"><span style=\"font-family: times new roman, times, serif; font-size: 10pt;\">0,78<\/span><\/td>\n<td style=\"text-align: center; width: 7.5%;\"><\/td>\n<\/tr>\n<\/tbody>\n<\/table>\n<p style=\"text-align: justify;\"><span style=\"font-family: times new roman, times, serif; font-size: 10pt;\">Kind Nr. 1) \u2013 3) * Oppelsbacher M\u00fchle, 4) \u2013 6) * Schweighausen<br \/>\n<\/span><span style=\"font-family: times new roman, times, serif; font-size: 10pt;\">Kind Nr. 1) oo 08.10.1844 Hachenburg mit Ludwig Ecker, Schneidermeister (* 17.04.1817 Hachenburg; Eltern: der verstorbene Schneidermeister Franz Ecker, katholischer Religion, und Caroline geb. Deil, dessen Ehefrau, evangelisch, geboren und wohnhaft zu Hachenburg)<br \/>\n<\/span><span style=\"font-family: times new roman, times, serif; font-size: 10pt;\">Kind Nr. 4) oo 05.10.1862 Schweighausen mit Maria Magdalena Hilchen, Dienstmagd in Schweighausen (* 30.04.1837 Berg; Eltern: Johann Wilhelm Hilchen, Ackersmann, und Maria Elisabeth geb. Heimann, Eheleute zu Berg)<br \/>\n<\/span><span style=\"font-family: times new roman, times, serif; font-size: 10pt;\">Kind Nr. 5) oo 19.07.1868 Dausenau mit Johann Philipp Elbert, Brieftr\u00e4ger (* 18.02.1837 Dausenau; Eltern: Heinrich Wilhelm Elbert, verstorben, und dessen noch lebende Witwe Elisabeth geb. Zimmermann, wohnhaft in Dausenau)<\/span><\/p>\n<p style=\"text-align: justify;\"><span style=\"font-family: times new roman, times, serif; font-size: 10pt;\"><strong>Paten:<\/strong> <strong>zu 1) <\/strong><em>1) Johann Philipp Metz von Schweighausen; 2) Elisabetha Catharina M\u00fcllerin aus der Oppelsbacher M\u00fchle; Eleonore Magdalena Paulin von Singhofen <\/em>\u2014 <strong>zu 2) <\/strong><em>1) Johann Anton M\u00fcller in der Oppelsbacher M\u00fchle; 2) Marie Elisabethe Klomp aus Geisig; 3) Marie Katharina Thomas aus Geisig <\/em>\u2014 <strong>zu 3) <\/strong><em>1) Philipp Anton Emmerich aus Geisig; 2) Johann Theodor Paul aus der Schul-M\u00fchle bei Singhofen; 3) Anna Magdalene Nuszbaum aus Geisig <\/em>\u2014 <strong>zu 4) <\/strong><em>1) Wilhelm Friedrich Chun aus Schweighausen; 2) Philipp Heinrich Metz aus Schweighausen; 3) Beate Christine M\u00fcller aus Schweighausen <\/em>\u2014 <strong>zu 5) <\/strong><em>1) Johann Philipp Wagner, 2) Marie Salome Hinterwaelder, Marie Elisabethe Schmidt, s\u00e4mtlich von Schweighausen <\/em>\u2014 <strong>zu 6) <\/strong><em>1) Marie Katharine Mai, 2) Anton Kuhn, 3) Henriette Maus, s\u00e4mtlich von Schweighausen <\/em><\/span><\/p>\n<hr \/>\n<p style=\"text-align: justify;\"><span style=\"font-family: times new roman, times, serif; font-size: 10pt;\"><span style=\"color: #ff0000;\"><strong><u>Nu\u00dfbaum<\/u><\/strong><strong>, Philipp Wilhelm:<\/strong> <\/span>Zimmermann; * 21.06.1834 Schweighausen (gt. 29.06.); konf. 11.06.1848; Eltern: Georg Philipp Nu\u00dfbaum und Katharina Elisabeth geb. M\u00fcller<\/span><\/p>\n<p><span style=\"font-family: times new roman, times, serif; font-size: 10pt;\"><strong>oo 05.10.1862 Schweighausen<\/strong> (prokl. 14.09., 21.09., 28.09.) mit <strong><u>Hilchen<\/u>, Maria Magdalena:<\/strong> Dienstmagd zu Schweighausen; * 30.04.1837 Berg (Pfarrei Marienfels); + 17.06.1871 Schweighausen (bg. 20.06.); Eltern. Johann Wilhelm Hilchen, Ackersmann, und Maria Elisabeth geb. Heimann zu Berg<\/span><\/p>\n<table style=\"width: 100%;\">\n<tbody>\n<tr>\n<td style=\"text-align: center; width: 5.95238%;\" width=\"21\"><span style=\"font-family: times new roman, times, serif; font-size: 10pt;\"><strong>Nr.<\/strong><\/span><\/td>\n<td style=\"width: 23.8095%;\" width=\"176\"><span style=\"font-family: times new roman, times, serif; font-size: 10pt;\"><strong>VN normiert<\/strong><\/span><\/td>\n<td style=\"text-align: center; width: 12.7381%;\" width=\"82\"><span style=\"font-family: times new roman, times, serif; font-size: 10pt;\"><strong>Geburt<\/strong><\/span><\/td>\n<td style=\"text-align: center; width: 12.7381%;\" width=\"82\"><span style=\"font-family: times new roman, times, serif; font-size: 10pt;\"><strong>Taufe<\/strong><\/span><\/td>\n<td style=\"text-align: center; width: 10.9524%;\" width=\"69\"><span style=\"font-family: times new roman, times, serif; font-size: 10pt;\"><strong>konf.<\/strong><\/span><\/td>\n<td style=\"text-align: center; width: 9.52381%;\" width=\"58\"><span style=\"font-family: times new roman, times, serif; font-size: 10pt;\"><strong>gestorben<\/strong><\/span><\/td>\n<td style=\"text-align: center; width: 10.4762%;\" width=\"65\"><span style=\"font-family: times new roman, times, serif; font-size: 10pt;\"><strong>begraben<\/strong><\/span><\/td>\n<td style=\"text-align: center; width: 7.02381%;\" width=\"39\"><span style=\"font-family: times new roman, times, serif; font-size: 10pt;\"><strong>Alter<\/strong><\/span><\/td>\n<td style=\"text-align: center; width: 6.66667%;\" width=\"36\"><span style=\"font-family: times new roman, times, serif; font-size: 10pt;\"><strong>Stand<\/strong><\/span><\/td>\n<\/tr>\n<tr>\n<td style=\"text-align: center; width: 5.95238%;\" width=\"21\"><span style=\"font-family: times new roman, times, serif; font-size: 10pt;\">1<\/span><\/td>\n<td style=\"width: 23.8095%;\" width=\"176\"><span style=\"font-family: times new roman, times, serif; font-size: 10pt;\">Heinrich Theodor<\/span><\/td>\n<td style=\"text-align: center; width: 12.7381%;\" width=\"82\"><span style=\"font-family: times new roman, times, serif; font-size: 10pt;\">24.11.1862<\/span><\/td>\n<td style=\"text-align: center; width: 12.7381%;\" width=\"82\"><span style=\"font-family: times new roman, times, serif; font-size: 10pt;\">05.12.1862<\/span><\/td>\n<td style=\"text-align: center; width: 10.9524%;\" width=\"69\"><span style=\"font-family: times new roman, times, serif; font-size: 10pt;\">04.06.1876<\/span><\/td>\n<td style=\"text-align: center; width: 9.52381%;\" width=\"58\"><\/td>\n<td style=\"text-align: center; width: 10.4762%;\" width=\"65\"><\/td>\n<td style=\"text-align: center; width: 7.02381%;\" width=\"39\"><\/td>\n<td style=\"text-align: center; width: 6.66667%;\" width=\"36\"><\/td>\n<\/tr>\n<tr>\n<td style=\"text-align: center; width: 5.95238%;\"><span style=\"font-family: times new roman, times, serif; font-size: 10pt;\">2<\/span><\/td>\n<td style=\"width: 23.8095%;\"><span style=\"font-family: times new roman, times, serif; font-size: 10pt;\">Philipp Heinrich Wilhelm<\/span><\/td>\n<td style=\"text-align: center; width: 12.7381%;\"><span style=\"font-family: times new roman, times, serif; font-size: 10pt;\">21.05.1864<\/span><\/td>\n<td style=\"text-align: center; width: 12.7381%;\"><span style=\"font-family: times new roman, times, serif; font-size: 10pt;\">05.06.1864<\/span><\/td>\n<td style=\"text-align: center; width: 10.9524%;\"><\/td>\n<td style=\"text-align: center; width: 9.52381%;\"><\/td>\n<td style=\"text-align: center; width: 10.4762%;\"><\/td>\n<td style=\"text-align: center; width: 7.02381%;\"><\/td>\n<td style=\"text-align: center; width: 6.66667%;\"><\/td>\n<\/tr>\n<tr>\n<td style=\"text-align: center; width: 5.95238%;\"><span style=\"font-family: times new roman, times, serif; font-size: 10pt;\">3<\/span><\/td>\n<td style=\"width: 23.8095%;\"><span style=\"font-family: times new roman, times, serif; font-size: 10pt;\">Henriette Philippine Wilhelmine<\/span><\/td>\n<td style=\"text-align: center; width: 12.7381%;\"><span style=\"font-family: times new roman, times, serif; font-size: 10pt;\">29.08.1868<\/span><\/td>\n<td style=\"text-align: center; width: 12.7381%;\"><span style=\"font-family: times new roman, times, serif; font-size: 10pt;\">13.09.1868<\/span><\/td>\n<td style=\"text-align: center; width: 10.9524%;\"><\/td>\n<td style=\"text-align: center; width: 9.52381%;\"><\/td>\n<td style=\"text-align: center; width: 10.4762%;\"><\/td>\n<td style=\"text-align: center; width: 7.02381%;\"><\/td>\n<td style=\"text-align: center; width: 6.66667%;\"><\/td>\n<\/tr>\n<tr>\n<td style=\"text-align: center; width: 5.95238%;\"><span style=\"font-family: times new roman, times, serif; font-size: 10pt;\">4<\/span><\/td>\n<td style=\"width: 23.8095%;\"><span style=\"font-family: times new roman, times, serif; font-size: 10pt;\">Auguste Johanna<\/span><\/td>\n<td style=\"text-align: center; width: 12.7381%;\"><span style=\"font-family: times new roman, times, serif; font-size: 10pt;\">09.12.1870<\/span><\/td>\n<td style=\"text-align: center; width: 12.7381%;\"><span style=\"font-family: times new roman, times, serif; font-size: 10pt;\">01.01.1871<\/span><\/td>\n<td style=\"text-align: center; width: 10.9524%;\"><\/td>\n<td style=\"text-align: center; width: 9.52381%;\"><\/td>\n<td style=\"text-align: center; width: 10.4762%;\"><\/td>\n<td style=\"text-align: center; width: 7.02381%;\"><\/td>\n<td style=\"text-align: center; width: 6.66667%;\"><\/td>\n<\/tr>\n<\/tbody>\n<\/table>\n<p style=\"text-align: justify;\"><span style=\"font-family: times new roman, times, serif; font-size: 10pt;\"><strong>Paten:<\/strong> <strong>zu 1) <\/strong><em>1) Philipp Theodor Nu\u00dfbaum zu Schweighausen; 2) Heinrich Heimann zu Berg; 3) Marie Philippine Zils zu Schweighausen; u. 4) Marie Katharine Laux geborene Hilchen zu Kehlbach <\/em>\u2014 <strong>zu 2) <\/strong><em>1) Philipp Heinrich Klein zu Schweighausen; 2) Philipp Hinterw\u00e4lder daselbst; 3) Wilhelmine Nu\u00dfbaum daselbst <\/em>\u2014 <strong>zu 3) <\/strong><em>1) Philipp Elbert von Dausenau; 2) Henriette May von Schweighausen; 3) Philippine Thiel von Dausenau <\/em>\u2014 <strong>zu 4) <\/strong><em>1) Adam Br\u00f6der von hier; 2) Wilhelmine Wagner von hier; 3) Johanna Kuhn von hier<\/em><\/span><\/p>\n<hr \/>\n<p><span style=\"font-size: 10pt; font-family: times new roman, times, serif;\"><strong>Letzte \u00c4nderung: 10. August 2023<\/strong><\/span><br \/>\n<span style=\"font-size: 10pt; font-family: times new roman, times, serif;\"><strong>Ralph Jackmuth<\/strong><\/span><\/p>\n","protected":false},"excerpt":{"rendered":"<p>Nu\u00dfbaum, Georg Philipp: M\u00fcller in der Oppelsbacher M\u00fchle (1822-1830), Tagel\u00f6hner und Hirte (1834, 1842); * 10.05.1792 Geisig (gt. 11.05.); konf. 27.04.1806; + 27.05.1869 Schweighausen (bg. 30.05.); Eltern: Philipp Gottfried Nu\u00dfbaum und Maria Elisabeth geb. Haxel oo 20.02.1821 Schweighausen (prokl. 17.12., 24.12. und 17.12.1820) mit M\u00fcller (Miller), Katharina Elisabeth: * illeg. 24.05.1802 Oppelsbacher M\u00fchle (gt. 26.05.); &hellip; <a href=\"https:\/\/www.ahnenforschung-jackmuth.de\/?page_id=10423\" class=\"more-link\"><span class=\"screen-reader-text\">\u201eOFB Schweighausen &#8211; Nu\u00dfbaum\u201c<\/span> weiterlesen<\/a><\/p>\n","protected":false},"author":1,"featured_media":0,"parent":0,"menu_order":0,"comment_status":"closed","ping_status":"closed","template":"","meta":{"footnotes":""},"class_list":["post-10423","page","type-page","status-publish","hentry"],"_links":{"self":[{"href":"https:\/\/www.ahnenforschung-jackmuth.de\/index.php?rest_route=\/wp\/v2\/pages\/10423","targetHints":{"allow":["GET"]}}],"collection":[{"href":"https:\/\/www.ahnenforschung-jackmuth.de\/index.php?rest_route=\/wp\/v2\/pages"}],"about":[{"href":"https:\/\/www.ahnenforschung-jackmuth.de\/index.php?rest_route=\/wp\/v2\/types\/page"}],"author":[{"embeddable":true,"href":"https:\/\/www.ahnenforschung-jackmuth.de\/index.php?rest_route=\/wp\/v2\/users\/1"}],"replies":[{"embeddable":true,"href":"https:\/\/www.ahnenforschung-jackmuth.de\/index.php?rest_route=%2Fwp%2Fv2%2Fcomments&post=10423"}],"version-history":[{"count":0,"href":"https:\/\/www.ahnenforschung-jackmuth.de\/index.php?rest_route=\/wp\/v2\/pages\/10423\/revisions"}],"wp:attachment":[{"href":"https:\/\/www.ahnenforschung-jackmuth.de\/index.php?rest_route=%2Fwp%2Fv2%2Fmedia&parent=10423"}],"curies":[{"name":"wp","href":"https:\/\/api.w.org\/{rel}","templated":true}]}}