{"id":10420,"date":"2023-08-10T10:01:50","date_gmt":"2023-08-10T10:01:50","guid":{"rendered":"http:\/\/www.ahnenforschung-jackmuth.de\/?page_id=10420"},"modified":"2023-08-10T10:01:50","modified_gmt":"2023-08-10T10:01:50","slug":"ofb-schweighausen-rosenbach","status":"publish","type":"page","link":"https:\/\/www.ahnenforschung-jackmuth.de\/?page_id=10420","title":{"rendered":"OFB Schweighausen &#8211; Rosenbach"},"content":{"rendered":"<p><span style=\"font-family: times new roman, times, serif; font-size: 10pt; color: #ff0000;\"><strong><u>Rosenbach<\/u><\/strong><strong>, Andreas<\/strong><\/span><\/p>\n<p><span style=\"font-size: 10pt;\"><span style=\"font-family: times new roman, times, serif;\"><strong>oo <\/strong>mit <strong>Anna Maria<\/strong><\/span><\/span><\/p>\n<table style=\"width: 100%;\">\n<tbody>\n<tr>\n<td style=\"text-align: center; width: 6.07143%;\" width=\"21\"><span style=\"font-family: times new roman, times, serif; font-size: 10pt;\"><strong>Nr.<\/strong><\/span><\/td>\n<td style=\"width: 17.9762%;\" width=\"127\"><span style=\"font-family: times new roman, times, serif; font-size: 10pt;\"><strong>VN normiert<\/strong><\/span><\/td>\n<td style=\"text-align: center; width: 13.2143%;\" width=\"83\"><span style=\"font-family: times new roman, times, serif; font-size: 10pt;\"><strong>Geburt<\/strong><\/span><\/td>\n<td style=\"text-align: center; width: 13.2143%;\" width=\"83\"><span style=\"font-family: times new roman, times, serif; font-size: 10pt;\"><strong>Taufe<\/strong><\/span><\/td>\n<td style=\"text-align: center; width: 10.3571%;\" width=\"62\"><span style=\"font-family: times new roman, times, serif; font-size: 10pt;\"><strong>konf.<\/strong><\/span><\/td>\n<td style=\"text-align: center; width: 11.4286%;\" width=\"70\"><span style=\"font-family: times new roman, times, serif; font-size: 10pt;\"><strong>gestorben<\/strong><\/span><\/td>\n<td style=\"text-align: center; width: 12.5%;\" width=\"78\"><span style=\"font-family: times new roman, times, serif; font-size: 10pt;\"><strong>begraben<\/strong><\/span><\/td>\n<td style=\"text-align: center; width: 8.09524%;\" width=\"45\"><span style=\"font-family: times new roman, times, serif; font-size: 10pt;\"><strong>Alter<\/strong><\/span><\/td>\n<td style=\"text-align: center; width: 7.14286%;\" width=\"38\"><span style=\"font-family: times new roman, times, serif; font-size: 10pt;\"><strong>Stand<\/strong><\/span><\/td>\n<\/tr>\n<tr>\n<td style=\"text-align: center; width: 6.07143%;\" width=\"21\"><span style=\"font-family: times new roman, times, serif; font-size: 10pt;\">1<\/span><\/td>\n<td style=\"width: 17.9762%;\" width=\"127\"><span style=\"font-family: times new roman, times, serif; font-size: 10pt;\">Maria Christina<\/span><\/td>\n<td style=\"text-align: center; width: 13.2143%;\" width=\"83\"><span style=\"font-family: times new roman, times, serif; font-size: 10pt;\">28.03.1728<\/span><\/td>\n<td style=\"text-align: center; width: 13.2143%;\" width=\"83\"><span style=\"font-family: times new roman, times, serif; font-size: 10pt;\">30.03.1728<\/span><\/td>\n<td style=\"text-align: center; width: 10.3571%;\" width=\"62\"><\/td>\n<td style=\"text-align: center; width: 11.4286%;\" width=\"70\"><span style=\"font-family: times new roman, times, serif; font-size: 10pt;\">01.03.1744<\/span><\/td>\n<td style=\"text-align: center; width: 12.5%;\" width=\"78\"><span style=\"font-family: times new roman, times, serif; font-size: 10pt;\">02.03.1744<\/span><\/td>\n<td style=\"text-align: center; width: 8.09524%;\" width=\"45\"><span style=\"font-family: times new roman, times, serif; font-size: 10pt;\">15,93<\/span><\/td>\n<td style=\"text-align: center; width: 7.14286%;\" width=\"38\"><\/td>\n<\/tr>\n<tr>\n<td style=\"text-align: center; width: 6.07143%;\"><span style=\"font-family: times new roman, times, serif; font-size: 10pt;\">2<\/span><\/td>\n<td style=\"width: 17.9762%;\"><span style=\"font-family: times new roman, times, serif; font-size: 10pt;\">Maria Magdalena<\/span><\/td>\n<td style=\"text-align: center; width: 13.2143%;\"><span style=\"font-family: times new roman, times, serif; font-size: 10pt;\">24.06.1735<\/span><\/td>\n<td style=\"text-align: center; width: 13.2143%;\"><span style=\"font-family: times new roman, times, serif; font-size: 10pt;\">26.06.1735<\/span><\/td>\n<td style=\"text-align: center; width: 10.3571%;\"><\/td>\n<td style=\"text-align: center; width: 11.4286%;\"><span style=\"font-family: times new roman, times, serif; font-size: 10pt;\">19.02.1738<\/span><\/td>\n<td style=\"text-align: center; width: 12.5%;\"><span style=\"font-family: times new roman, times, serif; font-size: 10pt;\">21.02.1738<\/span><\/td>\n<td style=\"text-align: center; width: 8.09524%;\"><span style=\"font-family: times new roman, times, serif; font-size: 10pt;\">2,66<\/span><\/td>\n<td style=\"text-align: center; width: 7.14286%;\"><\/td>\n<\/tr>\n<\/tbody>\n<\/table>\n<p><span style=\"font-family: times new roman, times, serif; font-size: 10pt;\"><strong>Paten:<\/strong> <strong>zu 1) <\/strong><em>1) Joh. Gottfried Metz; 2) Maria Christina, Joh. <\/em><em>Philips Winterwerbers Ehefr[au] 3) Anna Christina, Th\u00f6nges Kleinen Frau <\/em>\u2014 <strong>zu 2) <\/strong><em>Maria Magdalena, Andres Fuch\u00dfen Tochter von Emb\u00df; Maria Margaretha, Johann Gottfried Metzen Hau\u00dffrau; und Philipps Gerhard<\/em><\/span><\/p>\n<p><span style=\"font-family: times new roman, times, serif; font-size: 10pt;\"><strong>oo <\/strong>mit <strong>Maria Margaretha<\/strong><\/span><\/p>\n<table style=\"width: 100%;\">\n<tbody>\n<tr>\n<td style=\"text-align: center; width: 5.83333%;\" width=\"21\"><span style=\"font-family: times new roman, times, serif; font-size: 10pt;\"><strong>Nr.<\/strong><\/span><\/td>\n<td style=\"width: 18.6905%;\" width=\"131\"><span style=\"font-family: times new roman, times, serif; font-size: 10pt;\"><strong>VN normiert<\/strong><\/span><\/td>\n<td style=\"text-align: center; width: 12.7381%;\" width=\"80\"><span style=\"font-family: times new roman, times, serif; font-size: 10pt;\"><strong>Geburt<\/strong><\/span><\/td>\n<td style=\"text-align: center; width: 13.4524%;\" width=\"85\"><span style=\"font-family: times new roman, times, serif; font-size: 10pt;\"><strong>Taufe<\/strong><\/span><\/td>\n<td style=\"text-align: center; width: 10.8333%;\" width=\"66\"><span style=\"font-family: times new roman, times, serif; font-size: 10pt;\"><strong>konf.<\/strong><\/span><\/td>\n<td style=\"text-align: center; width: 10.8333%;\" width=\"66\"><span style=\"font-family: times new roman, times, serif; font-size: 10pt;\"><strong>gestorben<\/strong><\/span><\/td>\n<td style=\"text-align: center; width: 12.0238%;\" width=\"74\"><span style=\"font-family: times new roman, times, serif; font-size: 10pt;\"><strong>begraben<\/strong><\/span><\/td>\n<td style=\"text-align: center; width: 7.97619%;\" width=\"44\"><span style=\"font-family: times new roman, times, serif; font-size: 10pt;\"><strong>Alter<\/strong><\/span><\/td>\n<td style=\"text-align: center; width: 7.5%;\" width=\"41\"><span style=\"font-family: times new roman, times, serif; font-size: 10pt;\"><strong>Stand<\/strong><\/span><\/td>\n<\/tr>\n<tr>\n<td style=\"text-align: center; width: 5.83333%;\" width=\"21\"><span style=\"font-family: times new roman, times, serif; font-size: 10pt;\">1<\/span><\/td>\n<td style=\"width: 18.6905%;\" width=\"131\"><span style=\"font-family: times new roman, times, serif; font-size: 10pt;\">Johann Gottfried<\/span><\/td>\n<td style=\"text-align: center; width: 12.7381%;\" width=\"80\"><\/td>\n<td style=\"text-align: center; width: 13.4524%;\" width=\"85\"><span style=\"font-family: times new roman, times, serif; font-size: 10pt;\">25.03.1750<\/span><\/td>\n<td style=\"text-align: center; width: 10.8333%;\" width=\"66\"><\/td>\n<td style=\"text-align: center; width: 10.8333%;\" width=\"66\"><\/td>\n<td style=\"text-align: center; width: 12.0238%;\" width=\"74\"><\/td>\n<td style=\"text-align: center; width: 7.97619%;\" width=\"44\"><\/td>\n<td style=\"text-align: center; width: 7.5%;\" width=\"41\"><\/td>\n<\/tr>\n<\/tbody>\n<\/table>\n<p><span style=\"font-family: times new roman, times, serif; font-size: 10pt;\"><strong>Paten: <\/strong><em>Johann Gottfr. Heger von hier; sodann <\/em>[ ]<\/span><\/p>\n<hr \/>\n<p><span style=\"font-family: times new roman, times, serif; font-size: 10pt;\"><span style=\"color: #ff0000;\"><strong><u>Rosenbach<\/u>, Johannes:<\/strong> <\/span>kath.; aus Arzbach; + 25.11.1778 Schweighausen (bg. 27.11.), 64-65 Jahre alt<\/span><\/p>\n<p><span style=\"font-family: times new roman, times, serif; font-size: 10pt;\"><strong>oo<\/strong> mit <strong>Maria Katharina:<\/strong> + 1771 Schweighausen, 50 Jahre und 19 Tage alt<\/span><\/p>\n<table style=\"width: 100%;\">\n<tbody>\n<tr>\n<td style=\"text-align: center; width: 5.83333%;\" width=\"21\"><span style=\"font-family: times new roman, times, serif; font-size: 10pt;\"><strong>Nr.<\/strong><\/span><\/td>\n<td style=\"width: 22.9762%;\" width=\"171\"><span style=\"font-family: times new roman, times, serif; font-size: 10pt;\"><strong>VN normiert<\/strong><\/span><\/td>\n<td style=\"text-align: center; width: 12.381%;\" width=\"80\"><span style=\"font-family: times new roman, times, serif; font-size: 10pt;\"><strong>Geburt<\/strong><\/span><\/td>\n<td style=\"text-align: center; width: 12.381%;\" width=\"80\"><span style=\"font-family: times new roman, times, serif; font-size: 10pt;\"><strong>Taufe<\/strong><\/span><\/td>\n<td style=\"text-align: center; width: 8.92857%;\" width=\"54\"><span style=\"font-family: times new roman, times, serif; font-size: 10pt;\"><strong>konf.<\/strong><\/span><\/td>\n<td style=\"text-align: center; width: 10.9524%;\" width=\"69\"><span style=\"font-family: times new roman, times, serif; font-size: 10pt;\"><strong>gestorben<\/strong><\/span><\/td>\n<td style=\"text-align: center; width: 11.7857%;\" width=\"76\"><span style=\"font-family: times new roman, times, serif; font-size: 10pt;\"><strong>begraben<\/strong><\/span><\/td>\n<td style=\"text-align: center; width: 7.5%;\" width=\"43\"><span style=\"font-family: times new roman, times, serif; font-size: 10pt;\"><strong>Alter<\/strong><\/span><\/td>\n<td style=\"text-align: center; width: 7.14286%;\" width=\"40\"><span style=\"font-family: times new roman, times, serif; font-size: 10pt;\"><strong>Stand<\/strong><\/span><\/td>\n<\/tr>\n<tr>\n<td style=\"text-align: center; width: 5.83333%;\" width=\"21\"><span style=\"font-family: times new roman, times, serif; font-size: 10pt;\">1<\/span><\/td>\n<td style=\"width: 22.9762%;\" width=\"171\"><span style=\"font-family: times new roman, times, serif; font-size: 10pt;\">Elisabeth Katharina<\/span><\/td>\n<td style=\"text-align: center; width: 12.381%;\" width=\"80\"><span style=\"font-family: times new roman, times, serif; font-size: 10pt;\">08.03.1740<\/span><\/td>\n<td style=\"text-align: center; width: 12.381%;\" width=\"80\"><span style=\"font-family: times new roman, times, serif; font-size: 10pt;\">13.03.1740<\/span><\/td>\n<td style=\"text-align: center; width: 8.92857%;\" width=\"54\"><\/td>\n<td style=\"text-align: center; width: 10.9524%;\" width=\"69\"><\/td>\n<td style=\"text-align: center; width: 11.7857%;\" width=\"76\"><\/td>\n<td style=\"text-align: center; width: 7.5%;\" width=\"43\"><\/td>\n<td style=\"text-align: center; width: 7.14286%;\" width=\"40\"><\/td>\n<\/tr>\n<tr>\n<td style=\"text-align: center; width: 5.83333%;\"><span style=\"font-family: times new roman, times, serif; font-size: 10pt;\">2<\/span><\/td>\n<td style=\"width: 22.9762%;\"><span style=\"font-family: times new roman, times, serif; font-size: 10pt;\">Maria Elisabeth<\/span><\/td>\n<td style=\"text-align: center; width: 12.381%;\"><span style=\"font-family: times new roman, times, serif; font-size: 10pt;\">27.12.1742<\/span><\/td>\n<td style=\"text-align: center; width: 12.381%;\"><span style=\"font-family: times new roman, times, serif; font-size: 10pt;\">01.01.1743<\/span><\/td>\n<td style=\"text-align: center; width: 8.92857%;\"><\/td>\n<td style=\"text-align: center; width: 10.9524%;\"><span style=\"font-family: times new roman, times, serif; font-size: 10pt;\">06.02.1819<\/span><\/td>\n<td style=\"text-align: center; width: 11.7857%;\"><span style=\"font-family: times new roman, times, serif; font-size: 10pt;\">08.02.1819<\/span><\/td>\n<td style=\"text-align: center; width: 7.5%;\"><span style=\"font-family: times new roman, times, serif; font-size: 10pt;\">76,15<\/span><\/td>\n<td style=\"text-align: center; width: 7.14286%;\"><span style=\"font-family: times new roman, times, serif; font-size: 10pt;\">verh.<\/span><\/td>\n<\/tr>\n<tr>\n<td style=\"text-align: center; width: 5.83333%;\"><span style=\"font-family: times new roman, times, serif; font-size: 10pt;\">3<\/span><\/td>\n<td style=\"width: 22.9762%;\"><span style=\"font-family: times new roman, times, serif; font-size: 10pt;\">Johann Georg<\/span><\/td>\n<td style=\"text-align: center; width: 12.381%;\"><span style=\"font-family: times new roman, times, serif; font-size: 10pt;\">06.03.1745<\/span><\/td>\n<td style=\"text-align: center; width: 12.381%;\"><span style=\"font-family: times new roman, times, serif; font-size: 10pt;\">10.03.1745<\/span><\/td>\n<td style=\"text-align: center; width: 8.92857%;\"><\/td>\n<td style=\"text-align: center; width: 10.9524%;\"><\/td>\n<td style=\"text-align: center; width: 11.7857%;\"><\/td>\n<td style=\"text-align: center; width: 7.5%;\"><\/td>\n<td style=\"text-align: center; width: 7.14286%;\"><\/td>\n<\/tr>\n<tr>\n<td style=\"text-align: center; width: 5.83333%;\"><span style=\"font-family: times new roman, times, serif; font-size: 10pt;\">4<\/span><\/td>\n<td style=\"width: 22.9762%;\"><span style=\"font-family: times new roman, times, serif; font-size: 10pt;\">Maria Magdalena<\/span><\/td>\n<td style=\"text-align: center; width: 12.381%;\"><span style=\"font-family: times new roman, times, serif; font-size: 10pt;\">06.02.1748<\/span><\/td>\n<td style=\"text-align: center; width: 12.381%;\"><span style=\"font-family: times new roman, times, serif; font-size: 10pt;\">07.02.1748<\/span><\/td>\n<td style=\"text-align: center; width: 8.92857%;\"><\/td>\n<td style=\"text-align: center; width: 10.9524%;\"><span style=\"font-family: times new roman, times, serif; font-size: 10pt;\">28.06.1755<\/span><\/td>\n<td style=\"text-align: center; width: 11.7857%;\"><span style=\"font-family: times new roman, times, serif; font-size: 10pt;\">29.06.1755<\/span><\/td>\n<td style=\"text-align: center; width: 7.5%;\"><span style=\"font-family: times new roman, times, serif; font-size: 10pt;\">7,39<\/span><\/td>\n<td style=\"text-align: center; width: 7.14286%;\"><\/td>\n<\/tr>\n<tr>\n<td style=\"text-align: center; width: 5.83333%;\"><span style=\"font-family: times new roman, times, serif; font-size: 10pt;\">5<\/span><\/td>\n<td style=\"width: 22.9762%;\"><span style=\"font-family: times new roman, times, serif; font-size: 10pt;\">Johann Gottfried<\/span><\/td>\n<td style=\"text-align: center; width: 12.381%;\"><\/td>\n<td style=\"text-align: center; width: 12.381%;\"><span style=\"font-family: times new roman, times, serif; font-size: 10pt;\">02.09.1750<\/span><\/td>\n<td style=\"text-align: center; width: 8.92857%;\"><\/td>\n<td style=\"text-align: center; width: 10.9524%;\"><span style=\"font-family: times new roman, times, serif; font-size: 10pt;\">26.02.1751<\/span><\/td>\n<td style=\"text-align: center; width: 11.7857%;\"><span style=\"font-family: times new roman, times, serif; font-size: 10pt;\">28.02.1751<\/span><\/td>\n<td style=\"text-align: center; width: 7.5%;\"><span style=\"font-family: times new roman, times, serif; font-size: 10pt;\">0,48<\/span><\/td>\n<td style=\"text-align: center; width: 7.14286%;\"><\/td>\n<\/tr>\n<tr>\n<td style=\"text-align: center; width: 5.83333%;\"><span style=\"font-family: times new roman, times, serif; font-size: 10pt;\">6<\/span><\/td>\n<td style=\"width: 22.9762%;\"><span style=\"font-family: times new roman, times, serif; font-size: 10pt;\">Maria Magdalena<\/span><\/td>\n<td style=\"text-align: center; width: 12.381%;\"><\/td>\n<td style=\"text-align: center; width: 12.381%;\"><span style=\"font-family: times new roman, times, serif; font-size: 10pt;\">30.07.1752<\/span><\/td>\n<td style=\"text-align: center; width: 8.92857%;\"><\/td>\n<td style=\"text-align: center; width: 10.9524%;\"><\/td>\n<td style=\"text-align: center; width: 11.7857%;\"><\/td>\n<td style=\"text-align: center; width: 7.5%;\"><\/td>\n<td style=\"text-align: center; width: 7.14286%;\"><\/td>\n<\/tr>\n<tr>\n<td style=\"text-align: center; width: 5.83333%;\"><span style=\"font-family: times new roman, times, serif; font-size: 10pt;\">7<\/span><\/td>\n<td style=\"width: 22.9762%;\"><span style=\"font-family: times new roman, times, serif; font-size: 10pt;\">Johannes<\/span><\/td>\n<td style=\"text-align: center; width: 12.381%;\"><\/td>\n<td style=\"text-align: center; width: 12.381%;\"><span style=\"font-family: times new roman, times, serif; font-size: 10pt;\">25.09.1754<\/span><\/td>\n<td style=\"text-align: center; width: 8.92857%;\"><\/td>\n<td style=\"text-align: center; width: 10.9524%;\"><\/td>\n<td style=\"text-align: center; width: 11.7857%;\"><\/td>\n<td style=\"text-align: center; width: 7.5%;\"><\/td>\n<td style=\"text-align: center; width: 7.14286%;\"><\/td>\n<\/tr>\n<tr>\n<td style=\"text-align: center; width: 5.83333%;\"><span style=\"font-family: times new roman, times, serif; font-size: 10pt;\">8<\/span><\/td>\n<td style=\"width: 22.9762%;\"><span style=\"font-family: times new roman, times, serif; font-size: 10pt;\">Christina Katharina<\/span><\/td>\n<td style=\"text-align: center; width: 12.381%;\"><\/td>\n<td style=\"text-align: center; width: 12.381%;\"><span style=\"font-family: times new roman, times, serif; font-size: 10pt;\">27.12.1757<\/span><\/td>\n<td style=\"text-align: center; width: 8.92857%;\"><\/td>\n<td style=\"text-align: center; width: 10.9524%;\"><span style=\"font-family: times new roman, times, serif; font-size: 10pt;\">25.03.1759<\/span><\/td>\n<td style=\"text-align: center; width: 11.7857%;\"><span style=\"font-family: times new roman, times, serif; font-size: 10pt;\">27.03.1759<\/span><\/td>\n<td style=\"text-align: center; width: 7.5%;\"><span style=\"font-family: times new roman, times, serif; font-size: 10pt;\">1,24<\/span><\/td>\n<td style=\"text-align: center; width: 7.14286%;\"><\/td>\n<\/tr>\n<tr>\n<td style=\"text-align: center; width: 5.83333%;\"><span style=\"font-family: times new roman, times, serif; font-size: 10pt;\">9<\/span><\/td>\n<td style=\"width: 22.9762%;\"><span style=\"font-family: times new roman, times, serif; font-size: 10pt;\">Christiana Friederika Katharina<\/span><\/td>\n<td style=\"text-align: center; width: 12.381%;\"><\/td>\n<td style=\"text-align: center; width: 12.381%;\"><span style=\"font-family: times new roman, times, serif; font-size: 10pt;\">26.10.1760<\/span><\/td>\n<td style=\"text-align: center; width: 8.92857%;\"><\/td>\n<td style=\"text-align: center; width: 10.9524%;\"><\/td>\n<td style=\"text-align: center; width: 11.7857%;\"><\/td>\n<td style=\"text-align: center; width: 7.5%;\"><\/td>\n<td style=\"text-align: center; width: 7.14286%;\"><\/td>\n<\/tr>\n<tr>\n<td style=\"text-align: center; width: 5.83333%;\"><span style=\"font-family: times new roman, times, serif; font-size: 10pt;\">10<\/span><\/td>\n<td style=\"width: 22.9762%;\"><span style=\"font-family: times new roman, times, serif; font-size: 10pt;\">Johann Anton<\/span><\/td>\n<td style=\"text-align: center; width: 12.381%;\"><span style=\"font-family: times new roman, times, serif; font-size: 10pt;\">16.01.1763<\/span><\/td>\n<td style=\"text-align: center; width: 12.381%;\"><\/td>\n<td style=\"text-align: center; width: 8.92857%;\"><\/td>\n<td style=\"text-align: center; width: 10.9524%;\"><\/td>\n<td style=\"text-align: center; width: 11.7857%;\"><\/td>\n<td style=\"text-align: center; width: 7.5%;\"><\/td>\n<td style=\"text-align: center; width: 7.14286%;\"><\/td>\n<\/tr>\n<tr>\n<td style=\"text-align: center; width: 5.83333%;\"><span style=\"font-family: times new roman, times, serif; font-size: 10pt;\">11<\/span><\/td>\n<td style=\"width: 22.9762%;\"><span style=\"font-family: times new roman, times, serif; font-size: 10pt;\">Philipp David<\/span><\/td>\n<td style=\"text-align: center; width: 12.381%;\"><span style=\"font-family: times new roman, times, serif; font-size: 10pt;\">16.01.1763<\/span><\/td>\n<td style=\"text-align: center; width: 12.381%;\"><\/td>\n<td style=\"text-align: center; width: 8.92857%;\"><\/td>\n<td style=\"text-align: center; width: 10.9524%;\"><\/td>\n<td style=\"text-align: center; width: 11.7857%;\"><\/td>\n<td style=\"text-align: center; width: 7.5%;\"><\/td>\n<td style=\"text-align: center; width: 7.14286%;\"><\/td>\n<\/tr>\n<\/tbody>\n<\/table>\n<p style=\"text-align: justify;\"><span style=\"font-family: times new roman, times, serif; font-size: 10pt;\">Kind Nr. 2) + Ems; lt. Sterbeeintrag oo 28.12.1764 mit Johann Georg Brand und hinterl\u00e4sst 1 Tochter in Ems, dort irrig * 27.12.1743<br \/>\n<\/span><span style=\"font-family: times new roman, times, serif; font-size: 10pt;\">Kind Nr. 4) hat \u201eetliche Wochen das Elend &#8230;\u201c<br \/>\n<\/span><span style=\"font-family: times new roman, times, serif; font-size: 10pt;\">Kind Nr. 5) \u201eso von Geburt an schwach gewesen\u201c<br \/>\n<\/span><span style=\"font-family: times new roman, times, serif; font-size: 10pt;\">Kind Nr. 10), 11) Bem. im Taufeintrag: \u201eeines von den Zwillingen ist bald nach der Taufe gestorben und still begraben worden\u201c<\/span><\/p>\n<p style=\"text-align: justify;\"><span style=\"font-family: times new roman, times, serif; font-size: 10pt;\"><strong>Paten:<\/strong> <strong>zu 1) <\/strong><em>Catharina Elisabetha, hiesigen Schulmeisters Tochter; Maria Catharina, Th\u00f6nge\u00df Kleinen Tochter; Philipps Friederich, Th\u00f6nge\u00df Becker\u00df Sohn <\/em>\u2014 <strong>zu 2) <\/strong><em>Maria Elisabetha, David Mayen Tochter; Maria Elisabetha, matris soror; Johann Georg Elber\u00dfkirch <\/em>\u2014 <strong>zu 3) <\/strong><em>Johann Jacob Chuvetter von Zimmerschied; Georg Ludwig Hinterweller; Maria Elisabetha, patris soror <\/em>\u2014 <strong>zu 4) <\/strong><em>Joh: Ro\u00dfenbach; Anna Magd:, Adam \u2026 Tochtr alhier; u. \u2026 Joh: Jost Ei\u00dfenbarths Tochter von Buchholtz <\/em>\u2014 <strong>zu 5) <\/strong><em>Gottfr. Winterwerber von hier; Philipp Esch aus Buchh:; Mariane, Henrich Schle&#8230;mer, \u2026 Hofmanns zu N&#8230; Hau\u00dffrau <\/em>\u2014 <strong>zu 6) <\/strong><em>Melchior Bolch; Maria Magd:, Ph: Gerharden Frau; Magd: \u2026; alle von hier u. evangel[isch], \u2026 ist Vater Pap. <\/em>\u2014 <strong>zu 7) <\/strong><em>Johannes Metz; Johannes \u2026, des ietzigen Hirten Sohn; Philippina von Bachheim, Anton Meyen Magdt <\/em>\u2014 <strong>zu 8) <\/strong><em>Johann Gottfr: Heger; [Chri]st[ina] Cathar:, Ph: Z\u00f6llers T.; u. [Chri]st[ina] Cathar:, Joh: Fr: Beckers Tochter <\/em>\u2014 <strong>zu 9) <\/strong><em>Herr Johann Friedrich Tr\u00fcbenbach; Anna Cathar: Henrica, des hie\u00dfigen Herrn Schulm: Alberti ehe[liche] Hau\u00dffrau; Christiana Eleonora, des zeitigen Pastoris Johan ehe[liche] Tochter <\/em>\u2014 <strong>zu 10 und 11) <\/strong><em>1) Th\u00f6nges May; 2) Th\u00f6nges Becker; 3) Daniel Klein; 4) Ph[ilipp] Metz; 5) Elisabetha Polchin; 6) <\/em>[ ]<em>; alle aus Schweighau\u00dfen geb\u00fcrtig<\/em><\/span><\/p>\n<hr \/>\n<p><span style=\"font-size: 10pt; font-family: times new roman, times, serif;\"><strong>Letzte \u00c4nderung: 10. August 2023<\/strong><\/span><br \/>\n<span style=\"font-size: 10pt; font-family: times new roman, times, serif;\"><strong>Ralph Jackmuth<\/strong><\/span><\/p>\n","protected":false},"excerpt":{"rendered":"<p>Rosenbach, Andreas oo mit Anna Maria Nr. VN normiert Geburt Taufe konf. gestorben begraben Alter Stand 1 Maria Christina 28.03.1728 30.03.1728 01.03.1744 02.03.1744 15,93 2 Maria Magdalena 24.06.1735 26.06.1735 19.02.1738 21.02.1738 2,66 Paten: zu 1) 1) Joh. Gottfried Metz; 2) Maria Christina, Joh. Philips Winterwerbers Ehefr[au] 3) Anna Christina, Th\u00f6nges Kleinen Frau \u2014 zu 2) &hellip; <a href=\"https:\/\/www.ahnenforschung-jackmuth.de\/?page_id=10420\" class=\"more-link\"><span class=\"screen-reader-text\">\u201eOFB Schweighausen &#8211; Rosenbach\u201c<\/span> weiterlesen<\/a><\/p>\n","protected":false},"author":1,"featured_media":0,"parent":0,"menu_order":0,"comment_status":"closed","ping_status":"closed","template":"","meta":{"footnotes":""},"class_list":["post-10420","page","type-page","status-publish","hentry"],"_links":{"self":[{"href":"https:\/\/www.ahnenforschung-jackmuth.de\/index.php?rest_route=\/wp\/v2\/pages\/10420","targetHints":{"allow":["GET"]}}],"collection":[{"href":"https:\/\/www.ahnenforschung-jackmuth.de\/index.php?rest_route=\/wp\/v2\/pages"}],"about":[{"href":"https:\/\/www.ahnenforschung-jackmuth.de\/index.php?rest_route=\/wp\/v2\/types\/page"}],"author":[{"embeddable":true,"href":"https:\/\/www.ahnenforschung-jackmuth.de\/index.php?rest_route=\/wp\/v2\/users\/1"}],"replies":[{"embeddable":true,"href":"https:\/\/www.ahnenforschung-jackmuth.de\/index.php?rest_route=%2Fwp%2Fv2%2Fcomments&post=10420"}],"version-history":[{"count":0,"href":"https:\/\/www.ahnenforschung-jackmuth.de\/index.php?rest_route=\/wp\/v2\/pages\/10420\/revisions"}],"wp:attachment":[{"href":"https:\/\/www.ahnenforschung-jackmuth.de\/index.php?rest_route=%2Fwp%2Fv2%2Fmedia&parent=10420"}],"curies":[{"name":"wp","href":"https:\/\/api.w.org\/{rel}","templated":true}]}}