{"id":10409,"date":"2023-08-10T09:42:42","date_gmt":"2023-08-10T09:42:42","guid":{"rendered":"http:\/\/www.ahnenforschung-jackmuth.de\/?page_id=10409"},"modified":"2023-08-10T09:42:42","modified_gmt":"2023-08-10T09:42:42","slug":"ofb-schweighausen-rhod","status":"publish","type":"page","link":"https:\/\/www.ahnenforschung-jackmuth.de\/?page_id=10409","title":{"rendered":"OFB Schweighausen &#8211; Rhod"},"content":{"rendered":"<p><span style=\"font-family: times new roman, times, serif; font-size: 10pt;\"><span style=\"color: #ff0000;\"><strong><u>Rhodius<\/u><\/strong><strong>, Georg Henrich:<\/strong> <\/span>konf. 07.04.1667 Schweighausen<\/span><\/p>\n<hr \/>\n<p><span style=\"font-family: times new roman, times, serif; font-size: 10pt;\"><span style=\"color: #ff0000;\"><strong><u>Rhod<\/u><\/strong><strong>, Anna Rosina:<\/strong> <\/span>konf. 22.05.1670 Schweighausen<\/span><\/p>\n<hr \/>\n<p style=\"text-align: justify;\"><span style=\"font-family: times new roman, times, serif; font-size: 10pt;\"><span style=\"color: #ff0000;\"><strong><u>Rhod<\/u><\/strong><strong>, Johann Henrich:<\/strong> <\/span>1707 Diakon in Nassau; 1713-1731 Pfarrer in Schweighausen und Becheln als Nachfolger von Georg Jakob Kohlermann (Wahlspruch lt. Pfarrerliste am Beginn des KB: \u201eJesum amare sapientia prima\u201c (Jesus lieben ist die erste Weisheit)), 1731-1749 Pfarrer in Dornholzhausen; \u2014 * 24.11.1680 Dachsenhausen (OFB Dachsenhausen, Nr. 2076 und 2078) \u2014 Eltern: Johann Friedrich Rhod (1671-1701 Pfarrer in Dachsenhausen, 1701-1724 in Cramberg und Habenscheid (VG Diez); * 1649; bg. 20.11.1724 Cramberg (Cramberg, KB 2, Bild 161 auf archion.de); Sohn von Johann Wendel Rhod, Pfarrer in Niederbachheim), und Eleonora Katharina geb. Grusemann (bg. 03.07.1738 Cramberg (Cramberg, KB 2, Bild 164 auf archion.de)) \u2014 sein Bruder Georg Philipp (* 12.06.1682 Dachsenhausen) ist 1720 Kaplan in Kirburg (VG Bad Marienberg), sein Bruder Johann Friedrich ist 1725 Chirurg in Braubach<\/span><\/p>\n<p><span style=\"font-family: times new roman, times, serif; font-size: 10pt;\"><strong>oo<\/strong> mit <strong><u>Schott\/Schoth<\/u>, Sophia Elisabeth: <\/strong>Tochter des Johannes Schott\/Schoth, Pfarrer in Sulzbach<\/span><\/p>\n<table style=\"width: 100%;\">\n<tbody>\n<tr>\n<td style=\"text-align: center; width: 5.71429%;\" width=\"21\"><span style=\"font-family: times new roman, times, serif; font-size: 10pt;\"><strong>Nr.<\/strong><\/span><\/td>\n<td style=\"width: 20.2381%;\" width=\"148\"><span style=\"font-family: times new roman, times, serif; font-size: 10pt;\"><strong>VN normiert<\/strong><\/span><\/td>\n<td style=\"text-align: center; width: 12.5%;\" width=\"81\"><span style=\"font-family: times new roman, times, serif; font-size: 10pt;\"><strong>Geburt<\/strong><\/span><\/td>\n<td style=\"text-align: center; width: 12.5%;\" width=\"81\"><span style=\"font-family: times new roman, times, serif; font-size: 10pt;\"><strong>Taufe<\/strong><\/span><\/td>\n<td style=\"text-align: center; width: 10.9524%;\" width=\"69\"><span style=\"font-family: times new roman, times, serif; font-size: 10pt;\"><strong>konf.<\/strong><\/span><\/td>\n<td style=\"text-align: center; width: 10.9524%;\" width=\"69\"><span style=\"font-family: times new roman, times, serif; font-size: 10pt;\"><strong>gestorben<\/strong><\/span><\/td>\n<td style=\"text-align: center; width: 11.9048%;\" width=\"76\"><span style=\"font-family: times new roman, times, serif; font-size: 10pt;\"><strong>begraben<\/strong><\/span><\/td>\n<td style=\"text-align: center; width: 7.7381%;\" width=\"44\"><span style=\"font-family: times new roman, times, serif; font-size: 10pt;\"><strong>Alter<\/strong><\/span><\/td>\n<td style=\"text-align: center; width: 7.26191%;\" width=\"41\"><span style=\"font-family: times new roman, times, serif; font-size: 10pt;\"><strong>Stand<\/strong><\/span><\/td>\n<\/tr>\n<tr>\n<td style=\"text-align: center; width: 5.71429%;\" width=\"21\"><span style=\"font-family: times new roman, times, serif; font-size: 10pt;\">1<\/span><\/td>\n<td style=\"width: 20.2381%;\" width=\"148\"><span style=\"font-family: times new roman, times, serif; font-size: 10pt;\">Katharina Eleonora<\/span><\/td>\n<td style=\"text-align: center; width: 12.5%;\" width=\"81\"><span style=\"font-family: times new roman, times, serif; font-size: 10pt;\">27.11.1716<\/span><\/td>\n<td style=\"text-align: center; width: 12.5%;\" width=\"81\"><span style=\"font-family: times new roman, times, serif; font-size: 10pt;\">02.12.1716<\/span><\/td>\n<td style=\"text-align: center; width: 10.9524%;\" width=\"69\"><span style=\"font-family: times new roman, times, serif; font-size: 10pt;\">15.04.1729<\/span><\/td>\n<td style=\"text-align: center; width: 10.9524%;\" width=\"69\"><span style=\"font-family: times new roman, times, serif; font-size: 10pt;\">07.04.1808<\/span><\/td>\n<td style=\"text-align: center; width: 11.9048%;\" width=\"76\"><span style=\"font-family: times new roman, times, serif; font-size: 10pt;\">10.04.1808<\/span><\/td>\n<td style=\"text-align: center; width: 7.7381%;\" width=\"44\"><span style=\"font-family: times new roman, times, serif; font-size: 10pt;\">91,42<\/span><\/td>\n<td style=\"text-align: center; width: 7.26191%;\" width=\"41\"><span style=\"font-family: times new roman, times, serif; font-size: 10pt;\">verh.<\/span><\/td>\n<\/tr>\n<tr>\n<td style=\"text-align: center; width: 5.71429%;\"><span style=\"font-family: times new roman, times, serif; font-size: 10pt;\">2<\/span><\/td>\n<td style=\"width: 20.2381%;\"><span style=\"font-family: times new roman, times, serif; font-size: 10pt;\">Charlotta Maria<\/span><\/td>\n<td style=\"text-align: center; width: 12.5%;\"><span style=\"font-family: times new roman, times, serif; font-size: 10pt;\">31.07.1718<\/span><\/td>\n<td style=\"text-align: center; width: 12.5%;\"><span style=\"font-family: times new roman, times, serif; font-size: 10pt;\">04.08.1718<\/span><\/td>\n<td style=\"text-align: center; width: 10.9524%;\"><\/td>\n<td style=\"text-align: center; width: 10.9524%;\"><span style=\"font-family: times new roman, times, serif; font-size: 10pt;\">24.01.1726<\/span><\/td>\n<td style=\"text-align: center; width: 11.9048%;\"><span style=\"font-family: times new roman, times, serif; font-size: 10pt;\">27.01.1726<\/span><\/td>\n<td style=\"text-align: center; width: 7.7381%;\"><span style=\"font-family: times new roman, times, serif; font-size: 10pt;\">7,49<\/span><\/td>\n<td style=\"text-align: center; width: 7.26191%;\"><\/td>\n<\/tr>\n<tr>\n<td style=\"text-align: center; width: 5.71429%;\"><span style=\"font-family: times new roman, times, serif; font-size: 10pt;\">3<\/span><\/td>\n<td style=\"width: 20.2381%;\"><span style=\"font-family: times new roman, times, serif; font-size: 10pt;\">Katharina Maria Philippina<\/span><\/td>\n<td style=\"text-align: center; width: 12.5%;\"><span style=\"font-family: times new roman, times, serif; font-size: 10pt;\">04.09.1720<\/span><\/td>\n<td style=\"text-align: center; width: 12.5%;\"><span style=\"font-family: times new roman, times, serif; font-size: 10pt;\">09.09.1720<\/span><\/td>\n<td style=\"text-align: center; width: 10.9524%;\"><span style=\"font-family: times new roman, times, serif; font-size: 10pt;\">29.03.1733<\/span><\/td>\n<td style=\"text-align: center; width: 10.9524%;\"><\/td>\n<td style=\"text-align: center; width: 11.9048%;\"><\/td>\n<td style=\"text-align: center; width: 7.7381%;\"><\/td>\n<td style=\"text-align: center; width: 7.26191%;\"><\/td>\n<\/tr>\n<tr>\n<td style=\"text-align: center; width: 5.71429%;\"><span style=\"font-family: times new roman, times, serif; font-size: 10pt;\">4<\/span><\/td>\n<td style=\"width: 20.2381%;\"><span style=\"font-family: times new roman, times, serif; font-size: 10pt;\">Johann Christian<\/span><\/td>\n<td style=\"text-align: center; width: 12.5%;\"><span style=\"font-family: times new roman, times, serif; font-size: 10pt;\">31.10.1722<\/span><\/td>\n<td style=\"text-align: center; width: 12.5%;\"><span style=\"font-family: times new roman, times, serif; font-size: 10pt;\">04.11.1722<\/span><\/td>\n<td style=\"text-align: center; width: 10.9524%;\"><span style=\"font-family: times new roman, times, serif; font-size: 10pt;\">22.04.1734<\/span><\/td>\n<td style=\"text-align: center; width: 10.9524%;\"><span style=\"font-family: times new roman, times, serif; font-size: 10pt;\">25.03.1777<\/span><\/td>\n<td style=\"text-align: center; width: 11.9048%;\"><span style=\"font-family: times new roman, times, serif; font-size: 10pt;\">28.03.1777<\/span><\/td>\n<td style=\"text-align: center; width: 7.7381%;\"><span style=\"font-family: times new roman, times, serif; font-size: 10pt;\">54,44<\/span><\/td>\n<td style=\"text-align: center; width: 7.26191%;\"><\/td>\n<\/tr>\n<tr>\n<td style=\"text-align: center; width: 5.71429%;\"><span style=\"font-family: times new roman, times, serif; font-size: 10pt;\">5<\/span><\/td>\n<td style=\"width: 20.2381%;\"><span style=\"font-family: times new roman, times, serif; font-size: 10pt;\">Philipp Friedrich<\/span><\/td>\n<td style=\"text-align: center; width: 12.5%;\"><span style=\"font-family: times new roman, times, serif; font-size: 10pt;\">25.06.1725<\/span><\/td>\n<td style=\"text-align: center; width: 12.5%;\"><span style=\"font-family: times new roman, times, serif; font-size: 10pt;\">28.06.1725<\/span><\/td>\n<td style=\"text-align: center; width: 10.9524%;\"><span style=\"font-family: times new roman, times, serif; font-size: 10pt;\">13.04.1738<\/span><\/td>\n<td style=\"text-align: center; width: 10.9524%;\"><\/td>\n<td style=\"text-align: center; width: 11.9048%;\"><\/td>\n<td style=\"text-align: center; width: 7.7381%;\"><\/td>\n<td style=\"text-align: center; width: 7.26191%;\"><\/td>\n<\/tr>\n<\/tbody>\n<\/table>\n<p style=\"text-align: justify;\"><span style=\"font-family: times new roman, times, serif; font-size: 10pt;\">Kind Nr. 1) oo 02.08.1740 Dornholzhausen mit Johann Konrad Kr\u00f6ck, 1734-1745 Pfarrer in Singhofen (+ 27.09.1745 Singhofen, (bg. 30.09.), 44 Jahre und einige Tage alt)<br \/>\n<\/span><span style=\"font-family: times new roman, times, serif; font-size: 10pt;\">Kind Nr. 2) + an den Pocken; bg. in der Kirche vor der Kanzel l\u00e4ngs der 2 M\u00e4nnerst\u00fchle an der T\u00fcr<br \/>\n<\/span><span style=\"font-family: times new roman, times, serif; font-size: 10pt;\">Kind Nr. 3) konf. Dornholzhausen<br \/>\n<\/span><span style=\"font-family: times new roman, times, serif; font-size: 10pt;\">Kind Nr. 4) 1746-1748 Pfarradjunkt in Niederbachheim, dann Pfarrer in Singhofen, 1769-1777 Pfarrer im Niederbachheim; konf. Dornholzhausen; + 25.03.1777 Niederbachheim (Niederbachheim, KB 2, Bild 116 auf archion.de); oo mit Friederike Luise Sophie geb. Siegen<br \/>\n<\/span><span style=\"font-family: times new roman, times, serif; font-size: 10pt;\">Kind Nr. 5) 1753-1769 Pfarradjunkt in Niederbachheim; konf. Dornholzhausen<\/span><\/p>\n<p style=\"text-align: justify;\"><span style=\"font-family: times new roman, times, serif; font-size: 10pt;\"><strong>Paten:<\/strong> <strong>zu 1) <\/strong><em>1) H[er]r Johannes Schott, Pfr. zu Sultzbach und &#8230;; 2) Elisabetha Catharina Z\u00fcchwolffin, H[errn] Z\u00fcchwolffs sel[ig], gewesenen past[oris] zu Sultzbach, hinterla\u00dfene Wittib als des Kindes Uhrgro\u00dfmutter; 3) Eleonora Catharina, H[errn] Joh. Friedrich Rhoden, past[oris] zu Cramberg und Habenscheid ehel[iche] Hau\u00dffr[au], als meine liebe Mutter; die\u00dfer erweh&#8230; Taufzeugen &#8230; hab[en] vertrett[en] H[err] Pfr. Winter von Dach\u00dfenhausen; 2) J[un]gf[e]r Anna Margretha Schottin; 3) J[un]gf[e]r Maria Catharina Rhodin <\/em>\u2014 <strong>zu 2) <\/strong><em>1) H[er]r Joh. Philips Tausent, Pfr. zu Fr\u00fccht; 2) Charlotta Eleonor. Cathar., H[errn] Joh. Jacob Schlo\u00dfers, Pfrs. zu Gem\u00fcnd[en] ehel. Hau\u00dffr. als meine liebe Schwester; 3) Maria Adelburg, H[errn] Johannes Kleinen, Feldpredigers zu Darmstadt, Eheliebste als meine werthe Frau Schw\u00e4gerin <\/em>\u2014 <strong>zu 3) <\/strong><em>1) Georg Philipps Rhodt, p[ro] t[empore] Caplan zu Kirburg, frater meus dilect[us]; 2) J[un]gf[e]r Catharina Barbara, H[errn] Pf[arre]r Ebenaus zu Holtzhau\u00dfen eh[liche] Tochter; 3) Maria Elisabetha, H[errn] Pfr. Winters zu Dach\u00dfenhau\u00dfen ehe[liche] Tochter <\/em>\u2014 <strong>zu 4) <\/strong><em>1) H[er]r Christian Henrich Z\u00fcchwolff, Pfarrer zu Auerbach; 2) H[er]r Johannes &#8230;, hochf\u00fcrst[lich] anhalt-schaumburg[ischer] Oberf\u00f6rster; 3) Sophia Elisabetha, H[er]rn Pfr. M\u00fcllers zu Marienfel\u00df eh[liche] Hau\u00dffrau <\/em>\u2014 <strong>zu 5) <\/strong><em>\u00a01) H[er]r Joh. Philips Koch, p[ro] t[empore] Caplan in Nassau; 2) J[un]gf[e]r Catharina &#8230; Schottin, H[errn] Pfarrer Schoth zu S\u00fcltzbach J[un]gf[e]r Tochter, meine liebe J[un]gf[e]r Schw\u00e4gerin; 3) Joh. Friedrich Rhodt, chirurgus in Braubach<\/em><\/span><\/p>\n<hr \/>\n<p style=\"text-align: justify;\"><span style=\"font-family: times new roman, times, serif; font-size: 10pt;\"><span style=\"color: #ff0000;\"><strong><u>Rhod<\/u><\/strong><strong>, Anton Theodor:<\/strong> <\/span>1837-1850 Pfarrer in Schweighausen; Urenkel von Johann Henrich Rhod, einer seiner Vorg\u00e4nger; * 05.03.1809 Niederbachheim, gt. 07.03. (Niederbachheim, KB 3, Bild 14 auf archion.de) \u2014 Eltern: Johann Friedrich Karl Rhod, Pfarrer in Niederbachheim (* 03.08.1765 Singhofen; + 12.09.1844 Niederbachheim; Eltern: Johann Christian Rhod und Friederike Luise Sophie geb. Siegen) oo 21.10.1798 Braubach mit Ernestine Maria geb. Neuhaus (* 12.06.1777 Braubach, + 14.02.1852 Braubach, hinterl\u00e4sst lt. Sterbeeintrag 6 erwachsene, wohlversorgte Kinder: 1) Wilhelmine, Witwe des Herrn Kirchenrat Bickel in Brandoberndorf; 2) Ernestine, Ehefrau des Herrn Pfarrers Reiz in Dornholzhausen; 3) Louise, Ehefrau des Herrn Direktor Thom\u00e4 in Wiesbaden; 4) Dorothea, Witwe des Herrn Pfarrer Ammann in Kronberg [?]; 5) Charlotte, ledig in Braubach; 6) Anton, Pfarrer in Marienfels, oo mit Bertha Vogel in Kirberg; ein Kind starb fr\u00fch in Folge eines Sturzes; ein Sohn, Kandidat der Theologie, erschoss sich zu Wiesbaden nach seinem Examen)<\/span><\/p>\n<p><span style=\"font-family: times new roman, times, serif; font-size: 10pt;\"><strong>oo 07.05.1838 Kirberg<\/strong> (Kirberg, KB 11, S. 43, Bild 46 auf archion.de) mit <strong><u>Vogel<\/u>, Bertha Adelgunde:<\/strong> * 19.05.1819 Bad Marienberg, Westerwaldkreis (Geburtsdatum und -ort lt. Traueintrag, aber im KB Marienberg nicht auffindbar); Eltern: Christian Daniel Vogel (Pfarrer 31.08.1818-1822 in Marienberg, ab 1831 in Kirberg; * Neuh\u00fctte (Dietzh\u00f6lztal, Lahn-Dill-Kreis) und Johannette Wilhelmine geb. Schnabelius (Tochter des Friedrich Arnold Schnabelius, Pfarrer in Marienberg)<\/span><\/p>\n<p><span style=\"font-family: times new roman, times, serif; font-size: 10pt;\">Die Ehe war prokl. 08.04., 16.04., 22.04.1838 in Kirberg und 16.04., 22.04. und 29.04.1838 in Schweighausen.<\/span><\/p>\n<table style=\"width: 100%;\">\n<tbody>\n<tr>\n<td style=\"text-align: center; width: 5.71429%;\" width=\"21\"><span style=\"font-family: times new roman, times, serif; font-size: 10pt;\"><strong>Nr.<\/strong><\/span><\/td>\n<td style=\"width: 19.881%;\" width=\"142\"><span style=\"font-family: times new roman, times, serif; font-size: 10pt;\"><strong>VN normiert<\/strong><\/span><\/td>\n<td style=\"text-align: center; width: 12.8571%;\" width=\"82\"><span style=\"font-family: times new roman, times, serif; font-size: 10pt;\"><strong>Geburt<\/strong><\/span><\/td>\n<td style=\"text-align: center; width: 12.8571%;\" width=\"82\"><span style=\"font-family: times new roman, times, serif; font-size: 10pt;\"><strong>Taufe<\/strong><\/span><\/td>\n<td style=\"text-align: center; width: 10.119%;\" width=\"61\"><span style=\"font-family: times new roman, times, serif; font-size: 10pt;\"><strong>konf.<\/strong><\/span><\/td>\n<td style=\"text-align: center; width: 11.3095%;\" width=\"70\"><span style=\"font-family: times new roman, times, serif; font-size: 10pt;\"><strong>gestorben<\/strong><\/span><\/td>\n<td style=\"text-align: center; width: 12.2619%;\" width=\"77\"><span style=\"font-family: times new roman, times, serif; font-size: 10pt;\"><strong>begraben<\/strong><\/span><\/td>\n<td style=\"text-align: center; width: 7.85714%;\" width=\"44\"><span style=\"font-family: times new roman, times, serif; font-size: 10pt;\"><strong>Alter<\/strong><\/span><\/td>\n<td style=\"text-align: center; width: 7.02381%;\" width=\"38\"><span style=\"font-family: times new roman, times, serif; font-size: 10pt;\"><strong>Stand<\/strong><\/span><\/td>\n<\/tr>\n<tr>\n<td style=\"text-align: center; width: 5.71429%;\" width=\"21\"><span style=\"font-family: times new roman, times, serif; font-size: 10pt;\">1<\/span><\/td>\n<td style=\"width: 19.881%;\" width=\"142\"><span style=\"font-family: times new roman, times, serif; font-size: 10pt;\">Johanne Ernestine Wilhelmine Emma<\/span><\/td>\n<td style=\"text-align: center; width: 12.8571%;\" width=\"82\"><span style=\"font-family: times new roman, times, serif; font-size: 10pt;\">12.03.1839<\/span><\/td>\n<td style=\"text-align: center; width: 12.8571%;\" width=\"82\"><span style=\"font-family: times new roman, times, serif; font-size: 10pt;\">03.04.1839<\/span><\/td>\n<td style=\"text-align: center; width: 10.119%;\" width=\"61\"><\/td>\n<td style=\"text-align: center; width: 11.3095%;\" width=\"70\"><span style=\"font-family: times new roman, times, serif; font-size: 10pt;\">06.09.1839<\/span><\/td>\n<td style=\"text-align: center; width: 12.2619%;\" width=\"77\"><span style=\"font-family: times new roman, times, serif; font-size: 10pt;\">09.09.1839<\/span><\/td>\n<td style=\"text-align: center; width: 7.85714%;\" width=\"44\"><span style=\"font-family: times new roman, times, serif; font-size: 10pt;\">0,49<\/span><\/td>\n<td style=\"text-align: center; width: 7.02381%;\" width=\"38\"><\/td>\n<\/tr>\n<tr>\n<td style=\"text-align: center; width: 5.71429%;\"><span style=\"font-family: times new roman, times, serif; font-size: 10pt;\">2<\/span><\/td>\n<td style=\"width: 19.881%;\"><span style=\"font-family: times new roman, times, serif; font-size: 10pt;\">Karl Adelbert Wendel<\/span><\/td>\n<td style=\"text-align: center; width: 12.8571%;\"><span style=\"font-family: times new roman, times, serif; font-size: 10pt;\">13.01.1841<\/span><\/td>\n<td style=\"text-align: center; width: 12.8571%;\"><span style=\"font-family: times new roman, times, serif; font-size: 10pt;\">02.02.1841<\/span><\/td>\n<td style=\"text-align: center; width: 10.119%;\"><\/td>\n<td style=\"text-align: center; width: 11.3095%;\"><span style=\"font-family: times new roman, times, serif; font-size: 10pt;\">25.08.1841<\/span><\/td>\n<td style=\"text-align: center; width: 12.2619%;\"><span style=\"font-family: times new roman, times, serif; font-size: 10pt;\">28.08.1841<\/span><\/td>\n<td style=\"text-align: center; width: 7.85714%;\"><span style=\"font-family: times new roman, times, serif; font-size: 10pt;\">0,61<\/span><\/td>\n<td style=\"text-align: center; width: 7.02381%;\"><\/td>\n<\/tr>\n<tr>\n<td style=\"text-align: center; width: 5.71429%;\"><span style=\"font-family: times new roman, times, serif; font-size: 10pt;\">3<\/span><\/td>\n<td style=\"width: 19.881%;\"><span style=\"font-family: times new roman, times, serif; font-size: 10pt;\">Adolph Eduard<\/span><\/td>\n<td style=\"text-align: center; width: 12.8571%;\"><span style=\"font-family: times new roman, times, serif; font-size: 10pt;\">07.03.1843<\/span><\/td>\n<td style=\"text-align: center; width: 12.8571%;\"><span style=\"font-family: times new roman, times, serif; font-size: 10pt;\">21.03.1843<\/span><\/td>\n<td style=\"text-align: center; width: 10.119%;\"><\/td>\n<td style=\"text-align: center; width: 11.3095%;\"><\/td>\n<td style=\"text-align: center; width: 12.2619%;\"><\/td>\n<td style=\"text-align: center; width: 7.85714%;\"><\/td>\n<td style=\"text-align: center; width: 7.02381%;\"><\/td>\n<\/tr>\n<tr>\n<td style=\"text-align: center; width: 5.71429%;\"><span style=\"font-family: times new roman, times, serif; font-size: 10pt;\">4<\/span><\/td>\n<td style=\"width: 19.881%;\"><span style=\"font-family: times new roman, times, serif; font-size: 10pt;\">Johanne Antonie Hermine<\/span><\/td>\n<td style=\"text-align: center; width: 12.8571%;\"><span style=\"font-family: times new roman, times, serif; font-size: 10pt;\">13.05.1845<\/span><\/td>\n<td style=\"text-align: center; width: 12.8571%;\"><span style=\"font-family: times new roman, times, serif; font-size: 10pt;\">04.06.1845<\/span><\/td>\n<td style=\"text-align: center; width: 10.119%;\"><\/td>\n<td style=\"text-align: center; width: 11.3095%;\"><\/td>\n<td style=\"text-align: center; width: 12.2619%;\"><\/td>\n<td style=\"text-align: center; width: 7.85714%;\"><\/td>\n<td style=\"text-align: center; width: 7.02381%;\"><\/td>\n<\/tr>\n<\/tbody>\n<\/table>\n<p style=\"text-align: justify;\"><span style=\"font-family: times new roman, times, serif; font-size: 10pt;\"><em>\u00a0<\/em><\/span><span style=\"font-family: times new roman, times, serif; font-size: 10pt;\"><strong>Paten:<\/strong> <strong>zu 1) <\/strong><em>1) Johann Friedrich Carl Rhod, Pfarrer zu N. Bachheim; 2) dessen Ehefrau Maria Ernestine Rhod; 3) Johanna Schabelius, verwittwete Pfarrin zu Kirberg; 4) Johannette Wilhelmine Vogel, Frau Decan zu Kirberg <\/em>\u2014 <strong>zu 2) <\/strong><em>1) Christian Daniel Vogel, evangel. Decan zu Kirberg; 2) Dr. Karl Thomae, Professor zu Wiesbaden; 3) Emma Adeleide Vogel zu Kirberg; 4) Charlotte Wilhelmine Rhod zu Niederbachheim <\/em>\u2014 <strong>zu 3) <\/strong><em>1) Ludwig Wilhelm Eibach, evangelischer Pfarrer zu Idstein; 2) Henriette Dorothea Philippine Amman, Wittwe des Pfarrers Ammann zu Niederbachheim <\/em>\u2014 <strong>zu 4) <\/strong><em>1) Wilhelmine Antonette Bickel, Ehefrau des Kirchenraths Bickel zu Brandoberdorf; 2) Johanne Ernestine Friederike Wilhelmine Reitz von Dornholzhausen; 3) Berthold Reinhard Vogel von Kirberg<\/em><\/span><\/p>\n<hr \/>\n<p><span style=\"font-size: 10pt; font-family: times new roman, times, serif;\"><strong>Letzte \u00c4nderung: 10. August 2023<\/strong><\/span><br \/>\n<span style=\"font-size: 10pt; font-family: times new roman, times, serif;\"><strong>Ralph Jackmuth<\/strong><\/span><\/p>\n","protected":false},"excerpt":{"rendered":"<p>Rhodius, Georg Henrich: konf. 07.04.1667 Schweighausen Rhod, Anna Rosina: konf. 22.05.1670 Schweighausen Rhod, Johann Henrich: 1707 Diakon in Nassau; 1713-1731 Pfarrer in Schweighausen und Becheln als Nachfolger von Georg Jakob Kohlermann (Wahlspruch lt. Pfarrerliste am Beginn des KB: \u201eJesum amare sapientia prima\u201c (Jesus lieben ist die erste Weisheit)), 1731-1749 Pfarrer in Dornholzhausen; \u2014 * 24.11.1680 &hellip; <a href=\"https:\/\/www.ahnenforschung-jackmuth.de\/?page_id=10409\" class=\"more-link\"><span class=\"screen-reader-text\">\u201eOFB Schweighausen &#8211; Rhod\u201c<\/span> weiterlesen<\/a><\/p>\n","protected":false},"author":1,"featured_media":0,"parent":0,"menu_order":0,"comment_status":"closed","ping_status":"closed","template":"","meta":{"footnotes":""},"class_list":["post-10409","page","type-page","status-publish","hentry"],"_links":{"self":[{"href":"https:\/\/www.ahnenforschung-jackmuth.de\/index.php?rest_route=\/wp\/v2\/pages\/10409","targetHints":{"allow":["GET"]}}],"collection":[{"href":"https:\/\/www.ahnenforschung-jackmuth.de\/index.php?rest_route=\/wp\/v2\/pages"}],"about":[{"href":"https:\/\/www.ahnenforschung-jackmuth.de\/index.php?rest_route=\/wp\/v2\/types\/page"}],"author":[{"embeddable":true,"href":"https:\/\/www.ahnenforschung-jackmuth.de\/index.php?rest_route=\/wp\/v2\/users\/1"}],"replies":[{"embeddable":true,"href":"https:\/\/www.ahnenforschung-jackmuth.de\/index.php?rest_route=%2Fwp%2Fv2%2Fcomments&post=10409"}],"version-history":[{"count":0,"href":"https:\/\/www.ahnenforschung-jackmuth.de\/index.php?rest_route=\/wp\/v2\/pages\/10409\/revisions"}],"wp:attachment":[{"href":"https:\/\/www.ahnenforschung-jackmuth.de\/index.php?rest_route=%2Fwp%2Fv2%2Fmedia&parent=10409"}],"curies":[{"name":"wp","href":"https:\/\/api.w.org\/{rel}","templated":true}]}}