{"id":10406,"date":"2023-08-10T09:38:11","date_gmt":"2023-08-10T09:38:11","guid":{"rendered":"http:\/\/www.ahnenforschung-jackmuth.de\/?page_id=10406"},"modified":"2024-06-08T14:23:15","modified_gmt":"2024-06-08T14:23:15","slug":"ofb-schweighausen-rheinfeld-rheifeld-reifert-reufert","status":"publish","type":"page","link":"https:\/\/www.ahnenforschung-jackmuth.de\/?page_id=10406","title":{"rendered":"OFB Schweighausen &#8211; Rheinfeld, R(h)eifeld, Reifert, Reufert"},"content":{"rendered":"<p><span style=\"font-family: times new roman, times, serif; font-size: 10pt;\">Familie von Viehhirten in der Pfarrei Dornholzhausen, in Oberwies und Schweighausen (siehe <a href=\"http:\/\/www.ahnenforschung-jackmuth.de\/?page_id=8775\">OFB Oberwies<\/a>)<\/span><\/p>\n<hr \/>\n<p><span style=\"font-family: times new roman, times, serif; font-size: 10pt;\"><span style=\"color: #ff0000;\"><strong><u>Reifeld<\/u><\/strong><strong>, Johann Nikolaus:<\/strong> <\/span>Viehhirte in Schweighausen; + 29.11.1730 Schweighausen (bg. 30.11.), 58 Jahre alt (siehe OFB Oberwies)<\/span><\/p>\n<hr \/>\n<p><span style=\"font-family: times new roman, times, serif; font-size: 10pt;\"><span style=\"color: #ff0000;\"><strong><u>Rheinfeld<\/u><\/strong><strong>, Luzia Margaretha:<\/strong> <\/span>+ 09.02.1732 Schweighausen, 70 Jahre alt (bg. 10.02.), Witwe des Nikolaus Rheinfeld, Hirte in Schweighausen (siehe OFB Oberwies)<\/span><\/p>\n<hr \/>\n<p><span style=\"font-family: times new roman, times, serif; font-size: 10pt;\"><span style=\"color: #ff0000;\"><strong><u>Reufert<\/u>, Anton:<\/strong> <\/span>Kuhhirtensohn; evtl. oo 27.02.1784 Schweighausen mit Katharina Margaretha Pulch<\/span><\/p>\n<p><span style=\"font-family: times new roman, times, serif; font-size: 10pt;\"><strong>o-o<\/strong> mit <strong><u>Metz<\/u>, Anna Maria: <\/strong>* 27.02.1749 Schweighausen (gt. 02.03.); konf. 01.06.1762; bg. 08.09.1786 Braubach; Eltern: Johann Gottfried Metz und Maria Margaretha; oo 19.03.1771 Braubach mit Friedrich Henrich S\u00fcnner aus Braubach<\/span><\/p>\n<p><span style=\"font-family: times new roman, times, serif; font-size: 10pt;\">Die Eltern werden vom Pfarrer als \u201eHurengesindel\u201c und der Sohn als \u201eHurenkind\u201c bezeichnet.<\/span><\/p>\n<table style=\"width: 100%;\">\n<tbody>\n<tr>\n<td style=\"text-align: center; width: 5.95238%;\" width=\"21\"><span style=\"font-family: times new roman, times, serif; font-size: 10pt;\"><strong>Nr.<\/strong><\/span><\/td>\n<td style=\"width: 18.3333%;\" width=\"129\"><span style=\"font-family: times new roman, times, serif; font-size: 10pt;\"><strong>VN normiert<\/strong><\/span><\/td>\n<td style=\"text-align: center; width: 13.3333%;\" width=\"84\"><span style=\"font-family: times new roman, times, serif; font-size: 10pt;\"><strong>Geburt<\/strong><\/span><\/td>\n<td style=\"text-align: center; width: 12.5%;\" width=\"78\"><span style=\"font-family: times new roman, times, serif; font-size: 10pt;\"><strong>Taufe<\/strong><\/span><\/td>\n<td style=\"text-align: center; width: 10.8333%;\" width=\"65\"><span style=\"font-family: times new roman, times, serif; font-size: 10pt;\"><strong>konf.<\/strong><\/span><\/td>\n<td style=\"text-align: center; width: 11.4286%;\" width=\"70\"><span style=\"font-family: times new roman, times, serif; font-size: 10pt;\"><strong>gestorben<\/strong><\/span><\/td>\n<td style=\"text-align: center; width: 11.9048%;\" width=\"73\"><span style=\"font-family: times new roman, times, serif; font-size: 10pt;\"><strong>begraben<\/strong><\/span><\/td>\n<td style=\"text-align: center; width: 8.09524%;\" width=\"45\"><span style=\"font-family: times new roman, times, serif; font-size: 10pt;\"><strong>Alter<\/strong><\/span><\/td>\n<td style=\"text-align: center; width: 7.38095%;\" width=\"40\"><span style=\"font-family: times new roman, times, serif; font-size: 10pt;\"><strong>Stand<\/strong><\/span><\/td>\n<\/tr>\n<tr>\n<td style=\"text-align: center; width: 5.95238%;\" width=\"21\"><span style=\"font-family: times new roman, times, serif; font-size: 10pt;\">1<\/span><\/td>\n<td style=\"width: 18.3333%;\" width=\"129\"><span style=\"font-family: times new roman, times, serif; font-size: 10pt;\">Johannes<\/span><\/td>\n<td style=\"text-align: center; width: 13.3333%;\" width=\"84\"><span style=\"font-family: times new roman, times, serif; font-size: 10pt;\">02.06.1766<\/span><\/td>\n<td style=\"text-align: center; width: 12.5%;\" width=\"78\"><\/td>\n<td style=\"text-align: center; width: 10.8333%;\" width=\"65\"><\/td>\n<td style=\"text-align: center; width: 11.4286%;\" width=\"70\"><span style=\"font-family: times new roman, times, serif; font-size: 10pt;\">20.06.1766<\/span><\/td>\n<td style=\"text-align: center; width: 11.9048%;\" width=\"73\"><\/td>\n<td style=\"text-align: center; width: 8.09524%;\" width=\"45\"><span style=\"font-family: times new roman, times, serif; font-size: 10pt;\">0,05<\/span><\/td>\n<td style=\"text-align: center; width: 7.38095%;\" width=\"40\"><\/td>\n<\/tr>\n<\/tbody>\n<\/table>\n<p><span style=\"font-family: times new roman, times, serif; font-size: 10pt;\"><strong>Pate:<\/strong> <em>Johannes Metz, der Hure Bruder<\/em><\/span><\/p>\n<hr \/>\n<p style=\"text-align: justify;\"><span style=\"font-family: times new roman, times, serif; font-size: 10pt;\"><span style=\"color: #ff0000;\"><strong><u>Reifert<\/u>, Eva Katharina:<\/strong> <\/span>+ 31.08.1776 Schweighausen, an einem Geschwulst, 25 Jahre, 1 Monat und 10 Tage alt (bg. 02.09); Tochter des verst. Johann Peter Reifert, Viehhirte (siehe OFB Oberwies)<\/span><\/p>\n<hr \/>\n<p style=\"text-align: justify;\"><span style=\"font-family: times new roman, times, serif; font-size: 10pt;\"><span style=\"color: #ff0000;\"><strong><u>Reifert geb. Schmidt<\/u>, Elisabeth Katharina:<\/strong> <\/span>+ 12.03.1780 Schweighausen, 69 Jahre, 1 Monat, 17 Tage alt (bg. 14.03.), hat mit ihrem Sohn und ihrer Tochter \u00fcber 7 Jahre das Vieh in Schweighausen geh\u00fctet; * 24.01.1711 Berg (gt. 01.02.); konf. 28.03.1723 Dornholzhausen; Eltern: Johann Eberhard Schmidt, Hirte in Berg und Dessighofen, und Elisabeth Margaretha; oo 01.11.1735 Dornholzhausen mit Peter Reifel\/Reifert, Viehhirte (siehe OFB Oberwies)<\/span><\/p>\n<hr \/>\n<p style=\"text-align: justify;\"><span style=\"font-family: times new roman, times, serif; font-size: 10pt;\"><span style=\"color: #ff0000;\"><strong><u>Reifert\/R(h)ei(n)feld\/Reifelt<\/u><\/strong><strong>, Anna Eva<\/strong><strong>:<\/strong> <\/span>* 07.08.1736 Dornholzhausen (gt. 10.08.); + 16.02.1810 Becheln (bg. 17.02.); Eltern: Peter Reifert\/R(h)ei(n)feld\/ Reifelt, Viehhirte, und Elisabeth Katharina geb. Schmidt (siehe OFB Oberwies)<\/span><\/p>\n<p style=\"text-align: justify;\"><span style=\"font-family: times new roman, times, serif; font-size: 10pt;\"><strong>oo 15.02.1785 Schweighausen<\/strong> (prokl. 06.02., 13.02.) mit <strong><u>Fr\u00fchling<\/u>, Johannes:<\/strong> dermaliger Hirtenknecht allhier; aus W\u00fcrges (Bad Camberg)<\/span><\/p>\n<p style=\"text-align: justify;\"><span style=\"font-family: times new roman, times, serif; font-size: 10pt;\">Eintragstext: <em>Den 15 Februar sind Johannes Fr\u00fchling, aus W\u00fcrges hinter Limburg geb\u00fcrtig, pap. Religion und dermahliger Hirtenknecht allhir, und Anna Eva Rheifeldtin, des hiesigen Hirten David Reifferts Schwester \/: wie ihr Vatter, der auch ein Hirt war, mit dem Vornahmen gehei\u00dfen, wei\u00df ich nicht :\/ ehelich eingesegnet worden, welche Eheleute gleich darauf auf Gi\u00dfhubel gewandert, um dort als Hirtenleute das Vieh zu h\u00fcten. Gott sey mit ihnen.<\/em><\/span><\/p>\n<hr \/>\n<p style=\"text-align: justify;\"><span style=\"font-family: times new roman, times, serif; font-size: 10pt;\"><span style=\"color: #ff0000;\"><strong><u>Rheifeld<\/u><\/strong><strong>, Johann David:<\/strong> <\/span>Hirte in Schweighausen; * 24.06.1740 Oberwies (gt. 29.06.); + 26.02.1808 Dornholzhausen (bg. 28.02.); Eltern: Peter Reifel und Elisabeth Katharina geb. Schmidt<\/span><\/p>\n<p style=\"text-align: justify;\"><span style=\"font-family: times new roman, times, serif; font-size: 10pt;\"><strong>oo I. 13.04.1784 Schweighausen<\/strong> (prokl. 21.03., 28.03., 04.04.) mit <strong><u>Pulch<\/u>, Anna Sophia:<\/strong> * 18.09.1744 Schweighausen (gt. 20.09.); konf. 05.06.1757; + 21.05.1789 Schweighausen (bg. 23.05.); Eltern: Georg Abraham Pulch und Anna Elisabeth geb. Bast<\/span><\/p>\n<p style=\"text-align: justify;\"><span style=\"font-family: times new roman, times, serif; font-size: 10pt;\"><strong>oo II. 05.09.1790 Dornholzhausen <\/strong>mit <strong><u>Dattner<\/u>, Anna Wilhelmina:<\/strong> * 27.09.1765 Dornholzhausen; konf. 08.04.1781; + 21.01.1811 Dornholzhausen (bg. 23.01.); Eltern: Johann Gottfried Dattner und Margaretha Elisabeth geb. Zappey<\/span><\/p>\n<table style=\"width: 100%;\">\n<tbody>\n<tr>\n<td style=\"text-align: center; width: 5.71429%;\" width=\"23\"><span style=\"font-family: times new roman, times, serif; font-size: 10pt;\"><strong>Nr.<\/strong><\/span><\/td>\n<td style=\"width: 18.9286%;\" width=\"130\"><span style=\"font-family: times new roman, times, serif; font-size: 10pt;\"><strong>VN normiert<\/strong><\/span><\/td>\n<td style=\"text-align: center; width: 12.2619%;\" width=\"76\"><span style=\"font-family: times new roman, times, serif; font-size: 10pt;\"><strong>Geburt<\/strong><\/span><\/td>\n<td style=\"text-align: center; width: 11.4286%;\" width=\"70\"><span style=\"font-family: times new roman, times, serif; font-size: 10pt;\"><strong>Taufe<\/strong><\/span><\/td>\n<td style=\"text-align: center; width: 12.1429%;\" width=\"75\"><span style=\"font-family: times new roman, times, serif; font-size: 10pt;\"><strong>konf.<\/strong><\/span><\/td>\n<td style=\"text-align: center; width: 11.6667%;\" width=\"71\"><span style=\"font-family: times new roman, times, serif; font-size: 10pt;\"><strong>gestorben<\/strong><\/span><\/td>\n<td style=\"text-align: center; width: 11.9048%;\" width=\"73\"><span style=\"font-family: times new roman, times, serif; font-size: 10pt;\"><strong>begraben<\/strong><\/span><\/td>\n<td style=\"text-align: center; width: 8.45238%;\" width=\"48\"><span style=\"font-family: times new roman, times, serif; font-size: 10pt;\"><strong>Alter<\/strong><\/span><\/td>\n<td style=\"text-align: center; width: 7.26191%;\" width=\"39\"><span style=\"font-family: times new roman, times, serif; font-size: 10pt;\"><strong>Stand<\/strong><\/span><\/td>\n<\/tr>\n<tr>\n<td style=\"text-align: center; width: 5.71429%;\" width=\"23\"><span style=\"font-family: times new roman, times, serif; font-size: 10pt;\">1<\/span><\/td>\n<td style=\"width: 18.9286%;\" width=\"130\"><span style=\"font-family: times new roman, times, serif; font-size: 10pt;\">Maria Elisabeth<\/span><\/td>\n<td style=\"text-align: center; width: 12.2619%;\" width=\"76\"><span style=\"font-family: times new roman, times, serif; font-size: 10pt;\">14.10.1791<\/span><\/td>\n<td style=\"text-align: center; width: 11.4286%;\" width=\"70\"><span style=\"font-family: times new roman, times, serif; font-size: 10pt;\">16.10.1791<\/span><\/td>\n<td style=\"text-align: center; width: 12.1429%;\" width=\"75\"><\/td>\n<td style=\"text-align: center; width: 11.6667%;\" width=\"71\"><\/td>\n<td style=\"text-align: center; width: 11.9048%;\" width=\"73\"><\/td>\n<td style=\"text-align: center; width: 8.45238%;\" width=\"48\"><\/td>\n<td style=\"text-align: center; width: 7.26191%;\" width=\"39\"><\/td>\n<\/tr>\n<tr>\n<td style=\"text-align: center; width: 5.71429%;\"><span style=\"font-family: times new roman, times, serif; font-size: 10pt;\">2<\/span><\/td>\n<td style=\"width: 18.9286%;\"><span style=\"font-family: times new roman, times, serif; font-size: 10pt;\">Johann Philipp<\/span><\/td>\n<td style=\"text-align: center; width: 12.2619%;\"><span style=\"font-family: times new roman, times, serif; font-size: 10pt;\">15.02.1793<\/span><\/td>\n<td style=\"text-align: center; width: 11.4286%;\"><span style=\"font-family: times new roman, times, serif; font-size: 10pt;\">17.02.1793<\/span><\/td>\n<td style=\"text-align: center; width: 12.1429%;\"><span style=\"font-family: times new roman, times, serif; font-size: 10pt;\">10.05.1807<\/span><\/td>\n<td style=\"text-align: center; width: 11.6667%;\"><span style=\"font-family: times new roman, times, serif; font-size: 10pt;\">22.07.1812<\/span><\/td>\n<td style=\"text-align: center; width: 11.9048%;\"><span style=\"font-family: times new roman, times, serif; font-size: 10pt;\">24.07.1812<\/span><\/td>\n<td style=\"text-align: center; width: 8.45238%;\"><span style=\"font-family: times new roman, times, serif; font-size: 10pt;\">19,44<\/span><\/td>\n<td style=\"text-align: center; width: 7.26191%;\"><span style=\"font-family: times new roman, times, serif; font-size: 10pt;\">ledig<\/span><\/td>\n<\/tr>\n<\/tbody>\n<\/table>\n<p><span style=\"font-family: times new roman, times, serif; font-size: 10pt;\">Kind Nr. 1) und 2) * Dornholzhausen \u2014 Kind Nr. 2) + Dornholzhausen<br \/>\n<\/span><\/p>\n<p style=\"text-align: justify;\"><span style=\"font-family: times new roman, times, serif; font-size: 10pt;\"><strong>Paten: zu 1) <\/strong><em>Anna Maria Dattnerin und Henrietta Elisabetha, des Georg Phil. Stohl dahier Ehefrau, wie auch Joh. Daniel Klein vom Gi\u00dfh\u00fcbel <\/em>\u2014 <strong>zu 2) <\/strong><em>Joh. Philipp Rincker, wie auch Johannes Fr\u00fchling, Viehhirt auf Gi\u00dfh\u00fcbel, und Christina Catharina Dattnerin von hier<\/em><\/span><\/p>\n<hr \/>\n<p style=\"text-align: justify;\"><span style=\"font-family: times new roman, times, serif; font-size: 10pt;\"><span style=\"color: #ff0000;\"><strong><u>Rheifeld<\/u><\/strong><strong>, Johann Anton\/Th\u00f6nges: <\/strong><\/span>Soldat unter den Holl\u00e4ndern (1784), zeitlicher Sch\u00e4fer in Schweighausen (1803); * 27.04.1743 Dornholzhausen (gt. 01.05.); + 14.11.1803 Schweighausen (bg. 16.11.); Eltern: Peter Reifel und Elisabeth Katharina geb. Schmidt<\/span><\/p>\n<p style=\"text-align: justify;\"><span style=\"font-family: times new roman, times, serif; font-size: 10pt;\"><strong>oo 27.02.1784 Schweighausen<\/strong> (prokl. 1-3 22.02.1784) mit <strong><u>Pulch<\/u>, Katharina Margaretha:<\/strong> * 16.04.1758 Schweighausen (gt. 23.04.); + 10.07.1785 Schweighausen (bg. 12.07.); Eltern: Johann Melchior Pulch und Anna Margaretha geb. Thomae\/Thomas<\/span><\/p>\n<table style=\"width: 100%;\">\n<tbody>\n<tr>\n<td style=\"text-align: center; width: 5.47619%;\" width=\"21\"><span style=\"font-family: times new roman, times, serif; font-size: 10pt;\"><strong>Nr.<\/strong><\/span><\/td>\n<td style=\"width: 18.2143%;\" width=\"125\"><span style=\"font-family: times new roman, times, serif; font-size: 10pt;\"><strong>VN normiert<\/strong><\/span><\/td>\n<td style=\"text-align: center; width: 13.2143%;\" width=\"83\"><span style=\"font-family: times new roman, times, serif; font-size: 10pt;\"><strong>Geburt<\/strong><\/span><\/td>\n<td style=\"text-align: center; width: 13.2143%;\" width=\"83\"><span style=\"font-family: times new roman, times, serif; font-size: 10pt;\"><strong>Taufe<\/strong><\/span><\/td>\n<td style=\"text-align: center; width: 10.2381%;\" width=\"61\"><span style=\"font-family: times new roman, times, serif; font-size: 10pt;\"><strong>konf.<\/strong><\/span><\/td>\n<td style=\"text-align: center; width: 11.4286%;\" width=\"70\"><span style=\"font-family: times new roman, times, serif; font-size: 10pt;\"><strong>gestorben<\/strong><\/span><\/td>\n<td style=\"text-align: center; width: 12.381%;\" width=\"77\"><span style=\"font-family: times new roman, times, serif; font-size: 10pt;\"><strong>begraben<\/strong><\/span><\/td>\n<td style=\"text-align: center; width: 8.09524%;\" width=\"45\"><span style=\"font-family: times new roman, times, serif; font-size: 10pt;\"><strong>Alter<\/strong><\/span><\/td>\n<td style=\"text-align: center; width: 7.61905%;\" width=\"42\"><span style=\"font-family: times new roman, times, serif; font-size: 10pt;\"><strong>Stand<\/strong><\/span><\/td>\n<\/tr>\n<tr>\n<td style=\"text-align: center; width: 5.47619%;\" width=\"21\"><span style=\"font-family: times new roman, times, serif; font-size: 10pt;\">1<\/span><\/td>\n<td style=\"width: 18.2143%;\" width=\"125\"><span style=\"font-family: times new roman, times, serif; font-size: 10pt;\">Katharina Henrietta<\/span><\/td>\n<td style=\"text-align: center; width: 13.2143%;\" width=\"83\"><span style=\"font-family: times new roman, times, serif; font-size: 10pt;\">02.07.1785<\/span><\/td>\n<td style=\"text-align: center; width: 13.2143%;\" width=\"83\"><span style=\"font-family: times new roman, times, serif; font-size: 10pt;\">05.07.1785<\/span><\/td>\n<td style=\"text-align: center; width: 10.2381%;\" width=\"61\"><\/td>\n<td style=\"text-align: center; width: 11.4286%;\" width=\"70\"><span style=\"font-family: times new roman, times, serif; font-size: 10pt;\">02.04.1841<\/span><\/td>\n<td style=\"text-align: center; width: 12.381%;\" width=\"77\"><span style=\"font-family: times new roman, times, serif; font-size: 10pt;\">06.04.1841<\/span><\/td>\n<td style=\"text-align: center; width: 8.09524%;\" width=\"45\"><span style=\"font-family: times new roman, times, serif; font-size: 10pt;\">55,79<\/span><\/td>\n<td style=\"text-align: center; width: 7.61905%;\" width=\"42\"><span style=\"font-family: times new roman, times, serif; font-size: 10pt;\">verh.<\/span><\/td>\n<\/tr>\n<\/tbody>\n<\/table>\n<p style=\"text-align: justify;\"><span style=\"font-family: times new roman, times, serif; font-size: 10pt;\">Kind Nr. 1) + Becheln; Bem. im Sterbeeintrag: <em>Verehelichte sich 1805, den 28ten December mit Johann Jacob Wahl und wurde in dieser Ehe Mutter von 9 Kindern, 4 S\u00f6hne und 5 T\u00f6chtern, wovon 2 S\u00f6hne und 3 T\u00f6chter noch leben. <\/em>\u2014 \u00a0oo 28.12.1805 Becheln mit Johann Jakob Wahl (* 02.01.1778 Becheln; + 19.11.1846 Becheln; Eltern: Johann Friedrich Wahl und Elisabeth Magdalena geb. Ansel)<\/span><\/p>\n<p style=\"text-align: justify;\"><span style=\"font-family: times new roman, times, serif; font-size: 10pt;\"><strong>Paten: <\/strong><em>1) Anna Catharina, Joh. Gottfried Elperskirch ehe[liche] Hau\u00dffrau; 2) Henrietta Carolina, Joh. Georg Hofmans zu Na\u00dfau ehe[liche] Tochter; 3) Joh. Andreas, Joh. Gottfried Schmidts ehe[licher] Sohn allhir<\/em><\/span><\/p>\n<hr \/>\n<p><span style=\"font-size: 10pt; font-family: times new roman, times, serif;\"><strong>Letzte \u00c4nderung: 8. Juni 2024<\/strong><\/span><br \/>\n<span style=\"font-size: 10pt; font-family: times new roman, times, serif;\"><strong>Ralph Jackmuth<\/strong><\/span><\/p>\n","protected":false},"excerpt":{"rendered":"<p>Familie von Viehhirten in der Pfarrei Dornholzhausen, in Oberwies und Schweighausen (siehe OFB Oberwies) Reifeld, Johann Nikolaus: Viehhirte in Schweighausen; + 29.11.1730 Schweighausen (bg. 30.11.), 58 Jahre alt (siehe OFB Oberwies) Rheinfeld, Luzia Margaretha: + 09.02.1732 Schweighausen, 70 Jahre alt (bg. 10.02.), Witwe des Nikolaus Rheinfeld, Hirte in Schweighausen (siehe OFB Oberwies) Reufert, Anton: Kuhhirtensohn; &hellip; <a href=\"https:\/\/www.ahnenforschung-jackmuth.de\/?page_id=10406\" class=\"more-link\"><span class=\"screen-reader-text\">\u201eOFB Schweighausen &#8211; Rheinfeld, R(h)eifeld, Reifert, Reufert\u201c<\/span> weiterlesen<\/a><\/p>\n","protected":false},"author":1,"featured_media":0,"parent":0,"menu_order":0,"comment_status":"closed","ping_status":"closed","template":"","meta":{"footnotes":""},"class_list":["post-10406","page","type-page","status-publish","hentry"],"_links":{"self":[{"href":"https:\/\/www.ahnenforschung-jackmuth.de\/index.php?rest_route=\/wp\/v2\/pages\/10406","targetHints":{"allow":["GET"]}}],"collection":[{"href":"https:\/\/www.ahnenforschung-jackmuth.de\/index.php?rest_route=\/wp\/v2\/pages"}],"about":[{"href":"https:\/\/www.ahnenforschung-jackmuth.de\/index.php?rest_route=\/wp\/v2\/types\/page"}],"author":[{"embeddable":true,"href":"https:\/\/www.ahnenforschung-jackmuth.de\/index.php?rest_route=\/wp\/v2\/users\/1"}],"replies":[{"embeddable":true,"href":"https:\/\/www.ahnenforschung-jackmuth.de\/index.php?rest_route=%2Fwp%2Fv2%2Fcomments&post=10406"}],"version-history":[{"count":0,"href":"https:\/\/www.ahnenforschung-jackmuth.de\/index.php?rest_route=\/wp\/v2\/pages\/10406\/revisions"}],"wp:attachment":[{"href":"https:\/\/www.ahnenforschung-jackmuth.de\/index.php?rest_route=%2Fwp%2Fv2%2Fmedia&parent=10406"}],"curies":[{"name":"wp","href":"https:\/\/api.w.org\/{rel}","templated":true}]}}