{"id":10402,"date":"2023-08-10T09:23:57","date_gmt":"2023-08-10T09:23:57","guid":{"rendered":"http:\/\/www.ahnenforschung-jackmuth.de\/?page_id=10402"},"modified":"2023-08-10T09:23:57","modified_gmt":"2023-08-10T09:23:57","slug":"ofb-schweighausen-vales","status":"publish","type":"page","link":"https:\/\/www.ahnenforschung-jackmuth.de\/?page_id=10402","title":{"rendered":"OFB Schweighausen &#8211; Vales"},"content":{"rendered":"<p style=\"text-align: justify;\"><span style=\"font-family: times new roman, times, serif; font-size: 10pt;\"><span style=\"color: #ff0000;\"><strong><u>Vales<\/u>, Philipp Christoph:<\/strong> <\/span>ref.; Zimmermann in Schweighausen, vorher in Nassau; * 04.08.1772 Nassau (gt. 06.08.); + 24.06.1853 Schweighausen (bg. 27.06.); Eltern: Johann Christian Vales (Valesius), Zimmermeister, und Maria Katharina (Nassau, ref. Gem., KB 2, Bild 136 auf archion.de)<\/span><\/p>\n<p style=\"text-align: justify;\"><span style=\"font-family: times new roman, times, serif; font-size: 10pt;\"><strong>oo 26.02.1804 Nassau<\/strong> (Nassau, ref. Gem., KB 3, Bild 51 auf archion.de) mit <strong><u>Christ<\/u>, Maria Elisabeth:<\/strong> lutherisch; * 03.03.1783 Schweighausen (gt. 06.03.); + 26.08.1835 Schweighausen (bg. 28.08.); Eltern: Johann Thiel Christ und Christina Katharina geb. May<\/span><\/p>\n<table style=\"width: 100%;\">\n<tbody>\n<tr>\n<td style=\"text-align: center; width: 5.59524%;\" width=\"21\"><span style=\"font-family: times new roman, times, serif; font-size: 10pt;\"><strong>Nr.<\/strong><\/span><\/td>\n<td style=\"width: 17.7381%;\" width=\"122\"><span style=\"font-family: times new roman, times, serif; font-size: 10pt;\"><strong>VN normiert<\/strong><\/span><\/td>\n<td style=\"text-align: center; width: 13.0952%;\" width=\"82\"><span style=\"font-family: times new roman, times, serif; font-size: 10pt;\"><strong>Geburt<\/strong><\/span><\/td>\n<td style=\"text-align: center; width: 13.0952%;\" width=\"82\"><span style=\"font-family: times new roman, times, serif; font-size: 10pt;\"><strong>Taufe<\/strong><\/span><\/td>\n<td style=\"text-align: center; width: 11.3095%;\" width=\"69\"><span style=\"font-family: times new roman, times, serif; font-size: 10pt;\"><strong>konf.<\/strong><\/span><\/td>\n<td style=\"text-align: center; width: 11.3095%;\" width=\"69\"><span style=\"font-family: times new roman, times, serif; font-size: 10pt;\"><strong>gestorben<\/strong><\/span><\/td>\n<td style=\"text-align: center; width: 12.381%;\" width=\"77\"><span style=\"font-family: times new roman, times, serif; font-size: 10pt;\"><strong>begraben<\/strong><\/span><\/td>\n<td style=\"text-align: center; width: 7.97619%;\" width=\"44\"><span style=\"font-family: times new roman, times, serif; font-size: 10pt;\"><strong>Alter<\/strong><\/span><\/td>\n<td style=\"text-align: center; width: 7.5%;\" width=\"41\"><span style=\"font-family: times new roman, times, serif; font-size: 10pt;\"><strong>Stand<\/strong><\/span><\/td>\n<\/tr>\n<tr>\n<td style=\"text-align: center; width: 5.59524%;\" width=\"21\"><span style=\"font-family: times new roman, times, serif; font-size: 10pt;\">1<\/span><\/td>\n<td style=\"width: 17.7381%;\" width=\"122\"><span style=\"font-family: times new roman, times, serif; font-size: 10pt;\">Elisabeth Jakobina<\/span><\/td>\n<td style=\"text-align: center; width: 13.0952%;\" width=\"82\"><span style=\"font-family: times new roman, times, serif; font-size: 10pt;\">30.11.1804<\/span><\/td>\n<td style=\"text-align: center; width: 13.0952%;\" width=\"82\"><span style=\"font-family: times new roman, times, serif; font-size: 10pt;\">02.12.1804<\/span><\/td>\n<td style=\"text-align: center; width: 11.3095%;\" width=\"69\"><span style=\"font-family: times new roman, times, serif; font-size: 10pt;\">10.05.1818<\/span><\/td>\n<td style=\"text-align: center; width: 11.3095%;\" width=\"69\"><span style=\"font-family: times new roman, times, serif; font-size: 10pt;\">12.10.1823<\/span><\/td>\n<td style=\"text-align: center; width: 12.381%;\" width=\"77\"><span style=\"font-family: times new roman, times, serif; font-size: 10pt;\">14.10.1823<\/span><\/td>\n<td style=\"text-align: center; width: 7.97619%;\" width=\"44\"><span style=\"font-family: times new roman, times, serif; font-size: 10pt;\">18,88<\/span><\/td>\n<td style=\"text-align: center; width: 7.5%;\" width=\"41\"><span style=\"font-family: times new roman, times, serif; font-size: 10pt;\">verh.<\/span><\/td>\n<\/tr>\n<tr>\n<td style=\"text-align: center; width: 5.59524%;\" width=\"21\"><span style=\"font-family: times new roman, times, serif; font-size: 10pt;\">2<\/span><\/td>\n<td style=\"width: 17.7381%;\" width=\"122\"><span style=\"font-family: times new roman, times, serif; font-size: 10pt;\">Johann Friedrich<\/span><\/td>\n<td style=\"text-align: center; width: 13.0952%;\" width=\"82\"><span style=\"font-family: times new roman, times, serif; font-size: 10pt;\">17.09.1806<\/span><\/td>\n<td style=\"text-align: center; width: 13.0952%;\" width=\"82\"><span style=\"font-family: times new roman, times, serif; font-size: 10pt;\">21.09.1806<\/span><\/td>\n<td style=\"text-align: center; width: 11.3095%;\" width=\"69\"><\/td>\n<td style=\"text-align: center; width: 11.3095%;\" width=\"69\"><\/td>\n<td style=\"text-align: center; width: 12.381%;\" width=\"77\"><\/td>\n<td style=\"text-align: center; width: 7.97619%;\" width=\"44\"><\/td>\n<td style=\"text-align: center; width: 7.5%;\" width=\"41\"><\/td>\n<\/tr>\n<tr>\n<td style=\"text-align: center; width: 5.59524%;\"><span style=\"font-family: times new roman, times, serif; font-size: 10pt;\">3<\/span><\/td>\n<td style=\"width: 17.7381%;\"><span style=\"font-family: times new roman, times, serif; font-size: 10pt;\">Johann Jakob<\/span><\/td>\n<td style=\"text-align: center; width: 13.0952%;\"><span style=\"font-family: times new roman, times, serif; font-size: 10pt;\">02.11.1808<\/span><\/td>\n<td style=\"text-align: center; width: 13.0952%;\"><span style=\"font-family: times new roman, times, serif; font-size: 10pt;\">13.11.1808<\/span><\/td>\n<td style=\"text-align: center; width: 11.3095%;\"><\/td>\n<td style=\"text-align: center; width: 11.3095%;\"><\/td>\n<td style=\"text-align: center; width: 12.381%;\"><\/td>\n<td style=\"text-align: center; width: 7.97619%;\"><\/td>\n<td style=\"text-align: center; width: 7.5%;\"><span style=\"font-family: times new roman, times, serif; font-size: 10pt;\">verh.<\/span><\/td>\n<\/tr>\n<tr>\n<td style=\"text-align: center; width: 5.59524%;\"><span style=\"font-family: times new roman, times, serif; font-size: 10pt;\">4<\/span><\/td>\n<td style=\"width: 17.7381%;\"><span style=\"font-family: times new roman, times, serif; font-size: 10pt;\">Philipp<\/span><\/td>\n<td style=\"text-align: center; width: 13.0952%;\"><span style=\"font-family: times new roman, times, serif; font-size: 10pt;\">16.11.1811<\/span><\/td>\n<td style=\"text-align: center; width: 13.0952%;\"><span style=\"font-family: times new roman, times, serif; font-size: 10pt;\">24.11.1808<\/span><\/td>\n<td style=\"text-align: center; width: 11.3095%;\"><\/td>\n<td style=\"text-align: center; width: 11.3095%;\"><\/td>\n<td style=\"text-align: center; width: 12.381%;\"><\/td>\n<td style=\"text-align: center; width: 7.97619%;\"><\/td>\n<td style=\"text-align: center; width: 7.5%;\"><span style=\"font-family: times new roman, times, serif; font-size: 10pt;\">verh.<\/span><\/td>\n<\/tr>\n<tr>\n<td style=\"text-align: center; width: 5.59524%;\"><span style=\"font-family: times new roman, times, serif; font-size: 10pt;\">5<\/span><\/td>\n<td style=\"width: 17.7381%;\"><span style=\"font-family: times new roman, times, serif; font-size: 10pt;\">Anna Maria<\/span><\/td>\n<td style=\"text-align: center; width: 13.0952%;\"><span style=\"font-family: times new roman, times, serif; font-size: 10pt;\">07.03.1815<\/span><\/td>\n<td style=\"text-align: center; width: 13.0952%;\"><span style=\"font-family: times new roman, times, serif; font-size: 10pt;\">14.03.1815<\/span><\/td>\n<td style=\"text-align: center; width: 11.3095%;\"><\/td>\n<td style=\"text-align: center; width: 11.3095%;\"><span style=\"font-family: times new roman, times, serif; font-size: 10pt;\">29.09.1819<\/span><\/td>\n<td style=\"text-align: center; width: 12.381%;\"><span style=\"font-family: times new roman, times, serif; font-size: 10pt;\">02.10.1819<\/span><\/td>\n<td style=\"text-align: center; width: 7.97619%;\"><span style=\"font-family: times new roman, times, serif; font-size: 10pt;\">4,57<\/span><\/td>\n<td style=\"text-align: center; width: 7.5%;\"><\/td>\n<\/tr>\n<tr>\n<td style=\"text-align: center; width: 5.59524%;\"><span style=\"font-family: times new roman, times, serif; font-size: 10pt;\">6<\/span><\/td>\n<td style=\"width: 17.7381%;\"><span style=\"font-family: times new roman, times, serif; font-size: 10pt;\">Maria Philippine<\/span><\/td>\n<td style=\"text-align: center; width: 13.0952%;\"><span style=\"font-family: times new roman, times, serif; font-size: 10pt;\">06.05.1824<\/span><\/td>\n<td style=\"text-align: center; width: 13.0952%;\"><span style=\"font-family: times new roman, times, serif; font-size: 10pt;\">11.05.1824<\/span><\/td>\n<td style=\"text-align: center; width: 11.3095%;\"><span style=\"font-family: times new roman, times, serif; font-size: 10pt;\">03.06.1838<\/span><\/td>\n<td style=\"text-align: center; width: 11.3095%;\"><span style=\"font-family: times new roman, times, serif; font-size: 10pt;\">14.01.1878<\/span><\/td>\n<td style=\"text-align: center; width: 12.381%;\"><\/td>\n<td style=\"text-align: center; width: 7.97619%;\"><span style=\"font-family: times new roman, times, serif; font-size: 10pt;\">53,73<\/span><\/td>\n<td style=\"text-align: center; width: 7.5%;\"><span style=\"font-family: times new roman, times, serif; font-size: 10pt;\">verh.<\/span><\/td>\n<\/tr>\n<\/tbody>\n<\/table>\n<p style=\"text-align: justify;\"><span style=\"font-family: times new roman, times, serif; font-size: 10pt;\">Kind Nr. 1) * Nassau (Nassau, ref. Gem., KB 2, Bild 176 auf archion.de); + wenige Tage nach ihrer Niederkunft; oo 09.04.1822 Schweighausen mit Henrich Philipp May<br \/>\n<\/span><span style=\"font-family: times new roman, times, serif; font-size: 10pt;\">Kind Nr. 2) * Nassau (Nassau, ref. Gem., KB 2, Bild 178 auf archion.de)<br \/>\n<\/span><span style=\"font-family: times new roman, times, serif; font-size: 10pt;\">Kind Nr. 3) * Nassau (Nassau, ref. Gem., KB 2, Bild 180 auf archion.de); oo 07.02.1836 Schweighausen mit Christiane Elisabeth Hehner (* 18.04.1807 Oberwies)<br \/>\n<\/span><span style=\"font-family: times new roman, times, serif; font-size: 10pt;\">Kind Nr. 4) * Nassau (Nassau, ref. Gem., KB 2, Bild 188 auf archion.de); oo 1839 (prokl. 07.04., 14.04., 21.04.1839 Schweighausen) mit Johannetta Maria Elisabeth Spriestersbach (* 17.02.1822 Niedertiefenbach; Eltern: Johann Andreas Spriestersbach, Tagel\u00f6hner, und Maria Katharina geb. Bremser zu Niedertiefenbach)<br \/>\n<\/span><span style=\"font-family: times new roman, times, serif; font-size: 10pt;\">Kind Nr. 5) * Nassau (Nassau, ref. Gem., KB 2, Bild 195 auf archion.de); + Schweighausen, an der Ruhr<br \/>\n<\/span><span style=\"font-family: times new roman, times, serif; font-size: 10pt;\">Kind Nr. 6) Tagel\u00f6hnerin (lt. Traueintrag); * Schweighausen; Todesdatum ist Gegenvermerk im Taufeintrag; oo 17.11.1850 Schweighausen mit Philipp Andreas Ebelh\u00e4user, Tagel\u00f6hner zu Schweighausen; Familie wohnt in Schweighausen<\/span><\/p>\n<p style=\"text-align: justify;\"><span style=\"font-family: times new roman, times, serif; font-size: 10pt;\"><strong>Paten: zu 1) <\/strong><em>Der Schneidermeister Johann Andreas Kurz und Anna Luisa Jacobina, des k\u00f6nig[lich] preusischen &#8230; Sergeanten Kaufmanns Ehefrau, sodann Anna Elisabeth, des Christoph Lotzen von Freyendiez ehelich nachgelasene Tochter <\/em>\u2014 <strong>zu 2) <\/strong><em>Johann Gottfried, des Christ Thielen ehe[licher] Sohn von Schweighau\u00dfen; sodann der Schneidermeister Georg Friedrich Maul und Maria Elisabetha, des Amtsdiener Peter Bruchschmidt alhier seine Ehefrau <\/em>\u2014 <strong>zu 3) <\/strong><em>1) der Maurermeister Johann Jacob Balzer vom Berg Nassau; 2) Johann Jacob Hubert; und 3) Anna Elisabeth, des Gottfried Wendenius alhier Ehefrau <\/em>\u2014 <strong>zu 4) <\/strong><em>1) Andreas, des Christian Emmels ehelich lediger Sohn; 2) Philipp, des Johann Wilhelm Mauls ehelich lediger Sohn; 3)Maria Christiana, des Blasius Kurz von Ems ehelich ledige Tochter <\/em>\u2014 <strong>zu 5) <\/strong><em>1) Johann Georg Hee\u00df; 2) Maria Elisabeth, des Anton Hofmanns Ehefrau; 3) Anna Maria, des Georg Philipp Ochs Ehefrau <\/em>\u2014 <strong>zu 6) <\/strong><em>1) Henrich Philipp Mai, Tagl\u00f6hner in Schweighausen; 2) des Hofbest\u00e4nders Sommers Ehefrau von Buchholz<\/em><\/span><\/p>\n<hr \/>\n<p><span style=\"font-family: times new roman, times, serif; font-size: 10pt;\"><span style=\"color: #ff0000;\"><strong><u>Vales<\/u>, Johann Jakob:<\/strong> <\/span>Tagel\u00f6hner (1835); Maurermeister; * 02.11.1808 Nassau (gt. 13.11.); Eltern: Philipp Christoph Vales und Maria Elisabeth geb. Christ<\/span><\/p>\n<p style=\"text-align: justify;\"><span style=\"font-family: times new roman, times, serif; font-size: 10pt;\"><strong>oo I. 1835<\/strong> (prokl. 25.10., 01.11., 08.11. Schweighausen) mit <strong><u>Lamoral<\/u>, Elisabeth Magdalena:<\/strong> Diemstmagd in der Lumpenm\u00fchle; kath.; * 16.12.1812 Lumpenm\u00fchle bei Dornholzhausen; Tochter des M\u00fcllers und Witwers Johann Georg Lamoral und der unehelichen Anna Elisabeth Obel, Dienstmagd, wohnhaft in der Lumpenm\u00fchle<\/span><\/p>\n<p style=\"text-align: justify;\"><span style=\"font-family: times new roman, times, serif; font-size: 10pt;\"><strong>oo 07.02.1836 Schweighausen<\/strong> (prokl. 17.01., 24.01., 31.01.) mit <strong><u>Hehner<\/u>, Christiana Elisabeth:<\/strong> * illeg. 18.04.1807 Oberwies (gt. 19.04.); konf. 17.06.1821; Eltern: Philipp Henrich Back und Maria Christina Hehner<\/span><span style=\"font-family: times new roman, times, serif; font-size: 10pt;\"><em>\u00a0<\/em><\/span><\/p>\n<table style=\"width: 100%;\">\n<tbody>\n<tr>\n<td style=\"text-align: center; width: 5.59524%;\" width=\"21\"><span style=\"font-family: times new roman, times, serif; font-size: 10pt;\"><strong>Nr.<\/strong><\/span><\/td>\n<td style=\"width: 18.6905%;\" width=\"129\"><span style=\"font-family: times new roman, times, serif; font-size: 10pt;\"><strong>VN normiert<\/strong><\/span><\/td>\n<td style=\"text-align: center; width: 13.3333%;\" width=\"84\"><span style=\"font-family: times new roman, times, serif; font-size: 10pt;\"><strong>Geburt<\/strong><\/span><\/td>\n<td style=\"text-align: center; width: 13.3333%;\" width=\"84\"><span style=\"font-family: times new roman, times, serif; font-size: 10pt;\"><strong>Taufe<\/strong><\/span><\/td>\n<td style=\"text-align: center; width: 11.4286%;\" width=\"70\"><span style=\"font-family: times new roman, times, serif; font-size: 10pt;\"><strong>konf.<\/strong><\/span><\/td>\n<td style=\"text-align: center; width: 10.5952%;\" width=\"64\"><span style=\"font-family: times new roman, times, serif; font-size: 10pt;\"><strong>gestorben<\/strong><\/span><\/td>\n<td style=\"text-align: center; width: 11.6667%;\" width=\"72\"><span style=\"font-family: times new roman, times, serif; font-size: 10pt;\"><strong>begraben<\/strong><\/span><\/td>\n<td style=\"text-align: center; width: 7.85714%;\" width=\"43\"><span style=\"font-family: times new roman, times, serif; font-size: 10pt;\"><strong>Alter<\/strong><\/span><\/td>\n<td style=\"text-align: center; width: 7.38095%;\" width=\"40\"><span style=\"font-family: times new roman, times, serif; font-size: 10pt;\"><strong>Stand<\/strong><\/span><\/td>\n<\/tr>\n<tr>\n<td style=\"text-align: center; width: 5.59524%;\" width=\"21\"><span style=\"font-family: times new roman, times, serif; font-size: 10pt;\">1<\/span><\/td>\n<td style=\"width: 18.6905%;\" width=\"129\"><span style=\"font-family: times new roman, times, serif; font-size: 10pt;\">Anna Sophia Philippina<\/span><\/td>\n<td style=\"text-align: center; width: 13.3333%;\" width=\"84\"><span style=\"font-family: times new roman, times, serif; font-size: 10pt;\">20.01.1838<\/span><\/td>\n<td style=\"text-align: center; width: 13.3333%;\" width=\"84\"><span style=\"font-family: times new roman, times, serif; font-size: 10pt;\">28.01.1838<\/span><\/td>\n<td style=\"text-align: center; width: 11.4286%;\" width=\"70\"><span style=\"font-family: times new roman, times, serif; font-size: 10pt;\">11.04.1852<\/span><\/td>\n<td style=\"text-align: center; width: 10.5952%;\" width=\"64\"><\/td>\n<td style=\"text-align: center; width: 11.6667%;\" width=\"72\"><\/td>\n<td style=\"text-align: center; width: 7.85714%;\" width=\"43\"><\/td>\n<td style=\"text-align: center; width: 7.38095%;\" width=\"40\"><\/td>\n<\/tr>\n<tr>\n<td style=\"text-align: center; width: 5.59524%;\"><span style=\"font-family: times new roman, times, serif; font-size: 10pt;\">2<\/span><\/td>\n<td style=\"width: 18.6905%;\"><span style=\"font-family: times new roman, times, serif; font-size: 10pt;\">Johann Philipp Anton<\/span><\/td>\n<td style=\"text-align: center; width: 13.3333%;\"><span style=\"font-family: times new roman, times, serif; font-size: 10pt;\">28.08.1841<\/span><\/td>\n<td style=\"text-align: center; width: 13.3333%;\"><span style=\"font-family: times new roman, times, serif; font-size: 10pt;\">05.09.1841<\/span><\/td>\n<td style=\"text-align: center; width: 11.4286%;\"><\/td>\n<td style=\"text-align: center; width: 10.5952%;\"><\/td>\n<td style=\"text-align: center; width: 11.6667%;\"><\/td>\n<td style=\"text-align: center; width: 7.85714%;\"><\/td>\n<td style=\"text-align: center; width: 7.38095%;\"><\/td>\n<\/tr>\n<tr>\n<td style=\"text-align: center; width: 5.59524%;\"><span style=\"font-family: times new roman, times, serif; font-size: 10pt;\">3<\/span><\/td>\n<td style=\"width: 18.6905%;\"><span style=\"font-family: times new roman, times, serif; font-size: 10pt;\">Philipp Adam Peter<\/span><\/td>\n<td style=\"text-align: center; width: 13.3333%;\"><span style=\"font-family: times new roman, times, serif; font-size: 10pt;\">24.11.1844<\/span><\/td>\n<td style=\"text-align: center; width: 13.3333%;\"><span style=\"font-family: times new roman, times, serif; font-size: 10pt;\">01.12.1844<\/span><\/td>\n<td style=\"text-align: center; width: 11.4286%;\"><\/td>\n<td style=\"text-align: center; width: 10.5952%;\"><\/td>\n<td style=\"text-align: center; width: 11.6667%;\"><\/td>\n<td style=\"text-align: center; width: 7.85714%;\"><\/td>\n<td style=\"text-align: center; width: 7.38095%;\"><\/td>\n<\/tr>\n<\/tbody>\n<\/table>\n<p style=\"text-align: justify;\"><span style=\"font-family: times new roman, times, serif; font-size: 10pt;\">Kind Nr. 1) Bem. im Konfirmationseintrag:<em> Dieses Kind wurde wegen demn\u00e4chstiger Auswanderung mit seinen Eltern und Geschwistern nach Amerika nach erforderlicher Unterweisung im evangelisch-christlichen Glauben lutherischer Confesssion anstatt zu Pfingsten dieses Jahres schon jetzt von mir confirmirt mit Erlaubni\u00df des herzoglichen Decanats. Clemens Petsch, Pfarrer.<\/em><\/span><\/p>\n<p style=\"text-align: justify;\"><span style=\"font-size: 10pt;\"><span style=\"font-family: times new roman, times, serif;\"><strong>Paten: zu 1) <\/strong><em>1) Anna Sophia Fetz von Sulzbach; 2) Philippine Schmidt von Singhofen; 3) Philipp Vales von Schweighausen <\/em>\u2014 <strong>zu 2) <\/strong><em>1) Anton Wagner von Schweighausen; 2) Philipp Lorch von Oberwies; 3) Christiane Elisabethe Zoeller von Schweighausen <\/em>\u2014 <strong>zu 3) <\/strong><\/span><em><span style=\"font-family: times new roman, times, serif;\">1) Philipp Adam Christ von Oberbachheim; 2) Johann Peter Lorch von Oberwies; 3) Marie Philippine Vales von Schweighausen<\/span> <\/em><\/span><\/p>\n<hr \/>\n<p><span style=\"font-size: 10pt; font-family: times new roman, times, serif;\"><strong>Letzte \u00c4nderung: 10. August 2023<\/strong><\/span><br \/>\n<span style=\"font-size: 10pt; font-family: times new roman, times, serif;\"><strong>Ralph Jackmuth<\/strong><\/span><\/p>\n","protected":false},"excerpt":{"rendered":"<p>Vales, Philipp Christoph: ref.; Zimmermann in Schweighausen, vorher in Nassau; * 04.08.1772 Nassau (gt. 06.08.); + 24.06.1853 Schweighausen (bg. 27.06.); Eltern: Johann Christian Vales (Valesius), Zimmermeister, und Maria Katharina (Nassau, ref. Gem., KB 2, Bild 136 auf archion.de) oo 26.02.1804 Nassau (Nassau, ref. Gem., KB 3, Bild 51 auf archion.de) mit Christ, Maria Elisabeth: lutherisch; &hellip; <a href=\"https:\/\/www.ahnenforschung-jackmuth.de\/?page_id=10402\" class=\"more-link\"><span class=\"screen-reader-text\">\u201eOFB Schweighausen &#8211; Vales\u201c<\/span> weiterlesen<\/a><\/p>\n","protected":false},"author":1,"featured_media":0,"parent":0,"menu_order":0,"comment_status":"closed","ping_status":"closed","template":"","meta":{"footnotes":""},"class_list":["post-10402","page","type-page","status-publish","hentry"],"_links":{"self":[{"href":"https:\/\/www.ahnenforschung-jackmuth.de\/index.php?rest_route=\/wp\/v2\/pages\/10402","targetHints":{"allow":["GET"]}}],"collection":[{"href":"https:\/\/www.ahnenforschung-jackmuth.de\/index.php?rest_route=\/wp\/v2\/pages"}],"about":[{"href":"https:\/\/www.ahnenforschung-jackmuth.de\/index.php?rest_route=\/wp\/v2\/types\/page"}],"author":[{"embeddable":true,"href":"https:\/\/www.ahnenforschung-jackmuth.de\/index.php?rest_route=\/wp\/v2\/users\/1"}],"replies":[{"embeddable":true,"href":"https:\/\/www.ahnenforschung-jackmuth.de\/index.php?rest_route=%2Fwp%2Fv2%2Fcomments&post=10402"}],"version-history":[{"count":0,"href":"https:\/\/www.ahnenforschung-jackmuth.de\/index.php?rest_route=\/wp\/v2\/pages\/10402\/revisions"}],"wp:attachment":[{"href":"https:\/\/www.ahnenforschung-jackmuth.de\/index.php?rest_route=%2Fwp%2Fv2%2Fmedia&parent=10402"}],"curies":[{"name":"wp","href":"https:\/\/api.w.org\/{rel}","templated":true}]}}