{"id":10257,"date":"2023-04-26T19:00:24","date_gmt":"2023-04-26T19:00:24","guid":{"rendered":"http:\/\/www.ahnenforschung-jackmuth.de\/?page_id=10257"},"modified":"2023-08-12T09:34:33","modified_gmt":"2023-08-12T09:34:33","slug":"updates2023","status":"publish","type":"page","link":"https:\/\/www.ahnenforschung-jackmuth.de\/?page_id=10257","title":{"rendered":"Updates 2023"},"content":{"rendered":"<table style=\"width: 100%;\">\n<tbody>\n<tr>\n<td style=\"width: 13.2143%;\"><strong>Datum<\/strong><\/td>\n<td style=\"width: 22.8572%;\"><strong>Sektion<\/strong><\/td>\n<td style=\"width: 63.9285%;\"><strong>Update<\/strong><\/td>\n<\/tr>\n<tr>\n<td style=\"width: 13.2143%;\">26.04.2023<\/td>\n<td style=\"width: 22.8572%;\">Pfarrei Ems<\/td>\n<td style=\"width: 63.9285%;\">Ehen 1683-1817: Transcript und Index<br \/>\nRasbach als eigener Familienname<\/td>\n<\/tr>\n<tr>\n<td style=\"width: 13.2143%;\">19.07.2023<\/td>\n<td style=\"width: 22.8572%;\">OFB Niederbachheim<\/td>\n<td style=\"width: 63.9285%;\">Leinweber genannt Adler, Sohr<\/td>\n<\/tr>\n<tr>\n<td style=\"width: 13.2143%;\">19.07.2023<\/td>\n<td style=\"width: 22.8572%;\">OFB Fr\u00fccht<\/td>\n<td style=\"width: 63.9285%;\">Adler, Bau, Juden in Fr\u00fccht, Leizenbach, L\u00f6wenstein, Mangold, Neidh\u00f6fer, Pfeiffer, Rincker, R\u00f6hrig, Sch\u00fctz, Thorisch, Vietor, Wagner<\/td>\n<\/tr>\n<tr>\n<td style=\"width: 13.2143%;\">19.07.2023<\/td>\n<td style=\"width: 22.8572%;\">OFB Oberwies<\/td>\n<td style=\"width: 63.9285%;\">Gensmann, Heimann, May, Rotard oder Rudhard, Wagner<\/td>\n<\/tr>\n<tr>\n<td style=\"width: 13.2143%;\">09.08.2023<\/td>\n<td style=\"width: 22.8572%;\">OFB Schweighausen<\/td>\n<td style=\"width: 63.9285%;\">bis 1875<\/td>\n<\/tr>\n<tr>\n<td style=\"width: 13.2143%;\">10.08.2023<\/td>\n<td style=\"width: 22.8572%;\">OFB Schweighausen<\/td>\n<td style=\"width: 63.9285%;\">bis 1875<\/td>\n<\/tr>\n<tr>\n<td style=\"width: 13.2143%;\">11.08.2023<\/td>\n<td style=\"width: 22.8572%;\">ODB Oberwies<\/td>\n<td style=\"width: 63.9285%;\">Berth, Fr\u00fchling, Hinterweller, Kaffa, Maxeiner, M\u00fcller, Reifel, Wagner, Weis<\/td>\n<\/tr>\n<tr>\n<td style=\"width: 13.2143%;\">11.08.2023<\/td>\n<td style=\"width: 22.8572%;\">OFB Fr\u00fccht<\/td>\n<td style=\"width: 63.9285%;\">Adler, Elbert, Heck, Mangold, Liebenstein, Ottersbach, Schr\u00f6der, Tr\u00fcbenbach, Tybe, Zimmermann<\/td>\n<\/tr>\n<tr>\n<td style=\"width: 13.2143%;\">11.08.2023<\/td>\n<td style=\"width: 22.8572%;\">OFB Giesh\u00fcbel<\/td>\n<td style=\"width: 63.9285%;\">Ansel, Barth, Fr\u00fchling, Klein, M\u00fcller, Neidh\u00f6fer, Wagner<\/td>\n<\/tr>\n<tr>\n<td style=\"width: 13.2143%;\">11.08.2023<\/td>\n<td style=\"width: 22.8572%;\">OFB M\u00fchlen Dornholzhausen<\/td>\n<td style=\"width: 63.9285%;\">Jahn, Lamoral, Neu\u00df, Rosenberger, Schmidt<\/td>\n<\/tr>\n<tr>\n<td style=\"width: 13.2143%;\">11.08.2023<\/td>\n<td style=\"width: 22.8572%;\">OFB Spie\u00df<\/td>\n<td style=\"width: 63.9285%;\">Bornig, Eisenbart, Esch, Gilberg, G\u00f6bel, Hohl, Kaiser, Maus, M\u00f6seler, Reifert, Sch\u00e4ffer, Schapper, Schr\u00f6der, Schuhmacher, Tollfisch, Trappi, Wiering<\/td>\n<\/tr>\n<tr>\n<td style=\"width: 13.2143%;\">11.08.2023<\/td>\n<td style=\"width: 22.8572%;\">OFB Kehlbach<\/td>\n<td style=\"width: 63.9285%;\">Dattner, May, Pfeifer, Pristum, Prod<\/td>\n<\/tr>\n<tr>\n<td style=\"width: 13.2143%;\">11.08.2023<\/td>\n<td style=\"width: 22.8572%;\">OFB Oberbachheim<\/td>\n<td style=\"width: 63.9285%;\">Bochel, Ernst, Heinz<\/td>\n<\/tr>\n<tr>\n<td style=\"width: 13.2143%;\">11.08.2023<\/td>\n<td style=\"width: 22.8572%;\">OFB Winterwerb<\/td>\n<td style=\"width: 63.9285%;\">Hans<\/td>\n<\/tr>\n<tr>\n<td style=\"width: 13.2143%;\">11.08.2023<\/td>\n<td style=\"width: 22.8572%;\">OFB Niederbachheim<\/td>\n<td style=\"width: 63.9285%;\">Bachumb, Clo\u00df, Leinweber, M\u00fcller, Rhod, R\u00f6rig, Schmidt, Tr\u00fcbenbach, Winterwerber<\/td>\n<\/tr>\n<tr>\n<td style=\"width: 13.2143%;\">11.08.2023<\/td>\n<td style=\"width: 22.8572%;\">OFB Schweighausen<\/td>\n<td style=\"width: 63.9285%;\">Tr\u00fcbenbach<\/td>\n<\/tr>\n<tr>\n<td style=\"width: 13.2143%;\">12.08.2023<\/td>\n<td style=\"width: 22.8572%;\">OFB Schweighausen<\/td>\n<td style=\"width: 63.9285%;\">Dessighofer, Elberskirch, Kraft, Metz<\/td>\n<\/tr>\n<\/tbody>\n<\/table>\n<p>&nbsp;<\/p>\n","protected":false},"excerpt":{"rendered":"<p>Datum Sektion Update 26.04.2023 Pfarrei Ems Ehen 1683-1817: Transcript und Index Rasbach als eigener Familienname 19.07.2023 OFB Niederbachheim Leinweber genannt Adler, Sohr 19.07.2023 OFB Fr\u00fccht Adler, Bau, Juden in Fr\u00fccht, Leizenbach, L\u00f6wenstein, Mangold, Neidh\u00f6fer, Pfeiffer, Rincker, R\u00f6hrig, Sch\u00fctz, Thorisch, Vietor, Wagner 19.07.2023 OFB Oberwies Gensmann, Heimann, May, Rotard oder Rudhard, Wagner 09.08.2023 OFB Schweighausen bis &hellip; <a href=\"https:\/\/www.ahnenforschung-jackmuth.de\/?page_id=10257\" class=\"more-link\"><span class=\"screen-reader-text\">\u201eUpdates 2023\u201c<\/span> weiterlesen<\/a><\/p>\n","protected":false},"author":1,"featured_media":0,"parent":0,"menu_order":0,"comment_status":"closed","ping_status":"closed","template":"","meta":{"footnotes":""},"class_list":["post-10257","page","type-page","status-publish","hentry"],"_links":{"self":[{"href":"https:\/\/www.ahnenforschung-jackmuth.de\/index.php?rest_route=\/wp\/v2\/pages\/10257","targetHints":{"allow":["GET"]}}],"collection":[{"href":"https:\/\/www.ahnenforschung-jackmuth.de\/index.php?rest_route=\/wp\/v2\/pages"}],"about":[{"href":"https:\/\/www.ahnenforschung-jackmuth.de\/index.php?rest_route=\/wp\/v2\/types\/page"}],"author":[{"embeddable":true,"href":"https:\/\/www.ahnenforschung-jackmuth.de\/index.php?rest_route=\/wp\/v2\/users\/1"}],"replies":[{"embeddable":true,"href":"https:\/\/www.ahnenforschung-jackmuth.de\/index.php?rest_route=%2Fwp%2Fv2%2Fcomments&post=10257"}],"version-history":[{"count":0,"href":"https:\/\/www.ahnenforschung-jackmuth.de\/index.php?rest_route=\/wp\/v2\/pages\/10257\/revisions"}],"wp:attachment":[{"href":"https:\/\/www.ahnenforschung-jackmuth.de\/index.php?rest_route=%2Fwp%2Fv2%2Fmedia&parent=10257"}],"curies":[{"name":"wp","href":"https:\/\/api.w.org\/{rel}","templated":true}]}}