{"id":10234,"date":"2023-04-26T17:28:09","date_gmt":"2023-04-26T17:28:09","guid":{"rendered":"http:\/\/www.ahnenforschung-jackmuth.de\/?page_id=10234"},"modified":"2023-04-26T17:29:35","modified_gmt":"2023-04-26T17:29:35","slug":"ehen-ems-1683-1817-ortsindex-braut","status":"publish","type":"page","link":"https:\/\/www.ahnenforschung-jackmuth.de\/?page_id=10234","title":{"rendered":"Ems &#8211; Ehen 1683-1817 &#8211; Ortsindex Braut"},"content":{"rendered":"<p>Verzeichnet sind nur Orte von Ausw\u00e4rtigen ohne die ev. Pfarrei Ems (mit Ems, dem Bad und Kemmenau)<\/p>\n<table width=\"0\">\n<tbody>\n<tr>\n<td width=\"444\"><strong>Orte<\/strong><\/td>\n<td width=\"153\"><strong>Nr.<\/strong><\/td>\n<\/tr>\n<tr>\n<td width=\"444\">Altlay (Zell (Mosel), Lkr. Cochem-Zell)<\/td>\n<td width=\"153\">51<\/td>\n<\/tr>\n<tr>\n<td width=\"444\">Am\u00f6neburg (Lkr. Marburg-Biedenkopf)<\/td>\n<td width=\"153\">48<\/td>\n<\/tr>\n<tr>\n<td width=\"444\"><em>auf dem Rothenhan<\/em><\/td>\n<td width=\"153\">423<\/td>\n<\/tr>\n<tr>\n<td width=\"444\">Bacharach (Lkr. Mainz-Bingen)<\/td>\n<td width=\"153\">114, 135, 489<\/td>\n<\/tr>\n<tr>\n<td width=\"444\"><em>B\u00e4ck<\/em><\/td>\n<td width=\"153\">69<\/td>\n<\/tr>\n<tr>\n<td width=\"444\">Bad H\u00f6nningen (Lkr. Neuwied) oder H\u00f6nningen (VG Altenahr, Lkr. Ahrweiler)<\/td>\n<td width=\"153\">91<\/td>\n<\/tr>\n<tr>\n<td width=\"444\">Bad Vilbel (Wetteraukreis)<\/td>\n<td width=\"153\">288<\/td>\n<\/tr>\n<tr>\n<td width=\"444\">Ballenberg im Kirchspiel <em>Eckenhein<\/em> im Kurpf\u00e4lzischen<\/td>\n<td width=\"153\">143<\/td>\n<\/tr>\n<tr>\n<td width=\"444\">Becheln (Ems-Nassau, Rhein-Lahn-Kreis)<\/td>\n<td width=\"153\">500<\/td>\n<\/tr>\n<tr>\n<td width=\"444\">Becheln (Ems-Nassau, Rhein-Lahn-Kreis)<\/td>\n<td width=\"153\">502<\/td>\n<\/tr>\n<tr>\n<td width=\"444\">Berg (Nast\u00e4tten, Rhein-Lahn-Kreis)<\/td>\n<td width=\"153\">503<\/td>\n<\/tr>\n<tr>\n<td width=\"444\">Bettgenhausen (Seelbach, Altenkirchen-Flammersfeld, Lkr. Altenkirchen (Westerwald))<\/td>\n<td width=\"153\">35<\/td>\n<\/tr>\n<tr>\n<td width=\"444\">Boppard (Rhein-Hunsr\u00fcck-Kreis)<\/td>\n<td width=\"153\">58<\/td>\n<\/tr>\n<tr>\n<td width=\"444\">Braubach (Lorely, Rhein-Lahn-Kreis)<\/td>\n<td width=\"153\">73, 109, 259, 266, 513, 527, 547, 554, 593, 626, 627, 660, 664, 668, 700, 732, 764, 767, 780<\/td>\n<\/tr>\n<tr>\n<td width=\"444\">Bubenheim (Gau-Algesheim, Lkr. Mainz-Bingen)<\/td>\n<td width=\"153\">258<\/td>\n<\/tr>\n<tr>\n<td width=\"444\"><em>Crunaischer <\/em>Hof an der Lahn, genannt &#8222;zum Haus&#8220;<\/td>\n<td width=\"153\">132<\/td>\n<\/tr>\n<tr>\n<td width=\"444\">Dachsenhausen (Loreley, Rhein-Lahn-Kreis)<\/td>\n<td width=\"153\">345, 443, 541, 629, 719<\/td>\n<\/tr>\n<tr>\n<td width=\"444\">Darmstadt<\/td>\n<td width=\"153\">457, 561<\/td>\n<\/tr>\n<tr>\n<td width=\"444\">Dausenau (Ems-Nassau, Rhein-Lahn-Kreis)<\/td>\n<td width=\"153\">59, 97, 108, 193, 251, 332, 354, 464, 493, 569, 669, 734, 786<\/td>\n<\/tr>\n<tr>\n<td width=\"444\">Dernbach<\/td>\n<td width=\"153\">519<\/td>\n<\/tr>\n<tr>\n<td width=\"444\">Dessighofen (Ems-Nassau, Rhein-Lahn-Kreis)<\/td>\n<td width=\"153\">820<\/td>\n<\/tr>\n<tr>\n<td width=\"444\">Dieburg (Lkr. Darmstadt-Dieburg)<\/td>\n<td width=\"153\">386<\/td>\n<\/tr>\n<tr>\n<td width=\"444\">Dienethal (Ems-Nassau, Rhein-Lahn-Kreis)<\/td>\n<td width=\"153\">334<\/td>\n<\/tr>\n<tr>\n<td width=\"444\">Diethardt (Nast\u00e4tten, Rhein-Lahn-Kreis)<\/td>\n<td width=\"153\">774<\/td>\n<\/tr>\n<tr>\n<td width=\"444\">Diez (Rhein-Lahn-Kreis)<\/td>\n<td width=\"153\">532<\/td>\n<\/tr>\n<tr>\n<td width=\"444\">D\u00f6rsdorf (Aar-Einrich, Rhein-Lahn-Kreis)<\/td>\n<td width=\"153\">224<\/td>\n<\/tr>\n<tr>\n<td width=\"444\">Endlichhofen (Nast\u00e4tten, Rhein-Lahn-Kreis)<\/td>\n<td width=\"153\">247, 400<\/td>\n<\/tr>\n<tr>\n<td width=\"444\">Fachbach (Bad Ems-Nassau, Rhein-Lahn-Kreis)<\/td>\n<td width=\"153\">21, 467, 812<\/td>\n<\/tr>\n<tr>\n<td width=\"444\">Festung Ehrenbreitstein (Koblenz)<\/td>\n<td width=\"153\">1, 33, 86<\/td>\n<\/tr>\n<tr>\n<td width=\"444\">Fischbach (Herrstein, Lkr. Birkenfeld)<\/td>\n<td width=\"153\">113<\/td>\n<\/tr>\n<tr>\n<td width=\"444\">Fischbach aus dem Kurpf\u00e4lzischen, meint evtl. Fischbach (Dahner Felsenland, Lkr. S\u00fcdwestpfalz)<\/td>\n<td width=\"153\">470<\/td>\n<\/tr>\n<tr>\n<td width=\"444\">Frankfurt-Niederursel<\/td>\n<td width=\"153\">100<\/td>\n<\/tr>\n<tr>\n<td width=\"444\">Fr\u00fccht (Bad Ems-Nassau, Rhein-Lahn-Kreis)<\/td>\n<td width=\"153\">23, 140, 146, 154, 179, 600, 773, 242, 256,<\/td>\n<\/tr>\n<tr>\n<td width=\"444\"><em>G\u00e4nsing <\/em>im Kurpf\u00e4lzischen<\/td>\n<td width=\"153\">490<\/td>\n<\/tr>\n<tr>\n<td width=\"444\">Geisig (Bad Ems-Nassau, Rhein-Lahn-Kreis)<\/td>\n<td width=\"153\">239, 652<\/td>\n<\/tr>\n<tr>\n<td width=\"444\">Giesh\u00fcbel (Oberwies (Bad Ems-Nassau, Rhein-Lahn-Kreis))<\/td>\n<td width=\"153\">242, 256<\/td>\n<\/tr>\n<tr>\n<td width=\"444\">Grube Drei-K\u00f6nigs-Zug am Potzberg (Lkr. Kusel)<\/td>\n<td width=\"153\">831<\/td>\n<\/tr>\n<tr>\n<td width=\"444\">Hadamar (Lkr. Limburg-Weilburg)<\/td>\n<td width=\"153\">280<\/td>\n<\/tr>\n<tr>\n<td width=\"444\">Herborn (Lahn-Dill-Kreis)<\/td>\n<td width=\"153\">238, 733<\/td>\n<\/tr>\n<tr>\n<td width=\"444\">Hessen-Kassel<\/td>\n<td width=\"153\">62<\/td>\n<\/tr>\n<tr>\n<td width=\"444\"><em>Heu\u00dfer <\/em>Hof im Hessen-Rheinfelsischen<\/td>\n<td width=\"153\">603<\/td>\n<\/tr>\n<tr>\n<td width=\"444\">Hillscheid (H\u00f6hr-Grenzhausen, Westerwaldkreis)<\/td>\n<td width=\"153\">83<\/td>\n<\/tr>\n<tr>\n<td width=\"444\">Holzhausen \u00fcber Aar (Hohenstein, Rheingau-Taunus-Kreis)<\/td>\n<td width=\"153\">810<\/td>\n<\/tr>\n<tr>\n<td width=\"444\">H\u00f6mberg (Bad Ems-Nassau, Rhein-Lahn-Kreis)<\/td>\n<td width=\"153\">22, 198, 210, 351, 355<\/td>\n<\/tr>\n<tr>\n<td width=\"444\">Idstein (Rheingau-Taunus-Kreis)<\/td>\n<td width=\"153\">690<\/td>\n<\/tr>\n<tr>\n<td width=\"444\">Kadenbach (Bad Ems-Nassau, Rhein-Lahn-Kreis)<\/td>\n<td width=\"153\">5, 749<\/td>\n<\/tr>\n<tr>\n<td width=\"444\">Kaltenholzhausen (Aar-Einrich, Rhein-Lahn-Kreis))<\/td>\n<td width=\"153\">232<\/td>\n<\/tr>\n<tr>\n<td width=\"444\">Katzenelnbogen (Aar-Einrich, Rhein-Lahn-Kreis)<\/td>\n<td width=\"153\">66, 218<\/td>\n<\/tr>\n<tr>\n<td width=\"444\">Kettig (Wei\u00dfenthurm (Lkr. Mayen-Koblenz)<\/td>\n<td width=\"153\">71<\/td>\n<\/tr>\n<tr>\n<td width=\"444\">Kirchheimersborn (Ems-Nassau, Rhein-Lahn-Kreis; Pfarrei Spie\u00df)<\/td>\n<td width=\"153\">228, 866<\/td>\n<\/tr>\n<tr>\n<td width=\"444\">Klingelbach (Aar-Einrich, Rhein-Lahn-Kreis)<\/td>\n<td width=\"153\">471<\/td>\n<\/tr>\n<tr>\n<td width=\"444\">Koblenz<\/td>\n<td width=\"153\">28, 31, 54, 92, 522, 640, 708, 710, 898<\/td>\n<\/tr>\n<tr>\n<td width=\"444\">Koblenz-Ehrenbreitstein<\/td>\n<td width=\"153\">49, 55, 85<\/td>\n<\/tr>\n<tr>\n<td width=\"444\">Koblenz-Horchheim<\/td>\n<td width=\"153\">898<\/td>\n<\/tr>\n<tr>\n<td width=\"444\">Koblenz-Neuendorf<\/td>\n<td width=\"153\">87<\/td>\n<\/tr>\n<tr>\n<td width=\"444\">Langg\u00f6ns (Lkr. Gie\u00dfen)<\/td>\n<td width=\"153\">703<\/td>\n<\/tr>\n<tr>\n<td width=\"444\">Langwaden (Grevenbroich, Rhein-Kreis Neuss)<\/td>\n<td width=\"153\">414<\/td>\n<\/tr>\n<tr>\n<td width=\"444\">Laufenselden (Heidenrod, Rheingau-Taunus-Kreis)<\/td>\n<td width=\"153\">639<\/td>\n<\/tr>\n<tr>\n<td width=\"444\">Lollschied (Bad Ems-Nassau, Rhein-Lahn-Kreis)<\/td>\n<td width=\"153\">125<\/td>\n<\/tr>\n<tr>\n<td width=\"444\">Mayen (Lkr. Mayen-Koblenz)<\/td>\n<td width=\"153\">29<\/td>\n<\/tr>\n<tr>\n<td width=\"444\">Mechernich-Firmenich (Kreis Euskirchen)<\/td>\n<td width=\"153\">27, 71<\/td>\n<\/tr>\n<tr>\n<td width=\"444\">Mehren (Altenkirchen-Flammersfeld, Lkr. Altenkirchen (Westerwald))<\/td>\n<td width=\"153\">737<\/td>\n<\/tr>\n<tr>\n<td width=\"444\">Miehlen (Nast\u00e4tten, Rhein-Lahn-Kreis)<\/td>\n<td width=\"153\">56, 498, 586<\/td>\n<\/tr>\n<tr>\n<td width=\"444\">Misselberg: Mauch (Bad Ems-Nassau, Rhein-Lahn-Kreis)<\/td>\n<td width=\"153\">577, 325<\/td>\n<\/tr>\n<tr>\n<td width=\"444\">Mittelfischbach (Katzenelnbogen, Aar-Einrich, Rhein-Lahn-Kreis)<\/td>\n<td width=\"153\">134<\/td>\n<\/tr>\n<tr>\n<td width=\"444\">M\u00fchlheim<\/td>\n<td width=\"153\">304<\/td>\n<\/tr>\n<tr>\n<td width=\"444\">M\u00fcnchhausen (Lkr. Marburg-Biedenkopf)<\/td>\n<td width=\"153\">469<\/td>\n<\/tr>\n<tr>\n<td width=\"444\">Nassau (Bad Ems-Nassau, Rhein-Lahn-Kreis)<\/td>\n<td width=\"153\">10, 34, 162, 269, 381, 408, 545, 679, 778, 876<\/td>\n<\/tr>\n<tr>\n<td width=\"444\">Nassau-Scheuern (Bad Ems-Nassau, Rhein-Lahn-Kreis)<\/td>\n<td width=\"153\">191, 385, 392, 488<\/td>\n<\/tr>\n<tr>\n<td width=\"444\">Nassau: Hof Gutenau (Bad Ems-Nassau, Rhein-Lahn-Kreis)<\/td>\n<td width=\"153\">127<\/td>\n<\/tr>\n<tr>\n<td width=\"444\">Nast\u00e4tten (Rhein-Lahn-Kreis)<\/td>\n<td width=\"153\">480, 497, 533, 617<\/td>\n<\/tr>\n<tr>\n<td width=\"444\">Nattenhausen (= Attenhausen ? (Bad Ems-Nassau, Rhein-Lahn-Kreis; Pfarrei Arnstein)<\/td>\n<td width=\"153\">160<\/td>\n<\/tr>\n<tr>\n<td width=\"444\">Neuhanau (Hanau)<\/td>\n<td width=\"153\">781<\/td>\n<\/tr>\n<tr>\n<td width=\"444\">Neuwied<\/td>\n<td width=\"153\">702, 714, 779, 838<\/td>\n<\/tr>\n<tr>\n<td width=\"444\">Neuwied-Segendorf<\/td>\n<td width=\"153\">40<\/td>\n<\/tr>\n<tr>\n<td width=\"444\">Niederems (Waldems, Rheingau-Taunus-Kreis)<\/td>\n<td width=\"153\">475<\/td>\n<\/tr>\n<tr>\n<td width=\"444\">Niederneisen (Aar-Einrich, Rhein-Lahn-Kreis)<\/td>\n<td width=\"153\">881<\/td>\n<\/tr>\n<tr>\n<td width=\"444\">Niederwallmenach (Nast\u00e4tten, Rhein-Lahn-Kreis)<\/td>\n<td width=\"153\">260<\/td>\n<\/tr>\n<tr>\n<td width=\"444\">Niefernheim (Zellertal, Donnersbergkreis)<\/td>\n<td width=\"153\">157<\/td>\n<\/tr>\n<tr>\n<td width=\"444\">Oberelbert (Montabaur, Westerwaldkreis)<\/td>\n<td width=\"153\">84, 98, 315<\/td>\n<\/tr>\n<tr>\n<td width=\"444\">Obernhof (Bad Ems-Nassau, Rhein-Lahn-Kreis)<\/td>\n<td width=\"153\">573<\/td>\n<\/tr>\n<tr>\n<td width=\"444\">Oberwesel (Hunsr\u00fcck-Mittelrhein, Rhein-Hunsr\u00fcck-Kreis)<\/td>\n<td width=\"153\">121<\/td>\n<\/tr>\n<tr>\n<td width=\"444\">Oberwies (Bad Ems-Nassau, Rhein-Lahn-Kreis)<\/td>\n<td width=\"153\">311<\/td>\n<\/tr>\n<tr>\n<td width=\"444\">Osterspai (Loreley, Rhein-Lahn-Kreis)<\/td>\n<td width=\"153\">111<\/td>\n<\/tr>\n<tr>\n<td width=\"444\"><em>Pletzholtz <\/em>im Rheingau<\/td>\n<td width=\"153\">274<\/td>\n<\/tr>\n<tr>\n<td width=\"444\">Pohl (Bad Ems-Nassau, Rhein-Lahn-Kreis)<\/td>\n<td width=\"153\">504<\/td>\n<\/tr>\n<tr>\n<td width=\"444\">Rettert (Aar-Einrich, Rhein-Lahn-Kreis)<\/td>\n<td width=\"153\">328, 514<\/td>\n<\/tr>\n<tr>\n<td width=\"444\">Rhens (Rhein-Mosel, Lkr. Mayen-Koblenz)<\/td>\n<td width=\"153\">82<\/td>\n<\/tr>\n<tr>\n<td width=\"444\">Ro\u00dfbach (Gem. Bischoffen (Lahn-Dill-Kreis)<\/td>\n<td width=\"153\">60<\/td>\n<\/tr>\n<tr>\n<td width=\"444\">Roth (Aar-Einrich, Rhein-Lahn-Kreis)<\/td>\n<td width=\"153\">673<\/td>\n<\/tr>\n<tr>\n<td width=\"444\">R\u00fcckingen (Erlensee, Main-Kinzig-Kreis)<\/td>\n<td width=\"153\">688<\/td>\n<\/tr>\n<tr>\n<td width=\"444\">Scheidt (Diez, Rhein-Lahn-Kreis)<\/td>\n<td width=\"153\">506<\/td>\n<\/tr>\n<tr>\n<td width=\"444\">Sch\u00f6nborn (Aar-Einrich (Rhein-Lahn-Kreis))<\/td>\n<td width=\"153\">759<\/td>\n<\/tr>\n<tr>\n<td width=\"444\">Schweighausen (Bad Ems-Nassau, Rhein-Lahn-Kreis)<\/td>\n<td width=\"153\">252<\/td>\n<\/tr>\n<tr>\n<td width=\"444\">Singhofen (Bad Ems-Nassau, Rhein-Lahn-Kreis)<\/td>\n<td width=\"153\">110, 164, 168, 380, 436, 787,<\/td>\n<\/tr>\n<tr>\n<td width=\"444\">St. Goar (Hunsr\u00fcck-Mittelrhein, Rhein-Hunsr\u00fcck-Kreis)<\/td>\n<td width=\"153\">582, 643<\/td>\n<\/tr>\n<tr>\n<td width=\"444\">St. Sebastian (Wei\u00dfenthurm, Lkr. Mayen-Koblenz)<\/td>\n<td width=\"153\">43<\/td>\n<\/tr>\n<tr>\n<td width=\"444\"><em>Strieth <\/em>im f\u00fcrstl. Nassau-Weilburgischen<\/td>\n<td width=\"153\">653<\/td>\n<\/tr>\n<tr>\n<td width=\"444\">Stromberg (Lkr. Bad Kreuznach)<\/td>\n<td width=\"153\">77<\/td>\n<\/tr>\n<tr>\n<td width=\"444\">Sulzbach (Bad Ems-Nasau, Rhein-Lahn-Kreis)<\/td>\n<td width=\"153\">192, 321, 474, 546, 750<\/td>\n<\/tr>\n<tr>\n<td width=\"444\">Treysa (Schwalm-Eder-Kreis)<\/td>\n<td width=\"153\">118<\/td>\n<\/tr>\n<tr>\n<td width=\"444\"><em>Weiler vff der Mie <\/em>[= Weiler bei Bingen?]<\/td>\n<td width=\"153\">80<\/td>\n<\/tr>\n<tr>\n<td width=\"444\">Weitersburg (Vallendar, Lkr. Mayen-Koblenz)<\/td>\n<td width=\"153\">9, 20<\/td>\n<\/tr>\n<tr>\n<td width=\"444\">Welschneudorf (Montabaur, Westerwaldkreis)<\/td>\n<td width=\"153\">529<\/td>\n<\/tr>\n<tr>\n<td width=\"444\">Welterod (Nast\u00e4tten, Rhein-Lahn-Kreis)<\/td>\n<td width=\"153\">361<\/td>\n<\/tr>\n<tr>\n<td width=\"444\">Willmenrod (Westerburg, Westerwaldkreis)<\/td>\n<td width=\"153\">368<\/td>\n<\/tr>\n<tr>\n<td width=\"444\">Zimmerschied (Bad Ems-Nasau, Rhein-Lahn-Kreis)<\/td>\n<td width=\"153\">360, 417, 431, 544, 657, 776, 823<\/td>\n<\/tr>\n<tr>\n<td width=\"444\"><strong>Ort nicht lesbar oder teilweise nicht lesbar<\/strong><\/td>\n<td width=\"153\"><\/td>\n<\/tr>\n<tr>\n<td width=\"444\">Ort nicht lesbar<\/td>\n<td width=\"153\">306, 538, 568, 634, 659, 701, 704, 705<\/td>\n<\/tr>\n<tr>\n<td width=\"444\">&#8230; in der Eifel<\/td>\n<td width=\"153\">78<\/td>\n<\/tr>\n<tr>\n<td width=\"444\"><em>Vi&lt;&#8230;&gt;<\/em><\/td>\n<td width=\"153\">231<\/td>\n<\/tr>\n<tr>\n<td width=\"444\">&#8230;berg im f\u00fcrstlich Anhalt-Schaumburgischen<\/td>\n<td width=\"153\">809<\/td>\n<\/tr>\n<tr>\n<td width=\"444\"><em>&#8230;erbach im &#8230;burgischen<\/em><\/td>\n<td width=\"153\">729<\/td>\n<\/tr>\n<\/tbody>\n<\/table>\n<hr \/>\n<p><span style=\"font-size: 10pt; font-family: times new roman, times, serif;\"><b>Letztes Update: 26. April 2023<\/b><\/span><br \/>\n<span style=\"font-size: 10pt; font-family: times new roman, times, serif;\"><b>Ralph Jackmuth<\/b><\/span><\/p>\n","protected":false},"excerpt":{"rendered":"<p>Verzeichnet sind nur Orte von Ausw\u00e4rtigen ohne die ev. Pfarrei Ems (mit Ems, dem Bad und Kemmenau) Orte Nr. Altlay (Zell (Mosel), Lkr. Cochem-Zell) 51 Am\u00f6neburg (Lkr. Marburg-Biedenkopf) 48 auf dem Rothenhan 423 Bacharach (Lkr. Mainz-Bingen) 114, 135, 489 B\u00e4ck 69 Bad H\u00f6nningen (Lkr. Neuwied) oder H\u00f6nningen (VG Altenahr, Lkr. Ahrweiler) 91 Bad Vilbel (Wetteraukreis) &hellip; <a href=\"https:\/\/www.ahnenforschung-jackmuth.de\/?page_id=10234\" class=\"more-link\"><span class=\"screen-reader-text\">\u201eEms &#8211; Ehen 1683-1817 &#8211; Ortsindex Braut\u201c<\/span> weiterlesen<\/a><\/p>\n","protected":false},"author":1,"featured_media":0,"parent":0,"menu_order":0,"comment_status":"closed","ping_status":"closed","template":"","meta":{"footnotes":""},"class_list":["post-10234","page","type-page","status-publish","hentry"],"_links":{"self":[{"href":"https:\/\/www.ahnenforschung-jackmuth.de\/index.php?rest_route=\/wp\/v2\/pages\/10234","targetHints":{"allow":["GET"]}}],"collection":[{"href":"https:\/\/www.ahnenforschung-jackmuth.de\/index.php?rest_route=\/wp\/v2\/pages"}],"about":[{"href":"https:\/\/www.ahnenforschung-jackmuth.de\/index.php?rest_route=\/wp\/v2\/types\/page"}],"author":[{"embeddable":true,"href":"https:\/\/www.ahnenforschung-jackmuth.de\/index.php?rest_route=\/wp\/v2\/users\/1"}],"replies":[{"embeddable":true,"href":"https:\/\/www.ahnenforschung-jackmuth.de\/index.php?rest_route=%2Fwp%2Fv2%2Fcomments&post=10234"}],"version-history":[{"count":0,"href":"https:\/\/www.ahnenforschung-jackmuth.de\/index.php?rest_route=\/wp\/v2\/pages\/10234\/revisions"}],"wp:attachment":[{"href":"https:\/\/www.ahnenforschung-jackmuth.de\/index.php?rest_route=%2Fwp%2Fv2%2Fmedia&parent=10234"}],"curies":[{"name":"wp","href":"https:\/\/api.w.org\/{rel}","templated":true}]}}