{"id":10167,"date":"2022-11-30T12:02:34","date_gmt":"2022-11-30T12:02:34","guid":{"rendered":"http:\/\/www.ahnenforschung-jackmuth.de\/?page_id=10167"},"modified":"2024-05-08T10:52:30","modified_gmt":"2024-05-08T10:52:30","slug":"ofb-fruecht-1615-1817-wilhelmi","status":"publish","type":"page","link":"https:\/\/www.ahnenforschung-jackmuth.de\/?page_id=10167","title":{"rendered":"OFB Fr\u00fccht 1615-1817 &#8211; Wilhelmi"},"content":{"rendered":"<p style=\"text-align: justify;\"><span style=\"font-family: times new roman, times, serif; font-size: 10pt;\"><span style=\"color: #ff0000;\"><strong><u>Wilhelmi<\/u><\/strong><strong>, Matthias:<\/strong><\/span> Schuster<\/span><\/p>\n<p style=\"text-align: justify;\"><span style=\"font-family: times new roman, times, serif; font-size: 10pt;\"><strong>oo (I. ?)<\/strong> mit <strong>Maria:<\/strong> + 1689 Fr\u00fccht<\/span><\/p>\n<table>\n<tbody>\n<tr>\n<td style=\"text-align: center;\" width=\"24\"><span style=\"font-family: times new roman, times, serif; font-size: 10pt;\"><strong>Nr.<\/strong><\/span><\/td>\n<td width=\"140\"><span style=\"font-family: times new roman, times, serif; font-size: 10pt;\"><strong>Vorname (normiert)<\/strong><\/span><\/td>\n<td style=\"text-align: center;\" width=\"57\"><span style=\"font-family: times new roman, times, serif; font-size: 10pt;\"><strong>*<\/strong><\/span><\/td>\n<td style=\"text-align: center;\" width=\"76\"><span style=\"font-family: times new roman, times, serif; font-size: 10pt;\"><strong>gt.<\/strong><\/span><\/td>\n<td style=\"text-align: center;\" width=\"76\"><span style=\"font-family: times new roman, times, serif; font-size: 10pt;\"><strong>konf.<\/strong><\/span><\/td>\n<td style=\"text-align: center;\" width=\"76\"><span style=\"font-family: times new roman, times, serif; font-size: 10pt;\"><strong>+<\/strong><\/span><\/td>\n<td style=\"text-align: center;\" width=\"76\"><span style=\"font-family: times new roman, times, serif; font-size: 10pt;\"><strong>bg.<\/strong><\/span><\/td>\n<td style=\"text-align: center;\" width=\"46\"><span style=\"font-family: times new roman, times, serif; font-size: 10pt;\"><strong>Alter<\/strong><\/span><\/td>\n<td style=\"text-align: center;\" width=\"35\"><span style=\"font-family: times new roman, times, serif; font-size: 10pt;\"><strong>Stand<\/strong><\/span><\/td>\n<\/tr>\n<tr>\n<td style=\"text-align: center;\" width=\"24\"><span style=\"font-family: times new roman, times, serif; font-size: 10pt;\">1<\/span><\/td>\n<td width=\"140\"><span style=\"font-family: times new roman, times, serif; font-size: 10pt;\">Johann Konrad<\/span><\/td>\n<td style=\"text-align: center;\" width=\"57\"><\/td>\n<td style=\"text-align: center;\" width=\"76\"><span style=\"font-family: times new roman, times, serif; font-size: 10pt;\">xx.08.1670<\/span><\/td>\n<td style=\"text-align: center;\" width=\"76\"><\/td>\n<td style=\"text-align: center;\" width=\"76\"><span style=\"font-family: times new roman, times, serif; font-size: 10pt;\">29.10.1670<\/span><\/td>\n<td style=\"text-align: center;\" width=\"76\"><span style=\"font-family: times new roman, times, serif; font-size: 10pt;\">30.10.1670<\/span><\/td>\n<td style=\"text-align: center;\" width=\"46\"><span style=\"font-family: times new roman, times, serif; font-size: 10pt;\">0,19<\/span><\/td>\n<td style=\"text-align: center;\" width=\"35\"><\/td>\n<\/tr>\n<tr>\n<td style=\"text-align: center;\"><span style=\"font-family: times new roman, times, serif; font-size: 10pt;\">2<\/span><\/td>\n<td><span style=\"font-family: times new roman, times, serif; font-size: 10pt;\">Johann Philipp<\/span><\/td>\n<td style=\"text-align: center;\"><\/td>\n<td style=\"text-align: center;\"><span style=\"font-family: times new roman, times, serif; font-size: 10pt;\">29.10.1671<\/span><\/td>\n<td style=\"text-align: center;\"><span style=\"font-family: times new roman, times, serif; font-size: 10pt;\">19.04.1685<\/span><\/td>\n<td style=\"text-align: center;\"><\/td>\n<td style=\"text-align: center;\"><\/td>\n<td style=\"text-align: center;\"><\/td>\n<td style=\"text-align: center;\"><\/td>\n<\/tr>\n<tr>\n<td style=\"text-align: center;\"><span style=\"font-family: times new roman, times, serif; font-size: 10pt;\">3<\/span><\/td>\n<td><span style=\"font-family: times new roman, times, serif; font-size: 10pt;\">Hans Christoffel<\/span><\/td>\n<td style=\"text-align: center;\"><\/td>\n<td style=\"text-align: center;\"><span style=\"font-family: times new roman, times, serif; font-size: 10pt;\">07.03.1675<\/span><\/td>\n<td style=\"text-align: center;\"><span style=\"font-family: times new roman, times, serif; font-size: 10pt;\">27.03.1687<\/span><\/td>\n<td style=\"text-align: center;\"><\/td>\n<td style=\"text-align: center;\"><\/td>\n<td style=\"text-align: center;\"><\/td>\n<td style=\"text-align: center;\"><\/td>\n<\/tr>\n<tr>\n<td style=\"text-align: center;\"><span style=\"font-family: times new roman, times, serif; font-size: 10pt;\">4<\/span><\/td>\n<td><span style=\"font-family: times new roman, times, serif; font-size: 10pt;\">Ludwig<\/span><\/td>\n<td style=\"text-align: center;\"><\/td>\n<td style=\"text-align: center;\"><span style=\"font-family: times new roman, times, serif; font-size: 10pt;\">15.01.1678<\/span><\/td>\n<td style=\"text-align: center;\"><span style=\"font-family: times new roman, times, serif; font-size: 10pt;\">05.04.1691<\/span><\/td>\n<td style=\"text-align: center;\"><\/td>\n<td style=\"text-align: center;\"><\/td>\n<td style=\"text-align: center;\"><\/td>\n<td style=\"text-align: center;\"><\/td>\n<\/tr>\n<\/tbody>\n<\/table>\n<p style=\"text-align: justify;\"><span style=\"font-family: times new roman, times, serif; font-size: 10pt;\"><strong>Paten: zu 1) <\/strong><em>Han\u00df Velten M\u00fcller (\u2026) Sohn von &#8230;hoffen au\u00dfm (\u2026) Antonii Schmids, Pf[arre]rs alhie, Stiefftochter \u2014 <\/em><strong>zu <\/strong><strong>2) <\/strong><em>Enders Ansel; Philips Emrich Mangold, Han\u00df Mangold s[eligen] Sohn; vnd Anna Catharina, Han\u00df Ge\u00f6rg Becken s[eligen] Witib \u2014 <\/em><strong>zu <\/strong><strong>3) <\/strong><em>Han\u00df Christoffel, M. Daniel D\u00fcstert, des Zimmermans, Sohn; Han\u00df Enders, Emrich Rinckers Sohn; vnnd Maria, Arnd Ilberts H[aus]fr[au] \u2014 <\/em><strong>zu <\/strong><strong>4) <\/strong><em>Ludwig, Theobald Sch\u00f6nborns Sohn; Ge\u00f6rg Philips, Antonii Schmids, Pf[arre]rs allhie Sohn; vnnd Christina, Han\u00df D\u00fcngesen \u2026 s[eligen] Tochter von Becheln<\/em><\/span><\/p>\n<p style=\"text-align: justify;\"><span style=\"font-family: times new roman, times, serif; font-size: 10pt;\"><strong>oo (II. ?)<\/strong> mit <strong>Elisabeth Margaretha<\/strong><\/span><\/p>\n<table>\n<tbody>\n<tr>\n<td style=\"text-align: center;\" width=\"26\"><span style=\"font-family: times new roman, times, serif; font-size: 10pt;\"><strong>Nr.<\/strong><\/span><\/td>\n<td width=\"151\"><span style=\"font-family: times new roman, times, serif; font-size: 10pt;\"><strong>Vorname (normiert)<\/strong><\/span><\/td>\n<td style=\"text-align: center;\" width=\"66\"><span style=\"font-family: times new roman, times, serif; font-size: 10pt;\"><strong>*<\/strong><\/span><\/td>\n<td style=\"text-align: center;\" width=\"78\"><span style=\"font-family: times new roman, times, serif; font-size: 10pt;\"><strong>gt.<\/strong><\/span><\/td>\n<td style=\"text-align: center;\" width=\"66\"><span style=\"font-family: times new roman, times, serif; font-size: 10pt;\"><strong>konf.<\/strong><\/span><\/td>\n<td style=\"text-align: center;\" width=\"66\"><span style=\"font-family: times new roman, times, serif; font-size: 10pt;\"><strong>+<\/strong><\/span><\/td>\n<td style=\"text-align: center;\" width=\"66\"><span style=\"font-family: times new roman, times, serif; font-size: 10pt;\"><strong>bg.<\/strong><\/span><\/td>\n<td style=\"text-align: center;\" width=\"45\"><span style=\"font-family: times new roman, times, serif; font-size: 10pt;\"><strong>Alter<\/strong><\/span><\/td>\n<td style=\"text-align: center;\" width=\"41\"><span style=\"font-family: times new roman, times, serif; font-size: 10pt;\"><strong>Stand<\/strong><\/span><\/td>\n<\/tr>\n<tr>\n<td style=\"text-align: center;\" width=\"26\"><span style=\"font-family: times new roman, times, serif; font-size: 10pt;\">1<\/span><\/td>\n<td width=\"151\"><span style=\"font-family: times new roman, times, serif; font-size: 10pt;\">Johann Valentin<\/span><\/td>\n<td style=\"text-align: center;\" width=\"66\"><\/td>\n<td style=\"text-align: center;\" width=\"78\"><span style=\"font-family: times new roman, times, serif; font-size: 10pt;\">01.09.1695<\/span><\/td>\n<td style=\"text-align: center;\" width=\"66\"><\/td>\n<td style=\"text-align: center;\" width=\"66\"><\/td>\n<td style=\"text-align: center;\" width=\"66\"><\/td>\n<td style=\"text-align: center;\" width=\"45\"><\/td>\n<td style=\"text-align: center;\" width=\"41\"><\/td>\n<\/tr>\n<\/tbody>\n<\/table>\n<p style=\"text-align: justify;\"><span style=\"font-family: times new roman, times, serif; font-size: 10pt;\"><strong>Paten:<\/strong> <em>Hann\u00df Velten M\u00fcller; item Hann\u00df Velten Ansell, Andreas Ansels eheleiblicher Sohn; item de\u00df Kindts Mutter Schwester etc.<\/em><\/span><\/p>\n<hr \/>\n<p style=\"text-align: justify;\"><span style=\"font-family: times new roman, times, serif; font-size: 10pt;\"><span style=\"color: #ff0000;\"><strong><u>Wilhelmi<\/u><\/strong><strong>, Hans Adam:<\/strong> <\/span>erh\u00e4lt 1652 als Schuldiener 5 fl. lt. Kirchenrechnung 1652 (Frese\/Schaback: Fr\u00fccht, S. 77); seit 1656 Schulthei\u00df in Fr\u00fccht (Vorg\u00e4nger war Arnold Sch\u00fctz), hegt am 09.01.1657 erstmals das Gericht; pachtet einen der H\u00f6fe der Freiherren vom Stein zu Fr\u00fccht und hat etwa 12 Morgen eigenes Land (Frese\/Schaback: Fr\u00fccht, S. 77); hat 1667 8 B\u00fcrden Zehntheu, davon 5 B\u00fcrden vom Hof, 1 eine eigene und 2 vom Fachbacher [?] Gut, diese gibt modo Hans Georg Beck (Fr\u00fccht, KB 1); ist 1683 Witwer; + 02.11.1698 Fr\u00fccht, \u00fcber 80 Jahre alt (genaue Zahl nicht lesbar), Leichentext Ps 71, 9<\/span><\/p>\n<p style=\"text-align: justify;\"><span style=\"font-family: times new roman, times, serif; font-size: 10pt;\"><strong>oo II. 16.11.1683 Fr\u00fccht<\/strong> mit <strong><u>Ilbert geb. Holzh\u00e4user<\/u>, (Anna) Maria:<\/strong> oo I. 16.02.1675 Fr\u00fccht mit Arnd Ilbert (+ 17.01.1678 Fr\u00fccht)<\/span><\/p>\n<table>\n<tbody>\n<tr>\n<td width=\"23\"><span style=\"font-family: times new roman, times, serif; font-size: 10pt;\"><strong>Nr.<\/strong><\/span><\/td>\n<td width=\"138\"><span style=\"font-family: times new roman, times, serif; font-size: 10pt;\"><strong>Vorname (normiert)<\/strong><\/span><\/td>\n<td width=\"75\"><span style=\"font-family: times new roman, times, serif; font-size: 10pt;\"><strong>*<\/strong><\/span><\/td>\n<td width=\"75\"><span style=\"font-family: times new roman, times, serif; font-size: 10pt;\"><strong>gt.<\/strong><\/span><\/td>\n<td width=\"75\"><span style=\"font-family: times new roman, times, serif; font-size: 10pt;\"><strong>konf.<\/strong><\/span><\/td>\n<td width=\"54\"><span style=\"font-family: times new roman, times, serif; font-size: 10pt;\"><strong>+<\/strong><\/span><\/td>\n<td width=\"75\"><span style=\"font-family: times new roman, times, serif; font-size: 10pt;\"><strong>bg.<\/strong><\/span><\/td>\n<td width=\"45\"><span style=\"font-family: times new roman, times, serif; font-size: 10pt;\"><strong>Alter<\/strong><\/span><\/td>\n<td width=\"43\"><span style=\"font-family: times new roman, times, serif; font-size: 10pt;\"><strong>Stand<\/strong><\/span><\/td>\n<\/tr>\n<tr>\n<td width=\"23\"><span style=\"font-family: times new roman, times, serif; font-size: 10pt;\">1<\/span><\/td>\n<td width=\"138\"><span style=\"font-family: times new roman, times, serif; font-size: 10pt;\">Anna Margaretha<\/span><\/td>\n<td width=\"75\"><\/td>\n<td width=\"75\"><span style=\"font-family: times new roman, times, serif; font-size: 10pt;\">28.05.1685<\/span><\/td>\n<td width=\"75\"><span style=\"font-family: times new roman, times, serif; font-size: 10pt;\">17.04.1698<\/span><\/td>\n<td width=\"54\"><\/td>\n<td width=\"75\"><\/td>\n<td width=\"45\"><\/td>\n<td width=\"43\"><span style=\"font-family: times new roman, times, serif; font-size: 10pt;\">verh.<\/span><\/td>\n<\/tr>\n<tr>\n<td><span style=\"font-family: times new roman, times, serif; font-size: 10pt;\">2<\/span><\/td>\n<td><span style=\"font-family: times new roman, times, serif; font-size: 10pt;\">Anna Maria<\/span><\/td>\n<td><span style=\"font-family: times new roman, times, serif; font-size: 10pt;\">28.05.1688<\/span><\/td>\n<td><span style=\"font-family: times new roman, times, serif; font-size: 10pt;\">04.06.1688<\/span><\/td>\n<td><\/td>\n<td><\/td>\n<td><span style=\"font-family: times new roman, times, serif; font-size: 10pt;\">xx.08.1690<\/span><\/td>\n<td><span style=\"font-family: times new roman, times, serif; font-size: 10pt;\">0,25<\/span><\/td>\n<td><\/td>\n<\/tr>\n<\/tbody>\n<\/table>\n<p style=\"text-align: justify;\"><span style=\"font-family: times new roman, times, serif; font-size: 10pt;\">Kind Nr. 1) oo 12.06.1703 Fr\u00fccht mit Johann Henrich Henrich Waldeyer aus dem Stift Paderborn<\/span><\/p>\n<p style=\"text-align: justify;\"><span style=\"font-family: times new roman, times, serif; font-size: 10pt;\"><em>\u00a0<\/em><\/span><span style=\"font-family: times new roman, times, serif; font-size: 10pt;\"><strong>Paten: zu 1) <\/strong><em>Anna Catharina, Jacob Mangels see[ligen] nachgelassene Tochter; Anna Margretha, Johannes Knebel\u00df see[ligen] nachgelassene Tochter; undt H[err] Johann Christoff Schr\u00f6der, Pfarrer <\/em><em>\u2014 <\/em><strong>zu <\/strong><strong>2) <\/strong><em>Quirinus Nordhoffer<\/em> [Neidh\u00f6fer]<em>, Gl\u00f6ckner allhier; Anna Eva, Philips Emmrichs Mangels allhier Hausfr[au]; Anna Maria, Andreas Ansels allhier eh[liche] Tochter<\/em><\/span><\/p>\n<p style=\"text-align: justify;\"><span style=\"font-family: 'times new roman', times, serif; font-size: 10pt;\"><span style=\"color: #ff0000;\"><strong><u>Wilhelmi<\/u>, Anna Elisabeth:<\/strong><\/span> Tochter des Hans Adam Wilhelmi; oo 07.06.1670 Fr\u00fccht mit Hans Velten M\u00fcller, Hofmann auf Giesh\u00fcbel<\/span><\/p>\n<p style=\"text-align: justify;\"><span style=\"font-family: times new roman, times, serif; font-size: 10pt;\"><em>\u00a0<\/em><\/span><span style=\"font-family: times new roman, times, serif; font-size: 10pt;\"><strong>Weitere Belege: Gerichtsbuch Fr\u00fccht<\/strong><\/span><\/p>\n<p style=\"text-align: justify;\"><span style=\"font-family: times new roman, times, serif; font-size: 10pt;\"><strong>Verkauf Wilhelmi\/Zimmermann 08.12.1690<\/strong><\/span><\/p>\n<p style=\"text-align: justify;\"><span style=\"font-family: times new roman, times, serif; font-size: 10pt;\"><em>Kund und zu wi\u00dfen sey hiemit jederm\u00e4nniglich, da\u00df ich Johann Adam Wilhelmi, Freyherrn Steinischer Schulthei\u00df zu Fr\u00fccht, dem ehrsamen Michael Zimmermann alhier zu Fr\u00fccht habe eine Wiesen im \u2026 genandt, der Angeno\u00df auff einer Seiten Ihro Gnaden vom Stein, auff der ander Seiten Johannes Ansell Erben, frey, ledig vnd lo\u00df, ohn einige Beschwerung, Vorbehaltung Herrn Schatzung. Vnd ist der Kauff geschehen vor vnd umb zw\u00f6lff Rhlr, ich sage zw\u00f6lff Rhlr, welche Summa der Kauffer alsobald mit acht Rhlr vnd mit einer Handschrifft von 4 Rhlr auffgezeiget, also da\u00df Kauffer wie obgemelt g\u00e4ntzlich bezalt , wie ich Verkauffer mich guter Bezallung thue bedancken sonder Gefert vnd Argelist, den 8ten Decemb[ris] 1689. <\/em>\u2014 <em>Johann Adam Wilhelmi, Frey Herrn Steinischer Schulthei\u00df zu Fr\u00fccht.<\/em><\/span><\/p>\n<hr \/>\n<p><span style=\"font-size: 10pt; font-family: times new roman, times, serif;\"><b>Letztes Update: 8. Mai 2024<\/b><\/span><br \/>\n<span style=\"font-size: 10pt; font-family: times new roman, times, serif;\"><b>Ralph Jackmuth<\/b><\/span><\/p>\n","protected":false},"excerpt":{"rendered":"<p>Wilhelmi, Matthias: Schuster oo (I. ?) mit Maria: + 1689 Fr\u00fccht Nr. Vorname (normiert) * gt. konf. + bg. Alter Stand 1 Johann Konrad xx.08.1670 29.10.1670 30.10.1670 0,19 2 Johann Philipp 29.10.1671 19.04.1685 3 Hans Christoffel 07.03.1675 27.03.1687 4 Ludwig 15.01.1678 05.04.1691 Paten: zu 1) Han\u00df Velten M\u00fcller (\u2026) Sohn von &#8230;hoffen au\u00dfm (\u2026) Antonii &hellip; <a href=\"https:\/\/www.ahnenforschung-jackmuth.de\/?page_id=10167\" class=\"more-link\"><span class=\"screen-reader-text\">\u201eOFB Fr\u00fccht 1615-1817 &#8211; Wilhelmi\u201c<\/span> weiterlesen<\/a><\/p>\n","protected":false},"author":1,"featured_media":0,"parent":0,"menu_order":0,"comment_status":"closed","ping_status":"closed","template":"","meta":{"footnotes":""},"class_list":["post-10167","page","type-page","status-publish","hentry"],"_links":{"self":[{"href":"https:\/\/www.ahnenforschung-jackmuth.de\/index.php?rest_route=\/wp\/v2\/pages\/10167","targetHints":{"allow":["GET"]}}],"collection":[{"href":"https:\/\/www.ahnenforschung-jackmuth.de\/index.php?rest_route=\/wp\/v2\/pages"}],"about":[{"href":"https:\/\/www.ahnenforschung-jackmuth.de\/index.php?rest_route=\/wp\/v2\/types\/page"}],"author":[{"embeddable":true,"href":"https:\/\/www.ahnenforschung-jackmuth.de\/index.php?rest_route=\/wp\/v2\/users\/1"}],"replies":[{"embeddable":true,"href":"https:\/\/www.ahnenforschung-jackmuth.de\/index.php?rest_route=%2Fwp%2Fv2%2Fcomments&post=10167"}],"version-history":[{"count":0,"href":"https:\/\/www.ahnenforschung-jackmuth.de\/index.php?rest_route=\/wp\/v2\/pages\/10167\/revisions"}],"wp:attachment":[{"href":"https:\/\/www.ahnenforschung-jackmuth.de\/index.php?rest_route=%2Fwp%2Fv2%2Fmedia&parent=10167"}],"curies":[{"name":"wp","href":"https:\/\/api.w.org\/{rel}","templated":true}]}}