{"id":10113,"date":"2022-11-30T10:27:58","date_gmt":"2022-11-30T10:27:58","guid":{"rendered":"http:\/\/www.ahnenforschung-jackmuth.de\/?page_id=10113"},"modified":"2023-08-16T19:42:28","modified_gmt":"2023-08-16T19:42:28","slug":"ofb-fruecht-1615-1817-schroeder","status":"publish","type":"page","link":"https:\/\/www.ahnenforschung-jackmuth.de\/?page_id=10113","title":{"rendered":"OFB Fr\u00fccht 1615-1817 &#8211; Schr\u00f6der"},"content":{"rendered":"<p style=\"text-align: justify;\"><span style=\"font-family: times new roman, times, serif; font-size: 10pt;\"><strong><u>Schr\u00f6der<\/u>, Johann Christoph: <\/strong>von Marburg; 1684-1687 Pfarrer zu Fr\u00fccht und versieht den Schuldienst (Frese\/Schaback: Fr\u00fccht, S. 77), 1688-1690 Diakon zu Braubach, 1690-1700 Pfarrer zu Arheilgen, 1700 abgesetzt, 1701 im Pfarrdienst unter dem Graf \u201evom Schomberg\u201c (Graf von Degenfeld-Schomburg), 1701-1705 zu Kleinfischlingen (Lkr. S\u00fcdliche Weinstra\u00dfe), dann bis 1708 Pfarrer in Neustadt a. d. Haardt (nach der Pfarrerliste von H. Gensicke in Frese\/Schaback: Fr\u00fccht, S. 58); nach neuerer Recherche ist ein Johann Christoph Schr\u00f6der 1697-1740 Pfr. in Neustadt an der Weinstra\u00dfe (vormals Neustadt an der Haardt)<\/span><\/p>\n<p style=\"text-align: justify;\"><span style=\"font-family: times new roman, times, serif; font-size: 10pt;\"><strong>oo I. 04.07.1684 Fr\u00fccht<\/strong> (durch Johann Melchior Schuck, Pfr. in Schweighausen) mit <strong><u>Hoffmann<\/u>, Anna Katharina:<\/strong> Witwe des Burkhard Hoffmann, Pfarrer in Assenheim (Niddatal, Wetteraukreis)<\/span><\/p>\n<p style=\"text-align: justify;\"><span style=\"font-family: times new roman, times, serif; font-size: 10pt;\"><strong>oo II. 12.02.1698 Neustadt an der Weinstra\u00dfe<\/strong><a href=\"#_ftn1\" name=\"_ftnref1\">[1]<\/a> (durch M. Busch, Pfarrherr zu Queichheim (Landau)) mit <strong><u>Sondershausen geb. N. N.<\/u>, Maria Sibylla:<\/strong> Witwe des Anton Sondershausen<\/span><\/p>\n<table>\n<tbody>\n<tr>\n<td style=\"text-align: center;\" width=\"25\"><span style=\"font-family: times new roman, times, serif; font-size: 10pt;\"><strong>Nr.<\/strong><\/span><\/td>\n<td width=\"146\"><span style=\"font-family: times new roman, times, serif; font-size: 10pt;\"><strong>Vorname (normiert)<\/strong><\/span><\/td>\n<td style=\"text-align: center;\" width=\"62\"><span style=\"font-family: times new roman, times, serif; font-size: 10pt;\"><strong>*<\/strong><\/span><\/td>\n<td style=\"text-align: center;\" width=\"76\"><span style=\"font-family: times new roman, times, serif; font-size: 10pt;\"><strong>gt.<\/strong><\/span><\/td>\n<td style=\"text-align: center;\" width=\"60\"><span style=\"font-family: times new roman, times, serif; font-size: 10pt;\"><strong>konf.<\/strong><\/span><\/td>\n<td style=\"text-align: center;\" width=\"76\"><span style=\"font-family: times new roman, times, serif; font-size: 10pt;\"><strong>+<\/strong><\/span><\/td>\n<td style=\"text-align: center;\" width=\"76\"><span style=\"font-family: times new roman, times, serif; font-size: 10pt;\"><strong>bg.<\/strong><\/span><\/td>\n<td style=\"text-align: center;\" width=\"47\"><span style=\"font-family: times new roman, times, serif; font-size: 10pt;\"><strong>Alter<\/strong><\/span><\/td>\n<td style=\"text-align: center;\" width=\"37\"><span style=\"font-family: times new roman, times, serif; font-size: 10pt;\"><strong>Stand<\/strong><\/span><\/td>\n<\/tr>\n<tr>\n<td style=\"text-align: center;\" width=\"25\"><span style=\"font-family: times new roman, times, serif; font-size: 10pt;\">1<\/span><\/td>\n<td width=\"146\"><span style=\"font-family: times new roman, times, serif; font-size: 10pt;\">Jakob Henrich<\/span><\/td>\n<td style=\"text-align: center;\" width=\"62\"><span style=\"font-family: times new roman, times, serif; font-size: 10pt;\">14.03.1699<\/span><\/td>\n<td style=\"text-align: center;\" width=\"76\"><span style=\"font-family: times new roman, times, serif; font-size: 10pt;\">17.03.1699<\/span><\/td>\n<td style=\"text-align: center;\" width=\"60\"><\/td>\n<td style=\"text-align: center;\" width=\"76\"><\/td>\n<td style=\"text-align: center;\" width=\"76\"><\/td>\n<td style=\"text-align: center;\" width=\"47\"><\/td>\n<td style=\"text-align: center;\" width=\"37\"><\/td>\n<\/tr>\n<tr>\n<td style=\"text-align: center;\" width=\"25\"><span style=\"font-family: times new roman, times, serif; font-size: 10pt;\">2<\/span><\/td>\n<td width=\"146\"><span style=\"font-family: times new roman, times, serif; font-size: 10pt;\">Johann Kaspar Adolf<\/span><\/td>\n<td style=\"text-align: center;\" width=\"62\"><span style=\"font-family: times new roman, times, serif; font-size: 10pt;\">18.12.1700<\/span><\/td>\n<td style=\"text-align: center;\" width=\"76\"><span style=\"font-family: times new roman, times, serif; font-size: 10pt;\">22.12.1700<\/span><\/td>\n<td style=\"text-align: center;\" width=\"60\"><\/td>\n<td style=\"text-align: center;\" width=\"76\"><\/td>\n<td style=\"text-align: center;\" width=\"76\"><\/td>\n<td style=\"text-align: center;\" width=\"47\"><\/td>\n<td style=\"text-align: center;\" width=\"37\"><\/td>\n<\/tr>\n<tr>\n<td style=\"text-align: center;\" width=\"25\"><span style=\"font-family: times new roman, times, serif; font-size: 10pt;\">3<\/span><\/td>\n<td width=\"146\"><span style=\"font-family: times new roman, times, serif; font-size: 10pt;\">Georg Christian<\/span><\/td>\n<td style=\"text-align: center;\" width=\"62\"><span style=\"font-family: times new roman, times, serif; font-size: 10pt;\">04.12.1702<\/span><\/td>\n<td style=\"text-align: center;\" width=\"76\"><span style=\"font-family: times new roman, times, serif; font-size: 10pt;\">07.12.1702<\/span><\/td>\n<td style=\"text-align: center;\" width=\"60\"><\/td>\n<td style=\"text-align: center;\" width=\"76\"><\/td>\n<td style=\"text-align: center;\" width=\"76\"><\/td>\n<td style=\"text-align: center;\" width=\"47\"><\/td>\n<td style=\"text-align: center;\" width=\"37\"><\/td>\n<\/tr>\n<tr>\n<td style=\"text-align: center;\" width=\"25\"><span style=\"font-family: times new roman, times, serif; font-size: 10pt;\">4<\/span><\/td>\n<td width=\"146\"><span style=\"font-family: times new roman, times, serif; font-size: 10pt;\">Maria Sibylla Christina<\/span><\/td>\n<td style=\"text-align: center;\" width=\"62\"><span style=\"font-family: times new roman, times, serif; font-size: 10pt;\">14.02.1704<\/span><\/td>\n<td style=\"text-align: center;\" width=\"76\"><span style=\"font-family: times new roman, times, serif; font-size: 10pt;\">17.02.1704<\/span><\/td>\n<td style=\"text-align: center;\" width=\"60\"><\/td>\n<td style=\"text-align: center;\" width=\"76\"><\/td>\n<td style=\"text-align: center;\" width=\"76\"><\/td>\n<td style=\"text-align: center;\" width=\"47\"><\/td>\n<td style=\"text-align: center;\" width=\"37\"><\/td>\n<\/tr>\n<tr>\n<td style=\"text-align: center;\" width=\"25\"><span style=\"font-family: times new roman, times, serif; font-size: 10pt;\">5<\/span><\/td>\n<td width=\"146\"><span style=\"font-family: times new roman, times, serif; font-size: 10pt;\">Georg Christian<\/span><\/td>\n<td style=\"text-align: center;\" width=\"62\"><span style=\"font-family: times new roman, times, serif; font-size: 10pt;\">02.12.1705<\/span><\/td>\n<td style=\"text-align: center;\" width=\"76\"><span style=\"font-family: times new roman, times, serif; font-size: 10pt;\">06.12.1705<\/span><\/td>\n<td style=\"text-align: center;\" width=\"60\"><\/td>\n<td style=\"text-align: center;\" width=\"76\"><\/td>\n<td style=\"text-align: center;\" width=\"76\"><\/td>\n<td style=\"text-align: center;\" width=\"47\"><\/td>\n<td style=\"text-align: center;\" width=\"37\"><\/td>\n<\/tr>\n<tr>\n<td style=\"text-align: center;\" width=\"25\"><span style=\"font-family: times new roman, times, serif; font-size: 10pt;\">6<\/span><\/td>\n<td width=\"146\"><span style=\"font-family: times new roman, times, serif; font-size: 10pt;\">Ludwig Jakob<\/span><\/td>\n<td style=\"text-align: center;\" width=\"62\"><span style=\"font-family: times new roman, times, serif; font-size: 10pt;\">29.11.1707<\/span><\/td>\n<td style=\"text-align: center;\" width=\"76\"><span style=\"font-family: times new roman, times, serif; font-size: 10pt;\">03.12.1707<\/span><\/td>\n<td style=\"text-align: center;\" width=\"60\"><\/td>\n<td style=\"text-align: center;\" width=\"76\"><\/td>\n<td style=\"text-align: center;\" width=\"76\"><\/td>\n<td style=\"text-align: center;\" width=\"47\"><\/td>\n<td style=\"text-align: center;\" width=\"37\"><\/td>\n<\/tr>\n<tr>\n<td style=\"text-align: center;\" width=\"25\"><span style=\"font-family: times new roman, times, serif; font-size: 10pt;\">7<\/span><\/td>\n<td width=\"146\"><span style=\"font-family: times new roman, times, serif; font-size: 10pt;\">Johann Albert<\/span><\/td>\n<td style=\"text-align: center;\" width=\"62\"><span style=\"font-family: times new roman, times, serif; font-size: 10pt;\">23.10.1710<\/span><\/td>\n<td style=\"text-align: center;\" width=\"76\"><span style=\"font-family: times new roman, times, serif; font-size: 10pt;\">26.10.1710<\/span><\/td>\n<td style=\"text-align: center;\" width=\"60\"><\/td>\n<td style=\"text-align: center;\" width=\"76\"><\/td>\n<td style=\"text-align: center;\" width=\"76\"><\/td>\n<td style=\"text-align: center;\" width=\"47\"><\/td>\n<td style=\"text-align: center;\" width=\"37\"><\/td>\n<\/tr>\n<tr>\n<td style=\"text-align: center;\" width=\"25\"><span style=\"font-family: times new roman, times, serif; font-size: 10pt;\">8<\/span><\/td>\n<td width=\"146\"><span style=\"font-family: times new roman, times, serif; font-size: 10pt;\">Johann Christian<\/span><\/td>\n<td style=\"text-align: center;\" width=\"62\"><span style=\"font-family: times new roman, times, serif; font-size: 10pt;\">09.06.1713<\/span><\/td>\n<td style=\"text-align: center;\" width=\"76\"><span style=\"font-family: times new roman, times, serif; font-size: 10pt;\">10.06.1713<\/span><\/td>\n<td style=\"text-align: center;\" width=\"60\"><\/td>\n<td style=\"text-align: center;\" width=\"76\"><\/td>\n<td style=\"text-align: center;\" width=\"76\"><\/td>\n<td style=\"text-align: center;\" width=\"47\"><\/td>\n<td style=\"text-align: center;\" width=\"37\"><\/td>\n<\/tr>\n<tr>\n<td style=\"text-align: center;\" width=\"25\"><span style=\"font-family: times new roman, times, serif; font-size: 10pt;\">9<\/span><\/td>\n<td width=\"146\"><span style=\"font-family: times new roman, times, serif; font-size: 10pt;\">Margaretha Susanna<\/span><\/td>\n<td style=\"text-align: center;\" width=\"62\"><span style=\"font-family: times new roman, times, serif; font-size: 10pt;\">01.07.1716<\/span><\/td>\n<td style=\"text-align: center;\" width=\"76\"><span style=\"font-family: times new roman, times, serif; font-size: 10pt;\">06.07.1716<\/span><\/td>\n<td style=\"text-align: center;\" width=\"60\"><\/td>\n<td style=\"text-align: center;\" width=\"76\"><\/td>\n<td style=\"text-align: center;\" width=\"76\"><\/td>\n<td style=\"text-align: center;\" width=\"47\"><\/td>\n<td style=\"text-align: center;\" width=\"37\"><\/td>\n<\/tr>\n<\/tbody>\n<\/table>\n<p style=\"text-align: justify;\"><span style=\"font-family: times new roman, times, serif; font-size: 10pt;\">Kind Nr. 1) Neustadt an der Weinstra\u00dfe, ev.-luth. KB 1, S. 20, Bild 10 auf archion.de <em>\u2014 <\/em>Kind Nr. 2) Neustadt an der Weinstra\u00dfe, ev.-luth. KB 1, S. 22, Bild 11 auf archion.de <em>\u2014 <\/em>Kind Nr. 3) Neustadt an der Weinstra\u00dfe, ev.-luth. KB 1, S. 26, Bild 13 auf archion.de <em>\u2014 <\/em>Kind Nr. 4) Neustadt an der Weinstra\u00dfe, ev.-luth. KB 1, S. 29, Bild 14 auf archion.de <em>\u2014 <\/em>Kind Nr. 5) Neustadt an der Weinstra\u00dfe, ev.-luth. KB 1, S. 32, Bild 16 auf archion.de <em>\u2014 <\/em>Kind Nr. 6) Neustadt an der Weinstra\u00dfe, ev.-luth. KB 1, S. 36, Bild 18 auf archion.de <em>\u2014 <\/em>Kind Nr. 7) Neustadt an der Weinstra\u00dfe, ev.-luth. KB 1, S. 43, Bild 21 auf archion.de <em>\u2014 <\/em>Kind Nr. 8) Neustadt an der Weinstra\u00dfe, ev.-luth. KB 1, S. 51, Bild 25 auf archion.de <em>\u2014 <\/em>Kind Nr. 9) Neustadt an der Weinstra\u00dfe, ev.-luth. KB 1, S. 60, Bild 30 auf archion.de<\/span><\/p>\n<p style=\"text-align: justify;\"><span style=\"font-family: times new roman, times, serif; font-size: 10pt;\"><strong>Paten <\/strong>(durch fl\u00fcchtige Hand von Pfr. Schr\u00f6der kaum lesbar):<strong> zu 1) <\/strong><em>H[err] Stanislaus Jacobus Hugo &#8230;, Amptman under Ihro D[urc]hl[aucht] Margraff von Baden; v[nd] H[err] Joh: Henrich &#8230;, Med: Doct: zu &#8230;, 4 Stundt von &#8230; <\/em><em>\u2014 <\/em><strong>zu <\/strong><strong>2) <\/strong><em>Herr Johann Adolph Franck, Stadthauptman; vndt H[err] Caspar Otto Keller vnter Ihro Excl: H[err] von Fleckenstein <\/em><em>\u2014 <\/em><strong>zu <\/strong><strong>3) <\/strong><em>Herr Georg S\u00f6hn, ev: luth. Pf[arr]h[err] zu Nu\u00dfdorff; vndt H[err] (&#8230;) der Gemeinschafft &#8230;; vndt Christian L\u00f6eber, B\u00fcrger v[nd] Rothgerber dahir <\/em><em>\u2014 <\/em><strong>zu <\/strong><strong>4) <\/strong><em>H[err] Philip Jacob Pauli Ehelibste &#8230; Maria Sybilla; v[nd] J[ung]f[e]r Maria Barbara &#8230; mit Freiwillig: Schopm\u00e4nnin Anna Christina Barbara <\/em><em>\u2014 <\/em><strong>zu <\/strong><strong>5) <\/strong><em>H[err] Georg Fuch\u00df &#8230; Kirchsch\u00f6ffen in der Gemeinschafft H\u00fcttenberg; v[nd] H[err] Christian L\u00f6wer, Rohtgerber alhir <\/em><em>\u2014 <\/em><strong>zu <\/strong><strong>6) <\/strong><em>H[err] Daniel Ludwig &#8230;, Pfarh[err] zu &#8230; u. H[err] Joh. Jacob Clausig <\/em>[?]<em> des Rath\u00df alhir <\/em><em>\u2014 <\/em><strong>zu <\/strong><strong>7) <\/strong><em>H[err] Joh. Albert[us] &#8230;, Apothecker alhir <\/em><em>\u2014 <\/em><strong>zu <\/strong><strong>8) <\/strong><em>H[err] Joh. Christian Herman <\/em>[?]<em>, Apothecker zu &#8230;; v[nd] Joh. &#8230;, Burger v[nd] &#8230; zu Neustatt <\/em><em>\u2014 <\/em><strong>zu <\/strong><strong>9) <\/strong><em>H[err] Johann Henrich Geiers, des Raths zu Speier ehelich Hau\u00dffrau Anna Margaretha; vnd H[err] Joh. Henrich Kantzen <\/em>[?]<em>, Z\u00f6llern, ehelich Hau\u00dffr: Susanna Johanna<\/em><\/span><\/p>\n<hr \/>\n<p style=\"text-align: justify;\"><span style=\"font-family: times new roman, times, serif; font-size: 10pt;\"><span style=\"color: #ff0000;\"><strong><u>Schr\u00f6der<\/u>, Johannes:<\/strong> <\/span>+ vor 22.03.1705; evtl. identisch mit Johannes Schr\u00f6der in Schweighausen (siehe <a href=\"http:\/\/www.ahnenforschung-jackmuth.de\/?page_id=10567#schroeder\">OFB Schweighausen<\/a>)<\/span><\/p>\n<p style=\"text-align: justify;\"><span style=\"font-family: times new roman, times, serif; font-size: 10pt;\"><strong>oo<\/strong> mit <strong>Katharina<\/strong><\/span><\/p>\n<table>\n<tbody>\n<tr>\n<td style=\"text-align: center;\" width=\"26\"><span style=\"font-family: times new roman, times, serif; font-size: 10pt;\"><strong>Nr.<\/strong><\/span><\/td>\n<td width=\"152\"><span style=\"font-family: times new roman, times, serif; font-size: 10pt;\"><strong>Vorname (normiert)<\/strong><\/span><\/td>\n<td style=\"text-align: center;\" width=\"65\"><span style=\"font-family: times new roman, times, serif; font-size: 10pt;\"><strong>*<\/strong><\/span><\/td>\n<td style=\"text-align: center;\" width=\"79\"><span style=\"font-family: times new roman, times, serif; font-size: 10pt;\"><strong>gt.<\/strong><\/span><\/td>\n<td style=\"text-align: center;\" width=\"65\"><span style=\"font-family: times new roman, times, serif; font-size: 10pt;\"><strong>konf.<\/strong><\/span><\/td>\n<td style=\"text-align: center;\" width=\"65\"><span style=\"font-family: times new roman, times, serif; font-size: 10pt;\"><strong>+<\/strong><\/span><\/td>\n<td style=\"text-align: center;\" width=\"65\"><span style=\"font-family: times new roman, times, serif; font-size: 10pt;\"><strong>bg.<\/strong><\/span><\/td>\n<td style=\"text-align: center;\" width=\"45\"><span style=\"font-family: times new roman, times, serif; font-size: 10pt;\"><strong>Alter<\/strong><\/span><\/td>\n<td style=\"text-align: center;\" width=\"41\"><span style=\"font-family: times new roman, times, serif; font-size: 10pt;\"><strong>Stand<\/strong><\/span><\/td>\n<\/tr>\n<tr>\n<td style=\"text-align: center;\" width=\"26\"><span style=\"font-family: times new roman, times, serif; font-size: 10pt;\">1<\/span><\/td>\n<td width=\"152\"><span style=\"font-family: times new roman, times, serif; font-size: 10pt;\">Anna Christina<\/span><\/td>\n<td style=\"text-align: center;\" width=\"65\"><\/td>\n<td style=\"text-align: center;\" width=\"79\"><span style=\"font-family: times new roman, times, serif; font-size: 10pt;\">22.01.1702<\/span><\/td>\n<td style=\"text-align: center;\" width=\"65\"><\/td>\n<td style=\"text-align: center;\" width=\"65\"><\/td>\n<td style=\"text-align: center;\" width=\"65\"><\/td>\n<td style=\"text-align: center;\" width=\"45\"><\/td>\n<td style=\"text-align: center;\" width=\"41\"><\/td>\n<\/tr>\n<tr>\n<td style=\"text-align: center;\"><span style=\"font-family: times new roman, times, serif; font-size: 10pt;\">2<\/span><\/td>\n<td><span style=\"font-family: times new roman, times, serif; font-size: 10pt;\">Johann Peter<\/span><\/td>\n<td style=\"text-align: center;\"><\/td>\n<td style=\"text-align: center;\"><span style=\"font-family: times new roman, times, serif; font-size: 10pt;\">22.03.1705<\/span><\/td>\n<td style=\"text-align: center;\"><\/td>\n<td style=\"text-align: center;\"><\/td>\n<td style=\"text-align: center;\"><\/td>\n<td style=\"text-align: center;\"><\/td>\n<td style=\"text-align: center;\"><\/td>\n<\/tr>\n<\/tbody>\n<\/table>\n<p style=\"text-align: justify;\"><span style=\"font-family: times new roman, times, serif; font-size: 10pt;\"><em>\u00a0<\/em><\/span><span style=\"font-family: times new roman, times, serif; font-size: 10pt;\"><strong>Paten: zu 1)<\/strong> <em>Johann Valentin Sch\u00fctz; item Anna Christina, Jost Adlers Hau\u00dffrau; item Anna Maria, Johann Anthoni Mangoldts eheliche Hau\u00dffrau von Fr\u00fccht \u2014 <\/em><strong>zu 2) <\/strong><em>Johann Andreas Zimmermann; item Peter Schr\u00f6der im Zollgrund wohnend; item Maria Gertraut, Jost Adlers eheleibliches Tochterleyn<\/em><\/span><\/p>\n<p style=\"text-align: justify;\"><span style=\"font-family: times new roman, times, serif; font-size: 10pt;\"><a href=\"#_ftnref1\" name=\"_ftn1\">[1]<\/a> Neustadt an der Weinstra\u00dfe, ev.-luth. KB 1, S. 291, Bild 93 auf archion.de<\/span><\/p>\n<hr \/>\n<p><span style=\"font-size: 10pt; font-family: times new roman, times, serif;\"><b>Letztes Update: 11. August 2023<\/b><\/span><br \/>\n<span style=\"font-size: 10pt; font-family: times new roman, times, serif;\"><b>Ralph Jackmuth<\/b><\/span><\/p>\n","protected":false},"excerpt":{"rendered":"<p>Schr\u00f6der, Johann Christoph: von Marburg; 1684-1687 Pfarrer zu Fr\u00fccht und versieht den Schuldienst (Frese\/Schaback: Fr\u00fccht, S. 77), 1688-1690 Diakon zu Braubach, 1690-1700 Pfarrer zu Arheilgen, 1700 abgesetzt, 1701 im Pfarrdienst unter dem Graf \u201evom Schomberg\u201c (Graf von Degenfeld-Schomburg), 1701-1705 zu Kleinfischlingen (Lkr. S\u00fcdliche Weinstra\u00dfe), dann bis 1708 Pfarrer in Neustadt a. d. Haardt (nach der &hellip; <a href=\"https:\/\/www.ahnenforschung-jackmuth.de\/?page_id=10113\" class=\"more-link\"><span class=\"screen-reader-text\">\u201eOFB Fr\u00fccht 1615-1817 &#8211; Schr\u00f6der\u201c<\/span> weiterlesen<\/a><\/p>\n","protected":false},"author":1,"featured_media":0,"parent":0,"menu_order":0,"comment_status":"closed","ping_status":"closed","template":"","meta":{"footnotes":""},"class_list":["post-10113","page","type-page","status-publish","hentry"],"_links":{"self":[{"href":"https:\/\/www.ahnenforschung-jackmuth.de\/index.php?rest_route=\/wp\/v2\/pages\/10113","targetHints":{"allow":["GET"]}}],"collection":[{"href":"https:\/\/www.ahnenforschung-jackmuth.de\/index.php?rest_route=\/wp\/v2\/pages"}],"about":[{"href":"https:\/\/www.ahnenforschung-jackmuth.de\/index.php?rest_route=\/wp\/v2\/types\/page"}],"author":[{"embeddable":true,"href":"https:\/\/www.ahnenforschung-jackmuth.de\/index.php?rest_route=\/wp\/v2\/users\/1"}],"replies":[{"embeddable":true,"href":"https:\/\/www.ahnenforschung-jackmuth.de\/index.php?rest_route=%2Fwp%2Fv2%2Fcomments&post=10113"}],"version-history":[{"count":0,"href":"https:\/\/www.ahnenforschung-jackmuth.de\/index.php?rest_route=\/wp\/v2\/pages\/10113\/revisions"}],"wp:attachment":[{"href":"https:\/\/www.ahnenforschung-jackmuth.de\/index.php?rest_route=%2Fwp%2Fv2%2Fmedia&parent=10113"}],"curies":[{"name":"wp","href":"https:\/\/api.w.org\/{rel}","templated":true}]}}