{"id":1010,"date":"2016-10-19T17:51:30","date_gmt":"2016-10-19T17:51:30","guid":{"rendered":"http:\/\/www.ahnenforschung-jackmuth.de\/?page_id=1010"},"modified":"2016-10-19T17:54:43","modified_gmt":"2016-10-19T17:54:43","slug":"archivbestand-kirchspiel-nievern-16","status":"publish","type":"page","link":"https:\/\/www.ahnenforschung-jackmuth.de\/?page_id=1010","title":{"rendered":"Archivbestand Kirchspiel Nievern 16"},"content":{"rendered":"<p>HHStAW = Hessisches Hauptstaatsarchiv Wiesbaden<br \/>\nLHAK = Landeshauptarchiv Koblenz<\/p>\n<hr \/>\n<h3><strong>Stra\u00dfenbau, Schifffahrt<br \/>\n<\/strong><\/h3>\n<table width=\"100%\">\n<tbody>\n<tr>\n<td style=\"text-align: center;\" width=\"13%\"><strong>Zeitraum <\/strong><\/td>\n<td style=\"text-align: center;\" width=\"15%\"><strong>Umfang <\/strong><\/td>\n<td style=\"text-align: center;\" width=\"22%\"><strong>Standort <\/strong><\/td>\n<td width=\"50%\"><strong>Bem. <\/strong><\/td>\n<\/tr>\n<tr>\n<td style=\"text-align: center;\" width=\"13%\">1754<\/td>\n<td width=\"15%\"><\/td>\n<td style=\"text-align: center;\" width=\"22%\">LHAK Best. 48<br \/>\nNr. 4419<\/td>\n<td style=\"text-align: justify;\" width=\"50%\">Anlegung eines Leinpfads von Nievern nach Fachbach<\/td>\n<\/tr>\n<tr>\n<td style=\"text-align: center;\" width=\"13%\">1786-1791<\/td>\n<td width=\"15%\"><\/td>\n<td style=\"text-align: center;\" width=\"22%\">LHAK Best. 48<br \/>\nNr. 3198<\/td>\n<td style=\"text-align: justify;\" width=\"50%\">Verweigerung eines Beitrages zu den Unterhaltskosten f\u00fcr die M\u00fchlenbacher Land- stra\u00dfe im Chausseebann Roter Hahn durch die Gemeinden Nievern und Miellen<\/td>\n<\/tr>\n<tr>\n<td style=\"text-align: center;\" width=\"13%\">1807-1846<\/td>\n<td width=\"15%\"><\/td>\n<td style=\"text-align: center;\" width=\"22%\">LHAK Best. 48<br \/>\nNr. 3942<\/td>\n<td style=\"text-align: justify;\" width=\"50%\">Abtretung von Grundst\u00fccken f\u00fcr den Wege- und Chausseebau zwischen Ems und Niederlahnstein<\/td>\n<\/tr>\n<tr>\n<td style=\"text-align: center;\" width=\"13%\">1807-1808<\/td>\n<td width=\"15%\"><\/td>\n<td style=\"text-align: center;\" width=\"22%\">LHAK Best. 48<br \/>\nNr. 2482<\/td>\n<td width=\"50%\">Schiffbarmachung der Lahn<\/td>\n<\/tr>\n<tr>\n<td style=\"text-align: center;\" width=\"13%\">1836-1844<\/td>\n<td width=\"15%\"><\/td>\n<td style=\"text-align: center;\" width=\"22%\">LHAK Best. 48<br \/>\nNr. 2224<\/td>\n<td style=\"text-align: justify;\" width=\"50%\">Entsch\u00e4digung f\u00fcr die zum Chausseebau von Ems nach Nievern abgetretenen Lehnsparzellen durch das Herzogtum Nassau<\/td>\n<\/tr>\n<\/tbody>\n<\/table>\n<hr \/>\n<p><span style=\"font-size: small;\"><b>Letztes Update: Oktober 2016<\/b><\/span><br \/>\n<span style=\"font-size: small;\"><b>Ralph Jackmuth<\/b><\/span><\/p>\n","protected":false},"excerpt":{"rendered":"<p>HHStAW = Hessisches Hauptstaatsarchiv Wiesbaden LHAK = Landeshauptarchiv Koblenz Stra\u00dfenbau, Schifffahrt Zeitraum Umfang Standort Bem. 1754 LHAK Best. 48 Nr. 4419 Anlegung eines Leinpfads von Nievern nach Fachbach 1786-1791 LHAK Best. 48 Nr. 3198 Verweigerung eines Beitrages zu den Unterhaltskosten f\u00fcr die M\u00fchlenbacher Land- stra\u00dfe im Chausseebann Roter Hahn durch die Gemeinden Nievern und Miellen &hellip; <a href=\"https:\/\/www.ahnenforschung-jackmuth.de\/?page_id=1010\" class=\"more-link\"><span class=\"screen-reader-text\">\u201eArchivbestand Kirchspiel Nievern 16\u201c<\/span> weiterlesen<\/a><\/p>\n","protected":false},"author":1,"featured_media":0,"parent":0,"menu_order":0,"comment_status":"closed","ping_status":"closed","template":"","meta":{"footnotes":""},"class_list":["post-1010","page","type-page","status-publish","hentry"],"_links":{"self":[{"href":"https:\/\/www.ahnenforschung-jackmuth.de\/index.php?rest_route=\/wp\/v2\/pages\/1010","targetHints":{"allow":["GET"]}}],"collection":[{"href":"https:\/\/www.ahnenforschung-jackmuth.de\/index.php?rest_route=\/wp\/v2\/pages"}],"about":[{"href":"https:\/\/www.ahnenforschung-jackmuth.de\/index.php?rest_route=\/wp\/v2\/types\/page"}],"author":[{"embeddable":true,"href":"https:\/\/www.ahnenforschung-jackmuth.de\/index.php?rest_route=\/wp\/v2\/users\/1"}],"replies":[{"embeddable":true,"href":"https:\/\/www.ahnenforschung-jackmuth.de\/index.php?rest_route=%2Fwp%2Fv2%2Fcomments&post=1010"}],"version-history":[{"count":0,"href":"https:\/\/www.ahnenforschung-jackmuth.de\/index.php?rest_route=\/wp\/v2\/pages\/1010\/revisions"}],"wp:attachment":[{"href":"https:\/\/www.ahnenforschung-jackmuth.de\/index.php?rest_route=%2Fwp%2Fv2%2Fmedia&parent=1010"}],"curies":[{"name":"wp","href":"https:\/\/api.w.org\/{rel}","templated":true}]}}